{"id":5897,"date":"2022-10-28T13:27:45","date_gmt":"2022-10-28T19:27:45","guid":{"rendered":"https:\/\/elsalvadoroutsourcing.com\/?post_type=product&#038;p=5897"},"modified":"2023-03-07T14:02:34","modified_gmt":"2023-03-07T20:02:34","slug":"plan-estandar","status":"publish","type":"product","link":"https:\/\/elsalvadoroutsourcing.com\/es\/plan\/plan-estandar\/","title":{"rendered":"Plan Estandar"},"content":{"rendered":"","protected":false},"excerpt":{"rendered":"<table width=\"642\">\n<tbody>\n<tr>\n<td width=\"501\">Honorarios sin IVA<\/td>\n<td width=\"57\"><\/td>\n<td width=\"84\">$1,419.00<\/td>\n<\/tr>\n<tr>\n<td>Servicio\/Plan<\/td>\n<td><\/td>\n<td>Estandar<\/td>\n<\/tr>\n<tr>\n<td width=\"501\">Busqueda de disponibilidad de nombre<\/td>\n<td width=\"57\"><\/td>\n<td>\u00a0Incluido<\/td>\n<\/tr>\n<tr>\n<td width=\"501\">Elaboraci\u00f3n y registro de escritura de constituci\u00f3n<\/td>\n<td width=\"57\"><\/td>\n<td>\u00a0Incluido<\/td>\n<\/tr>\n<tr>\n<td width=\"501\">Preparaci\u00f3n e inscripci\u00f3n de Balance Inicial<\/td>\n<td width=\"57\"><\/td>\n<td>\u00a0Incluido<\/td>\n<\/tr>\n<tr>\n<td width=\"501\">Obtenci\u00f3n de tarjeta de NIT e IVA de la sociedad<\/td>\n<td width=\"57\"><\/td>\n<td>\u00a0Incluido<\/td>\n<\/tr>\n<tr>\n<td width=\"501\">Obtenci\u00f3n de matr\u00edcula de empresa y establecimeinto inicial<\/td>\n<td width=\"57\"><\/td>\n<td>\u00a0Incluido<\/td>\n<\/tr>\n<tr>\n<td width=\"501\">Emisi\u00f3n de certificados de acciones<\/td>\n<td width=\"57\"><\/td>\n<td>\u00a0Incluido<\/td>\n<\/tr>\n<tr>\n<td width=\"501\">Suministro de cheque certificado para la constituci\u00f3n de sociedad con el capital m\u00ednimo.<\/td>\n<td width=\"57\"><\/td>\n<td>\u00a0Incluido<\/td>\n<\/tr>\n<tr>\n<td width=\"501\">Registro en la Alcald\u00eda de San Salvador<\/td>\n<td width=\"57\"><\/td>\n<td>\u00a0Incluido<\/td>\n<\/tr>\n<tr>\n<td width=\"501\">Obtenci\u00f3n de usuario en la Direcci\u00f3n General de Impuestos Internos<\/td>\n<td width=\"57\"><\/td>\n<td>\u00a0Incluido<\/td>\n<\/tr>\n<tr>\n<td width=\"501\">Obtenci\u00f3n de la autorizaci\u00f3n de correlativos para la emisi\u00f3n de documentos fiscales (facturas, comprobante de cr\u00e9dito fiscal, otros)<\/td>\n<td width=\"57\"><\/td>\n<td>\u00a0Incluido<\/td>\n<\/tr>\n<tr>\n<td width=\"501\">Elaboraci\u00f3n de facturas autorizadas y otros documentos fiscales<\/td>\n<td width=\"57\"><\/td>\n<td>\u00a0Incluido<\/td>\n<\/tr>\n<tr>\n<td width=\"501\">Elaboraci\u00f3n del sello de la empresa<\/td>\n<td width=\"57\"><\/td>\n<td>\u00a0Incluido<\/td>\n<\/tr>\n<tr>\n<td width=\"501\">Elaboraci\u00f3n y autorizaci\u00f3n por CPA DE (Cat\u00e1logo de Cuentas, Pol\u00edticas Contables y Manual de Aplicaci\u00f3n)<\/td>\n<td width=\"57\"><\/td>\n<td>\u00a0Incluido<\/td>\n<\/tr>\n<tr>\n<td width=\"501\">Elaboraci\u00f3n y autorizaci\u00f3n de folios para libros contables y legales de la sociedad.<\/td>\n<td width=\"57\"><\/td>\n<td>\u00a0Incluido<\/td>\n<\/tr>\n<tr>\n<td width=\"501\">Inscripci\u00f3n de la sociedad en la Unidad de Investigaci\u00f3n Financiera<\/td>\n<td width=\"57\"><\/td>\n<td>\u00a0Incluido<\/td>\n<\/tr>\n<\/tbody>\n<\/table>\n","protected":false},"featured_media":6099,"template":"","meta":{"rs_blank_template":"","rs_page_bg_color":"","slide_template_v7":"","_uag_custom_page_level_css":""},"product_brand":[],"product_cat":[68],"product_tag":[],"class_list":{"0":"post-5897","1":"product","2":"type-product","3":"status-publish","4":"has-post-thumbnail","6":"product_cat-servicio-legal","7":"description-off","9":"first","10":"instock","11":"virtual","12":"taxable","13":"purchasable","14":"product-type-simple"},"yoast_head":"<!-- This site is optimized with the Yoast SEO Premium plugin v27.3 (Yoast SEO v27.6) - https:\/\/yoast.com\/product\/yoast-seo-premium-wordpress\/ -->\n<title>Abre tu negocio en El Salvador<\/title>\n<meta name=\"description\" content=\"Abre tu negocio en El Salvador de forma r\u00e1pida y efectiva con nuestro plan est\u00e1ndar de constituci\u00f3n de sociedades en El Salvador.\" \/>\n<meta name=\"robots\" content=\"index, follow, max-snippet:-1, max-image-preview:large, max-video-preview:-1\" \/>\n<link rel=\"canonical\" href=\"https:\/\/elsalvadoroutsourcing.com\/es\/plan\/plan-estandar\/\" \/>\n<meta property=\"og:locale\" content=\"es_ES\" \/>\n<meta property=\"og:type\" content=\"article\" \/>\n<meta property=\"og:title\" content=\"Plan Estandar\" \/>\n<meta property=\"og:description\" content=\"Abre tu negocio en El Salvador de forma r\u00e1pida y efectiva con nuestro plan est\u00e1ndar de constituci\u00f3n de sociedades en El Salvador.\" \/>\n<meta property=\"og:url\" content=\"https:\/\/elsalvadoroutsourcing.com\/es\/plan\/plan-estandar\/\" \/>\n<meta property=\"og:site_name\" content=\"El Salvador Outsourcing - Interbiznet - Asesores legales\" \/>\n<meta property=\"article:publisher\" content=\"https:\/\/www.facebook.com\/interbiznet\/\" \/>\n<meta property=\"article:modified_time\" content=\"2023-03-07T20:02:34+00:00\" \/>\n<meta property=\"og:image\" content=\"https:\/\/elsalvadoroutsourcing.com\/wp-content\/uploads\/2022\/10\/constituir-sociedad-plan-estandar.webp\" \/>\n\t<meta property=\"og:image:width\" content=\"600\" \/>\n\t<meta property=\"og:image:height\" content=\"600\" \/>\n\t<meta property=\"og:image:type\" content=\"image\/webp\" \/>\n<meta name=\"twitter:card\" content=\"summary_large_image\" \/>\n<meta name=\"twitter:site\" content=\"@InterbiznetSV\" \/>\n<script type=\"application\/ld+json\" class=\"yoast-schema-graph\">{\"@context\":\"https:\\\/\\\/schema.org\",\"@graph\":[{\"@type\":\"WebPage\",\"@id\":\"https:\\\/\\\/elsalvadoroutsourcing.com\\\/es\\\/plan\\\/plan-estandar\\\/\",\"url\":\"https:\\\/\\\/elsalvadoroutsourcing.com\\\/es\\\/plan\\\/plan-estandar\\\/\",\"name\":\"Abre tu negocio en El Salvador\",\"isPartOf\":{\"@id\":\"https:\\\/\\\/elsalvadoroutsourcing.com\\\/es\\\/#website\"},\"primaryImageOfPage\":{\"@id\":\"https:\\\/\\\/elsalvadoroutsourcing.com\\\/es\\\/plan\\\/plan-estandar\\\/#primaryimage\"},\"image\":{\"@id\":\"https:\\\/\\\/elsalvadoroutsourcing.com\\\/es\\\/plan\\\/plan-estandar\\\/#primaryimage\"},\"thumbnailUrl\":\"https:\\\/\\\/elsalvadoroutsourcing.com\\\/wp-content\\\/uploads\\\/2022\\\/10\\\/constituir-sociedad-plan-estandar.webp\",\"datePublished\":\"2022-10-28T19:27:45+00:00\",\"dateModified\":\"2023-03-07T20:02:34+00:00\",\"description\":\"Abre tu negocio en El Salvador de forma r\u00e1pida y efectiva con nuestro plan est\u00e1ndar de constituci\u00f3n de sociedades en El Salvador.\",\"breadcrumb\":{\"@id\":\"https:\\\/\\\/elsalvadoroutsourcing.com\\\/es\\\/plan\\\/plan-estandar\\\/#breadcrumb\"},\"inLanguage\":\"es\",\"potentialAction\":[{\"@type\":\"ReadAction\",\"target\":[\"https:\\\/\\\/elsalvadoroutsourcing.com\\\/es\\\/plan\\\/plan-estandar\\\/\"]}]},{\"@type\":\"ImageObject\",\"inLanguage\":\"es\",\"@id\":\"https:\\\/\\\/elsalvadoroutsourcing.com\\\/es\\\/plan\\\/plan-estandar\\\/#primaryimage\",\"url\":\"https:\\\/\\\/elsalvadoroutsourcing.com\\\/wp-content\\\/uploads\\\/2022\\\/10\\\/constituir-sociedad-plan-estandar.webp\",\"contentUrl\":\"https:\\\/\\\/elsalvadoroutsourcing.com\\\/wp-content\\\/uploads\\\/2022\\\/10\\\/constituir-sociedad-plan-estandar.webp\",\"width\":600,\"height\":600,\"caption\":\"Crear una empresa en El Salvador\"},{\"@type\":\"BreadcrumbList\",\"@id\":\"https:\\\/\\\/elsalvadoroutsourcing.com\\\/es\\\/plan\\\/plan-estandar\\\/#breadcrumb\",\"itemListElement\":[{\"@type\":\"ListItem\",\"position\":1,\"name\":\"Portada\",\"item\":\"https:\\\/\\\/elsalvadoroutsourcing.com\\\/es\\\/\"},{\"@type\":\"ListItem\",\"position\":2,\"name\":\"Planes de Constituci\u00f3n de Empresas en El Salvador\",\"item\":\"https:\\\/\\\/elsalvadoroutsourcing.com\\\/planes\\\/\"},{\"@type\":\"ListItem\",\"position\":3,\"name\":\"Plan Estandar\"}]},{\"@type\":\"WebSite\",\"@id\":\"https:\\\/\\\/elsalvadoroutsourcing.com\\\/es\\\/#website\",\"url\":\"https:\\\/\\\/elsalvadoroutsourcing.com\\\/es\\\/\",\"name\":\"El Salvador Outsourcing - Interbiznet - Asesores legales\",\"description\":\"Outsourcing de El Salvador\",\"publisher\":{\"@id\":\"https:\\\/\\\/elsalvadoroutsourcing.com\\\/es\\\/#organization\"},\"potentialAction\":[{\"@type\":\"SearchAction\",\"target\":{\"@type\":\"EntryPoint\",\"urlTemplate\":\"https:\\\/\\\/elsalvadoroutsourcing.com\\\/es\\\/?s={search_term_string}\"},\"query-input\":{\"@type\":\"PropertyValueSpecification\",\"valueRequired\":true,\"valueName\":\"search_term_string\"}}],\"inLanguage\":\"es\"},{\"@type\":[\"Organization\",\"Place\",\"LegalService\"],\"@id\":\"https:\\\/\\\/elsalvadoroutsourcing.com\\\/es\\\/#organization\",\"name\":\"Interbiznet, S.A de C.V.; Firma de abogados y despacho contable en El Salvador\",\"alternateName\":\"Interbiznet, Firma de Abogados y Despacho Contable\",\"url\":\"https:\\\/\\\/elsalvadoroutsourcing.com\\\/es\\\/\",\"logo\":{\"@id\":\"https:\\\/\\\/elsalvadoroutsourcing.com\\\/es\\\/plan\\\/plan-estandar\\\/#local-main-organization-logo\"},\"image\":{\"@id\":\"https:\\\/\\\/elsalvadoroutsourcing.com\\\/es\\\/plan\\\/plan-estandar\\\/#local-main-organization-logo\"},\"sameAs\":[\"https:\\\/\\\/www.facebook.com\\\/interbiznet\\\/\",\"https:\\\/\\\/x.com\\\/InterbiznetSV\",\"https:\\\/\\\/sv.linkedin.com\\\/company\\\/interbiznet\",\"https:\\\/\\\/www.youtube.com\\\/@InterBizNetSanSalvador\\\/videos\",\"https:\\\/\\\/www.instagram.com\\\/interbiznetsv\\\/\"],\"address\":{\"@id\":\"https:\\\/\\\/elsalvadoroutsourcing.com\\\/es\\\/plan\\\/plan-estandar\\\/#local-main-place-address\"},\"geo\":{\"@type\":\"GeoCoordinates\",\"latitude\":\"13.7097358\",\"longitude\":\"-89.24044321\"},\"telephone\":[\"+503 2528 0303\",\"+305 728-8634\"],\"openingHoursSpecification\":[{\"@type\":\"OpeningHoursSpecification\",\"dayOfWeek\":[\"Monday\",\"Tuesday\",\"Wednesday\",\"Thursday\",\"Friday\"],\"opens\":\"08:00\",\"closes\":\"17:00\"},{\"@type\":\"OpeningHoursSpecification\",\"dayOfWeek\":[\"Saturday\",\"Sunday\"],\"opens\":\"00:00\",\"closes\":\"00:00\"}],\"email\":\"info@elsalvadoroutsourcing.com\",\"faxNumber\":\"+503 2264-6157\",\"priceRange\":\"$\",\"currenciesAccepted\":\"USD\"},{\"@type\":\"PostalAddress\",\"@id\":\"https:\\\/\\\/elsalvadoroutsourcing.com\\\/es\\\/plan\\\/plan-estandar\\\/#local-main-place-address\",\"streetAddress\":\"13 Calle Poniente No. 4425, entre 85 y, 87 Avenida Norte,\",\"addressLocality\":\"San Salvador\",\"postalCode\":\"01101\",\"addressRegion\":\"San Salvador\",\"addressCountry\":\"SV\"},{\"@type\":\"ImageObject\",\"inLanguage\":\"es\",\"@id\":\"https:\\\/\\\/elsalvadoroutsourcing.com\\\/es\\\/plan\\\/plan-estandar\\\/#local-main-organization-logo\",\"url\":\"https:\\\/\\\/elsalvadoroutsourcing.com\\\/wp-content\\\/uploads\\\/2022\\\/10\\\/logo-negro_Mesa-de-trabajo-1.png\",\"contentUrl\":\"https:\\\/\\\/elsalvadoroutsourcing.com\\\/wp-content\\\/uploads\\\/2022\\\/10\\\/logo-negro_Mesa-de-trabajo-1.png\",\"width\":3300,\"height\":2550,\"caption\":\"Interbiznet, S.A de C.V.; Firma de abogados y despacho contable en El Salvador\"}]}<\/script>\n<meta name=\"geo.placename\" content=\"San Salvador\" \/>\n<meta name=\"geo.position\" content=\"13.7097358;-89.24044321\" \/>\n<meta name=\"geo.region\" content=\"El Salvador\" \/>\n<!-- \/ Yoast SEO Premium plugin. -->","yoast_head_json":{"title":"Abre tu negocio en El Salvador","description":"Abre tu negocio en El Salvador de forma r\u00e1pida y efectiva con nuestro plan est\u00e1ndar de constituci\u00f3n de sociedades en El Salvador.","robots":{"index":"index","follow":"follow","max-snippet":"max-snippet:-1","max-image-preview":"max-image-preview:large","max-video-preview":"max-video-preview:-1"},"canonical":"https:\/\/elsalvadoroutsourcing.com\/es\/plan\/plan-estandar\/","og_locale":"es_ES","og_type":"article","og_title":"Plan Estandar","og_description":"Abre tu negocio en El Salvador de forma r\u00e1pida y efectiva con nuestro plan est\u00e1ndar de constituci\u00f3n de sociedades en El Salvador.","og_url":"https:\/\/elsalvadoroutsourcing.com\/es\/plan\/plan-estandar\/","og_site_name":"El Salvador Outsourcing - Interbiznet - Asesores legales","article_publisher":"https:\/\/www.facebook.com\/interbiznet\/","article_modified_time":"2023-03-07T20:02:34+00:00","og_image":[{"width":600,"height":600,"url":"https:\/\/elsalvadoroutsourcing.com\/wp-content\/uploads\/2022\/10\/constituir-sociedad-plan-estandar.webp","type":"image\/webp"}],"twitter_card":"summary_large_image","twitter_site":"@InterbiznetSV","schema":{"@context":"https:\/\/schema.org","@graph":[{"@type":"WebPage","@id":"https:\/\/elsalvadoroutsourcing.com\/es\/plan\/plan-estandar\/","url":"https:\/\/elsalvadoroutsourcing.com\/es\/plan\/plan-estandar\/","name":"Abre tu negocio en El Salvador","isPartOf":{"@id":"https:\/\/elsalvadoroutsourcing.com\/es\/#website"},"primaryImageOfPage":{"@id":"https:\/\/elsalvadoroutsourcing.com\/es\/plan\/plan-estandar\/#primaryimage"},"image":{"@id":"https:\/\/elsalvadoroutsourcing.com\/es\/plan\/plan-estandar\/#primaryimage"},"thumbnailUrl":"https:\/\/elsalvadoroutsourcing.com\/wp-content\/uploads\/2022\/10\/constituir-sociedad-plan-estandar.webp","datePublished":"2022-10-28T19:27:45+00:00","dateModified":"2023-03-07T20:02:34+00:00","description":"Abre tu negocio en El Salvador de forma r\u00e1pida y efectiva con nuestro plan est\u00e1ndar de constituci\u00f3n de sociedades en El Salvador.","breadcrumb":{"@id":"https:\/\/elsalvadoroutsourcing.com\/es\/plan\/plan-estandar\/#breadcrumb"},"inLanguage":"es","potentialAction":[{"@type":"ReadAction","target":["https:\/\/elsalvadoroutsourcing.com\/es\/plan\/plan-estandar\/"]}]},{"@type":"ImageObject","inLanguage":"es","@id":"https:\/\/elsalvadoroutsourcing.com\/es\/plan\/plan-estandar\/#primaryimage","url":"https:\/\/elsalvadoroutsourcing.com\/wp-content\/uploads\/2022\/10\/constituir-sociedad-plan-estandar.webp","contentUrl":"https:\/\/elsalvadoroutsourcing.com\/wp-content\/uploads\/2022\/10\/constituir-sociedad-plan-estandar.webp","width":600,"height":600,"caption":"Crear una empresa en El Salvador"},{"@type":"BreadcrumbList","@id":"https:\/\/elsalvadoroutsourcing.com\/es\/plan\/plan-estandar\/#breadcrumb","itemListElement":[{"@type":"ListItem","position":1,"name":"Portada","item":"https:\/\/elsalvadoroutsourcing.com\/es\/"},{"@type":"ListItem","position":2,"name":"Planes de Constituci\u00f3n de Empresas en El Salvador","item":"https:\/\/elsalvadoroutsourcing.com\/planes\/"},{"@type":"ListItem","position":3,"name":"Plan Estandar"}]},{"@type":"WebSite","@id":"https:\/\/elsalvadoroutsourcing.com\/es\/#website","url":"https:\/\/elsalvadoroutsourcing.com\/es\/","name":"El Salvador Outsourcing - Interbiznet - Asesores legales","description":"Outsourcing de El Salvador","publisher":{"@id":"https:\/\/elsalvadoroutsourcing.com\/es\/#organization"},"potentialAction":[{"@type":"SearchAction","target":{"@type":"EntryPoint","urlTemplate":"https:\/\/elsalvadoroutsourcing.com\/es\/?s={search_term_string}"},"query-input":{"@type":"PropertyValueSpecification","valueRequired":true,"valueName":"search_term_string"}}],"inLanguage":"es"},{"@type":["Organization","Place","LegalService"],"@id":"https:\/\/elsalvadoroutsourcing.com\/es\/#organization","name":"Interbiznet, S.A de C.V.; Firma de abogados y despacho contable en El Salvador","alternateName":"Interbiznet, Firma de Abogados y Despacho Contable","url":"https:\/\/elsalvadoroutsourcing.com\/es\/","logo":{"@id":"https:\/\/elsalvadoroutsourcing.com\/es\/plan\/plan-estandar\/#local-main-organization-logo"},"image":{"@id":"https:\/\/elsalvadoroutsourcing.com\/es\/plan\/plan-estandar\/#local-main-organization-logo"},"sameAs":["https:\/\/www.facebook.com\/interbiznet\/","https:\/\/x.com\/InterbiznetSV","https:\/\/sv.linkedin.com\/company\/interbiznet","https:\/\/www.youtube.com\/@InterBizNetSanSalvador\/videos","https:\/\/www.instagram.com\/interbiznetsv\/"],"address":{"@id":"https:\/\/elsalvadoroutsourcing.com\/es\/plan\/plan-estandar\/#local-main-place-address"},"geo":{"@type":"GeoCoordinates","latitude":"13.7097358","longitude":"-89.24044321"},"telephone":["+503 2528 0303","+305 728-8634"],"openingHoursSpecification":[{"@type":"OpeningHoursSpecification","dayOfWeek":["Monday","Tuesday","Wednesday","Thursday","Friday"],"opens":"08:00","closes":"17:00"},{"@type":"OpeningHoursSpecification","dayOfWeek":["Saturday","Sunday"],"opens":"00:00","closes":"00:00"}],"email":"info@elsalvadoroutsourcing.com","faxNumber":"+503 2264-6157","priceRange":"$","currenciesAccepted":"USD"},{"@type":"PostalAddress","@id":"https:\/\/elsalvadoroutsourcing.com\/es\/plan\/plan-estandar\/#local-main-place-address","streetAddress":"13 Calle Poniente No. 4425, entre 85 y, 87 Avenida Norte,","addressLocality":"San Salvador","postalCode":"01101","addressRegion":"San Salvador","addressCountry":"SV"},{"@type":"ImageObject","inLanguage":"es","@id":"https:\/\/elsalvadoroutsourcing.com\/es\/plan\/plan-estandar\/#local-main-organization-logo","url":"https:\/\/elsalvadoroutsourcing.com\/wp-content\/uploads\/2022\/10\/logo-negro_Mesa-de-trabajo-1.png","contentUrl":"https:\/\/elsalvadoroutsourcing.com\/wp-content\/uploads\/2022\/10\/logo-negro_Mesa-de-trabajo-1.png","width":3300,"height":2550,"caption":"Interbiznet, S.A de C.V.; Firma de abogados y despacho contable en El Salvador"}]},"geo.placename":"San Salvador","geo.position":{"lat":"13.7097358","long":"-89.24044321"},"geo.region":"El Salvador"},"uagb_featured_image_src":{"full":["https:\/\/elsalvadoroutsourcing.com\/wp-content\/uploads\/2022\/10\/constituir-sociedad-plan-estandar.webp",600,600,false],"thumbnail":["https:\/\/elsalvadoroutsourcing.com\/wp-content\/uploads\/2022\/10\/constituir-sociedad-plan-estandar-150x150.webp",150,150,true],"medium":["https:\/\/elsalvadoroutsourcing.com\/wp-content\/uploads\/2022\/10\/constituir-sociedad-plan-estandar-300x300.webp",300,300,true],"medium_large":["https:\/\/elsalvadoroutsourcing.com\/wp-content\/uploads\/2022\/10\/constituir-sociedad-plan-estandar.webp",600,600,false],"large":["https:\/\/elsalvadoroutsourcing.com\/wp-content\/uploads\/2022\/10\/constituir-sociedad-plan-estandar.webp",600,600,false],"1536x1536":["https:\/\/elsalvadoroutsourcing.com\/wp-content\/uploads\/2022\/10\/constituir-sociedad-plan-estandar.webp",600,600,false],"2048x2048":["https:\/\/elsalvadoroutsourcing.com\/wp-content\/uploads\/2022\/10\/constituir-sociedad-plan-estandar.webp",600,600,false],"woocommerce_thumbnail":["https:\/\/elsalvadoroutsourcing.com\/wp-content\/uploads\/2022\/10\/constituir-sociedad-plan-estandar-300x300.webp",300,300,true],"woocommerce_single":["https:\/\/elsalvadoroutsourcing.com\/wp-content\/uploads\/2022\/10\/constituir-sociedad-plan-estandar.webp",600,600,false],"woocommerce_gallery_thumbnail":["https:\/\/elsalvadoroutsourcing.com\/wp-content\/uploads\/2022\/10\/constituir-sociedad-plan-estandar-200x200.webp",200,200,true]},"uagb_author_info":{"display_name":"interbiznet-master","author_link":"https:\/\/elsalvadoroutsourcing.com\/es\/author\/"},"uagb_comment_info":0,"uagb_excerpt":"Honorarios sin IVA $1,419.00 Servicio\/Plan Estandar Busqueda de disponibilidad de nombre \u00a0Incluido Elaboraci\u00f3n y registro de escritura de constituci\u00f3n \u00a0Incluido Preparaci\u00f3n e inscripci\u00f3n de Balance Inicial \u00a0Incluido Obtenci\u00f3n de tarjeta de NIT e IVA de la sociedad \u00a0Incluido Obtenci\u00f3n de matr\u00edcula de empresa y establecimeinto inicial \u00a0Incluido Emisi\u00f3n de certificados de acciones \u00a0Incluido Suministro de&hellip;","_links":{"self":[{"href":"https:\/\/elsalvadoroutsourcing.com\/es\/wp-json\/wp\/v2\/product\/5897","targetHints":{"allow":["GET"]}}],"collection":[{"href":"https:\/\/elsalvadoroutsourcing.com\/es\/wp-json\/wp\/v2\/product"}],"about":[{"href":"https:\/\/elsalvadoroutsourcing.com\/es\/wp-json\/wp\/v2\/types\/product"}],"wp:featuredmedia":[{"embeddable":true,"href":"https:\/\/elsalvadoroutsourcing.com\/es\/wp-json\/wp\/v2\/media\/6099"}],"wp:attachment":[{"href":"https:\/\/elsalvadoroutsourcing.com\/es\/wp-json\/wp\/v2\/media?parent=5897"}],"wp:term":[{"taxonomy":"product_brand","embeddable":true,"href":"https:\/\/elsalvadoroutsourcing.com\/es\/wp-json\/wp\/v2\/product_brand?post=5897"},{"taxonomy":"product_cat","embeddable":true,"href":"https:\/\/elsalvadoroutsourcing.com\/es\/wp-json\/wp\/v2\/product_cat?post=5897"},{"taxonomy":"product_tag","embeddable":true,"href":"https:\/\/elsalvadoroutsourcing.com\/es\/wp-json\/wp\/v2\/product_tag?post=5897"}],"curies":[{"name":"wp","href":"https:\/\/api.w.org\/{rel}","templated":true}]}}