{"id":6934,"date":"2023-10-23T11:51:53","date_gmt":"2023-10-23T17:51:53","guid":{"rendered":"https:\/\/elsalvadoroutsourcing.com\/?page_id=6934"},"modified":"2024-02-22T12:07:04","modified_gmt":"2024-02-22T18:07:04","slug":"sobre-nosotros","status":"publish","type":"page","link":"https:\/\/elsalvadoroutsourcing.com\/es\/sobre-nosotros\/","title":{"rendered":"Sobre Nosotros"},"content":{"rendered":"<div class=\"wpb-content-wrapper\"><p>[vc_row][\/vc_row][vc_column][vc_column_text]Interbiznet es un bufete de abogados y despacho contable en El Salvador. Nos especializamos en una amplia gama de servicios legales que incluyen crear empresas en El Salvador y el registro de empresas en El Salvador, asuntos relacionados con la Propiedad Intelectual, Transferencia de Personal, y Cobranza Corporativa entre otros.<\/p>\n<p>Nuestro bufete de abogados se destaca por brindar un servicio completo en la preparaci\u00f3n y presentaci\u00f3n de documentos para crear una empresa en El Salvador.Esto incluye redacci\u00f3n de estatutos y balance inicial, adem\u00e1s de tramitaci\u00f3n de matr\u00edcula de comercio y registros para establecer legalmente la empresa en El Salvador.<\/p>\n<p>Adem\u00e1s, ofrecemos<a href=\"https:\/\/elsalvadoroutsourcing.com\/contactarcontadoreselsalvador\/\"> servicios contables en El Salvador<\/a> para que las empresas nacionales y extranjeras puedan garantizar un registro adecuado de sus operaciones comerciales.<\/p>\n<p>Este servicio incluye la gesti\u00f3n integral de las actividades contables y administrativas. As\u00ed como la presentaci\u00f3n mensual de declaraciones, informes y pagos ante diversas entidades gubernamentales, como el Ministerio de Hacienda y alcald\u00edas municipales en El Salvador.<\/p>\n<p>&nbsp;<\/p>\n<p>[\/vc_column_text][\/vc_column][vc_row][vc_column][vc_cta h2=\u00bb\u00a1Cont\u00e1ctanos hoy mismo y obt\u00e9n asesor\u00eda personalizada!\u00bb h2_font_container=\u00bbtag:h5|text_align:left\u00bb h2_use_theme_fonts=\u00bbyes\u00bb add_button=\u00bbbottom\u00bb btn_title=\u00bb(+503) 2528-0303 \u00bb btn_color=\u00bbgreen\u00bb btn_i_icon_fontawesome=\u00bbfab fa-whatsapp\u00bb use_custom_fonts_h2=\u00bbtrue\u00bb btn_add_icon=\u00bbtrue\u00bb btn_link=\u00bburl:https%3A%2F%2Fwa.me%2F50325280303|title:(%2B503)%202528-0303|target:_blank\u00bb]<a href=\"#\" class=\"pps-btn pps-button-popup-6938 pps-button-popup \"  title=\"Cont\u00e1ctenos Aqu\u00ed\">Cont\u00e1ctenos Aqu\u00ed<\/a>[\/vc_cta][\/vc_column][\/vc_row]<\/p>\n<\/div>","protected":false},"excerpt":{"rendered":"<p>[vc_row][\/vc_row][vc_column][vc_column_text]Interbiznet es un bufete de abogados y despacho contable en El Salvador. Nos especializamos en una amplia gama de servicios legales que incluyen crear empresas en El Salvador y el registro de empresas en El Salvador, asuntos relacionados con la Propiedad Intelectual, Transferencia de Personal, y Cobranza Corporativa entre otros. Nuestro bufete de abogados se&hellip;<\/p>\n","protected":false},"author":5,"featured_media":0,"parent":0,"menu_order":0,"comment_status":"closed","ping_status":"closed","template":"","meta":{"_uag_custom_page_level_css":"","footnotes":""},"class_list":["post-6934","page","type-page","status-publish","hentry","description-off"],"yoast_head":"<!-- This site is optimized with the Yoast SEO Premium plugin v26.9 (Yoast SEO v27.1.1) - https:\/\/yoast.com\/product\/yoast-seo-premium-wordpress\/ -->\n<title>Sobre Nosotros - El Salvador Outsourcing - Interbiznet - Asesores legales<\/title>\n<meta name=\"description\" content=\"Bufete de abogados y despacho contable en El Salvador - Servicios legales y contables integrales para empresas nacionales y extranjeras...\" \/>\n<meta name=\"robots\" content=\"index, follow, max-snippet:-1, max-image-preview:large, max-video-preview:-1\" \/>\n<link rel=\"canonical\" href=\"https:\/\/elsalvadoroutsourcing.com\/es\/sobre-nosotros\/\" \/>\n<meta property=\"og:locale\" content=\"es_ES\" \/>\n<meta property=\"og:type\" content=\"article\" \/>\n<meta property=\"og:title\" content=\"Sobre Nosotros\" \/>\n<meta property=\"og:description\" content=\"Bufete de abogados y despacho contable en El Salvador - Servicios legales y contables integrales para empresas nacionales y extranjeras...\" \/>\n<meta property=\"og:url\" content=\"https:\/\/elsalvadoroutsourcing.com\/es\/sobre-nosotros\/\" \/>\n<meta property=\"og:site_name\" content=\"El Salvador Outsourcing - Interbiznet - Asesores legales\" \/>\n<meta property=\"article:publisher\" content=\"https:\/\/www.facebook.com\/interbiznet\/\" \/>\n<meta property=\"article:modified_time\" content=\"2024-02-22T18:07:04+00:00\" \/>\n<meta property=\"og:image\" content=\"https:\/\/elsalvadoroutsourcing.com\/wp-content\/uploads\/2023\/08\/Interbiznet-scaled.jpg\" \/>\n\t<meta property=\"og:image:width\" content=\"2560\" \/>\n\t<meta property=\"og:image:height\" content=\"1978\" \/>\n\t<meta property=\"og:image:type\" content=\"image\/jpeg\" \/>\n<meta name=\"twitter:card\" content=\"summary_large_image\" \/>\n<meta name=\"twitter:site\" content=\"@InterbiznetSV\" \/>\n<meta name=\"twitter:label1\" content=\"Tiempo de lectura\" \/>\n\t<meta name=\"twitter:data1\" content=\"1 minuto\" \/>\n<script type=\"application\/ld+json\" class=\"yoast-schema-graph\">{\"@context\":\"https:\/\/schema.org\",\"@graph\":[{\"@type\":\"WebPage\",\"@id\":\"https:\/\/elsalvadoroutsourcing.com\/es\/sobre-nosotros\/\",\"url\":\"https:\/\/elsalvadoroutsourcing.com\/es\/sobre-nosotros\/\",\"name\":\"Sobre Nosotros - El Salvador Outsourcing - Interbiznet - Asesores legales\",\"isPartOf\":{\"@id\":\"https:\/\/elsalvadoroutsourcing.com\/es\/#website\"},\"datePublished\":\"2023-10-23T17:51:53+00:00\",\"dateModified\":\"2024-02-22T18:07:04+00:00\",\"description\":\"Bufete de abogados y despacho contable en El Salvador - Servicios legales y contables integrales para empresas nacionales y extranjeras...\",\"breadcrumb\":{\"@id\":\"https:\/\/elsalvadoroutsourcing.com\/es\/sobre-nosotros\/#breadcrumb\"},\"inLanguage\":\"es\",\"potentialAction\":[{\"@type\":\"ReadAction\",\"target\":[\"https:\/\/elsalvadoroutsourcing.com\/es\/sobre-nosotros\/\"]}]},{\"@type\":\"BreadcrumbList\",\"@id\":\"https:\/\/elsalvadoroutsourcing.com\/es\/sobre-nosotros\/#breadcrumb\",\"itemListElement\":[{\"@type\":\"ListItem\",\"position\":1,\"name\":\"Portada\",\"item\":\"https:\/\/elsalvadoroutsourcing.com\/es\/\"},{\"@type\":\"ListItem\",\"position\":2,\"name\":\"Sobre Nosotros\"}]},{\"@type\":\"WebSite\",\"@id\":\"https:\/\/elsalvadoroutsourcing.com\/es\/#website\",\"url\":\"https:\/\/elsalvadoroutsourcing.com\/es\/\",\"name\":\"El Salvador Outsourcing - Interbiznet - Asesores legales\",\"description\":\"Outsourcing de El Salvador\",\"publisher\":{\"@id\":\"https:\/\/elsalvadoroutsourcing.com\/es\/#organization\"},\"potentialAction\":[{\"@type\":\"SearchAction\",\"target\":{\"@type\":\"EntryPoint\",\"urlTemplate\":\"https:\/\/elsalvadoroutsourcing.com\/es\/?s={search_term_string}\"},\"query-input\":{\"@type\":\"PropertyValueSpecification\",\"valueRequired\":true,\"valueName\":\"search_term_string\"}}],\"inLanguage\":\"es\"},{\"@type\":[\"Organization\",\"Place\",\"LegalService\"],\"@id\":\"https:\/\/elsalvadoroutsourcing.com\/es\/#organization\",\"name\":\"Interbiznet, S.A de C.V.; Firma de abogados y despacho contable en El Salvador\",\"alternateName\":\"Interbiznet, Firma de Abogados y Despacho Contable\",\"url\":\"https:\/\/elsalvadoroutsourcing.com\/es\/\",\"logo\":{\"@id\":\"https:\/\/elsalvadoroutsourcing.com\/es\/sobre-nosotros\/#local-main-organization-logo\"},\"image\":{\"@id\":\"https:\/\/elsalvadoroutsourcing.com\/es\/sobre-nosotros\/#local-main-organization-logo\"},\"sameAs\":[\"https:\/\/www.facebook.com\/interbiznet\/\",\"https:\/\/x.com\/InterbiznetSV\",\"https:\/\/sv.linkedin.com\/company\/interbiznet\",\"https:\/\/www.youtube.com\/@InterBizNetSanSalvador\/videos\",\"https:\/\/www.instagram.com\/interbiznetsv\/\"],\"address\":{\"@id\":\"https:\/\/elsalvadoroutsourcing.com\/es\/sobre-nosotros\/#local-main-place-address\"},\"geo\":{\"@type\":\"GeoCoordinates\",\"latitude\":\"13.7097358\",\"longitude\":\"-89.24044321\"},\"telephone\":[\"+503 2528 0303\",\"+305 728-8634\"],\"openingHoursSpecification\":[{\"@type\":\"OpeningHoursSpecification\",\"dayOfWeek\":[\"Monday\",\"Tuesday\",\"Wednesday\",\"Thursday\",\"Friday\"],\"opens\":\"08:00\",\"closes\":\"17:00\"},{\"@type\":\"OpeningHoursSpecification\",\"dayOfWeek\":[\"Saturday\",\"Sunday\"],\"opens\":\"00:00\",\"closes\":\"00:00\"}],\"email\":\"info@elsalvadoroutsourcing.com\",\"faxNumber\":\"+503 2264-6157\",\"priceRange\":\"$\",\"currenciesAccepted\":\"USD\"},{\"@type\":\"PostalAddress\",\"@id\":\"https:\/\/elsalvadoroutsourcing.com\/es\/sobre-nosotros\/#local-main-place-address\",\"streetAddress\":\"13 Calle Poniente No. 4425, entre 85 y, 87 Avenida Norte,\",\"addressLocality\":\"San Salvador\",\"postalCode\":\"01101\",\"addressRegion\":\"San Salvador\",\"addressCountry\":\"SV\"},{\"@type\":\"ImageObject\",\"inLanguage\":\"es\",\"@id\":\"https:\/\/elsalvadoroutsourcing.com\/es\/sobre-nosotros\/#local-main-organization-logo\",\"url\":\"https:\/\/elsalvadoroutsourcing.com\/wp-content\/uploads\/2022\/10\/logo-negro_Mesa-de-trabajo-1.png\",\"contentUrl\":\"https:\/\/elsalvadoroutsourcing.com\/wp-content\/uploads\/2022\/10\/logo-negro_Mesa-de-trabajo-1.png\",\"width\":3300,\"height\":2550,\"caption\":\"Interbiznet, S.A de C.V.; Firma de abogados y despacho contable en El Salvador\"}]}<\/script>\n<meta name=\"geo.placename\" content=\"San Salvador\" \/>\n<meta name=\"geo.position\" content=\"13.7097358;-89.24044321\" \/>\n<meta name=\"geo.region\" content=\"El Salvador\" \/>\n<!-- \/ Yoast SEO Premium plugin. -->","yoast_head_json":{"title":"Sobre Nosotros - El Salvador Outsourcing - Interbiznet - Asesores legales","description":"Bufete de abogados y despacho contable en El Salvador - Servicios legales y contables integrales para empresas nacionales y extranjeras...","robots":{"index":"index","follow":"follow","max-snippet":"max-snippet:-1","max-image-preview":"max-image-preview:large","max-video-preview":"max-video-preview:-1"},"canonical":"https:\/\/elsalvadoroutsourcing.com\/es\/sobre-nosotros\/","og_locale":"es_ES","og_type":"article","og_title":"Sobre Nosotros","og_description":"Bufete de abogados y despacho contable en El Salvador - Servicios legales y contables integrales para empresas nacionales y extranjeras...","og_url":"https:\/\/elsalvadoroutsourcing.com\/es\/sobre-nosotros\/","og_site_name":"El Salvador Outsourcing - Interbiznet - Asesores legales","article_publisher":"https:\/\/www.facebook.com\/interbiznet\/","article_modified_time":"2024-02-22T18:07:04+00:00","og_image":[{"width":2560,"height":1978,"url":"https:\/\/elsalvadoroutsourcing.com\/wp-content\/uploads\/2023\/08\/Interbiznet-scaled.jpg","type":"image\/jpeg"}],"twitter_card":"summary_large_image","twitter_site":"@InterbiznetSV","twitter_misc":{"Tiempo de lectura":"1 minuto"},"schema":{"@context":"https:\/\/schema.org","@graph":[{"@type":"WebPage","@id":"https:\/\/elsalvadoroutsourcing.com\/es\/sobre-nosotros\/","url":"https:\/\/elsalvadoroutsourcing.com\/es\/sobre-nosotros\/","name":"Sobre Nosotros - El Salvador Outsourcing - Interbiznet - Asesores legales","isPartOf":{"@id":"https:\/\/elsalvadoroutsourcing.com\/es\/#website"},"datePublished":"2023-10-23T17:51:53+00:00","dateModified":"2024-02-22T18:07:04+00:00","description":"Bufete de abogados y despacho contable en El Salvador - Servicios legales y contables integrales para empresas nacionales y extranjeras...","breadcrumb":{"@id":"https:\/\/elsalvadoroutsourcing.com\/es\/sobre-nosotros\/#breadcrumb"},"inLanguage":"es","potentialAction":[{"@type":"ReadAction","target":["https:\/\/elsalvadoroutsourcing.com\/es\/sobre-nosotros\/"]}]},{"@type":"BreadcrumbList","@id":"https:\/\/elsalvadoroutsourcing.com\/es\/sobre-nosotros\/#breadcrumb","itemListElement":[{"@type":"ListItem","position":1,"name":"Portada","item":"https:\/\/elsalvadoroutsourcing.com\/es\/"},{"@type":"ListItem","position":2,"name":"Sobre Nosotros"}]},{"@type":"WebSite","@id":"https:\/\/elsalvadoroutsourcing.com\/es\/#website","url":"https:\/\/elsalvadoroutsourcing.com\/es\/","name":"El Salvador Outsourcing - Interbiznet - Asesores legales","description":"Outsourcing de El Salvador","publisher":{"@id":"https:\/\/elsalvadoroutsourcing.com\/es\/#organization"},"potentialAction":[{"@type":"SearchAction","target":{"@type":"EntryPoint","urlTemplate":"https:\/\/elsalvadoroutsourcing.com\/es\/?s={search_term_string}"},"query-input":{"@type":"PropertyValueSpecification","valueRequired":true,"valueName":"search_term_string"}}],"inLanguage":"es"},{"@type":["Organization","Place","LegalService"],"@id":"https:\/\/elsalvadoroutsourcing.com\/es\/#organization","name":"Interbiznet, S.A de C.V.; Firma de abogados y despacho contable en El Salvador","alternateName":"Interbiznet, Firma de Abogados y Despacho Contable","url":"https:\/\/elsalvadoroutsourcing.com\/es\/","logo":{"@id":"https:\/\/elsalvadoroutsourcing.com\/es\/sobre-nosotros\/#local-main-organization-logo"},"image":{"@id":"https:\/\/elsalvadoroutsourcing.com\/es\/sobre-nosotros\/#local-main-organization-logo"},"sameAs":["https:\/\/www.facebook.com\/interbiznet\/","https:\/\/x.com\/InterbiznetSV","https:\/\/sv.linkedin.com\/company\/interbiznet","https:\/\/www.youtube.com\/@InterBizNetSanSalvador\/videos","https:\/\/www.instagram.com\/interbiznetsv\/"],"address":{"@id":"https:\/\/elsalvadoroutsourcing.com\/es\/sobre-nosotros\/#local-main-place-address"},"geo":{"@type":"GeoCoordinates","latitude":"13.7097358","longitude":"-89.24044321"},"telephone":["+503 2528 0303","+305 728-8634"],"openingHoursSpecification":[{"@type":"OpeningHoursSpecification","dayOfWeek":["Monday","Tuesday","Wednesday","Thursday","Friday"],"opens":"08:00","closes":"17:00"},{"@type":"OpeningHoursSpecification","dayOfWeek":["Saturday","Sunday"],"opens":"00:00","closes":"00:00"}],"email":"info@elsalvadoroutsourcing.com","faxNumber":"+503 2264-6157","priceRange":"$","currenciesAccepted":"USD"},{"@type":"PostalAddress","@id":"https:\/\/elsalvadoroutsourcing.com\/es\/sobre-nosotros\/#local-main-place-address","streetAddress":"13 Calle Poniente No. 4425, entre 85 y, 87 Avenida Norte,","addressLocality":"San Salvador","postalCode":"01101","addressRegion":"San Salvador","addressCountry":"SV"},{"@type":"ImageObject","inLanguage":"es","@id":"https:\/\/elsalvadoroutsourcing.com\/es\/sobre-nosotros\/#local-main-organization-logo","url":"https:\/\/elsalvadoroutsourcing.com\/wp-content\/uploads\/2022\/10\/logo-negro_Mesa-de-trabajo-1.png","contentUrl":"https:\/\/elsalvadoroutsourcing.com\/wp-content\/uploads\/2022\/10\/logo-negro_Mesa-de-trabajo-1.png","width":3300,"height":2550,"caption":"Interbiznet, S.A de C.V.; Firma de abogados y despacho contable en El Salvador"}]},"geo.placename":"San Salvador","geo.position":{"lat":"13.7097358","long":"-89.24044321"},"geo.region":"El Salvador"},"uagb_featured_image_src":{"full":false,"thumbnail":false,"medium":false,"medium_large":false,"large":false,"1536x1536":false,"2048x2048":false,"woocommerce_thumbnail":false,"woocommerce_single":false,"woocommerce_gallery_thumbnail":false},"uagb_author_info":{"display_name":"Interbiznet,abogados y despacho contable","author_link":"https:\/\/elsalvadoroutsourcing.com\/es\/author\/interbiznet-firma-de-abogados-y-despacho-contable\/"},"uagb_comment_info":0,"uagb_excerpt":"[vc_row][\/vc_row][vc_column][vc_column_text]Interbiznet es un bufete de abogados y despacho contable en El Salvador. Nos especializamos en una amplia gama de servicios legales que incluyen crear empresas en El Salvador y el registro de empresas en El Salvador, asuntos relacionados con la Propiedad Intelectual, Transferencia de Personal, y Cobranza Corporativa entre otros. Nuestro bufete de abogados se&hellip;","_links":{"self":[{"href":"https:\/\/elsalvadoroutsourcing.com\/es\/wp-json\/wp\/v2\/pages\/6934","targetHints":{"allow":["GET"]}}],"collection":[{"href":"https:\/\/elsalvadoroutsourcing.com\/es\/wp-json\/wp\/v2\/pages"}],"about":[{"href":"https:\/\/elsalvadoroutsourcing.com\/es\/wp-json\/wp\/v2\/types\/page"}],"author":[{"embeddable":true,"href":"https:\/\/elsalvadoroutsourcing.com\/es\/wp-json\/wp\/v2\/users\/5"}],"replies":[{"embeddable":true,"href":"https:\/\/elsalvadoroutsourcing.com\/es\/wp-json\/wp\/v2\/comments?post=6934"}],"version-history":[{"count":0,"href":"https:\/\/elsalvadoroutsourcing.com\/es\/wp-json\/wp\/v2\/pages\/6934\/revisions"}],"wp:attachment":[{"href":"https:\/\/elsalvadoroutsourcing.com\/es\/wp-json\/wp\/v2\/media?parent=6934"}],"curies":[{"name":"wp","href":"https:\/\/api.w.org\/{rel}","templated":true}]}}