{"id":6863,"date":"2023-10-06T14:15:15","date_gmt":"2023-10-06T20:15:15","guid":{"rendered":"https:\/\/elsalvadoroutsourcing.com\/?page_id=6863"},"modified":"2024-02-22T11:39:03","modified_gmt":"2024-02-22T17:39:03","slug":"autorizacion-de-libros-contables","status":"publish","type":"page","link":"https:\/\/elsalvadoroutsourcing.com\/es\/servicios-contables-en-el-salvador\/autorizacion-de-libros-contables\/","title":{"rendered":"Autorizaci\u00f3n de Libros Contables"},"content":{"rendered":"<div class=\"wpb-content-wrapper\"><p>[vc_row][vc_column][vc_column_text]Nuestro enfoque profesional y experiencia en la normativa contable de El Salvador garantizan que su empresa cumpla con todos los requisitos legales y contables.<\/p>\n<p>En Interbiznet, ofrecemos servicios contables especializados que incluyen:[\/vc_column_text][vc_column_text]<\/p>\n<ul>\n<li>Certificaci\u00f3n de Estados Financieros<\/li>\n<li>Autorizaci\u00f3n de Cat\u00e1logos de Cuenta,<\/li>\n<li>Sistema Contable<\/li>\n<li>Manual de Aplicaciones en El Salvador<\/li>\n<\/ul>\n<p>[\/vc_column_text][vc_column_text]Adem\u00e1s, ofrecemos asesor\u00eda en la implementaci\u00f3n de un eficiente Manual de Aplicaciones, brindando soluciones integrales para sus necesidades contables en El Salvador.[\/vc_column_text][vc_btn title=\u00bbCont\u00e1ctenos\u00bb style=\u00bbcustom\u00bb custom_background=\u00bb#003679&#8243; custom_text=\u00bb#ffffff\u00bb size=\u00bblg\u00bb link=\u00bburl:https%3A%2F%2Felsalvadoroutsourcing.com%2Fcontactarcontadoreselsalvador%2F|title:Contactar%20con%20Contadores%20en%20El%20Salvador\u00bb][\/vc_column]<\/p>\n<\/div>","protected":false},"excerpt":{"rendered":"<p>[vc_row][vc_column][vc_column_text]Nuestro enfoque profesional y experiencia en la normativa contable de El Salvador garantizan que su empresa cumpla con todos los requisitos legales y contables. En Interbiznet, ofrecemos servicios contables especializados que incluyen:[\/vc_column_text][vc_column_text] Certificaci\u00f3n de Estados Financieros Autorizaci\u00f3n de Cat\u00e1logos de Cuenta, Sistema Contable Manual de Aplicaciones en El Salvador [\/vc_column_text][vc_column_text]Adem\u00e1s, ofrecemos asesor\u00eda en la implementaci\u00f3n&hellip;<\/p>\n","protected":false},"author":5,"featured_media":0,"parent":5469,"menu_order":0,"comment_status":"closed","ping_status":"closed","template":"","meta":{"rs_blank_template":"","rs_page_bg_color":"","slide_template_v7":"","_uag_custom_page_level_css":"","footnotes":""},"class_list":["post-6863","page","type-page","status-publish","hentry","description-off"],"yoast_head":"<!-- This site is optimized with the Yoast SEO Premium plugin v27.3 (Yoast SEO v27.4) - https:\/\/yoast.com\/product\/yoast-seo-premium-wordpress\/ -->\n<title>Autorizaci\u00f3n de Libros Contables en El Salvador - El Salvador Outsourcing - Interbiznet - Asesores legales<\/title>\n<meta name=\"description\" content=\"Interbiznet.net: Su fuente confiable para la autorizaci\u00f3n de libros contables, certificaci\u00f3n de estados financieros, autorizaci\u00f3n de cat\u00e1logos\" \/>\n<meta name=\"robots\" content=\"index, follow, max-snippet:-1, max-image-preview:large, max-video-preview:-1\" \/>\n<link rel=\"canonical\" href=\"https:\/\/elsalvadoroutsourcing.com\/es\/servicios-contables-en-el-salvador\/autorizacion-de-libros-contables\/\" \/>\n<meta property=\"og:locale\" content=\"es_ES\" \/>\n<meta property=\"og:type\" content=\"article\" \/>\n<meta property=\"og:title\" content=\"Autorizaci\u00f3n de Libros Contables\" \/>\n<meta property=\"og:description\" content=\"Interbiznet.net: Su fuente confiable para la autorizaci\u00f3n de libros contables, certificaci\u00f3n de estados financieros, autorizaci\u00f3n de cat\u00e1logos\" \/>\n<meta property=\"og:url\" content=\"https:\/\/elsalvadoroutsourcing.com\/es\/servicios-contables-en-el-salvador\/autorizacion-de-libros-contables\/\" \/>\n<meta property=\"og:site_name\" content=\"El Salvador Outsourcing - Interbiznet - Asesores legales\" \/>\n<meta property=\"article:publisher\" content=\"https:\/\/www.facebook.com\/interbiznet\/\" \/>\n<meta property=\"article:modified_time\" content=\"2024-02-22T17:39:03+00:00\" \/>\n<meta property=\"og:image\" content=\"https:\/\/elsalvadoroutsourcing.com\/wp-content\/uploads\/2023\/08\/Interbiznet-scaled.jpg\" \/>\n\t<meta property=\"og:image:width\" content=\"2560\" \/>\n\t<meta property=\"og:image:height\" content=\"1978\" \/>\n\t<meta property=\"og:image:type\" content=\"image\/jpeg\" \/>\n<meta name=\"twitter:card\" content=\"summary_large_image\" \/>\n<meta name=\"twitter:site\" content=\"@InterbiznetSV\" \/>\n<meta name=\"twitter:label1\" content=\"Tiempo de lectura\" \/>\n\t<meta name=\"twitter:data1\" content=\"1 minuto\" \/>\n<script type=\"application\/ld+json\" class=\"yoast-schema-graph\">{\"@context\":\"https:\\\/\\\/schema.org\",\"@graph\":[{\"@type\":\"WebPage\",\"@id\":\"https:\\\/\\\/elsalvadoroutsourcing.com\\\/es\\\/servicios-contables-en-el-salvador\\\/autorizacion-de-libros-contables\\\/\",\"url\":\"https:\\\/\\\/elsalvadoroutsourcing.com\\\/es\\\/servicios-contables-en-el-salvador\\\/autorizacion-de-libros-contables\\\/\",\"name\":\"Autorizaci\u00f3n de Libros Contables en El Salvador - El Salvador Outsourcing - Interbiznet - Asesores legales\",\"isPartOf\":{\"@id\":\"https:\\\/\\\/elsalvadoroutsourcing.com\\\/es\\\/#website\"},\"datePublished\":\"2023-10-06T20:15:15+00:00\",\"dateModified\":\"2024-02-22T17:39:03+00:00\",\"description\":\"Interbiznet.net: Su fuente confiable para la autorizaci\u00f3n de libros contables, certificaci\u00f3n de estados financieros, autorizaci\u00f3n de cat\u00e1logos\",\"breadcrumb\":{\"@id\":\"https:\\\/\\\/elsalvadoroutsourcing.com\\\/es\\\/servicios-contables-en-el-salvador\\\/autorizacion-de-libros-contables\\\/#breadcrumb\"},\"inLanguage\":\"es\",\"potentialAction\":[{\"@type\":\"ReadAction\",\"target\":[\"https:\\\/\\\/elsalvadoroutsourcing.com\\\/es\\\/servicios-contables-en-el-salvador\\\/autorizacion-de-libros-contables\\\/\"]}]},{\"@type\":\"BreadcrumbList\",\"@id\":\"https:\\\/\\\/elsalvadoroutsourcing.com\\\/es\\\/servicios-contables-en-el-salvador\\\/autorizacion-de-libros-contables\\\/#breadcrumb\",\"itemListElement\":[{\"@type\":\"ListItem\",\"position\":1,\"name\":\"Portada\",\"item\":\"https:\\\/\\\/elsalvadoroutsourcing.com\\\/es\\\/\"},{\"@type\":\"ListItem\",\"position\":2,\"name\":\"Servicios Contables\",\"item\":\"https:\\\/\\\/elsalvadoroutsourcing.com\\\/es\\\/accounting-services-in-el-salvador\\\/\"},{\"@type\":\"ListItem\",\"position\":3,\"name\":\"Autorizaci\u00f3n de Libros Contables\"}]},{\"@type\":\"WebSite\",\"@id\":\"https:\\\/\\\/elsalvadoroutsourcing.com\\\/es\\\/#website\",\"url\":\"https:\\\/\\\/elsalvadoroutsourcing.com\\\/es\\\/\",\"name\":\"El Salvador Outsourcing - Interbiznet - Asesores legales\",\"description\":\"Outsourcing de El Salvador\",\"publisher\":{\"@id\":\"https:\\\/\\\/elsalvadoroutsourcing.com\\\/es\\\/#organization\"},\"potentialAction\":[{\"@type\":\"SearchAction\",\"target\":{\"@type\":\"EntryPoint\",\"urlTemplate\":\"https:\\\/\\\/elsalvadoroutsourcing.com\\\/es\\\/?s={search_term_string}\"},\"query-input\":{\"@type\":\"PropertyValueSpecification\",\"valueRequired\":true,\"valueName\":\"search_term_string\"}}],\"inLanguage\":\"es\"},{\"@type\":[\"Organization\",\"Place\",\"LegalService\"],\"@id\":\"https:\\\/\\\/elsalvadoroutsourcing.com\\\/es\\\/#organization\",\"name\":\"Interbiznet, S.A de C.V.; Firma de abogados y despacho contable en El Salvador\",\"alternateName\":\"Interbiznet, Firma de Abogados y Despacho Contable\",\"url\":\"https:\\\/\\\/elsalvadoroutsourcing.com\\\/es\\\/\",\"logo\":{\"@id\":\"https:\\\/\\\/elsalvadoroutsourcing.com\\\/es\\\/servicios-contables-en-el-salvador\\\/autorizacion-de-libros-contables\\\/#local-main-organization-logo\"},\"image\":{\"@id\":\"https:\\\/\\\/elsalvadoroutsourcing.com\\\/es\\\/servicios-contables-en-el-salvador\\\/autorizacion-de-libros-contables\\\/#local-main-organization-logo\"},\"sameAs\":[\"https:\\\/\\\/www.facebook.com\\\/interbiznet\\\/\",\"https:\\\/\\\/x.com\\\/InterbiznetSV\",\"https:\\\/\\\/sv.linkedin.com\\\/company\\\/interbiznet\",\"https:\\\/\\\/www.youtube.com\\\/@InterBizNetSanSalvador\\\/videos\",\"https:\\\/\\\/www.instagram.com\\\/interbiznetsv\\\/\"],\"address\":{\"@id\":\"https:\\\/\\\/elsalvadoroutsourcing.com\\\/es\\\/servicios-contables-en-el-salvador\\\/autorizacion-de-libros-contables\\\/#local-main-place-address\"},\"geo\":{\"@type\":\"GeoCoordinates\",\"latitude\":\"13.7097358\",\"longitude\":\"-89.24044321\"},\"telephone\":[\"+503 2528 0303\",\"+305 728-8634\"],\"openingHoursSpecification\":[{\"@type\":\"OpeningHoursSpecification\",\"dayOfWeek\":[\"Monday\",\"Tuesday\",\"Wednesday\",\"Thursday\",\"Friday\"],\"opens\":\"08:00\",\"closes\":\"17:00\"},{\"@type\":\"OpeningHoursSpecification\",\"dayOfWeek\":[\"Saturday\",\"Sunday\"],\"opens\":\"00:00\",\"closes\":\"00:00\"}],\"email\":\"info@elsalvadoroutsourcing.com\",\"faxNumber\":\"+503 2264-6157\",\"priceRange\":\"$\",\"currenciesAccepted\":\"USD\"},{\"@type\":\"PostalAddress\",\"@id\":\"https:\\\/\\\/elsalvadoroutsourcing.com\\\/es\\\/servicios-contables-en-el-salvador\\\/autorizacion-de-libros-contables\\\/#local-main-place-address\",\"streetAddress\":\"13 Calle Poniente No. 4425, entre 85 y, 87 Avenida Norte,\",\"addressLocality\":\"San Salvador\",\"postalCode\":\"01101\",\"addressRegion\":\"San Salvador\",\"addressCountry\":\"SV\"},{\"@type\":\"ImageObject\",\"inLanguage\":\"es\",\"@id\":\"https:\\\/\\\/elsalvadoroutsourcing.com\\\/es\\\/servicios-contables-en-el-salvador\\\/autorizacion-de-libros-contables\\\/#local-main-organization-logo\",\"url\":\"https:\\\/\\\/elsalvadoroutsourcing.com\\\/wp-content\\\/uploads\\\/2022\\\/10\\\/logo-negro_Mesa-de-trabajo-1.png\",\"contentUrl\":\"https:\\\/\\\/elsalvadoroutsourcing.com\\\/wp-content\\\/uploads\\\/2022\\\/10\\\/logo-negro_Mesa-de-trabajo-1.png\",\"width\":3300,\"height\":2550,\"caption\":\"Interbiznet, S.A de C.V.; Firma de abogados y despacho contable en El Salvador\"}]}<\/script>\n<meta name=\"geo.placename\" content=\"San Salvador\" \/>\n<meta name=\"geo.position\" content=\"13.7097358;-89.24044321\" \/>\n<meta name=\"geo.region\" content=\"El Salvador\" \/>\n<!-- \/ Yoast SEO Premium plugin. -->","yoast_head_json":{"title":"Autorizaci\u00f3n de Libros Contables en El Salvador - El Salvador Outsourcing - Interbiznet - Asesores legales","description":"Interbiznet.net: Su fuente confiable para la autorizaci\u00f3n de libros contables, certificaci\u00f3n de estados financieros, autorizaci\u00f3n de cat\u00e1logos","robots":{"index":"index","follow":"follow","max-snippet":"max-snippet:-1","max-image-preview":"max-image-preview:large","max-video-preview":"max-video-preview:-1"},"canonical":"https:\/\/elsalvadoroutsourcing.com\/es\/servicios-contables-en-el-salvador\/autorizacion-de-libros-contables\/","og_locale":"es_ES","og_type":"article","og_title":"Autorizaci\u00f3n de Libros Contables","og_description":"Interbiznet.net: Su fuente confiable para la autorizaci\u00f3n de libros contables, certificaci\u00f3n de estados financieros, autorizaci\u00f3n de cat\u00e1logos","og_url":"https:\/\/elsalvadoroutsourcing.com\/es\/servicios-contables-en-el-salvador\/autorizacion-de-libros-contables\/","og_site_name":"El Salvador Outsourcing - Interbiznet - Asesores legales","article_publisher":"https:\/\/www.facebook.com\/interbiznet\/","article_modified_time":"2024-02-22T17:39:03+00:00","og_image":[{"width":2560,"height":1978,"url":"https:\/\/elsalvadoroutsourcing.com\/wp-content\/uploads\/2023\/08\/Interbiznet-scaled.jpg","type":"image\/jpeg"}],"twitter_card":"summary_large_image","twitter_site":"@InterbiznetSV","twitter_misc":{"Tiempo de lectura":"1 minuto"},"schema":{"@context":"https:\/\/schema.org","@graph":[{"@type":"WebPage","@id":"https:\/\/elsalvadoroutsourcing.com\/es\/servicios-contables-en-el-salvador\/autorizacion-de-libros-contables\/","url":"https:\/\/elsalvadoroutsourcing.com\/es\/servicios-contables-en-el-salvador\/autorizacion-de-libros-contables\/","name":"Autorizaci\u00f3n de Libros Contables en El Salvador - El Salvador Outsourcing - Interbiznet - Asesores legales","isPartOf":{"@id":"https:\/\/elsalvadoroutsourcing.com\/es\/#website"},"datePublished":"2023-10-06T20:15:15+00:00","dateModified":"2024-02-22T17:39:03+00:00","description":"Interbiznet.net: Su fuente confiable para la autorizaci\u00f3n de libros contables, certificaci\u00f3n de estados financieros, autorizaci\u00f3n de cat\u00e1logos","breadcrumb":{"@id":"https:\/\/elsalvadoroutsourcing.com\/es\/servicios-contables-en-el-salvador\/autorizacion-de-libros-contables\/#breadcrumb"},"inLanguage":"es","potentialAction":[{"@type":"ReadAction","target":["https:\/\/elsalvadoroutsourcing.com\/es\/servicios-contables-en-el-salvador\/autorizacion-de-libros-contables\/"]}]},{"@type":"BreadcrumbList","@id":"https:\/\/elsalvadoroutsourcing.com\/es\/servicios-contables-en-el-salvador\/autorizacion-de-libros-contables\/#breadcrumb","itemListElement":[{"@type":"ListItem","position":1,"name":"Portada","item":"https:\/\/elsalvadoroutsourcing.com\/es\/"},{"@type":"ListItem","position":2,"name":"Servicios Contables","item":"https:\/\/elsalvadoroutsourcing.com\/es\/accounting-services-in-el-salvador\/"},{"@type":"ListItem","position":3,"name":"Autorizaci\u00f3n de Libros Contables"}]},{"@type":"WebSite","@id":"https:\/\/elsalvadoroutsourcing.com\/es\/#website","url":"https:\/\/elsalvadoroutsourcing.com\/es\/","name":"El Salvador Outsourcing - Interbiznet - Asesores legales","description":"Outsourcing de El Salvador","publisher":{"@id":"https:\/\/elsalvadoroutsourcing.com\/es\/#organization"},"potentialAction":[{"@type":"SearchAction","target":{"@type":"EntryPoint","urlTemplate":"https:\/\/elsalvadoroutsourcing.com\/es\/?s={search_term_string}"},"query-input":{"@type":"PropertyValueSpecification","valueRequired":true,"valueName":"search_term_string"}}],"inLanguage":"es"},{"@type":["Organization","Place","LegalService"],"@id":"https:\/\/elsalvadoroutsourcing.com\/es\/#organization","name":"Interbiznet, S.A de C.V.; Firma de abogados y despacho contable en El Salvador","alternateName":"Interbiznet, Firma de Abogados y Despacho Contable","url":"https:\/\/elsalvadoroutsourcing.com\/es\/","logo":{"@id":"https:\/\/elsalvadoroutsourcing.com\/es\/servicios-contables-en-el-salvador\/autorizacion-de-libros-contables\/#local-main-organization-logo"},"image":{"@id":"https:\/\/elsalvadoroutsourcing.com\/es\/servicios-contables-en-el-salvador\/autorizacion-de-libros-contables\/#local-main-organization-logo"},"sameAs":["https:\/\/www.facebook.com\/interbiznet\/","https:\/\/x.com\/InterbiznetSV","https:\/\/sv.linkedin.com\/company\/interbiznet","https:\/\/www.youtube.com\/@InterBizNetSanSalvador\/videos","https:\/\/www.instagram.com\/interbiznetsv\/"],"address":{"@id":"https:\/\/elsalvadoroutsourcing.com\/es\/servicios-contables-en-el-salvador\/autorizacion-de-libros-contables\/#local-main-place-address"},"geo":{"@type":"GeoCoordinates","latitude":"13.7097358","longitude":"-89.24044321"},"telephone":["+503 2528 0303","+305 728-8634"],"openingHoursSpecification":[{"@type":"OpeningHoursSpecification","dayOfWeek":["Monday","Tuesday","Wednesday","Thursday","Friday"],"opens":"08:00","closes":"17:00"},{"@type":"OpeningHoursSpecification","dayOfWeek":["Saturday","Sunday"],"opens":"00:00","closes":"00:00"}],"email":"info@elsalvadoroutsourcing.com","faxNumber":"+503 2264-6157","priceRange":"$","currenciesAccepted":"USD"},{"@type":"PostalAddress","@id":"https:\/\/elsalvadoroutsourcing.com\/es\/servicios-contables-en-el-salvador\/autorizacion-de-libros-contables\/#local-main-place-address","streetAddress":"13 Calle Poniente No. 4425, entre 85 y, 87 Avenida Norte,","addressLocality":"San Salvador","postalCode":"01101","addressRegion":"San Salvador","addressCountry":"SV"},{"@type":"ImageObject","inLanguage":"es","@id":"https:\/\/elsalvadoroutsourcing.com\/es\/servicios-contables-en-el-salvador\/autorizacion-de-libros-contables\/#local-main-organization-logo","url":"https:\/\/elsalvadoroutsourcing.com\/wp-content\/uploads\/2022\/10\/logo-negro_Mesa-de-trabajo-1.png","contentUrl":"https:\/\/elsalvadoroutsourcing.com\/wp-content\/uploads\/2022\/10\/logo-negro_Mesa-de-trabajo-1.png","width":3300,"height":2550,"caption":"Interbiznet, S.A de C.V.; Firma de abogados y despacho contable en El Salvador"}]},"geo.placename":"San Salvador","geo.position":{"lat":"13.7097358","long":"-89.24044321"},"geo.region":"El Salvador"},"uagb_featured_image_src":{"full":false,"thumbnail":false,"medium":false,"medium_large":false,"large":false,"1536x1536":false,"2048x2048":false,"woocommerce_thumbnail":false,"woocommerce_single":false,"woocommerce_gallery_thumbnail":false},"uagb_author_info":{"display_name":"Interbiznet,abogados y despacho contable","author_link":"https:\/\/elsalvadoroutsourcing.com\/es\/author\/interbiznet-firma-de-abogados-y-despacho-contable\/"},"uagb_comment_info":0,"uagb_excerpt":"[vc_row][vc_column][vc_column_text]Nuestro enfoque profesional y experiencia en la normativa contable de El Salvador garantizan que su empresa cumpla con todos los requisitos legales y contables. En Interbiznet, ofrecemos servicios contables especializados que incluyen:[\/vc_column_text][vc_column_text] Certificaci\u00f3n de Estados Financieros Autorizaci\u00f3n de Cat\u00e1logos de Cuenta, Sistema Contable Manual de Aplicaciones en El Salvador [\/vc_column_text][vc_column_text]Adem\u00e1s, ofrecemos asesor\u00eda en la implementaci\u00f3n&hellip;","_links":{"self":[{"href":"https:\/\/elsalvadoroutsourcing.com\/es\/wp-json\/wp\/v2\/pages\/6863","targetHints":{"allow":["GET"]}}],"collection":[{"href":"https:\/\/elsalvadoroutsourcing.com\/es\/wp-json\/wp\/v2\/pages"}],"about":[{"href":"https:\/\/elsalvadoroutsourcing.com\/es\/wp-json\/wp\/v2\/types\/page"}],"author":[{"embeddable":true,"href":"https:\/\/elsalvadoroutsourcing.com\/es\/wp-json\/wp\/v2\/users\/5"}],"replies":[{"embeddable":true,"href":"https:\/\/elsalvadoroutsourcing.com\/es\/wp-json\/wp\/v2\/comments?post=6863"}],"version-history":[{"count":0,"href":"https:\/\/elsalvadoroutsourcing.com\/es\/wp-json\/wp\/v2\/pages\/6863\/revisions"}],"up":[{"embeddable":true,"href":"https:\/\/elsalvadoroutsourcing.com\/es\/wp-json\/wp\/v2\/pages\/5469"}],"wp:attachment":[{"href":"https:\/\/elsalvadoroutsourcing.com\/es\/wp-json\/wp\/v2\/media?parent=6863"}],"curies":[{"name":"wp","href":"https:\/\/api.w.org\/{rel}","templated":true}]}}