{"id":6854,"date":"2023-10-06T13:55:33","date_gmt":"2023-10-06T19:55:33","guid":{"rendered":"https:\/\/elsalvadoroutsourcing.com\/?page_id=6854"},"modified":"2024-01-15T13:36:04","modified_gmt":"2024-01-15T19:36:04","slug":"outsourcing-contable","status":"publish","type":"page","link":"https:\/\/elsalvadoroutsourcing.com\/es\/servicios-contables-en-el-salvador\/outsourcing-contable\/","title":{"rendered":"Outsourcing Contable"},"content":{"rendered":"<div class=\"wpb-content-wrapper\"><p>[vc_row][vc_column][vc_separator][\/vc_column][\/vc_row][vc_row][vc_column][vc_column_text]El Outsourcing Contable es una pr\u00e1ctica en constante crecimiento a nivel global, ya que posibilita a las empresas la reducci\u00f3n de costos al dirigir recursos hacia actividades de mayor valor, optimizando as\u00ed los resultados.<\/p>\n<p>En Interbiznet, nuestro servicio de Outsourcing Contable en El Salvador representa la excelencia en la<a href=\"https:\/\/elsalvadoroutsourcing.com\/servicios-contables-en-el-salvador\/manejo-de-planillas\/\"> gesti\u00f3n contable y financiera<\/a> para su empresa. Nuestra experiencia y compromiso nos permiten ofrecer soluciones integrales.<\/p>\n<p>&nbsp;<\/p>\n<p><strong>Nuestros principales servicios\u00a0de outsourcing contable en El Salvador incluyen:<\/strong><\/p>\n<ul>\n<li>Elaboraci\u00f3n y Presentaci\u00f3n de Declaraciones de Impuestos en El Salvador<\/li>\n<li>Declaraci\u00f3n de (IVA)<\/li>\n<li>Declaraci\u00f3n de Renta<\/li>\n<li>Pago a cuenta e Impuesto Retenido<\/li>\n<li>Formalizaci\u00f3n de Sociedades en El Salvador<\/li>\n<li>Inscripci\u00f3n de sociedad en diferentes dependencias de gobierno y en otras requeridas<\/li>\n<li>Inscripci\u00f3n de establecimiento, registro de cuenta municipal, gesti\u00f3n de matr\u00edcula de comercio<\/li>\n<li>Elaboraci\u00f3n y Organizaci\u00f3n de <a href=\"https:\/\/elsalvadoroutsourcing.com\/servicios-contables-en-el-salvador\/autorizacion-de-libros-contables\/\">Cat\u00e1logos Contables en El Salvador<\/a><\/li>\n<li>Elaboraci\u00f3n de sistemas o cat\u00e1logos de cuenta en El Salvador y el manual de aplicaci\u00f3n<\/li>\n<\/ul>\n<p>&nbsp;<\/p>\n<p>Con Interbiznet como su socio de<a href=\"https:\/\/elsalvadoroutsourcing.com\/que-hacemos\/\"> Outsourcing Contable en El Salvador<\/a>, experimentar\u00e1 una mayor eficiencia operativa, reducci\u00f3n de costos y una mayor tranquilidad en materia contable y financiera.[\/vc_column_text][vc_btn title=\u00bbCont\u00e1ctenos\u00bb style=\u00bbcustom\u00bb custom_background=\u00bb#003679&#8243; custom_text=\u00bb#ffffff\u00bb size=\u00bblg\u00bb link=\u00bburl:https%3A%2F%2Felsalvadoroutsourcing.com%2Fcontactarcontadoreselsalvador%2F|title:Contactar%20con%20Contadores%20en%20El%20Salvador\u00bb][\/vc_column][\/vc_row]<\/p>\n<\/div>","protected":false},"excerpt":{"rendered":"<p>[vc_row][vc_column][vc_separator][\/vc_column][\/vc_row][vc_row][vc_column][vc_column_text]El Outsourcing Contable es una pr\u00e1ctica en constante crecimiento a nivel global, ya que posibilita a las empresas la reducci\u00f3n de costos al dirigir recursos hacia actividades de mayor valor, optimizando as\u00ed los resultados. En Interbiznet, nuestro servicio de Outsourcing Contable en El Salvador representa la excelencia en la gesti\u00f3n contable y financiera para su&hellip;<\/p>\n","protected":false},"author":5,"featured_media":0,"parent":5469,"menu_order":0,"comment_status":"closed","ping_status":"closed","template":"","meta":{"rs_blank_template":"","rs_page_bg_color":"","slide_template_v7":"","_uag_custom_page_level_css":"","footnotes":""},"class_list":["post-6854","page","type-page","status-publish","hentry","description-off"],"yoast_head":"<!-- This site is optimized with the Yoast SEO Premium plugin v27.3 (Yoast SEO v27.6) - https:\/\/yoast.com\/product\/yoast-seo-premium-wordpress\/ -->\n<title>Outsourcing Contable en El Salvador - El Salvador Outsourcing - Interbiznet - Asesores legales<\/title>\n<meta name=\"description\" content=\"Con Interbiznet como su socio de Outsourcing Contable en El Salvador, experimentar\u00e1 una mayor eficiencia operativa, reducci\u00f3n de costos.\" \/>\n<meta name=\"robots\" content=\"index, follow, max-snippet:-1, max-image-preview:large, max-video-preview:-1\" \/>\n<link rel=\"canonical\" href=\"https:\/\/elsalvadoroutsourcing.com\/es\/servicios-contables-en-el-salvador\/outsourcing-contable\/\" \/>\n<meta property=\"og:locale\" content=\"es_ES\" \/>\n<meta property=\"og:type\" content=\"article\" \/>\n<meta property=\"og:title\" content=\"Outsourcing Contable\" \/>\n<meta property=\"og:description\" content=\"Con Interbiznet como su socio de Outsourcing Contable en El Salvador, experimentar\u00e1 una mayor eficiencia operativa, reducci\u00f3n de costos.\" \/>\n<meta property=\"og:url\" content=\"https:\/\/elsalvadoroutsourcing.com\/es\/servicios-contables-en-el-salvador\/outsourcing-contable\/\" \/>\n<meta property=\"og:site_name\" content=\"El Salvador Outsourcing - Interbiznet - Asesores legales\" \/>\n<meta property=\"article:publisher\" content=\"https:\/\/www.facebook.com\/interbiznet\/\" \/>\n<meta property=\"article:modified_time\" content=\"2024-01-15T19:36:04+00:00\" \/>\n<meta property=\"og:image\" content=\"https:\/\/elsalvadoroutsourcing.com\/wp-content\/uploads\/2023\/08\/Interbiznet-scaled.jpg\" \/>\n\t<meta property=\"og:image:width\" content=\"2560\" \/>\n\t<meta property=\"og:image:height\" content=\"1978\" \/>\n\t<meta property=\"og:image:type\" content=\"image\/jpeg\" \/>\n<meta name=\"twitter:card\" content=\"summary_large_image\" \/>\n<meta name=\"twitter:site\" content=\"@InterbiznetSV\" \/>\n<meta name=\"twitter:label1\" content=\"Tiempo de lectura\" \/>\n\t<meta name=\"twitter:data1\" content=\"1 minuto\" \/>\n<script type=\"application\/ld+json\" class=\"yoast-schema-graph\">{\"@context\":\"https:\\\/\\\/schema.org\",\"@graph\":[{\"@type\":\"WebPage\",\"@id\":\"https:\\\/\\\/elsalvadoroutsourcing.com\\\/es\\\/servicios-contables-en-el-salvador\\\/outsourcing-contable\\\/\",\"url\":\"https:\\\/\\\/elsalvadoroutsourcing.com\\\/es\\\/servicios-contables-en-el-salvador\\\/outsourcing-contable\\\/\",\"name\":\"Outsourcing Contable en El Salvador - El Salvador Outsourcing - Interbiznet - Asesores legales\",\"isPartOf\":{\"@id\":\"https:\\\/\\\/elsalvadoroutsourcing.com\\\/es\\\/#website\"},\"datePublished\":\"2023-10-06T19:55:33+00:00\",\"dateModified\":\"2024-01-15T19:36:04+00:00\",\"description\":\"Con Interbiznet como su socio de Outsourcing Contable en El Salvador, experimentar\u00e1 una mayor eficiencia operativa, reducci\u00f3n de costos.\",\"breadcrumb\":{\"@id\":\"https:\\\/\\\/elsalvadoroutsourcing.com\\\/es\\\/servicios-contables-en-el-salvador\\\/outsourcing-contable\\\/#breadcrumb\"},\"inLanguage\":\"es\",\"potentialAction\":[{\"@type\":\"ReadAction\",\"target\":[\"https:\\\/\\\/elsalvadoroutsourcing.com\\\/es\\\/servicios-contables-en-el-salvador\\\/outsourcing-contable\\\/\"]}]},{\"@type\":\"BreadcrumbList\",\"@id\":\"https:\\\/\\\/elsalvadoroutsourcing.com\\\/es\\\/servicios-contables-en-el-salvador\\\/outsourcing-contable\\\/#breadcrumb\",\"itemListElement\":[{\"@type\":\"ListItem\",\"position\":1,\"name\":\"Portada\",\"item\":\"https:\\\/\\\/elsalvadoroutsourcing.com\\\/es\\\/\"},{\"@type\":\"ListItem\",\"position\":2,\"name\":\"Servicios Contables\",\"item\":\"https:\\\/\\\/elsalvadoroutsourcing.com\\\/es\\\/accounting-services-in-el-salvador\\\/\"},{\"@type\":\"ListItem\",\"position\":3,\"name\":\"Outsourcing Contable\"}]},{\"@type\":\"WebSite\",\"@id\":\"https:\\\/\\\/elsalvadoroutsourcing.com\\\/es\\\/#website\",\"url\":\"https:\\\/\\\/elsalvadoroutsourcing.com\\\/es\\\/\",\"name\":\"El Salvador Outsourcing - Interbiznet - Asesores legales\",\"description\":\"Outsourcing de El Salvador\",\"publisher\":{\"@id\":\"https:\\\/\\\/elsalvadoroutsourcing.com\\\/es\\\/#organization\"},\"potentialAction\":[{\"@type\":\"SearchAction\",\"target\":{\"@type\":\"EntryPoint\",\"urlTemplate\":\"https:\\\/\\\/elsalvadoroutsourcing.com\\\/es\\\/?s={search_term_string}\"},\"query-input\":{\"@type\":\"PropertyValueSpecification\",\"valueRequired\":true,\"valueName\":\"search_term_string\"}}],\"inLanguage\":\"es\"},{\"@type\":[\"Organization\",\"Place\",\"LegalService\"],\"@id\":\"https:\\\/\\\/elsalvadoroutsourcing.com\\\/es\\\/#organization\",\"name\":\"Interbiznet, S.A de C.V.; Firma de abogados y despacho contable en El Salvador\",\"alternateName\":\"Interbiznet, Firma de Abogados y Despacho Contable\",\"url\":\"https:\\\/\\\/elsalvadoroutsourcing.com\\\/es\\\/\",\"logo\":{\"@id\":\"https:\\\/\\\/elsalvadoroutsourcing.com\\\/es\\\/servicios-contables-en-el-salvador\\\/outsourcing-contable\\\/#local-main-organization-logo\"},\"image\":{\"@id\":\"https:\\\/\\\/elsalvadoroutsourcing.com\\\/es\\\/servicios-contables-en-el-salvador\\\/outsourcing-contable\\\/#local-main-organization-logo\"},\"sameAs\":[\"https:\\\/\\\/www.facebook.com\\\/interbiznet\\\/\",\"https:\\\/\\\/x.com\\\/InterbiznetSV\",\"https:\\\/\\\/sv.linkedin.com\\\/company\\\/interbiznet\",\"https:\\\/\\\/www.youtube.com\\\/@InterBizNetSanSalvador\\\/videos\",\"https:\\\/\\\/www.instagram.com\\\/interbiznetsv\\\/\"],\"address\":{\"@id\":\"https:\\\/\\\/elsalvadoroutsourcing.com\\\/es\\\/servicios-contables-en-el-salvador\\\/outsourcing-contable\\\/#local-main-place-address\"},\"geo\":{\"@type\":\"GeoCoordinates\",\"latitude\":\"13.7097358\",\"longitude\":\"-89.24044321\"},\"telephone\":[\"+503 2528 0303\",\"+305 728-8634\"],\"openingHoursSpecification\":[{\"@type\":\"OpeningHoursSpecification\",\"dayOfWeek\":[\"Monday\",\"Tuesday\",\"Wednesday\",\"Thursday\",\"Friday\"],\"opens\":\"08:00\",\"closes\":\"17:00\"},{\"@type\":\"OpeningHoursSpecification\",\"dayOfWeek\":[\"Saturday\",\"Sunday\"],\"opens\":\"00:00\",\"closes\":\"00:00\"}],\"email\":\"info@elsalvadoroutsourcing.com\",\"faxNumber\":\"+503 2264-6157\",\"priceRange\":\"$\",\"currenciesAccepted\":\"USD\"},{\"@type\":\"PostalAddress\",\"@id\":\"https:\\\/\\\/elsalvadoroutsourcing.com\\\/es\\\/servicios-contables-en-el-salvador\\\/outsourcing-contable\\\/#local-main-place-address\",\"streetAddress\":\"13 Calle Poniente No. 4425, entre 85 y, 87 Avenida Norte,\",\"addressLocality\":\"San Salvador\",\"postalCode\":\"01101\",\"addressRegion\":\"San Salvador\",\"addressCountry\":\"SV\"},{\"@type\":\"ImageObject\",\"inLanguage\":\"es\",\"@id\":\"https:\\\/\\\/elsalvadoroutsourcing.com\\\/es\\\/servicios-contables-en-el-salvador\\\/outsourcing-contable\\\/#local-main-organization-logo\",\"url\":\"https:\\\/\\\/elsalvadoroutsourcing.com\\\/wp-content\\\/uploads\\\/2022\\\/10\\\/logo-negro_Mesa-de-trabajo-1.png\",\"contentUrl\":\"https:\\\/\\\/elsalvadoroutsourcing.com\\\/wp-content\\\/uploads\\\/2022\\\/10\\\/logo-negro_Mesa-de-trabajo-1.png\",\"width\":3300,\"height\":2550,\"caption\":\"Interbiznet, S.A de C.V.; Firma de abogados y despacho contable en El Salvador\"}]}<\/script>\n<meta name=\"geo.placename\" content=\"San Salvador\" \/>\n<meta name=\"geo.position\" content=\"13.7097358;-89.24044321\" \/>\n<meta name=\"geo.region\" content=\"El Salvador\" \/>\n<!-- \/ Yoast SEO Premium plugin. -->","yoast_head_json":{"title":"Outsourcing Contable en El Salvador - El Salvador Outsourcing - Interbiznet - Asesores legales","description":"Con Interbiznet como su socio de Outsourcing Contable en El Salvador, experimentar\u00e1 una mayor eficiencia operativa, reducci\u00f3n de costos.","robots":{"index":"index","follow":"follow","max-snippet":"max-snippet:-1","max-image-preview":"max-image-preview:large","max-video-preview":"max-video-preview:-1"},"canonical":"https:\/\/elsalvadoroutsourcing.com\/es\/servicios-contables-en-el-salvador\/outsourcing-contable\/","og_locale":"es_ES","og_type":"article","og_title":"Outsourcing Contable","og_description":"Con Interbiznet como su socio de Outsourcing Contable en El Salvador, experimentar\u00e1 una mayor eficiencia operativa, reducci\u00f3n de costos.","og_url":"https:\/\/elsalvadoroutsourcing.com\/es\/servicios-contables-en-el-salvador\/outsourcing-contable\/","og_site_name":"El Salvador Outsourcing - Interbiznet - Asesores legales","article_publisher":"https:\/\/www.facebook.com\/interbiznet\/","article_modified_time":"2024-01-15T19:36:04+00:00","og_image":[{"width":2560,"height":1978,"url":"https:\/\/elsalvadoroutsourcing.com\/wp-content\/uploads\/2023\/08\/Interbiznet-scaled.jpg","type":"image\/jpeg"}],"twitter_card":"summary_large_image","twitter_site":"@InterbiznetSV","twitter_misc":{"Tiempo de lectura":"1 minuto"},"schema":{"@context":"https:\/\/schema.org","@graph":[{"@type":"WebPage","@id":"https:\/\/elsalvadoroutsourcing.com\/es\/servicios-contables-en-el-salvador\/outsourcing-contable\/","url":"https:\/\/elsalvadoroutsourcing.com\/es\/servicios-contables-en-el-salvador\/outsourcing-contable\/","name":"Outsourcing Contable en El Salvador - El Salvador Outsourcing - Interbiznet - Asesores legales","isPartOf":{"@id":"https:\/\/elsalvadoroutsourcing.com\/es\/#website"},"datePublished":"2023-10-06T19:55:33+00:00","dateModified":"2024-01-15T19:36:04+00:00","description":"Con Interbiznet como su socio de Outsourcing Contable en El Salvador, experimentar\u00e1 una mayor eficiencia operativa, reducci\u00f3n de costos.","breadcrumb":{"@id":"https:\/\/elsalvadoroutsourcing.com\/es\/servicios-contables-en-el-salvador\/outsourcing-contable\/#breadcrumb"},"inLanguage":"es","potentialAction":[{"@type":"ReadAction","target":["https:\/\/elsalvadoroutsourcing.com\/es\/servicios-contables-en-el-salvador\/outsourcing-contable\/"]}]},{"@type":"BreadcrumbList","@id":"https:\/\/elsalvadoroutsourcing.com\/es\/servicios-contables-en-el-salvador\/outsourcing-contable\/#breadcrumb","itemListElement":[{"@type":"ListItem","position":1,"name":"Portada","item":"https:\/\/elsalvadoroutsourcing.com\/es\/"},{"@type":"ListItem","position":2,"name":"Servicios Contables","item":"https:\/\/elsalvadoroutsourcing.com\/es\/accounting-services-in-el-salvador\/"},{"@type":"ListItem","position":3,"name":"Outsourcing Contable"}]},{"@type":"WebSite","@id":"https:\/\/elsalvadoroutsourcing.com\/es\/#website","url":"https:\/\/elsalvadoroutsourcing.com\/es\/","name":"El Salvador Outsourcing - Interbiznet - Asesores legales","description":"Outsourcing de El Salvador","publisher":{"@id":"https:\/\/elsalvadoroutsourcing.com\/es\/#organization"},"potentialAction":[{"@type":"SearchAction","target":{"@type":"EntryPoint","urlTemplate":"https:\/\/elsalvadoroutsourcing.com\/es\/?s={search_term_string}"},"query-input":{"@type":"PropertyValueSpecification","valueRequired":true,"valueName":"search_term_string"}}],"inLanguage":"es"},{"@type":["Organization","Place","LegalService"],"@id":"https:\/\/elsalvadoroutsourcing.com\/es\/#organization","name":"Interbiznet, S.A de C.V.; Firma de abogados y despacho contable en El Salvador","alternateName":"Interbiznet, Firma de Abogados y Despacho Contable","url":"https:\/\/elsalvadoroutsourcing.com\/es\/","logo":{"@id":"https:\/\/elsalvadoroutsourcing.com\/es\/servicios-contables-en-el-salvador\/outsourcing-contable\/#local-main-organization-logo"},"image":{"@id":"https:\/\/elsalvadoroutsourcing.com\/es\/servicios-contables-en-el-salvador\/outsourcing-contable\/#local-main-organization-logo"},"sameAs":["https:\/\/www.facebook.com\/interbiznet\/","https:\/\/x.com\/InterbiznetSV","https:\/\/sv.linkedin.com\/company\/interbiznet","https:\/\/www.youtube.com\/@InterBizNetSanSalvador\/videos","https:\/\/www.instagram.com\/interbiznetsv\/"],"address":{"@id":"https:\/\/elsalvadoroutsourcing.com\/es\/servicios-contables-en-el-salvador\/outsourcing-contable\/#local-main-place-address"},"geo":{"@type":"GeoCoordinates","latitude":"13.7097358","longitude":"-89.24044321"},"telephone":["+503 2528 0303","+305 728-8634"],"openingHoursSpecification":[{"@type":"OpeningHoursSpecification","dayOfWeek":["Monday","Tuesday","Wednesday","Thursday","Friday"],"opens":"08:00","closes":"17:00"},{"@type":"OpeningHoursSpecification","dayOfWeek":["Saturday","Sunday"],"opens":"00:00","closes":"00:00"}],"email":"info@elsalvadoroutsourcing.com","faxNumber":"+503 2264-6157","priceRange":"$","currenciesAccepted":"USD"},{"@type":"PostalAddress","@id":"https:\/\/elsalvadoroutsourcing.com\/es\/servicios-contables-en-el-salvador\/outsourcing-contable\/#local-main-place-address","streetAddress":"13 Calle Poniente No. 4425, entre 85 y, 87 Avenida Norte,","addressLocality":"San Salvador","postalCode":"01101","addressRegion":"San Salvador","addressCountry":"SV"},{"@type":"ImageObject","inLanguage":"es","@id":"https:\/\/elsalvadoroutsourcing.com\/es\/servicios-contables-en-el-salvador\/outsourcing-contable\/#local-main-organization-logo","url":"https:\/\/elsalvadoroutsourcing.com\/wp-content\/uploads\/2022\/10\/logo-negro_Mesa-de-trabajo-1.png","contentUrl":"https:\/\/elsalvadoroutsourcing.com\/wp-content\/uploads\/2022\/10\/logo-negro_Mesa-de-trabajo-1.png","width":3300,"height":2550,"caption":"Interbiznet, S.A de C.V.; Firma de abogados y despacho contable en El Salvador"}]},"geo.placename":"San Salvador","geo.position":{"lat":"13.7097358","long":"-89.24044321"},"geo.region":"El Salvador"},"uagb_featured_image_src":{"full":false,"thumbnail":false,"medium":false,"medium_large":false,"large":false,"1536x1536":false,"2048x2048":false,"woocommerce_thumbnail":false,"woocommerce_single":false,"woocommerce_gallery_thumbnail":false},"uagb_author_info":{"display_name":"Interbiznet,abogados y despacho contable","author_link":"https:\/\/elsalvadoroutsourcing.com\/es\/author\/interbiznet-firma-de-abogados-y-despacho-contable\/"},"uagb_comment_info":0,"uagb_excerpt":"[vc_row][vc_column][vc_separator][\/vc_column][\/vc_row][vc_row][vc_column][vc_column_text]El Outsourcing Contable es una pr\u00e1ctica en constante crecimiento a nivel global, ya que posibilita a las empresas la reducci\u00f3n de costos al dirigir recursos hacia actividades de mayor valor, optimizando as\u00ed los resultados. En Interbiznet, nuestro servicio de Outsourcing Contable en El Salvador representa la excelencia en la gesti\u00f3n contable y financiera para su&hellip;","_links":{"self":[{"href":"https:\/\/elsalvadoroutsourcing.com\/es\/wp-json\/wp\/v2\/pages\/6854","targetHints":{"allow":["GET"]}}],"collection":[{"href":"https:\/\/elsalvadoroutsourcing.com\/es\/wp-json\/wp\/v2\/pages"}],"about":[{"href":"https:\/\/elsalvadoroutsourcing.com\/es\/wp-json\/wp\/v2\/types\/page"}],"author":[{"embeddable":true,"href":"https:\/\/elsalvadoroutsourcing.com\/es\/wp-json\/wp\/v2\/users\/5"}],"replies":[{"embeddable":true,"href":"https:\/\/elsalvadoroutsourcing.com\/es\/wp-json\/wp\/v2\/comments?post=6854"}],"version-history":[{"count":0,"href":"https:\/\/elsalvadoroutsourcing.com\/es\/wp-json\/wp\/v2\/pages\/6854\/revisions"}],"up":[{"embeddable":true,"href":"https:\/\/elsalvadoroutsourcing.com\/es\/wp-json\/wp\/v2\/pages\/5469"}],"wp:attachment":[{"href":"https:\/\/elsalvadoroutsourcing.com\/es\/wp-json\/wp\/v2\/media?parent=6854"}],"curies":[{"name":"wp","href":"https:\/\/api.w.org\/{rel}","templated":true}]}}