{"id":6591,"date":"2023-08-25T09:40:41","date_gmt":"2023-08-25T15:40:41","guid":{"rendered":"https:\/\/elsalvadoroutsourcing.com\/?page_id=6591"},"modified":"2023-08-31T13:55:06","modified_gmt":"2023-08-31T19:55:06","slug":"bandera-de-la-republica-de-el-salvador","status":"publish","type":"page","link":"https:\/\/elsalvadoroutsourcing.com\/es\/bandera-de-la-republica-de-el-salvador\/","title":{"rendered":"Bandera de El Salvador, Bandera Salvadore\u00f1a, Bandera de la Rep\u00fablica de El Salvador"},"content":{"rendered":"<div id=\"attachment_124\" style=\"width: 1930px\" class=\"wp-caption alignnone\"><img loading=\"lazy\" decoding=\"async\" aria-describedby=\"caption-attachment-124\" class=\"wp-image-124 size-full\" src=\"https:\/\/elsalvadoroutsourcing.com\/wp-content\/uploads\/2023\/08\/ws_El_Salvador_Flag_1920x1200.jpg\" alt=\"Bandera de El Salvador, Historia de la Bandera de El Salvador\" width=\"1920\" height=\"1200\" \/><p id=\"caption-attachment-124\" class=\"wp-caption-text\">Historia de la Bandera de El Salvador<\/p><\/div>\n<h2 style=\"text-align: justify;\"><strong>Historia de la Bandera de El Salvador:<\/strong><\/h2>\n<p style=\"text-align: justify;\">La bandera actual y oficial de El Salvador se adopt\u00f3 por el poder Legislativo durante el gobierno del entonces presidente del pa\u00eds el doctor Manuel Enrique Araujo.<br \/>\nEl creador del escudo nacional fue un cal\u00edgrafo de nombre Rafael Barraza Rodr\u00edguez, su creaci\u00f3n se dio el 17 de mayo de 1912. Quien despu\u00e9s de un largo concurso de aproximadamente treinta competidores llevado a cabo por el Ministro de Guerra y Marina, gan\u00f3 el dise\u00f1o del escudo que hab\u00eda presentado y fue porque su imagen conten\u00eda los elementos pertinentes que representan al pa\u00eds.<br \/>\nLa Asamblea Nacional Legislativa de la Rep\u00fablica de El Salvador en el art\u00edculo 16\u00b0 de la Constituci\u00f3n del pa\u00eds se\u00f1ala el decreto dado a conocer el 17 de mayo de 1912 que contiene las bases y leyes que indican el uso y conservaci\u00f3n de la bandera y escudo de El Salvador.<\/p>\n<h3 style=\"text-align: justify;\"><strong><br \/>\nLa Historia de la Bandera de El Salvador<\/strong><\/h3>\n<p style=\"text-align: justify;\">Despu\u00e9s de un tiempo se reform\u00f3 el decreto antes mencionado y se tomaron en cuenta los dos detalles que se a\u00f1adieron al escudo nacional: las cinco banderas de El Salvador detr\u00e1s del tri\u00e1ngulo y los dos racimos largos que forman catorce ramas de laurel.<br \/>\nLa bandera oficial de El Salvador consta de tres franjas horizontales, dos de color azul fuerte y una franja blanca en el medio de las otras dos azules. El escudo nacional se encuentra en el medio de la franja blanca. Es un tri\u00e1ngulo equil\u00e1tero que tiene cinco volcanes en la base del escudo. Est\u00e1n sobre agua que semeja los oc\u00e9anos Pacifico y Atl\u00e1ntico.<br \/>\nEn la parte superior se encuentra un arco\u00edris que cubre el arco del gorro de la libertad que esparce unas luces. En forma de semic\u00edrculo se encuentra la leyenda entre sus rayos: 15 de septiembre de 1821 (fecha en que se independizo de El Salvador de Espa\u00f1a).<\/p>\n<h2 style=\"text-align: justify;\"><strong>Dios, Uni\u00f3n, Libertad.<\/strong><\/h2>\n<p style=\"text-align: justify;\">En el tri\u00e1ngulo se encuentra otra leyenda en letras de color dorado que dice: Dios, Uni\u00f3n, Libertad. Hay cinco banderas salvadore\u00f1as detr\u00e1s del tri\u00e1ngulo, dos en cada lado de \u00e9ste y una sobre el v\u00e9rtice. Bajo la leyenda: Dios, Uni\u00f3n, Libertad hay dos racimos largos que forman catorce ramas de laurel.<br \/>\nEs preciso saber que el dise\u00f1o de la bandera de El Salvador se bas\u00f3 en la bandera de Argentina. Y es la misma de la Federaci\u00f3n Centroamericana que se decret\u00f3 por la Asamblea Nacional el 21 de agosto de 1823. Es importante saber que El Salvador dej\u00f3 de ser parte de dicha federaci\u00f3n en 1839.<\/p>\n<p style=\"text-align: justify;\">Las diferentes banderas que se usan en el Salvador son: la de puertos y buques, cuya bandera es la misma usada en la naci\u00f3n y el extranjero. La bandera de los buques mercantes no lleva escudo nacional y las letras de la leyenda que dice: Dios, Uni\u00f3n, Libertad son de color plata. La bandera usada para los militares es el mismo dise\u00f1o que el anterior. La de infanter\u00eda y artiller\u00eda tienen las letras de color dorado y la de caballer\u00eda es color plata.<\/p>\n<p style=\"text-align: justify;\">La primera vez que se iz\u00f3 la bandera salvadore\u00f1a fue para nombrarla como oficial el 15 de septiembre de 1912 en el asta que se encontraba frente a la Tribuna Presidencial del Campo Marte. La persona encargada en izarla y rendir los honores pertinentes fue el entonces presidente de El Salvador, Manuel Enrique Araujo.<\/p>\n<p>&nbsp;<\/p>\n<p>&nbsp;<\/p>\n","protected":false},"excerpt":{"rendered":"<p>Historia de la Bandera de El Salvador: La bandera actual y oficial de El Salvador se adopt\u00f3 por el poder Legislativo durante el gobierno del entonces presidente del pa\u00eds el doctor Manuel Enrique Araujo. El creador del escudo nacional fue un cal\u00edgrafo de nombre Rafael Barraza Rodr\u00edguez, su creaci\u00f3n se dio el 17 de mayo&hellip;<\/p>\n","protected":false},"author":6,"featured_media":0,"parent":0,"menu_order":0,"comment_status":"closed","ping_status":"closed","template":"","meta":{"_uag_custom_page_level_css":"","footnotes":""},"class_list":["post-6591","page","type-page","status-publish","hentry","description-off"],"yoast_head":"<!-- This site is optimized with the Yoast SEO Premium plugin v26.9 (Yoast SEO v27.1.1) - https:\/\/yoast.com\/product\/yoast-seo-premium-wordpress\/ -->\n<title>Bandera de El Salvador, Historia de El Salvador- El Salvador Outsourcing - Interbiznet - Asesores legales<\/title>\n<meta name=\"description\" content=\"Bandera de El Salvador, Historia de la Bandera de El Salvador, se adopt\u00f3 por el poder Legislativo durante el gobierno del presidente Manuel A\" \/>\n<meta name=\"robots\" content=\"index, follow, max-snippet:-1, max-image-preview:large, max-video-preview:-1\" \/>\n<link rel=\"canonical\" href=\"https:\/\/elsalvadoroutsourcing.com\/es\/bandera-de-la-republica-de-el-salvador\/\" \/>\n<meta property=\"og:locale\" content=\"es_ES\" \/>\n<meta property=\"og:type\" content=\"article\" \/>\n<meta property=\"og:title\" content=\"Bandera de El Salvador, Bandera Salvadore\u00f1a, Bandera de la Rep\u00fablica de El Salvador\" \/>\n<meta property=\"og:description\" content=\"Bandera de El Salvador, Historia de la Bandera de El Salvador, se adopt\u00f3 por el poder Legislativo durante el gobierno del presidente Manuel A\" \/>\n<meta property=\"og:url\" content=\"https:\/\/elsalvadoroutsourcing.com\/es\/bandera-de-la-republica-de-el-salvador\/\" \/>\n<meta property=\"og:site_name\" content=\"El Salvador Outsourcing - Interbiznet - Asesores legales\" \/>\n<meta property=\"article:publisher\" content=\"https:\/\/www.facebook.com\/interbiznet\/\" \/>\n<meta property=\"article:modified_time\" content=\"2023-08-31T19:55:06+00:00\" \/>\n<meta property=\"og:image\" content=\"https:\/\/elsalvadoroutsourcing.com\/wp-content\/uploads\/2023\/08\/ws_El_Salvador_Flag_1920x1200.jpg\" \/>\n<meta name=\"twitter:card\" content=\"summary_large_image\" \/>\n<meta name=\"twitter:site\" content=\"@InterbiznetSV\" \/>\n<meta name=\"twitter:label1\" content=\"Tiempo de lectura\" \/>\n\t<meta name=\"twitter:data1\" content=\"3 minutos\" \/>\n<script type=\"application\/ld+json\" class=\"yoast-schema-graph\">{\"@context\":\"https:\/\/schema.org\",\"@graph\":[{\"@type\":\"WebPage\",\"@id\":\"https:\/\/elsalvadoroutsourcing.com\/es\/bandera-de-la-republica-de-el-salvador\/\",\"url\":\"https:\/\/elsalvadoroutsourcing.com\/es\/bandera-de-la-republica-de-el-salvador\/\",\"name\":\"Bandera de El Salvador, Historia de El Salvador- El Salvador Outsourcing - Interbiznet - Asesores legales\",\"isPartOf\":{\"@id\":\"https:\/\/elsalvadoroutsourcing.com\/es\/#website\"},\"primaryImageOfPage\":{\"@id\":\"https:\/\/elsalvadoroutsourcing.com\/es\/bandera-de-la-republica-de-el-salvador\/#primaryimage\"},\"image\":{\"@id\":\"https:\/\/elsalvadoroutsourcing.com\/es\/bandera-de-la-republica-de-el-salvador\/#primaryimage\"},\"thumbnailUrl\":\"https:\/\/elsalvadoroutsourcing.com\/wp-content\/uploads\/2023\/08\/ws_El_Salvador_Flag_1920x1200.jpg\",\"datePublished\":\"2023-08-25T15:40:41+00:00\",\"dateModified\":\"2023-08-31T19:55:06+00:00\",\"description\":\"Bandera de El Salvador, Historia de la Bandera de El Salvador, se adopt\u00f3 por el poder Legislativo durante el gobierno del presidente Manuel A\",\"breadcrumb\":{\"@id\":\"https:\/\/elsalvadoroutsourcing.com\/es\/bandera-de-la-republica-de-el-salvador\/#breadcrumb\"},\"inLanguage\":\"es\",\"potentialAction\":[{\"@type\":\"ReadAction\",\"target\":[\"https:\/\/elsalvadoroutsourcing.com\/es\/bandera-de-la-republica-de-el-salvador\/\"]}]},{\"@type\":\"ImageObject\",\"inLanguage\":\"es\",\"@id\":\"https:\/\/elsalvadoroutsourcing.com\/es\/bandera-de-la-republica-de-el-salvador\/#primaryimage\",\"url\":\"https:\/\/elsalvadoroutsourcing.com\/wp-content\/uploads\/2023\/08\/ws_El_Salvador_Flag_1920x1200.jpg\",\"contentUrl\":\"https:\/\/elsalvadoroutsourcing.com\/wp-content\/uploads\/2023\/08\/ws_El_Salvador_Flag_1920x1200.jpg\"},{\"@type\":\"BreadcrumbList\",\"@id\":\"https:\/\/elsalvadoroutsourcing.com\/es\/bandera-de-la-republica-de-el-salvador\/#breadcrumb\",\"itemListElement\":[{\"@type\":\"ListItem\",\"position\":1,\"name\":\"Portada\",\"item\":\"https:\/\/elsalvadoroutsourcing.com\/es\/\"},{\"@type\":\"ListItem\",\"position\":2,\"name\":\"Bandera de El Salvador, Bandera Salvadore\u00f1a, Bandera de la Rep\u00fablica de El Salvador\"}]},{\"@type\":\"WebSite\",\"@id\":\"https:\/\/elsalvadoroutsourcing.com\/es\/#website\",\"url\":\"https:\/\/elsalvadoroutsourcing.com\/es\/\",\"name\":\"El Salvador Outsourcing - Interbiznet - Asesores legales\",\"description\":\"Outsourcing de El Salvador\",\"publisher\":{\"@id\":\"https:\/\/elsalvadoroutsourcing.com\/es\/#organization\"},\"potentialAction\":[{\"@type\":\"SearchAction\",\"target\":{\"@type\":\"EntryPoint\",\"urlTemplate\":\"https:\/\/elsalvadoroutsourcing.com\/es\/?s={search_term_string}\"},\"query-input\":{\"@type\":\"PropertyValueSpecification\",\"valueRequired\":true,\"valueName\":\"search_term_string\"}}],\"inLanguage\":\"es\"},{\"@type\":[\"Organization\",\"Place\",\"LegalService\"],\"@id\":\"https:\/\/elsalvadoroutsourcing.com\/es\/#organization\",\"name\":\"Interbiznet, S.A de C.V.; Firma de abogados y despacho contable en El Salvador\",\"alternateName\":\"Interbiznet, Firma de Abogados y Despacho Contable\",\"url\":\"https:\/\/elsalvadoroutsourcing.com\/es\/\",\"logo\":{\"@id\":\"https:\/\/elsalvadoroutsourcing.com\/es\/bandera-de-la-republica-de-el-salvador\/#local-main-organization-logo\"},\"image\":{\"@id\":\"https:\/\/elsalvadoroutsourcing.com\/es\/bandera-de-la-republica-de-el-salvador\/#local-main-organization-logo\"},\"sameAs\":[\"https:\/\/www.facebook.com\/interbiznet\/\",\"https:\/\/x.com\/InterbiznetSV\",\"https:\/\/sv.linkedin.com\/company\/interbiznet\",\"https:\/\/www.youtube.com\/@InterBizNetSanSalvador\/videos\",\"https:\/\/www.instagram.com\/interbiznetsv\/\"],\"address\":{\"@id\":\"https:\/\/elsalvadoroutsourcing.com\/es\/bandera-de-la-republica-de-el-salvador\/#local-main-place-address\"},\"geo\":{\"@type\":\"GeoCoordinates\",\"latitude\":\"13.7097358\",\"longitude\":\"-89.24044321\"},\"telephone\":[\"+503 2528 0303\",\"+305 728-8634\"],\"openingHoursSpecification\":[{\"@type\":\"OpeningHoursSpecification\",\"dayOfWeek\":[\"Monday\",\"Tuesday\",\"Wednesday\",\"Thursday\",\"Friday\"],\"opens\":\"08:00\",\"closes\":\"17:00\"},{\"@type\":\"OpeningHoursSpecification\",\"dayOfWeek\":[\"Saturday\",\"Sunday\"],\"opens\":\"00:00\",\"closes\":\"00:00\"}],\"email\":\"info@elsalvadoroutsourcing.com\",\"faxNumber\":\"+503 2264-6157\",\"priceRange\":\"$\",\"currenciesAccepted\":\"USD\"},{\"@type\":\"PostalAddress\",\"@id\":\"https:\/\/elsalvadoroutsourcing.com\/es\/bandera-de-la-republica-de-el-salvador\/#local-main-place-address\",\"streetAddress\":\"13 Calle Poniente No. 4425, entre 85 y, 87 Avenida Norte,\",\"addressLocality\":\"San Salvador\",\"postalCode\":\"01101\",\"addressRegion\":\"San Salvador\",\"addressCountry\":\"SV\"},{\"@type\":\"ImageObject\",\"inLanguage\":\"es\",\"@id\":\"https:\/\/elsalvadoroutsourcing.com\/es\/bandera-de-la-republica-de-el-salvador\/#local-main-organization-logo\",\"url\":\"https:\/\/elsalvadoroutsourcing.com\/wp-content\/uploads\/2022\/10\/logo-negro_Mesa-de-trabajo-1.png\",\"contentUrl\":\"https:\/\/elsalvadoroutsourcing.com\/wp-content\/uploads\/2022\/10\/logo-negro_Mesa-de-trabajo-1.png\",\"width\":3300,\"height\":2550,\"caption\":\"Interbiznet, S.A de C.V.; Firma de abogados y despacho contable en El Salvador\"}]}<\/script>\n<meta name=\"geo.placename\" content=\"San Salvador\" \/>\n<meta name=\"geo.position\" content=\"13.7097358;-89.24044321\" \/>\n<meta name=\"geo.region\" content=\"El Salvador\" \/>\n<!-- \/ Yoast SEO Premium plugin. -->","yoast_head_json":{"title":"Bandera de El Salvador, Historia de El Salvador- El Salvador Outsourcing - Interbiznet - Asesores legales","description":"Bandera de El Salvador, Historia de la Bandera de El Salvador, se adopt\u00f3 por el poder Legislativo durante el gobierno del presidente Manuel A","robots":{"index":"index","follow":"follow","max-snippet":"max-snippet:-1","max-image-preview":"max-image-preview:large","max-video-preview":"max-video-preview:-1"},"canonical":"https:\/\/elsalvadoroutsourcing.com\/es\/bandera-de-la-republica-de-el-salvador\/","og_locale":"es_ES","og_type":"article","og_title":"Bandera de El Salvador, Bandera Salvadore\u00f1a, Bandera de la Rep\u00fablica de El Salvador","og_description":"Bandera de El Salvador, Historia de la Bandera de El Salvador, se adopt\u00f3 por el poder Legislativo durante el gobierno del presidente Manuel A","og_url":"https:\/\/elsalvadoroutsourcing.com\/es\/bandera-de-la-republica-de-el-salvador\/","og_site_name":"El Salvador Outsourcing - Interbiznet - Asesores legales","article_publisher":"https:\/\/www.facebook.com\/interbiznet\/","article_modified_time":"2023-08-31T19:55:06+00:00","og_image":[{"url":"https:\/\/elsalvadoroutsourcing.com\/wp-content\/uploads\/2023\/08\/ws_El_Salvador_Flag_1920x1200.jpg","type":"","width":"","height":""}],"twitter_card":"summary_large_image","twitter_site":"@InterbiznetSV","twitter_misc":{"Tiempo de lectura":"3 minutos"},"schema":{"@context":"https:\/\/schema.org","@graph":[{"@type":"WebPage","@id":"https:\/\/elsalvadoroutsourcing.com\/es\/bandera-de-la-republica-de-el-salvador\/","url":"https:\/\/elsalvadoroutsourcing.com\/es\/bandera-de-la-republica-de-el-salvador\/","name":"Bandera de El Salvador, Historia de El Salvador- El Salvador Outsourcing - Interbiznet - Asesores legales","isPartOf":{"@id":"https:\/\/elsalvadoroutsourcing.com\/es\/#website"},"primaryImageOfPage":{"@id":"https:\/\/elsalvadoroutsourcing.com\/es\/bandera-de-la-republica-de-el-salvador\/#primaryimage"},"image":{"@id":"https:\/\/elsalvadoroutsourcing.com\/es\/bandera-de-la-republica-de-el-salvador\/#primaryimage"},"thumbnailUrl":"https:\/\/elsalvadoroutsourcing.com\/wp-content\/uploads\/2023\/08\/ws_El_Salvador_Flag_1920x1200.jpg","datePublished":"2023-08-25T15:40:41+00:00","dateModified":"2023-08-31T19:55:06+00:00","description":"Bandera de El Salvador, Historia de la Bandera de El Salvador, se adopt\u00f3 por el poder Legislativo durante el gobierno del presidente Manuel A","breadcrumb":{"@id":"https:\/\/elsalvadoroutsourcing.com\/es\/bandera-de-la-republica-de-el-salvador\/#breadcrumb"},"inLanguage":"es","potentialAction":[{"@type":"ReadAction","target":["https:\/\/elsalvadoroutsourcing.com\/es\/bandera-de-la-republica-de-el-salvador\/"]}]},{"@type":"ImageObject","inLanguage":"es","@id":"https:\/\/elsalvadoroutsourcing.com\/es\/bandera-de-la-republica-de-el-salvador\/#primaryimage","url":"https:\/\/elsalvadoroutsourcing.com\/wp-content\/uploads\/2023\/08\/ws_El_Salvador_Flag_1920x1200.jpg","contentUrl":"https:\/\/elsalvadoroutsourcing.com\/wp-content\/uploads\/2023\/08\/ws_El_Salvador_Flag_1920x1200.jpg"},{"@type":"BreadcrumbList","@id":"https:\/\/elsalvadoroutsourcing.com\/es\/bandera-de-la-republica-de-el-salvador\/#breadcrumb","itemListElement":[{"@type":"ListItem","position":1,"name":"Portada","item":"https:\/\/elsalvadoroutsourcing.com\/es\/"},{"@type":"ListItem","position":2,"name":"Bandera de El Salvador, Bandera Salvadore\u00f1a, Bandera de la Rep\u00fablica de El Salvador"}]},{"@type":"WebSite","@id":"https:\/\/elsalvadoroutsourcing.com\/es\/#website","url":"https:\/\/elsalvadoroutsourcing.com\/es\/","name":"El Salvador Outsourcing - Interbiznet - Asesores legales","description":"Outsourcing de El Salvador","publisher":{"@id":"https:\/\/elsalvadoroutsourcing.com\/es\/#organization"},"potentialAction":[{"@type":"SearchAction","target":{"@type":"EntryPoint","urlTemplate":"https:\/\/elsalvadoroutsourcing.com\/es\/?s={search_term_string}"},"query-input":{"@type":"PropertyValueSpecification","valueRequired":true,"valueName":"search_term_string"}}],"inLanguage":"es"},{"@type":["Organization","Place","LegalService"],"@id":"https:\/\/elsalvadoroutsourcing.com\/es\/#organization","name":"Interbiznet, S.A de C.V.; Firma de abogados y despacho contable en El Salvador","alternateName":"Interbiznet, Firma de Abogados y Despacho Contable","url":"https:\/\/elsalvadoroutsourcing.com\/es\/","logo":{"@id":"https:\/\/elsalvadoroutsourcing.com\/es\/bandera-de-la-republica-de-el-salvador\/#local-main-organization-logo"},"image":{"@id":"https:\/\/elsalvadoroutsourcing.com\/es\/bandera-de-la-republica-de-el-salvador\/#local-main-organization-logo"},"sameAs":["https:\/\/www.facebook.com\/interbiznet\/","https:\/\/x.com\/InterbiznetSV","https:\/\/sv.linkedin.com\/company\/interbiznet","https:\/\/www.youtube.com\/@InterBizNetSanSalvador\/videos","https:\/\/www.instagram.com\/interbiznetsv\/"],"address":{"@id":"https:\/\/elsalvadoroutsourcing.com\/es\/bandera-de-la-republica-de-el-salvador\/#local-main-place-address"},"geo":{"@type":"GeoCoordinates","latitude":"13.7097358","longitude":"-89.24044321"},"telephone":["+503 2528 0303","+305 728-8634"],"openingHoursSpecification":[{"@type":"OpeningHoursSpecification","dayOfWeek":["Monday","Tuesday","Wednesday","Thursday","Friday"],"opens":"08:00","closes":"17:00"},{"@type":"OpeningHoursSpecification","dayOfWeek":["Saturday","Sunday"],"opens":"00:00","closes":"00:00"}],"email":"info@elsalvadoroutsourcing.com","faxNumber":"+503 2264-6157","priceRange":"$","currenciesAccepted":"USD"},{"@type":"PostalAddress","@id":"https:\/\/elsalvadoroutsourcing.com\/es\/bandera-de-la-republica-de-el-salvador\/#local-main-place-address","streetAddress":"13 Calle Poniente No. 4425, entre 85 y, 87 Avenida Norte,","addressLocality":"San Salvador","postalCode":"01101","addressRegion":"San Salvador","addressCountry":"SV"},{"@type":"ImageObject","inLanguage":"es","@id":"https:\/\/elsalvadoroutsourcing.com\/es\/bandera-de-la-republica-de-el-salvador\/#local-main-organization-logo","url":"https:\/\/elsalvadoroutsourcing.com\/wp-content\/uploads\/2022\/10\/logo-negro_Mesa-de-trabajo-1.png","contentUrl":"https:\/\/elsalvadoroutsourcing.com\/wp-content\/uploads\/2022\/10\/logo-negro_Mesa-de-trabajo-1.png","width":3300,"height":2550,"caption":"Interbiznet, S.A de C.V.; Firma de abogados y despacho contable en El Salvador"}]},"geo.placename":"San Salvador","geo.position":{"lat":"13.7097358","long":"-89.24044321"},"geo.region":"El Salvador"},"uagb_featured_image_src":{"full":false,"thumbnail":false,"medium":false,"medium_large":false,"large":false,"1536x1536":false,"2048x2048":false,"woocommerce_thumbnail":false,"woocommerce_single":false,"woocommerce_gallery_thumbnail":false},"uagb_author_info":{"display_name":"Alexander Gonzalez","author_link":"https:\/\/elsalvadoroutsourcing.com\/es\/author\/agonzalez\/"},"uagb_comment_info":0,"uagb_excerpt":"Historia de la Bandera de El Salvador: La bandera actual y oficial de El Salvador se adopt\u00f3 por el poder Legislativo durante el gobierno del entonces presidente del pa\u00eds el doctor Manuel Enrique Araujo. El creador del escudo nacional fue un cal\u00edgrafo de nombre Rafael Barraza Rodr\u00edguez, su creaci\u00f3n se dio el 17 de mayo&hellip;","_links":{"self":[{"href":"https:\/\/elsalvadoroutsourcing.com\/es\/wp-json\/wp\/v2\/pages\/6591","targetHints":{"allow":["GET"]}}],"collection":[{"href":"https:\/\/elsalvadoroutsourcing.com\/es\/wp-json\/wp\/v2\/pages"}],"about":[{"href":"https:\/\/elsalvadoroutsourcing.com\/es\/wp-json\/wp\/v2\/types\/page"}],"author":[{"embeddable":true,"href":"https:\/\/elsalvadoroutsourcing.com\/es\/wp-json\/wp\/v2\/users\/6"}],"replies":[{"embeddable":true,"href":"https:\/\/elsalvadoroutsourcing.com\/es\/wp-json\/wp\/v2\/comments?post=6591"}],"version-history":[{"count":0,"href":"https:\/\/elsalvadoroutsourcing.com\/es\/wp-json\/wp\/v2\/pages\/6591\/revisions"}],"wp:attachment":[{"href":"https:\/\/elsalvadoroutsourcing.com\/es\/wp-json\/wp\/v2\/media?parent=6591"}],"curies":[{"name":"wp","href":"https:\/\/api.w.org\/{rel}","templated":true}]}}