{"id":5637,"date":"2022-09-12T10:39:32","date_gmt":"2022-09-12T16:39:32","guid":{"rendered":"https:\/\/elsalvadoroutsourcing.com\/?page_id=5637"},"modified":"2024-01-15T12:21:57","modified_gmt":"2024-01-15T18:21:57","slug":"requisitos-para-el-encargado-de-cumplimiento-titular-y-suplente-en-el-salvador","status":"publish","type":"page","link":"https:\/\/elsalvadoroutsourcing.com\/es\/requisitos-para-el-encargado-de-cumplimiento-titular-y-suplente-en-el-salvador\/","title":{"rendered":"Requisitos para el Encargado de Cumplimiento Titular y Suplente en El Salvador"},"content":{"rendered":"<div class=\"wpb-content-wrapper\"><p>[vc_row][vc_column][vc_column_text]<\/p>\n<div class=\"fl-col-group fl-node-tf78qrwjzvhn\" data-node=\"tf78qrwjzvhn\">\n<div class=\"fl-col fl-node-xhfm7rdewtql\" data-node=\"xhfm7rdewtql\">\n<div class=\"fl-col-content fl-node-content\">\n<div class=\"fl-module fl-module-rich-text fl-node-di4yeprtfu8n\" data-node=\"di4yeprtfu8n\">\n<div class=\"fl-module-content fl-node-content\">\n<div class=\"fl-rich-text\">\n<p style=\"text-align: justify;\">El Lavado de Dinero y de Activos, es un riesgo latente para todas las empresas, y \u00e9stas, evidentemente deben de fortalecer sus sistemas de implementaci\u00f3n para la prevenci\u00f3n de la misma, por lo que, se debe de asumir con responsabilidad y cumplir con el desarrollo sostenible de un Sistema Integral de Prevenci\u00f3n de Lavado de Dinero y Activos, y comprometerse con las obligaciones regulatorias en dicha materia.<\/p>\n<p style=\"text-align: justify;\">En El Salvador, todas las sociedades mercantiles, sucursales de empresas extranjeras, organizaciones sin fines de lucro, entre otros; sin excepci\u00f3n alguna, de la actividad comercial u objeto social a la que se dediquen; estar\u00e1n obligadas a registrarse y aplicar un sistema de prevenci\u00f3n de riesgos, obligaci\u00f3n supervisada por medio de la<a href=\"https:\/\/elsalvadoroutsourcing.com\/requisitos-para-el-registro-en-la-unidad-de-investigacion-financiera-uif-de-la-fiscalia-general-de-la-republica\/\"> Unidad de Investigaci\u00f3n Financiera (UIF),<\/a> adscrita a la <a href=\"https:\/\/elsalvadoroutsourcing.com\/requisitos-para-el-registro-en-la-unidad-de-investigacion-financiera-uif-de-la-fiscalia-general-de-la-republica\/\">Fiscal\u00eda General de la Rep\u00fablica (FGR)<\/a>.<\/p>\n<p style=\"text-align: justify;\">Por lo tanto, para cumplir con las regulaciones actuales, es necesario aplicar el <b>NUEVO INSTRUCTIVO PARA LA PREVENCI\u00d3N, DETECCI\u00d3N Y CONTROL DEL LAVADO DE DINERO Y DE ACTIVOS, FINANCIACI\u00d3N DEL TERRORISMO Y LA FINANCIACI\u00d3N DE LA PROLIFERACI\u00d3N DE ARMAS DE DESTRUCCI\u00d3N MASIVA<\/b>, que entr\u00f3 en vigencia el 07 de junio de 2022 en El Salvador.<\/p>\n<p style=\"text-align: justify;\">En el cual, podemos identificar que entre sus principales regulaciones establece que todas las sociedades o entidades registradas en El Salvador, tiene como obligaci\u00f3n nombrar a un <b>ENCARGADO DE CUMPLIMIENTO TITULAR Y UN SUPLENTE.<\/b><\/p>\n<p style=\"text-align: justify;\">En este sentido, el objetivo de esta publicaci\u00f3n, es proporcionar a nuestros clientes lineamentos que les permitan identificar la importancia de designar a un <b>ENCARGADO DE CUMPLIMIENTO TITULAR Y SUPLENTE<\/b>, adem\u00e1s de los requisitos y aspectos que estos profesionales deben reunir y que describimos a continuaci\u00f3n:<\/p>\n<\/div>\n<\/div>\n<\/div>\n<\/div>\n<\/div>\n<\/div>\n<div class=\"fl-col-group fl-node-8t2ikw3qxn9g\" data-node=\"8t2ikw3qxn9g\">\n<div class=\"fl-col fl-node-m8dq3x1ayp4i\" data-node=\"m8dq3x1ayp4i\">\n<div class=\"fl-col-content fl-node-content\">\n<div class=\"fl-module fl-module-rich-text fl-node-r9xamshjcufq\" data-node=\"r9xamshjcufq\">\n<div class=\"fl-module-content fl-node-content\">\n<div class=\"fl-rich-text\">\n<ol>\n<li style=\"text-align: justify;\">Los Encargados de Cumplimiento, tienen que poseer un grado acad\u00e9mico a nivel universitario;<\/li>\n<li style=\"text-align: justify;\">Tanto el Encargado de Cumplimiento Titular y Suplente, deben residir en El Salvador;<\/li>\n<li style=\"text-align: justify;\">Otro requisito esencial para los Encargados de Cumplimiento, es contar con conocimiento especializados sobre los aspectos financieros, operativos y jur\u00eddicos de la actividad comercial a la que se dedica la sociedad o entidad que representaran;<\/li>\n<li style=\"text-align: justify;\">Los encargados de Cumplimiento, deben estar debidamente capacitados en materia de prevenci\u00f3n y gesti\u00f3n de riesgos asociados a la prevenci\u00f3n y combate al delito de lavado de activos (LA), financiamiento del terrorismo (FT) y financiamiento de la proliferaci\u00f3n de armas de destrucci\u00f3n masiva (FPADM).<\/li>\n<\/ol>\n<\/div>\n<\/div>\n<\/div>\n<\/div>\n<\/div>\n<\/div>\n<div class=\"fl-col-group fl-node-hud54ilyc0rb\" data-node=\"hud54ilyc0rb\">\n<div class=\"fl-col fl-node-4jg2rwna3syk\" data-node=\"4jg2rwna3syk\">\n<div class=\"fl-col-content fl-node-content\">\n<div class=\"fl-module fl-module-rich-text fl-node-6dge4af1svic\" data-node=\"6dge4af1svic\">\n<div class=\"fl-module-content fl-node-content\">\n<div class=\"fl-rich-text\">\n<p style=\"text-align: justify;\">Otros elementos que las sociedades o entidades deben tomar en consideraci\u00f3n sobre <b>El ENCARGADO DE CUMPLIMIENTO TITULAR Y SUPLENTE<\/b> son los siguientes:<\/p>\n<\/div>\n<\/div>\n<\/div>\n<\/div>\n<\/div>\n<\/div>\n<div class=\"fl-col-group fl-node-1pxa9jzfitbr\" data-node=\"1pxa9jzfitbr\">\n<div class=\"fl-col fl-node-tawj84qpx03n\" data-node=\"tawj84qpx03n\">\n<div class=\"fl-col-content fl-node-content\">\n<div class=\"fl-module fl-module-rich-text fl-node-y4t82d1vsx0r\" data-node=\"y4t82d1vsx0r\">\n<div class=\"fl-module-content fl-node-content\">\n<div class=\"fl-rich-text\">\n<ol>\n<li style=\"text-align: justify;\">Los Encargados de Cumplimiento, gozar\u00e1n de independencia y autonom\u00eda en el ejercicio de sus funciones y obligaciones.<\/li>\n<li style=\"text-align: justify;\">Los Encargados de Cumplimiento, no podr\u00e1 ser despedidos, sancionados o removidos por cumplir con las atribuciones inherentes a sus funciones y obligaciones.<\/li>\n<li style=\"text-align: justify;\">En caso la sociedad o entidad, desee designar como Encargado de Cumplimiento, a un trabajador contratado previamente por la empresa, podr\u00e1 hacerlo siempre y cuando se desempe\u00f1e en cualquier actividad administrativa o cargo, que no sea el de contador, auditor interno u otros relacionados en dichas \u00e1reas, para evitar un conflicto de inter\u00e9s en el cumplimiento de sus funciones y obligaciones.<\/li>\n<li style=\"text-align: justify;\">Finalmente, es importante mencionar que por la naturaleza de las funciones como Encargados de Cumplimiento, no es posible realizar el nombramiento por medio de subcontrataciones, es decir que la contrataci\u00f3n deber\u00e1 realizarse directamente con las personas que desempe\u00f1aran el cargo de titular o suplente.<\/li>\n<\/ol>\n<\/div>\n<\/div>\n<\/div>\n<\/div>\n<\/div>\n<\/div>\n<div class=\"fl-col-group fl-node-vbrh1jd2zxkf\" data-node=\"vbrh1jd2zxkf\">\n<div class=\"fl-col fl-node-5qjywe1u6ahm\" data-node=\"5qjywe1u6ahm\">\n<div class=\"fl-col-content fl-node-content\">\n<div class=\"fl-module fl-module-rich-text fl-node-8imu7w6r09fl\" data-node=\"8imu7w6r09fl\">\n<div class=\"fl-module-content fl-node-content\">\n<div class=\"fl-rich-text\">\n<p style=\"text-align: justify;\">El tema de Lavado de Dinero y Activos, es sumamente amplio y debido a su obligatorio cumplimiento, es necesario que todas las sociedades o entidades conozcan las <a href=\"https:\/\/elsalvadoroutsourcing.com\/articulos-de-el-salvador\/\">\u00faltimas actualizaciones<\/a> en esta materia, a fin de evitar cualquier tipo de riesgo en el que puede incurrir una empresa o sucursal.<\/p>\n<p style=\"text-align: justify;\">Por lo que, en caso de requerir una asesor\u00eda especializada para desarrollar m\u00e1s informaci\u00f3n sobre este y otros requisitos que determina el nuevo instructivo, pueden <a href=\"https:\/\/elsalvadoroutsourcing.com\/contactar-con-abogados-en-el-salvador\/\" target=\"_blank\" rel=\"noopener\">contactarnos, para agendar cita<\/a> con uno de nuestros profesionales especialistas en la materia.<\/p>\n<\/div>\n<\/div>\n<\/div>\n<\/div>\n<\/div>\n<\/div>\n<p>[\/vc_column_text][\/vc_column][\/vc_row][vc_row][vc_column][vc_cta h2=\u00bb\u00bfNecesitas asesor\u00eda sobre estos requisitos?\u00bb add_button=\u00bbbottom\u00bb btn_title=\u00bbIniciar Asesor\u00eda\u00bb btn_color=\u00bbgreen\u00bb btn_i_icon_fontawesome=\u00bbfab fa-whatsapp\u00bb btn_add_icon=\u00bbtrue\u00bb btn_link=\u00bburl:https%3A%2F%2Fwa.link%2F95hdet|title:(%2B503)%202528-0303|target:_blank\u00bb]\u00a1Cont\u00e1ctanos hoy mismo y obt\u00e9n asesor\u00eda personalizada!<\/p>\n<p><a href=\"#\" class=\"pps-btn pps-button-popup-6780 pps-button-popup \"  title=\"Solicitar Consulta\">Solicitar Consulta<\/a>[\/vc_cta][\/vc_column][\/vc_row]<\/p>\n<\/div>","protected":false},"excerpt":{"rendered":"<p>[vc_row][vc_column][vc_column_text] El Lavado de Dinero y de Activos, es un riesgo latente para todas las empresas, y \u00e9stas, evidentemente deben de fortalecer sus sistemas de implementaci\u00f3n para la prevenci\u00f3n de la misma, por lo que, se debe de asumir con responsabilidad y cumplir con el desarrollo sostenible de un Sistema Integral de Prevenci\u00f3n de Lavado&hellip;<\/p>\n","protected":false},"author":1,"featured_media":0,"parent":0,"menu_order":0,"comment_status":"closed","ping_status":"closed","template":"","meta":{"rs_blank_template":"","rs_page_bg_color":"","slide_template_v7":"","_uag_custom_page_level_css":"","footnotes":""},"class_list":["post-5637","page","type-page","status-publish","hentry","description-off"],"yoast_head":"<!-- This site is optimized with the Yoast SEO Premium plugin v27.3 (Yoast SEO v27.6) - https:\/\/yoast.com\/product\/yoast-seo-premium-wordpress\/ -->\n<title>Requisitos para encargado de cumplimiento titular y suplente<\/title>\n<meta name=\"description\" content=\"Gold Service, abogados en El Salvador, les muestra los requisitos para el encargado de cumplimiento titular y suplente en El Salvador\" \/>\n<meta name=\"robots\" content=\"index, follow, max-snippet:-1, max-image-preview:large, max-video-preview:-1\" \/>\n<link rel=\"canonical\" href=\"https:\/\/elsalvadoroutsourcing.com\/es\/requisitos-para-el-encargado-de-cumplimiento-titular-y-suplente-en-el-salvador\/\" \/>\n<meta property=\"og:locale\" content=\"es_ES\" \/>\n<meta property=\"og:type\" content=\"article\" \/>\n<meta property=\"og:title\" content=\"requisitos encargado de cumplimiento titular y suplente El Salvador\" \/>\n<meta property=\"og:description\" content=\"Gold Service, abogados en El Salvador, les muestra los requisitos para el encargado de cumplimiento titular y suplente en El Salvador\" \/>\n<meta property=\"og:url\" content=\"https:\/\/elsalvadoroutsourcing.com\/es\/requisitos-para-el-encargado-de-cumplimiento-titular-y-suplente-en-el-salvador\/\" \/>\n<meta property=\"og:site_name\" content=\"El Salvador Outsourcing - Interbiznet - Asesores legales\" \/>\n<meta property=\"article:publisher\" content=\"https:\/\/www.facebook.com\/interbiznet\/\" \/>\n<meta property=\"article:modified_time\" content=\"2024-01-15T18:21:57+00:00\" \/>\n<meta property=\"og:image\" content=\"https:\/\/elsalvadoroutsourcing.com\/wp-content\/uploads\/2023\/08\/Interbiznet-scaled.jpg\" \/>\n\t<meta property=\"og:image:width\" content=\"2560\" \/>\n\t<meta property=\"og:image:height\" content=\"1978\" \/>\n\t<meta property=\"og:image:type\" content=\"image\/jpeg\" \/>\n<meta name=\"twitter:card\" content=\"summary_large_image\" \/>\n<meta name=\"twitter:title\" content=\"requisitos encargado de cumplimiento titular y suplente El Salvador\" \/>\n<meta name=\"twitter:description\" content=\"Gold Service, abogados en El Salvador, les muestra los requisitos para el encargado de cumplimiento titular y suplente en El Salvador\" \/>\n<meta name=\"twitter:site\" content=\"@InterbiznetSV\" \/>\n<meta name=\"twitter:label1\" content=\"Tiempo de lectura\" \/>\n\t<meta name=\"twitter:data1\" content=\"3 minutos\" \/>\n<script type=\"application\/ld+json\" class=\"yoast-schema-graph\">{\"@context\":\"https:\\\/\\\/schema.org\",\"@graph\":[{\"@type\":\"WebPage\",\"@id\":\"https:\\\/\\\/elsalvadoroutsourcing.com\\\/es\\\/requisitos-para-el-encargado-de-cumplimiento-titular-y-suplente-en-el-salvador\\\/\",\"url\":\"https:\\\/\\\/elsalvadoroutsourcing.com\\\/es\\\/requisitos-para-el-encargado-de-cumplimiento-titular-y-suplente-en-el-salvador\\\/\",\"name\":\"Requisitos para encargado de cumplimiento titular y suplente\",\"isPartOf\":{\"@id\":\"https:\\\/\\\/elsalvadoroutsourcing.com\\\/es\\\/#website\"},\"datePublished\":\"2022-09-12T16:39:32+00:00\",\"dateModified\":\"2024-01-15T18:21:57+00:00\",\"description\":\"Gold Service, abogados en El Salvador, les muestra los requisitos para el encargado de cumplimiento titular y suplente en El Salvador\",\"breadcrumb\":{\"@id\":\"https:\\\/\\\/elsalvadoroutsourcing.com\\\/es\\\/requisitos-para-el-encargado-de-cumplimiento-titular-y-suplente-en-el-salvador\\\/#breadcrumb\"},\"inLanguage\":\"es\",\"potentialAction\":[{\"@type\":\"ReadAction\",\"target\":[\"https:\\\/\\\/elsalvadoroutsourcing.com\\\/es\\\/requisitos-para-el-encargado-de-cumplimiento-titular-y-suplente-en-el-salvador\\\/\"]}]},{\"@type\":\"BreadcrumbList\",\"@id\":\"https:\\\/\\\/elsalvadoroutsourcing.com\\\/es\\\/requisitos-para-el-encargado-de-cumplimiento-titular-y-suplente-en-el-salvador\\\/#breadcrumb\",\"itemListElement\":[{\"@type\":\"ListItem\",\"position\":1,\"name\":\"Portada\",\"item\":\"https:\\\/\\\/elsalvadoroutsourcing.com\\\/es\\\/\"},{\"@type\":\"ListItem\",\"position\":2,\"name\":\"Requisitos para el Encargado de Cumplimiento Titular y Suplente en El Salvador\"}]},{\"@type\":\"WebSite\",\"@id\":\"https:\\\/\\\/elsalvadoroutsourcing.com\\\/es\\\/#website\",\"url\":\"https:\\\/\\\/elsalvadoroutsourcing.com\\\/es\\\/\",\"name\":\"El Salvador Outsourcing - Interbiznet - Asesores legales\",\"description\":\"Outsourcing de El Salvador\",\"publisher\":{\"@id\":\"https:\\\/\\\/elsalvadoroutsourcing.com\\\/es\\\/#organization\"},\"potentialAction\":[{\"@type\":\"SearchAction\",\"target\":{\"@type\":\"EntryPoint\",\"urlTemplate\":\"https:\\\/\\\/elsalvadoroutsourcing.com\\\/es\\\/?s={search_term_string}\"},\"query-input\":{\"@type\":\"PropertyValueSpecification\",\"valueRequired\":true,\"valueName\":\"search_term_string\"}}],\"inLanguage\":\"es\"},{\"@type\":[\"Organization\",\"Place\",\"LegalService\"],\"@id\":\"https:\\\/\\\/elsalvadoroutsourcing.com\\\/es\\\/#organization\",\"name\":\"Interbiznet, S.A de C.V.; Firma de abogados y despacho contable en El Salvador\",\"alternateName\":\"Interbiznet, Firma de Abogados y Despacho Contable\",\"url\":\"https:\\\/\\\/elsalvadoroutsourcing.com\\\/es\\\/\",\"logo\":{\"@id\":\"https:\\\/\\\/elsalvadoroutsourcing.com\\\/es\\\/requisitos-para-el-encargado-de-cumplimiento-titular-y-suplente-en-el-salvador\\\/#local-main-organization-logo\"},\"image\":{\"@id\":\"https:\\\/\\\/elsalvadoroutsourcing.com\\\/es\\\/requisitos-para-el-encargado-de-cumplimiento-titular-y-suplente-en-el-salvador\\\/#local-main-organization-logo\"},\"sameAs\":[\"https:\\\/\\\/www.facebook.com\\\/interbiznet\\\/\",\"https:\\\/\\\/x.com\\\/InterbiznetSV\",\"https:\\\/\\\/sv.linkedin.com\\\/company\\\/interbiznet\",\"https:\\\/\\\/www.youtube.com\\\/@InterBizNetSanSalvador\\\/videos\",\"https:\\\/\\\/www.instagram.com\\\/interbiznetsv\\\/\"],\"address\":{\"@id\":\"https:\\\/\\\/elsalvadoroutsourcing.com\\\/es\\\/requisitos-para-el-encargado-de-cumplimiento-titular-y-suplente-en-el-salvador\\\/#local-main-place-address\"},\"geo\":{\"@type\":\"GeoCoordinates\",\"latitude\":\"13.7097358\",\"longitude\":\"-89.24044321\"},\"telephone\":[\"+503 2528 0303\",\"+305 728-8634\"],\"openingHoursSpecification\":[{\"@type\":\"OpeningHoursSpecification\",\"dayOfWeek\":[\"Monday\",\"Tuesday\",\"Wednesday\",\"Thursday\",\"Friday\"],\"opens\":\"08:00\",\"closes\":\"17:00\"},{\"@type\":\"OpeningHoursSpecification\",\"dayOfWeek\":[\"Saturday\",\"Sunday\"],\"opens\":\"00:00\",\"closes\":\"00:00\"}],\"email\":\"info@elsalvadoroutsourcing.com\",\"faxNumber\":\"+503 2264-6157\",\"priceRange\":\"$\",\"currenciesAccepted\":\"USD\"},{\"@type\":\"PostalAddress\",\"@id\":\"https:\\\/\\\/elsalvadoroutsourcing.com\\\/es\\\/requisitos-para-el-encargado-de-cumplimiento-titular-y-suplente-en-el-salvador\\\/#local-main-place-address\",\"streetAddress\":\"13 Calle Poniente No. 4425, entre 85 y, 87 Avenida Norte,\",\"addressLocality\":\"San Salvador\",\"postalCode\":\"01101\",\"addressRegion\":\"San Salvador\",\"addressCountry\":\"SV\"},{\"@type\":\"ImageObject\",\"inLanguage\":\"es\",\"@id\":\"https:\\\/\\\/elsalvadoroutsourcing.com\\\/es\\\/requisitos-para-el-encargado-de-cumplimiento-titular-y-suplente-en-el-salvador\\\/#local-main-organization-logo\",\"url\":\"https:\\\/\\\/elsalvadoroutsourcing.com\\\/wp-content\\\/uploads\\\/2022\\\/10\\\/logo-negro_Mesa-de-trabajo-1.png\",\"contentUrl\":\"https:\\\/\\\/elsalvadoroutsourcing.com\\\/wp-content\\\/uploads\\\/2022\\\/10\\\/logo-negro_Mesa-de-trabajo-1.png\",\"width\":3300,\"height\":2550,\"caption\":\"Interbiznet, S.A de C.V.; Firma de abogados y despacho contable en El Salvador\"}]}<\/script>\n<meta name=\"geo.placename\" content=\"San Salvador\" \/>\n<meta name=\"geo.position\" content=\"13.7097358;-89.24044321\" \/>\n<meta name=\"geo.region\" content=\"El Salvador\" \/>\n<!-- \/ Yoast SEO Premium plugin. -->","yoast_head_json":{"title":"Requisitos para encargado de cumplimiento titular y suplente","description":"Gold Service, abogados en El Salvador, les muestra los requisitos para el encargado de cumplimiento titular y suplente en El Salvador","robots":{"index":"index","follow":"follow","max-snippet":"max-snippet:-1","max-image-preview":"max-image-preview:large","max-video-preview":"max-video-preview:-1"},"canonical":"https:\/\/elsalvadoroutsourcing.com\/es\/requisitos-para-el-encargado-de-cumplimiento-titular-y-suplente-en-el-salvador\/","og_locale":"es_ES","og_type":"article","og_title":"requisitos encargado de cumplimiento titular y suplente El Salvador","og_description":"Gold Service, abogados en El Salvador, les muestra los requisitos para el encargado de cumplimiento titular y suplente en El Salvador","og_url":"https:\/\/elsalvadoroutsourcing.com\/es\/requisitos-para-el-encargado-de-cumplimiento-titular-y-suplente-en-el-salvador\/","og_site_name":"El Salvador Outsourcing - Interbiznet - Asesores legales","article_publisher":"https:\/\/www.facebook.com\/interbiznet\/","article_modified_time":"2024-01-15T18:21:57+00:00","og_image":[{"width":2560,"height":1978,"url":"https:\/\/elsalvadoroutsourcing.com\/wp-content\/uploads\/2023\/08\/Interbiznet-scaled.jpg","type":"image\/jpeg"}],"twitter_card":"summary_large_image","twitter_title":"requisitos encargado de cumplimiento titular y suplente El Salvador","twitter_description":"Gold Service, abogados en El Salvador, les muestra los requisitos para el encargado de cumplimiento titular y suplente en El Salvador","twitter_site":"@InterbiznetSV","twitter_misc":{"Tiempo de lectura":"3 minutos"},"schema":{"@context":"https:\/\/schema.org","@graph":[{"@type":"WebPage","@id":"https:\/\/elsalvadoroutsourcing.com\/es\/requisitos-para-el-encargado-de-cumplimiento-titular-y-suplente-en-el-salvador\/","url":"https:\/\/elsalvadoroutsourcing.com\/es\/requisitos-para-el-encargado-de-cumplimiento-titular-y-suplente-en-el-salvador\/","name":"Requisitos para encargado de cumplimiento titular y suplente","isPartOf":{"@id":"https:\/\/elsalvadoroutsourcing.com\/es\/#website"},"datePublished":"2022-09-12T16:39:32+00:00","dateModified":"2024-01-15T18:21:57+00:00","description":"Gold Service, abogados en El Salvador, les muestra los requisitos para el encargado de cumplimiento titular y suplente en El Salvador","breadcrumb":{"@id":"https:\/\/elsalvadoroutsourcing.com\/es\/requisitos-para-el-encargado-de-cumplimiento-titular-y-suplente-en-el-salvador\/#breadcrumb"},"inLanguage":"es","potentialAction":[{"@type":"ReadAction","target":["https:\/\/elsalvadoroutsourcing.com\/es\/requisitos-para-el-encargado-de-cumplimiento-titular-y-suplente-en-el-salvador\/"]}]},{"@type":"BreadcrumbList","@id":"https:\/\/elsalvadoroutsourcing.com\/es\/requisitos-para-el-encargado-de-cumplimiento-titular-y-suplente-en-el-salvador\/#breadcrumb","itemListElement":[{"@type":"ListItem","position":1,"name":"Portada","item":"https:\/\/elsalvadoroutsourcing.com\/es\/"},{"@type":"ListItem","position":2,"name":"Requisitos para el Encargado de Cumplimiento Titular y Suplente en El Salvador"}]},{"@type":"WebSite","@id":"https:\/\/elsalvadoroutsourcing.com\/es\/#website","url":"https:\/\/elsalvadoroutsourcing.com\/es\/","name":"El Salvador Outsourcing - Interbiznet - Asesores legales","description":"Outsourcing de El Salvador","publisher":{"@id":"https:\/\/elsalvadoroutsourcing.com\/es\/#organization"},"potentialAction":[{"@type":"SearchAction","target":{"@type":"EntryPoint","urlTemplate":"https:\/\/elsalvadoroutsourcing.com\/es\/?s={search_term_string}"},"query-input":{"@type":"PropertyValueSpecification","valueRequired":true,"valueName":"search_term_string"}}],"inLanguage":"es"},{"@type":["Organization","Place","LegalService"],"@id":"https:\/\/elsalvadoroutsourcing.com\/es\/#organization","name":"Interbiznet, S.A de C.V.; Firma de abogados y despacho contable en El Salvador","alternateName":"Interbiznet, Firma de Abogados y Despacho Contable","url":"https:\/\/elsalvadoroutsourcing.com\/es\/","logo":{"@id":"https:\/\/elsalvadoroutsourcing.com\/es\/requisitos-para-el-encargado-de-cumplimiento-titular-y-suplente-en-el-salvador\/#local-main-organization-logo"},"image":{"@id":"https:\/\/elsalvadoroutsourcing.com\/es\/requisitos-para-el-encargado-de-cumplimiento-titular-y-suplente-en-el-salvador\/#local-main-organization-logo"},"sameAs":["https:\/\/www.facebook.com\/interbiznet\/","https:\/\/x.com\/InterbiznetSV","https:\/\/sv.linkedin.com\/company\/interbiznet","https:\/\/www.youtube.com\/@InterBizNetSanSalvador\/videos","https:\/\/www.instagram.com\/interbiznetsv\/"],"address":{"@id":"https:\/\/elsalvadoroutsourcing.com\/es\/requisitos-para-el-encargado-de-cumplimiento-titular-y-suplente-en-el-salvador\/#local-main-place-address"},"geo":{"@type":"GeoCoordinates","latitude":"13.7097358","longitude":"-89.24044321"},"telephone":["+503 2528 0303","+305 728-8634"],"openingHoursSpecification":[{"@type":"OpeningHoursSpecification","dayOfWeek":["Monday","Tuesday","Wednesday","Thursday","Friday"],"opens":"08:00","closes":"17:00"},{"@type":"OpeningHoursSpecification","dayOfWeek":["Saturday","Sunday"],"opens":"00:00","closes":"00:00"}],"email":"info@elsalvadoroutsourcing.com","faxNumber":"+503 2264-6157","priceRange":"$","currenciesAccepted":"USD"},{"@type":"PostalAddress","@id":"https:\/\/elsalvadoroutsourcing.com\/es\/requisitos-para-el-encargado-de-cumplimiento-titular-y-suplente-en-el-salvador\/#local-main-place-address","streetAddress":"13 Calle Poniente No. 4425, entre 85 y, 87 Avenida Norte,","addressLocality":"San Salvador","postalCode":"01101","addressRegion":"San Salvador","addressCountry":"SV"},{"@type":"ImageObject","inLanguage":"es","@id":"https:\/\/elsalvadoroutsourcing.com\/es\/requisitos-para-el-encargado-de-cumplimiento-titular-y-suplente-en-el-salvador\/#local-main-organization-logo","url":"https:\/\/elsalvadoroutsourcing.com\/wp-content\/uploads\/2022\/10\/logo-negro_Mesa-de-trabajo-1.png","contentUrl":"https:\/\/elsalvadoroutsourcing.com\/wp-content\/uploads\/2022\/10\/logo-negro_Mesa-de-trabajo-1.png","width":3300,"height":2550,"caption":"Interbiznet, S.A de C.V.; Firma de abogados y despacho contable en El Salvador"}]},"geo.placename":"San Salvador","geo.position":{"lat":"13.7097358","long":"-89.24044321"},"geo.region":"El Salvador"},"uagb_featured_image_src":{"full":false,"thumbnail":false,"medium":false,"medium_large":false,"large":false,"1536x1536":false,"2048x2048":false,"woocommerce_thumbnail":false,"woocommerce_single":false,"woocommerce_gallery_thumbnail":false},"uagb_author_info":{"display_name":"interbiznet-master","author_link":"https:\/\/elsalvadoroutsourcing.com\/es\/author\/interbiznet-master\/"},"uagb_comment_info":0,"uagb_excerpt":"[vc_row][vc_column][vc_column_text] El Lavado de Dinero y de Activos, es un riesgo latente para todas las empresas, y \u00e9stas, evidentemente deben de fortalecer sus sistemas de implementaci\u00f3n para la prevenci\u00f3n de la misma, por lo que, se debe de asumir con responsabilidad y cumplir con el desarrollo sostenible de un Sistema Integral de Prevenci\u00f3n de Lavado&hellip;","_links":{"self":[{"href":"https:\/\/elsalvadoroutsourcing.com\/es\/wp-json\/wp\/v2\/pages\/5637","targetHints":{"allow":["GET"]}}],"collection":[{"href":"https:\/\/elsalvadoroutsourcing.com\/es\/wp-json\/wp\/v2\/pages"}],"about":[{"href":"https:\/\/elsalvadoroutsourcing.com\/es\/wp-json\/wp\/v2\/types\/page"}],"author":[{"embeddable":true,"href":"https:\/\/elsalvadoroutsourcing.com\/es\/wp-json\/wp\/v2\/users\/1"}],"replies":[{"embeddable":true,"href":"https:\/\/elsalvadoroutsourcing.com\/es\/wp-json\/wp\/v2\/comments?post=5637"}],"version-history":[{"count":0,"href":"https:\/\/elsalvadoroutsourcing.com\/es\/wp-json\/wp\/v2\/pages\/5637\/revisions"}],"wp:attachment":[{"href":"https:\/\/elsalvadoroutsourcing.com\/es\/wp-json\/wp\/v2\/media?parent=5637"}],"curies":[{"name":"wp","href":"https:\/\/api.w.org\/{rel}","templated":true}]}}