{"id":5634,"date":"2022-09-12T09:57:06","date_gmt":"2022-09-12T15:57:06","guid":{"rendered":"https:\/\/elsalvadoroutsourcing.com\/?page_id=5634"},"modified":"2024-01-30T14:16:51","modified_gmt":"2024-01-30T20:16:51","slug":"preguntas-frecuentes-marcas-en-el-salvador","status":"publish","type":"page","link":"https:\/\/elsalvadoroutsourcing.com\/es\/servicios-legales-en-el-salvador\/registro-de-marcas-en-el-salvador\/preguntas-frecuentes-marcas-en-el-salvador\/","title":{"rendered":"Preguntas Frecuentes &#8211; Marcas en El Salvador"},"content":{"rendered":"<div class=\"wpb-content-wrapper\"><p>[vc_row][vc_column][vc_column_text]<\/p>\n<div id=\"wrap\" class=\"page-builder\">\n<div class=\"container\">\n<div class=\"row\">\n<div class=\"col-md-12\">\n<div class=\"blog-lg-area-left\">\n<div class=\"fl-builder-content fl-builder-content-164 fl-builder-content-primary\" data-post-id=\"164\">\n<div class=\"fl-row fl-row-fixed-width fl-row-bg-none fl-node-5d09453407022\" data-node=\"5d09453407022\">\n<div class=\"fl-row-content-wrap\">\n<div class=\"fl-row-content fl-row-fixed-width fl-node-content\">\n<div class=\"fl-col-group fl-node-5d09453413dbc\" data-node=\"5d09453413dbc\">\n<div class=\"fl-col fl-node-5d09453414166\" data-node=\"5d09453414166\">\n<div class=\"fl-col-content fl-node-content\">\n<div class=\"fl-module fl-module-rich-text fl-node-5d09453406c17 fl-animation fl-fade-up fl-animated\" data-node=\"5d09453406c17\" data-animation-delay=\"0\" data-animation-duration=\"1\">\n<div class=\"fl-module-content fl-node-content\">\n<div class=\"fl-rich-text\">\n<h2 style=\"text-align: center;\"><b>Preguntas sobre Registro de marcas en El Salvador<\/b><\/h2>\n<h4>\u00bfPor qu\u00e9 registrar su propiedad intelectual en El Salvador?<\/h4>\n<p style=\"text-align: justify;\">D\u00eda a d\u00eda la <a href=\"https:\/\/elsalvadoroutsourcing.com\/servicios-legales-en-el-salvador\/registro-de-marcas-en-el-salvador\/\">propiedad intelectual<\/a> en El Salvador es un activo cada vez m\u00e1s valioso para sus due\u00f1os, el desarrollo de una marca en El Salvador, su lanzamiento y posicionamiento en el mercado, las innovaciones, inventos o derechos de propiedad sobre una creaci\u00f3n humana realizada con esfuerzo, merece y debe ser protegida y asegurada de usos deshonestos por terceros que no han invertido nada y \u00fanicamente desean lucrarse del trabajo ajeno.<\/p>\n<h4>\u00bfQu\u00e9 es una marca en El Salvador?<\/h4>\n<p style=\"text-align: justify;\">Es todo signo palabra o combinaci\u00f3n de palabras o cualquier otro medio gr\u00e1fico o material, que por sus caracteres especiales es susceptible de distinguir claramente los productos, mercanc\u00edas o servicios de la misma especie o clase, pero de diferente titular.<\/p>\n<p style=\"text-align: justify;\">Una marca en El Salvador, tiene un plazo de duraci\u00f3n de 10 a\u00f1os, que <a href=\"https:\/\/elsalvadoroutsourcing.com\/servicios-legales-en-el-salvador\/registro-de-marcas-en-el-salvador\/renovacion-de-marcas-en-el-salvador\/\">podr\u00e1n ser renovados<\/a> por otros t\u00e9rminos iguales indefinidamente llen\u00e1ndose los requisitos legales correspondientes.<\/p>\n<h4>\u00bfPor qu\u00e9 registrar marcas o inventos u otros servicios en El Salvador?<\/h4>\n<p style=\"text-align: justify;\">Cada uno de ellos representan una promesa de \u00e9xito para quienes los lanzan al mercado, todo el proceso de desarrollo de un invento o una marca u otro signo distintivo necesita fuerte inversi\u00f3n de tiempo e investigaci\u00f3n de toda naturaleza, solamente registr\u00e1ndola asegura la legitimidad de Derecho Exclusivo de la explotaci\u00f3n en el Comercio.<\/p>\n<h4>\u00bfQu\u00e9 se debe hacer para el registro de una marca en El Salvador?<\/h4>\n<p style=\"text-align: justify;\">Hacer una b\u00fasqueda de anterioridades del nombre que desea registrar para identificar si existen marcas inscritas o presentadas id\u00e9nticas o similares utiliz\u00e1ndolas para productos, empresas o servicios.<\/p>\n<p style=\"text-align: justify;\">Que la marca u otro signo no debe ir en contra de la moral y las buenas costumbres.<\/p>\n<h4>\u00bfQui\u00e9n solicita una marca u otro signo en El Salvador?<\/h4>\n<p style=\"text-align: justify;\">Toda persona natural o jur\u00eddica<\/p>\n<\/div>\n<\/div>\n<\/div>\n<\/div>\n<\/div>\n<\/div>\n<\/div>\n<\/div>\n<\/div>\n<\/div>\n<\/div>\n<\/div>\n<\/div>\n<\/div>\n<\/div>\n<div>\n<div><\/div>\n<\/div>\n<p>[\/vc_column_text][\/vc_column][\/vc_row][vc_row][vc_column width=\u00bb2\/3&#8243;][vc_column_text]<\/p>\n<div>\n<p>[\/vc_column_text][vc_cta h2=\u00bb\u00bfNecesitas asesor\u00eda para el registro de marca en El Salvador?\u00bb h2_font_container=\u00bbtag:h3|text_align:left\u00bb h2_use_theme_fonts=\u00bbyes\u00bb add_button=\u00bbbottom\u00bb btn_title=\u00bbIniciar Asesor\u00eda\u00bb btn_color=\u00bbgreen\u00bb btn_i_icon_fontawesome=\u00bbfab fa-whatsapp\u00bb use_custom_fonts_h2=\u00bbtrue\u00bb btn_add_icon=\u00bbtrue\u00bb btn_link=\u00bburl:https%3A%2F%2Fwa.me%2F50325280303%3Ftext%3DHola%2C%2520me%2520gustaria%2520obtener%2520asesor%C3%ADa%2520legal%2520por%2520parte%2520de%2520ustedes.|title:(%2B503)%202528-0303&#8243;]\u00a1Cont\u00e1ctanos hoy mismo y obt\u00e9n asesor\u00eda personalizada!<\/p>\n<div>\n<a href=\"#\" class=\"pps-btn pps-button-popup-6780 pps-button-popup \"  title=\"Solicitar Consulta\">Solicitar Consulta<\/a>\n<\/div>\n<p>[\/vc_cta][\/vc_column][vc_column width=\u00bb1\/3&#8243;][\/vc_column][\/vc_row][vc_row][vc_column][vc_column_text]<\/p>\n<\/div>\n<p>[\/vc_column_text][\/vc_column][\/vc_row]<\/p>\n<\/div>","protected":false},"excerpt":{"rendered":"<p>[vc_row][vc_column][vc_column_text] Preguntas sobre Registro de marcas en El Salvador \u00bfPor qu\u00e9 registrar su propiedad intelectual en El Salvador? D\u00eda a d\u00eda la propiedad intelectual en El Salvador es un activo cada vez m\u00e1s valioso para sus due\u00f1os, el desarrollo de una marca en El Salvador, su lanzamiento y posicionamiento en el mercado, las innovaciones, inventos&hellip;<\/p>\n","protected":false},"author":1,"featured_media":0,"parent":5455,"menu_order":0,"comment_status":"closed","ping_status":"closed","template":"","meta":{"_uag_custom_page_level_css":"","footnotes":""},"class_list":["post-5634","page","type-page","status-publish","hentry","description-off"],"yoast_head":"<!-- This site is optimized with the Yoast SEO Premium plugin v26.9 (Yoast SEO v27.1.1) - https:\/\/yoast.com\/product\/yoast-seo-premium-wordpress\/ -->\n<title>Preguntas frecuentes sobre registro de marcas en El Salvador<\/title>\n<meta name=\"description\" content=\"Si tienes preguntas sobre registro de marcas en El Salvador, lee nuestro apartado de las preguntas m\u00e1s frecuentes sobre este tema.\" \/>\n<meta name=\"robots\" content=\"index, follow, max-snippet:-1, max-image-preview:large, max-video-preview:-1\" \/>\n<link rel=\"canonical\" href=\"https:\/\/elsalvadoroutsourcing.com\/es\/servicios-legales-en-el-salvador\/registro-de-marcas-en-el-salvador\/preguntas-frecuentes-marcas-en-el-salvador\/\" \/>\n<meta property=\"og:locale\" content=\"es_ES\" \/>\n<meta property=\"og:type\" content=\"article\" \/>\n<meta property=\"og:title\" content=\"Preguntas frecuentes sobre registro de marcas en El Salvador\" \/>\n<meta property=\"og:description\" content=\"Si tienes preguntas sobre registro de marcas en El Salvador, lee nuestro apartado de las preguntas m\u00e1s frecuentes sobre este tema.\" \/>\n<meta property=\"og:url\" content=\"https:\/\/elsalvadoroutsourcing.com\/es\/servicios-legales-en-el-salvador\/registro-de-marcas-en-el-salvador\/preguntas-frecuentes-marcas-en-el-salvador\/\" \/>\n<meta property=\"og:site_name\" content=\"El Salvador Outsourcing - Interbiznet - Asesores legales\" \/>\n<meta property=\"article:publisher\" content=\"https:\/\/www.facebook.com\/interbiznet\/\" \/>\n<meta property=\"article:modified_time\" content=\"2024-01-30T20:16:51+00:00\" \/>\n<meta property=\"og:image\" content=\"https:\/\/elsalvadoroutsourcing.com\/wp-content\/uploads\/2023\/08\/Interbiznet-scaled.jpg\" \/>\n\t<meta property=\"og:image:width\" content=\"2560\" \/>\n\t<meta property=\"og:image:height\" content=\"1978\" \/>\n\t<meta property=\"og:image:type\" content=\"image\/jpeg\" \/>\n<meta name=\"twitter:card\" content=\"summary_large_image\" \/>\n<meta name=\"twitter:title\" content=\"Preguntas frecuentes sobre registro de marcas en El Salvador\" \/>\n<meta name=\"twitter:description\" content=\"Si tienes preguntas sobre registro de marcas en El Salvador, lee nuestro apartado de las preguntas m\u00e1s frecuentes sobre este tema.\" \/>\n<meta name=\"twitter:site\" content=\"@InterbiznetSV\" \/>\n<meta name=\"twitter:label1\" content=\"Tiempo de lectura\" \/>\n\t<meta name=\"twitter:data1\" content=\"2 minutos\" \/>\n<script type=\"application\/ld+json\" class=\"yoast-schema-graph\">{\"@context\":\"https:\/\/schema.org\",\"@graph\":[{\"@type\":\"WebPage\",\"@id\":\"https:\/\/elsalvadoroutsourcing.com\/es\/servicios-legales-en-el-salvador\/registro-de-marcas-en-el-salvador\/preguntas-frecuentes-marcas-en-el-salvador\/\",\"url\":\"https:\/\/elsalvadoroutsourcing.com\/es\/servicios-legales-en-el-salvador\/registro-de-marcas-en-el-salvador\/preguntas-frecuentes-marcas-en-el-salvador\/\",\"name\":\"Preguntas frecuentes sobre registro de marcas en El Salvador\",\"isPartOf\":{\"@id\":\"https:\/\/elsalvadoroutsourcing.com\/es\/#website\"},\"datePublished\":\"2022-09-12T15:57:06+00:00\",\"dateModified\":\"2024-01-30T20:16:51+00:00\",\"description\":\"Si tienes preguntas sobre registro de marcas en El Salvador, lee nuestro apartado de las preguntas m\u00e1s frecuentes sobre este tema.\",\"breadcrumb\":{\"@id\":\"https:\/\/elsalvadoroutsourcing.com\/es\/servicios-legales-en-el-salvador\/registro-de-marcas-en-el-salvador\/preguntas-frecuentes-marcas-en-el-salvador\/#breadcrumb\"},\"inLanguage\":\"es\",\"potentialAction\":[{\"@type\":\"ReadAction\",\"target\":[\"https:\/\/elsalvadoroutsourcing.com\/es\/servicios-legales-en-el-salvador\/registro-de-marcas-en-el-salvador\/preguntas-frecuentes-marcas-en-el-salvador\/\"]}]},{\"@type\":\"BreadcrumbList\",\"@id\":\"https:\/\/elsalvadoroutsourcing.com\/es\/servicios-legales-en-el-salvador\/registro-de-marcas-en-el-salvador\/preguntas-frecuentes-marcas-en-el-salvador\/#breadcrumb\",\"itemListElement\":[{\"@type\":\"ListItem\",\"position\":1,\"name\":\"Portada\",\"item\":\"https:\/\/elsalvadoroutsourcing.com\/es\/\"},{\"@type\":\"ListItem\",\"position\":2,\"name\":\"Servicios Legales en El Salvador\",\"item\":\"https:\/\/elsalvadoroutsourcing.com\/es\/servicios-legales-en-el-salvador\/\"},{\"@type\":\"ListItem\",\"position\":3,\"name\":\"Registro de Marcas en El Salvador\",\"item\":\"https:\/\/elsalvadoroutsourcing.com\/es\/servicios-legales-en-el-salvador\/registro-de-marcas-en-el-salvador\/\"},{\"@type\":\"ListItem\",\"position\":4,\"name\":\"Preguntas Frecuentes &#8211; Marcas en El Salvador\"}]},{\"@type\":\"WebSite\",\"@id\":\"https:\/\/elsalvadoroutsourcing.com\/es\/#website\",\"url\":\"https:\/\/elsalvadoroutsourcing.com\/es\/\",\"name\":\"El Salvador Outsourcing - Interbiznet - Asesores legales\",\"description\":\"Outsourcing de El Salvador\",\"publisher\":{\"@id\":\"https:\/\/elsalvadoroutsourcing.com\/es\/#organization\"},\"potentialAction\":[{\"@type\":\"SearchAction\",\"target\":{\"@type\":\"EntryPoint\",\"urlTemplate\":\"https:\/\/elsalvadoroutsourcing.com\/es\/?s={search_term_string}\"},\"query-input\":{\"@type\":\"PropertyValueSpecification\",\"valueRequired\":true,\"valueName\":\"search_term_string\"}}],\"inLanguage\":\"es\"},{\"@type\":[\"Organization\",\"Place\",\"LegalService\"],\"@id\":\"https:\/\/elsalvadoroutsourcing.com\/es\/#organization\",\"name\":\"Interbiznet, S.A de C.V.; Firma de abogados y despacho contable en El Salvador\",\"alternateName\":\"Interbiznet, Firma de Abogados y Despacho Contable\",\"url\":\"https:\/\/elsalvadoroutsourcing.com\/es\/\",\"logo\":{\"@id\":\"https:\/\/elsalvadoroutsourcing.com\/es\/servicios-legales-en-el-salvador\/registro-de-marcas-en-el-salvador\/preguntas-frecuentes-marcas-en-el-salvador\/#local-main-organization-logo\"},\"image\":{\"@id\":\"https:\/\/elsalvadoroutsourcing.com\/es\/servicios-legales-en-el-salvador\/registro-de-marcas-en-el-salvador\/preguntas-frecuentes-marcas-en-el-salvador\/#local-main-organization-logo\"},\"sameAs\":[\"https:\/\/www.facebook.com\/interbiznet\/\",\"https:\/\/x.com\/InterbiznetSV\",\"https:\/\/sv.linkedin.com\/company\/interbiznet\",\"https:\/\/www.youtube.com\/@InterBizNetSanSalvador\/videos\",\"https:\/\/www.instagram.com\/interbiznetsv\/\"],\"address\":{\"@id\":\"https:\/\/elsalvadoroutsourcing.com\/es\/servicios-legales-en-el-salvador\/registro-de-marcas-en-el-salvador\/preguntas-frecuentes-marcas-en-el-salvador\/#local-main-place-address\"},\"geo\":{\"@type\":\"GeoCoordinates\",\"latitude\":\"13.7097358\",\"longitude\":\"-89.24044321\"},\"telephone\":[\"+503 2528 0303\",\"+305 728-8634\"],\"openingHoursSpecification\":[{\"@type\":\"OpeningHoursSpecification\",\"dayOfWeek\":[\"Monday\",\"Tuesday\",\"Wednesday\",\"Thursday\",\"Friday\"],\"opens\":\"08:00\",\"closes\":\"17:00\"},{\"@type\":\"OpeningHoursSpecification\",\"dayOfWeek\":[\"Saturday\",\"Sunday\"],\"opens\":\"00:00\",\"closes\":\"00:00\"}],\"email\":\"info@elsalvadoroutsourcing.com\",\"faxNumber\":\"+503 2264-6157\",\"priceRange\":\"$\",\"currenciesAccepted\":\"USD\"},{\"@type\":\"PostalAddress\",\"@id\":\"https:\/\/elsalvadoroutsourcing.com\/es\/servicios-legales-en-el-salvador\/registro-de-marcas-en-el-salvador\/preguntas-frecuentes-marcas-en-el-salvador\/#local-main-place-address\",\"streetAddress\":\"13 Calle Poniente No. 4425, entre 85 y, 87 Avenida Norte,\",\"addressLocality\":\"San Salvador\",\"postalCode\":\"01101\",\"addressRegion\":\"San Salvador\",\"addressCountry\":\"SV\"},{\"@type\":\"ImageObject\",\"inLanguage\":\"es\",\"@id\":\"https:\/\/elsalvadoroutsourcing.com\/es\/servicios-legales-en-el-salvador\/registro-de-marcas-en-el-salvador\/preguntas-frecuentes-marcas-en-el-salvador\/#local-main-organization-logo\",\"url\":\"https:\/\/elsalvadoroutsourcing.com\/wp-content\/uploads\/2022\/10\/logo-negro_Mesa-de-trabajo-1.png\",\"contentUrl\":\"https:\/\/elsalvadoroutsourcing.com\/wp-content\/uploads\/2022\/10\/logo-negro_Mesa-de-trabajo-1.png\",\"width\":3300,\"height\":2550,\"caption\":\"Interbiznet, S.A de C.V.; Firma de abogados y despacho contable en El Salvador\"}]}<\/script>\n<meta name=\"geo.placename\" content=\"San Salvador\" \/>\n<meta name=\"geo.position\" content=\"13.7097358;-89.24044321\" \/>\n<meta name=\"geo.region\" content=\"El Salvador\" \/>\n<!-- \/ Yoast SEO Premium plugin. -->","yoast_head_json":{"title":"Preguntas frecuentes sobre registro de marcas en El Salvador","description":"Si tienes preguntas sobre registro de marcas en El Salvador, lee nuestro apartado de las preguntas m\u00e1s frecuentes sobre este tema.","robots":{"index":"index","follow":"follow","max-snippet":"max-snippet:-1","max-image-preview":"max-image-preview:large","max-video-preview":"max-video-preview:-1"},"canonical":"https:\/\/elsalvadoroutsourcing.com\/es\/servicios-legales-en-el-salvador\/registro-de-marcas-en-el-salvador\/preguntas-frecuentes-marcas-en-el-salvador\/","og_locale":"es_ES","og_type":"article","og_title":"Preguntas frecuentes sobre registro de marcas en El Salvador","og_description":"Si tienes preguntas sobre registro de marcas en El Salvador, lee nuestro apartado de las preguntas m\u00e1s frecuentes sobre este tema.","og_url":"https:\/\/elsalvadoroutsourcing.com\/es\/servicios-legales-en-el-salvador\/registro-de-marcas-en-el-salvador\/preguntas-frecuentes-marcas-en-el-salvador\/","og_site_name":"El Salvador Outsourcing - Interbiznet - Asesores legales","article_publisher":"https:\/\/www.facebook.com\/interbiznet\/","article_modified_time":"2024-01-30T20:16:51+00:00","og_image":[{"width":2560,"height":1978,"url":"https:\/\/elsalvadoroutsourcing.com\/wp-content\/uploads\/2023\/08\/Interbiznet-scaled.jpg","type":"image\/jpeg"}],"twitter_card":"summary_large_image","twitter_title":"Preguntas frecuentes sobre registro de marcas en El Salvador","twitter_description":"Si tienes preguntas sobre registro de marcas en El Salvador, lee nuestro apartado de las preguntas m\u00e1s frecuentes sobre este tema.","twitter_site":"@InterbiznetSV","twitter_misc":{"Tiempo de lectura":"2 minutos"},"schema":{"@context":"https:\/\/schema.org","@graph":[{"@type":"WebPage","@id":"https:\/\/elsalvadoroutsourcing.com\/es\/servicios-legales-en-el-salvador\/registro-de-marcas-en-el-salvador\/preguntas-frecuentes-marcas-en-el-salvador\/","url":"https:\/\/elsalvadoroutsourcing.com\/es\/servicios-legales-en-el-salvador\/registro-de-marcas-en-el-salvador\/preguntas-frecuentes-marcas-en-el-salvador\/","name":"Preguntas frecuentes sobre registro de marcas en El Salvador","isPartOf":{"@id":"https:\/\/elsalvadoroutsourcing.com\/es\/#website"},"datePublished":"2022-09-12T15:57:06+00:00","dateModified":"2024-01-30T20:16:51+00:00","description":"Si tienes preguntas sobre registro de marcas en El Salvador, lee nuestro apartado de las preguntas m\u00e1s frecuentes sobre este tema.","breadcrumb":{"@id":"https:\/\/elsalvadoroutsourcing.com\/es\/servicios-legales-en-el-salvador\/registro-de-marcas-en-el-salvador\/preguntas-frecuentes-marcas-en-el-salvador\/#breadcrumb"},"inLanguage":"es","potentialAction":[{"@type":"ReadAction","target":["https:\/\/elsalvadoroutsourcing.com\/es\/servicios-legales-en-el-salvador\/registro-de-marcas-en-el-salvador\/preguntas-frecuentes-marcas-en-el-salvador\/"]}]},{"@type":"BreadcrumbList","@id":"https:\/\/elsalvadoroutsourcing.com\/es\/servicios-legales-en-el-salvador\/registro-de-marcas-en-el-salvador\/preguntas-frecuentes-marcas-en-el-salvador\/#breadcrumb","itemListElement":[{"@type":"ListItem","position":1,"name":"Portada","item":"https:\/\/elsalvadoroutsourcing.com\/es\/"},{"@type":"ListItem","position":2,"name":"Servicios Legales en El Salvador","item":"https:\/\/elsalvadoroutsourcing.com\/es\/servicios-legales-en-el-salvador\/"},{"@type":"ListItem","position":3,"name":"Registro de Marcas en El Salvador","item":"https:\/\/elsalvadoroutsourcing.com\/es\/servicios-legales-en-el-salvador\/registro-de-marcas-en-el-salvador\/"},{"@type":"ListItem","position":4,"name":"Preguntas Frecuentes &#8211; Marcas en El Salvador"}]},{"@type":"WebSite","@id":"https:\/\/elsalvadoroutsourcing.com\/es\/#website","url":"https:\/\/elsalvadoroutsourcing.com\/es\/","name":"El Salvador Outsourcing - Interbiznet - Asesores legales","description":"Outsourcing de El Salvador","publisher":{"@id":"https:\/\/elsalvadoroutsourcing.com\/es\/#organization"},"potentialAction":[{"@type":"SearchAction","target":{"@type":"EntryPoint","urlTemplate":"https:\/\/elsalvadoroutsourcing.com\/es\/?s={search_term_string}"},"query-input":{"@type":"PropertyValueSpecification","valueRequired":true,"valueName":"search_term_string"}}],"inLanguage":"es"},{"@type":["Organization","Place","LegalService"],"@id":"https:\/\/elsalvadoroutsourcing.com\/es\/#organization","name":"Interbiznet, S.A de C.V.; Firma de abogados y despacho contable en El Salvador","alternateName":"Interbiznet, Firma de Abogados y Despacho Contable","url":"https:\/\/elsalvadoroutsourcing.com\/es\/","logo":{"@id":"https:\/\/elsalvadoroutsourcing.com\/es\/servicios-legales-en-el-salvador\/registro-de-marcas-en-el-salvador\/preguntas-frecuentes-marcas-en-el-salvador\/#local-main-organization-logo"},"image":{"@id":"https:\/\/elsalvadoroutsourcing.com\/es\/servicios-legales-en-el-salvador\/registro-de-marcas-en-el-salvador\/preguntas-frecuentes-marcas-en-el-salvador\/#local-main-organization-logo"},"sameAs":["https:\/\/www.facebook.com\/interbiznet\/","https:\/\/x.com\/InterbiznetSV","https:\/\/sv.linkedin.com\/company\/interbiznet","https:\/\/www.youtube.com\/@InterBizNetSanSalvador\/videos","https:\/\/www.instagram.com\/interbiznetsv\/"],"address":{"@id":"https:\/\/elsalvadoroutsourcing.com\/es\/servicios-legales-en-el-salvador\/registro-de-marcas-en-el-salvador\/preguntas-frecuentes-marcas-en-el-salvador\/#local-main-place-address"},"geo":{"@type":"GeoCoordinates","latitude":"13.7097358","longitude":"-89.24044321"},"telephone":["+503 2528 0303","+305 728-8634"],"openingHoursSpecification":[{"@type":"OpeningHoursSpecification","dayOfWeek":["Monday","Tuesday","Wednesday","Thursday","Friday"],"opens":"08:00","closes":"17:00"},{"@type":"OpeningHoursSpecification","dayOfWeek":["Saturday","Sunday"],"opens":"00:00","closes":"00:00"}],"email":"info@elsalvadoroutsourcing.com","faxNumber":"+503 2264-6157","priceRange":"$","currenciesAccepted":"USD"},{"@type":"PostalAddress","@id":"https:\/\/elsalvadoroutsourcing.com\/es\/servicios-legales-en-el-salvador\/registro-de-marcas-en-el-salvador\/preguntas-frecuentes-marcas-en-el-salvador\/#local-main-place-address","streetAddress":"13 Calle Poniente No. 4425, entre 85 y, 87 Avenida Norte,","addressLocality":"San Salvador","postalCode":"01101","addressRegion":"San Salvador","addressCountry":"SV"},{"@type":"ImageObject","inLanguage":"es","@id":"https:\/\/elsalvadoroutsourcing.com\/es\/servicios-legales-en-el-salvador\/registro-de-marcas-en-el-salvador\/preguntas-frecuentes-marcas-en-el-salvador\/#local-main-organization-logo","url":"https:\/\/elsalvadoroutsourcing.com\/wp-content\/uploads\/2022\/10\/logo-negro_Mesa-de-trabajo-1.png","contentUrl":"https:\/\/elsalvadoroutsourcing.com\/wp-content\/uploads\/2022\/10\/logo-negro_Mesa-de-trabajo-1.png","width":3300,"height":2550,"caption":"Interbiznet, S.A de C.V.; Firma de abogados y despacho contable en El Salvador"}]},"geo.placename":"San Salvador","geo.position":{"lat":"13.7097358","long":"-89.24044321"},"geo.region":"El Salvador"},"uagb_featured_image_src":{"full":false,"thumbnail":false,"medium":false,"medium_large":false,"large":false,"1536x1536":false,"2048x2048":false,"woocommerce_thumbnail":false,"woocommerce_single":false,"woocommerce_gallery_thumbnail":false},"uagb_author_info":{"display_name":"interbiznet-master","author_link":"https:\/\/elsalvadoroutsourcing.com\/es\/author\/interbiznet-master\/"},"uagb_comment_info":0,"uagb_excerpt":"[vc_row][vc_column][vc_column_text] Preguntas sobre Registro de marcas en El Salvador \u00bfPor qu\u00e9 registrar su propiedad intelectual en El Salvador? D\u00eda a d\u00eda la propiedad intelectual en El Salvador es un activo cada vez m\u00e1s valioso para sus due\u00f1os, el desarrollo de una marca en El Salvador, su lanzamiento y posicionamiento en el mercado, las innovaciones, inventos&hellip;","_links":{"self":[{"href":"https:\/\/elsalvadoroutsourcing.com\/es\/wp-json\/wp\/v2\/pages\/5634","targetHints":{"allow":["GET"]}}],"collection":[{"href":"https:\/\/elsalvadoroutsourcing.com\/es\/wp-json\/wp\/v2\/pages"}],"about":[{"href":"https:\/\/elsalvadoroutsourcing.com\/es\/wp-json\/wp\/v2\/types\/page"}],"author":[{"embeddable":true,"href":"https:\/\/elsalvadoroutsourcing.com\/es\/wp-json\/wp\/v2\/users\/1"}],"replies":[{"embeddable":true,"href":"https:\/\/elsalvadoroutsourcing.com\/es\/wp-json\/wp\/v2\/comments?post=5634"}],"version-history":[{"count":0,"href":"https:\/\/elsalvadoroutsourcing.com\/es\/wp-json\/wp\/v2\/pages\/5634\/revisions"}],"up":[{"embeddable":true,"href":"https:\/\/elsalvadoroutsourcing.com\/es\/wp-json\/wp\/v2\/pages\/5455"}],"wp:attachment":[{"href":"https:\/\/elsalvadoroutsourcing.com\/es\/wp-json\/wp\/v2\/media?parent=5634"}],"curies":[{"name":"wp","href":"https:\/\/api.w.org\/{rel}","templated":true}]}}