{"id":5630,"date":"2022-09-12T09:42:26","date_gmt":"2022-09-12T15:42:26","guid":{"rendered":"https:\/\/elsalvadoroutsourcing.com\/?page_id=5630"},"modified":"2023-09-13T15:36:21","modified_gmt":"2023-09-13T21:36:21","slug":"renovacion-de-marcas-en-el-salvador","status":"publish","type":"page","link":"https:\/\/elsalvadoroutsourcing.com\/es\/servicios-legales-en-el-salvador\/registro-de-marcas-en-el-salvador\/renovacion-de-marcas-en-el-salvador\/","title":{"rendered":"Renovaci\u00f3n de Marcas en El Salvador"},"content":{"rendered":"<div class=\"wpb-content-wrapper\"><p>[vc_row][vc_column][vc_column_text]<\/p>\n<div id=\"wrap\" class=\"page-builder\">\n<div class=\"container\">\n<div class=\"row\">\n<div class=\"col-md-12\">\n<div class=\"blog-lg-area-left\">\n<div class=\"fl-builder-content fl-builder-content-157 fl-builder-content-primary\" data-post-id=\"157\">\n<div class=\"fl-row fl-row-fixed-width fl-row-bg-none fl-node-5d0922f4652a5\" data-node=\"5d0922f4652a5\">\n<div class=\"fl-row-content-wrap\">\n<div class=\"fl-row-content fl-row-fixed-width fl-node-content\">\n<div class=\"fl-col-group fl-node-5d0922f468e69\" data-node=\"5d0922f468e69\">\n<div class=\"fl-col fl-node-5d0922f469244\" data-node=\"5d0922f469244\">\n<div class=\"fl-col-content fl-node-content\">\n<div class=\"fl-module fl-module-rich-text fl-node-5d0922f464e54 fl-animation fl-fade-up fl-animated\" data-node=\"5d0922f464e54\" data-animation-delay=\"0\" data-animation-duration=\"1\">\n<div class=\"fl-module-content fl-node-content\">\n<div class=\"fl-rich-text\">\n<h3><b>Renovaci\u00f3n de una marca<\/b><\/h3>\n<p style=\"text-align: justify;\">El registro de una marca tendr\u00e1 una vigencia de 10 a\u00f1os a partir de la fecha de su inscripci\u00f3n. Podr\u00e1 renovarse indefinidamente su registro por per\u00edodos sucesivos de 10 a\u00f1os, contados desde la fecha del \u00faltimo vencimiento. La renovaci\u00f3n del registro de una marca deber\u00e1 solicitarse al Registro, dentro del a\u00f1o anterior a la fecha de vencimiento del registro que se renueva.<\/p>\n<p style=\"text-align: justify;\">Tambi\u00e9n podr\u00e1 presentarse dentro de un plazo de gracia de 6 meses posteriores a la fecha de vencimiento, debiendo en tal caso pagarse el recargo establecido, adem\u00e1s de la tasa de renovaci\u00f3n correspondiente.<\/p>\n<h3><b>\u00bfC\u00f3mo solicitar una renovaci\u00f3n?<\/b><\/h3>\n<p><b>Paso 1<\/b><\/p>\n<ul>\n<li style=\"text-align: justify;\">Presentar la solicitud de renovaci\u00f3n y una copia.<\/li>\n<li style=\"text-align: justify;\">Anexar el recibo de pago original y copia con un valor de $100.00 d\u00f3lares.<\/li>\n<\/ul>\n<p style=\"text-align: justify;\"><b>Nota:<\/b>\u00a0Si la solicitud de renovaci\u00f3n no cumple con algunos de los requisitos que establece el art. 22 de la Ley de Marcas y Otros Signos Distintivos, el Registrador pronunciara una prevenci\u00f3n.<\/p>\n<p><b>Paso 2<\/b><\/p>\n<p style=\"text-align: justify;\">El interesado presentar\u00e1 el escrito donde subsana la prevenci\u00f3n dentro de los 6 meses que establece la ley.\u00a0<strong>Nota:<\/strong>\u00a0Se califica el expediente y si el escrito cumple con los requisitos establecidos en el art. 22 de la Ley de Marcas y Otros Signos Distintivos el Registrador marginar\u00e1 en el asiento que corresponda a la marca y elabora el auto de inscripci\u00f3n y el certificado de renovaci\u00f3n de la marca con un per\u00edodo de vigencia de 10 a\u00f1os.<\/p>\n<p><b>Paso 3<\/b><\/p>\n<p style=\"text-align: justify;\">Se entrega el certificado original de renovaci\u00f3n al interesado.<\/p>\n<ul>\n<li style=\"text-align: justify;\">Los modelos de solicitudes que se entregan en el Registro de Propiedad Intelectual son para que los clientes tengan una idea de c\u00f3mo redactar las solicitudes y los dem\u00e1s escritos.<\/li>\n<li style=\"text-align: justify;\">Si la marca qued\u00f3 inscrita bajo las disposiciones del Convenio\u00a0Centroamericano, la renovaci\u00f3n est\u00e1 sujeta a ser publicada en el Diario Oficial, pero la renovaci\u00f3n ha sido presentada bas\u00e1ndose en la nueva Ley de Marcas y otros Signos Distintivos no es objeto de publicaci\u00f3n.<\/li>\n<\/ul>\n<p style=\"text-align: justify;\">Nuestra firma legal puede proveerle asistencia en el \u00e1rea de propiedad intelectual,\u00a0<a href=\"https:\/\/elsalvadoroutsourcing.com\/contactar-con-abogados-en-el-salvador\/\"><b>Cont\u00e1ctanos<\/b><\/a>.<\/p>\n<p style=\"text-align: justify;\">Fuente:\u00a0<a href=\"https:\/\/www.cnr.gob.sv\/\" target=\"_blank\" rel=\"noopener\">CNR EL SALVADOR<\/a><\/p>\n<\/div>\n<\/div>\n<\/div>\n<\/div>\n<\/div>\n<\/div>\n<\/div>\n<\/div>\n<\/div>\n<\/div>\n<\/div>\n<\/div>\n<\/div>\n<\/div>\n<\/div>\n<p>[\/vc_column_text][\/vc_column][\/vc_row][vc_row][vc_column][vc_cta h2=\u00bb\u00bfNecesitas asesor\u00eda sobre como renovar tu marca?\u00bb add_button=\u00bbbottom\u00bb btn_title=\u00bbIniciar Asesor\u00eda\u00bb btn_color=\u00bbgreen\u00bb btn_i_icon_fontawesome=\u00bbfab fa-whatsapp\u00bb add_icon=\u00bbleft\u00bb i_icon_fontawesome=\u00bbfas fa-envelope-open\u00bb btn_add_icon=\u00bbtrue\u00bb btn_link=\u00bburl:https%3A%2F%2Fwa.link%2Fs5c8dh|title:(%2B503)%202528-0303|target:_blank\u00bb i_link=\u00bburl:https%3A%2F%2Felsalvadoroutsourcing.com%2Fcontactar-con-abogados-en-el-salvador%2F|title:Contactar%20con%20Abogados%20en%20El%20Salvador|target:_blank\u00bb]\u00a1Cont\u00e1ctanos hoy mismo y obt\u00e9n asesor\u00eda personalizada!<\/p>\n<div>\n<div><a href=\"#\" class=\"pps-btn pps-button-popup-6780 pps-button-popup \"  title=\"Solicitar Consulta\">Solicitar Consulta<\/a><\/div>\n<\/div>\n<p>[\/vc_cta][\/vc_column][\/vc_row]<\/p>\n<\/div>","protected":false},"excerpt":{"rendered":"<p>[vc_row][vc_column][vc_column_text] Renovaci\u00f3n de una marca El registro de una marca tendr\u00e1 una vigencia de 10 a\u00f1os a partir de la fecha de su inscripci\u00f3n. Podr\u00e1 renovarse indefinidamente su registro por per\u00edodos sucesivos de 10 a\u00f1os, contados desde la fecha del \u00faltimo vencimiento. La renovaci\u00f3n del registro de una marca deber\u00e1 solicitarse al Registro, dentro del&hellip;<\/p>\n","protected":false},"author":1,"featured_media":0,"parent":5455,"menu_order":0,"comment_status":"closed","ping_status":"closed","template":"","meta":{"_uag_custom_page_level_css":"","footnotes":""},"class_list":["post-5630","page","type-page","status-publish","hentry","description-off"],"yoast_head":"<!-- This site is optimized with the Yoast SEO Premium plugin v26.9 (Yoast SEO v27.1.1) - https:\/\/yoast.com\/product\/yoast-seo-premium-wordpress\/ -->\n<title>Renovaci\u00f3n de Marcas en El Salvador, como renovar una marca<\/title>\n<meta name=\"description\" content=\"Interbiznet, firma de abogados y contadores en El Salvador, te muestra los pasos a seguir para la renovaci\u00f3n de marcas en El Salvador.\" \/>\n<meta name=\"robots\" content=\"index, follow, max-snippet:-1, max-image-preview:large, max-video-preview:-1\" \/>\n<link rel=\"canonical\" href=\"https:\/\/elsalvadoroutsourcing.com\/es\/servicios-legales-en-el-salvador\/registro-de-marcas-en-el-salvador\/renovacion-de-marcas-en-el-salvador\/\" \/>\n<meta property=\"og:locale\" content=\"es_ES\" \/>\n<meta property=\"og:type\" content=\"article\" \/>\n<meta property=\"og:title\" content=\"Renovaci\u00f3n de Marcas en El Salvador, como renovar una marca\" \/>\n<meta property=\"og:description\" content=\"Interbiznet, firma de abogados y contadores en El Salvador, te muestra los pasos a seguir para la renovaci\u00f3n de marcas en El Salvador.\" \/>\n<meta property=\"og:url\" content=\"https:\/\/elsalvadoroutsourcing.com\/es\/servicios-legales-en-el-salvador\/registro-de-marcas-en-el-salvador\/renovacion-de-marcas-en-el-salvador\/\" \/>\n<meta property=\"og:site_name\" content=\"El Salvador Outsourcing - Interbiznet - Asesores legales\" \/>\n<meta property=\"article:publisher\" content=\"https:\/\/www.facebook.com\/interbiznet\/\" \/>\n<meta property=\"article:modified_time\" content=\"2023-09-13T21:36:21+00:00\" \/>\n<meta property=\"og:image\" content=\"https:\/\/elsalvadoroutsourcing.com\/wp-content\/uploads\/2023\/08\/Interbiznet-scaled.jpg\" \/>\n\t<meta property=\"og:image:width\" content=\"2560\" \/>\n\t<meta property=\"og:image:height\" content=\"1978\" \/>\n\t<meta property=\"og:image:type\" content=\"image\/jpeg\" \/>\n<meta name=\"twitter:card\" content=\"summary_large_image\" \/>\n<meta name=\"twitter:title\" content=\"Renovaci\u00f3n de Marcas en El Salvador, como renovar una marca\" \/>\n<meta name=\"twitter:description\" content=\"Interbiznet, firma de abogados y contadores en El Salvador, te muestra los pasos a seguir para la renovaci\u00f3n de marcas en El Salvador.\" \/>\n<meta name=\"twitter:site\" content=\"@InterbiznetSV\" \/>\n<meta name=\"twitter:label1\" content=\"Tiempo de lectura\" \/>\n\t<meta name=\"twitter:data1\" content=\"2 minutos\" \/>\n<script type=\"application\/ld+json\" class=\"yoast-schema-graph\">{\"@context\":\"https:\/\/schema.org\",\"@graph\":[{\"@type\":\"WebPage\",\"@id\":\"https:\/\/elsalvadoroutsourcing.com\/es\/servicios-legales-en-el-salvador\/registro-de-marcas-en-el-salvador\/renovacion-de-marcas-en-el-salvador\/\",\"url\":\"https:\/\/elsalvadoroutsourcing.com\/es\/servicios-legales-en-el-salvador\/registro-de-marcas-en-el-salvador\/renovacion-de-marcas-en-el-salvador\/\",\"name\":\"Renovaci\u00f3n de Marcas en El Salvador, como renovar una marca\",\"isPartOf\":{\"@id\":\"https:\/\/elsalvadoroutsourcing.com\/es\/#website\"},\"datePublished\":\"2022-09-12T15:42:26+00:00\",\"dateModified\":\"2023-09-13T21:36:21+00:00\",\"description\":\"Interbiznet, firma de abogados y contadores en El Salvador, te muestra los pasos a seguir para la renovaci\u00f3n de marcas en El Salvador.\",\"breadcrumb\":{\"@id\":\"https:\/\/elsalvadoroutsourcing.com\/es\/servicios-legales-en-el-salvador\/registro-de-marcas-en-el-salvador\/renovacion-de-marcas-en-el-salvador\/#breadcrumb\"},\"inLanguage\":\"es\",\"potentialAction\":[{\"@type\":\"ReadAction\",\"target\":[\"https:\/\/elsalvadoroutsourcing.com\/es\/servicios-legales-en-el-salvador\/registro-de-marcas-en-el-salvador\/renovacion-de-marcas-en-el-salvador\/\"]}]},{\"@type\":\"BreadcrumbList\",\"@id\":\"https:\/\/elsalvadoroutsourcing.com\/es\/servicios-legales-en-el-salvador\/registro-de-marcas-en-el-salvador\/renovacion-de-marcas-en-el-salvador\/#breadcrumb\",\"itemListElement\":[{\"@type\":\"ListItem\",\"position\":1,\"name\":\"Portada\",\"item\":\"https:\/\/elsalvadoroutsourcing.com\/es\/\"},{\"@type\":\"ListItem\",\"position\":2,\"name\":\"Servicios Legales en El Salvador\",\"item\":\"https:\/\/elsalvadoroutsourcing.com\/es\/servicios-legales-en-el-salvador\/\"},{\"@type\":\"ListItem\",\"position\":3,\"name\":\"Registro de Marcas en El Salvador\",\"item\":\"https:\/\/elsalvadoroutsourcing.com\/es\/servicios-legales-en-el-salvador\/registro-de-marcas-en-el-salvador\/\"},{\"@type\":\"ListItem\",\"position\":4,\"name\":\"Renovaci\u00f3n de Marcas en El Salvador\"}]},{\"@type\":\"WebSite\",\"@id\":\"https:\/\/elsalvadoroutsourcing.com\/es\/#website\",\"url\":\"https:\/\/elsalvadoroutsourcing.com\/es\/\",\"name\":\"El Salvador Outsourcing - Interbiznet - Asesores legales\",\"description\":\"Outsourcing de El Salvador\",\"publisher\":{\"@id\":\"https:\/\/elsalvadoroutsourcing.com\/es\/#organization\"},\"potentialAction\":[{\"@type\":\"SearchAction\",\"target\":{\"@type\":\"EntryPoint\",\"urlTemplate\":\"https:\/\/elsalvadoroutsourcing.com\/es\/?s={search_term_string}\"},\"query-input\":{\"@type\":\"PropertyValueSpecification\",\"valueRequired\":true,\"valueName\":\"search_term_string\"}}],\"inLanguage\":\"es\"},{\"@type\":[\"Organization\",\"Place\",\"LegalService\"],\"@id\":\"https:\/\/elsalvadoroutsourcing.com\/es\/#organization\",\"name\":\"Interbiznet, S.A de C.V.; Firma de abogados y despacho contable en El Salvador\",\"alternateName\":\"Interbiznet, Firma de Abogados y Despacho Contable\",\"url\":\"https:\/\/elsalvadoroutsourcing.com\/es\/\",\"logo\":{\"@id\":\"https:\/\/elsalvadoroutsourcing.com\/es\/servicios-legales-en-el-salvador\/registro-de-marcas-en-el-salvador\/renovacion-de-marcas-en-el-salvador\/#local-main-organization-logo\"},\"image\":{\"@id\":\"https:\/\/elsalvadoroutsourcing.com\/es\/servicios-legales-en-el-salvador\/registro-de-marcas-en-el-salvador\/renovacion-de-marcas-en-el-salvador\/#local-main-organization-logo\"},\"sameAs\":[\"https:\/\/www.facebook.com\/interbiznet\/\",\"https:\/\/x.com\/InterbiznetSV\",\"https:\/\/sv.linkedin.com\/company\/interbiznet\",\"https:\/\/www.youtube.com\/@InterBizNetSanSalvador\/videos\",\"https:\/\/www.instagram.com\/interbiznetsv\/\"],\"address\":{\"@id\":\"https:\/\/elsalvadoroutsourcing.com\/es\/servicios-legales-en-el-salvador\/registro-de-marcas-en-el-salvador\/renovacion-de-marcas-en-el-salvador\/#local-main-place-address\"},\"geo\":{\"@type\":\"GeoCoordinates\",\"latitude\":\"13.7097358\",\"longitude\":\"-89.24044321\"},\"telephone\":[\"+503 2528 0303\",\"+305 728-8634\"],\"openingHoursSpecification\":[{\"@type\":\"OpeningHoursSpecification\",\"dayOfWeek\":[\"Monday\",\"Tuesday\",\"Wednesday\",\"Thursday\",\"Friday\"],\"opens\":\"08:00\",\"closes\":\"17:00\"},{\"@type\":\"OpeningHoursSpecification\",\"dayOfWeek\":[\"Saturday\",\"Sunday\"],\"opens\":\"00:00\",\"closes\":\"00:00\"}],\"email\":\"info@elsalvadoroutsourcing.com\",\"faxNumber\":\"+503 2264-6157\",\"priceRange\":\"$\",\"currenciesAccepted\":\"USD\"},{\"@type\":\"PostalAddress\",\"@id\":\"https:\/\/elsalvadoroutsourcing.com\/es\/servicios-legales-en-el-salvador\/registro-de-marcas-en-el-salvador\/renovacion-de-marcas-en-el-salvador\/#local-main-place-address\",\"streetAddress\":\"13 Calle Poniente No. 4425, entre 85 y, 87 Avenida Norte,\",\"addressLocality\":\"San Salvador\",\"postalCode\":\"01101\",\"addressRegion\":\"San Salvador\",\"addressCountry\":\"SV\"},{\"@type\":\"ImageObject\",\"inLanguage\":\"es\",\"@id\":\"https:\/\/elsalvadoroutsourcing.com\/es\/servicios-legales-en-el-salvador\/registro-de-marcas-en-el-salvador\/renovacion-de-marcas-en-el-salvador\/#local-main-organization-logo\",\"url\":\"https:\/\/elsalvadoroutsourcing.com\/wp-content\/uploads\/2022\/10\/logo-negro_Mesa-de-trabajo-1.png\",\"contentUrl\":\"https:\/\/elsalvadoroutsourcing.com\/wp-content\/uploads\/2022\/10\/logo-negro_Mesa-de-trabajo-1.png\",\"width\":3300,\"height\":2550,\"caption\":\"Interbiznet, S.A de C.V.; Firma de abogados y despacho contable en El Salvador\"}]}<\/script>\n<meta name=\"geo.placename\" content=\"San Salvador\" \/>\n<meta name=\"geo.position\" content=\"13.7097358;-89.24044321\" \/>\n<meta name=\"geo.region\" content=\"El Salvador\" \/>\n<!-- \/ Yoast SEO Premium plugin. -->","yoast_head_json":{"title":"Renovaci\u00f3n de Marcas en El Salvador, como renovar una marca","description":"Interbiznet, firma de abogados y contadores en El Salvador, te muestra los pasos a seguir para la renovaci\u00f3n de marcas en El Salvador.","robots":{"index":"index","follow":"follow","max-snippet":"max-snippet:-1","max-image-preview":"max-image-preview:large","max-video-preview":"max-video-preview:-1"},"canonical":"https:\/\/elsalvadoroutsourcing.com\/es\/servicios-legales-en-el-salvador\/registro-de-marcas-en-el-salvador\/renovacion-de-marcas-en-el-salvador\/","og_locale":"es_ES","og_type":"article","og_title":"Renovaci\u00f3n de Marcas en El Salvador, como renovar una marca","og_description":"Interbiznet, firma de abogados y contadores en El Salvador, te muestra los pasos a seguir para la renovaci\u00f3n de marcas en El Salvador.","og_url":"https:\/\/elsalvadoroutsourcing.com\/es\/servicios-legales-en-el-salvador\/registro-de-marcas-en-el-salvador\/renovacion-de-marcas-en-el-salvador\/","og_site_name":"El Salvador Outsourcing - Interbiznet - Asesores legales","article_publisher":"https:\/\/www.facebook.com\/interbiznet\/","article_modified_time":"2023-09-13T21:36:21+00:00","og_image":[{"width":2560,"height":1978,"url":"https:\/\/elsalvadoroutsourcing.com\/wp-content\/uploads\/2023\/08\/Interbiznet-scaled.jpg","type":"image\/jpeg"}],"twitter_card":"summary_large_image","twitter_title":"Renovaci\u00f3n de Marcas en El Salvador, como renovar una marca","twitter_description":"Interbiznet, firma de abogados y contadores en El Salvador, te muestra los pasos a seguir para la renovaci\u00f3n de marcas en El Salvador.","twitter_site":"@InterbiznetSV","twitter_misc":{"Tiempo de lectura":"2 minutos"},"schema":{"@context":"https:\/\/schema.org","@graph":[{"@type":"WebPage","@id":"https:\/\/elsalvadoroutsourcing.com\/es\/servicios-legales-en-el-salvador\/registro-de-marcas-en-el-salvador\/renovacion-de-marcas-en-el-salvador\/","url":"https:\/\/elsalvadoroutsourcing.com\/es\/servicios-legales-en-el-salvador\/registro-de-marcas-en-el-salvador\/renovacion-de-marcas-en-el-salvador\/","name":"Renovaci\u00f3n de Marcas en El Salvador, como renovar una marca","isPartOf":{"@id":"https:\/\/elsalvadoroutsourcing.com\/es\/#website"},"datePublished":"2022-09-12T15:42:26+00:00","dateModified":"2023-09-13T21:36:21+00:00","description":"Interbiznet, firma de abogados y contadores en El Salvador, te muestra los pasos a seguir para la renovaci\u00f3n de marcas en El Salvador.","breadcrumb":{"@id":"https:\/\/elsalvadoroutsourcing.com\/es\/servicios-legales-en-el-salvador\/registro-de-marcas-en-el-salvador\/renovacion-de-marcas-en-el-salvador\/#breadcrumb"},"inLanguage":"es","potentialAction":[{"@type":"ReadAction","target":["https:\/\/elsalvadoroutsourcing.com\/es\/servicios-legales-en-el-salvador\/registro-de-marcas-en-el-salvador\/renovacion-de-marcas-en-el-salvador\/"]}]},{"@type":"BreadcrumbList","@id":"https:\/\/elsalvadoroutsourcing.com\/es\/servicios-legales-en-el-salvador\/registro-de-marcas-en-el-salvador\/renovacion-de-marcas-en-el-salvador\/#breadcrumb","itemListElement":[{"@type":"ListItem","position":1,"name":"Portada","item":"https:\/\/elsalvadoroutsourcing.com\/es\/"},{"@type":"ListItem","position":2,"name":"Servicios Legales en El Salvador","item":"https:\/\/elsalvadoroutsourcing.com\/es\/servicios-legales-en-el-salvador\/"},{"@type":"ListItem","position":3,"name":"Registro de Marcas en El Salvador","item":"https:\/\/elsalvadoroutsourcing.com\/es\/servicios-legales-en-el-salvador\/registro-de-marcas-en-el-salvador\/"},{"@type":"ListItem","position":4,"name":"Renovaci\u00f3n de Marcas en El Salvador"}]},{"@type":"WebSite","@id":"https:\/\/elsalvadoroutsourcing.com\/es\/#website","url":"https:\/\/elsalvadoroutsourcing.com\/es\/","name":"El Salvador Outsourcing - Interbiznet - Asesores legales","description":"Outsourcing de El Salvador","publisher":{"@id":"https:\/\/elsalvadoroutsourcing.com\/es\/#organization"},"potentialAction":[{"@type":"SearchAction","target":{"@type":"EntryPoint","urlTemplate":"https:\/\/elsalvadoroutsourcing.com\/es\/?s={search_term_string}"},"query-input":{"@type":"PropertyValueSpecification","valueRequired":true,"valueName":"search_term_string"}}],"inLanguage":"es"},{"@type":["Organization","Place","LegalService"],"@id":"https:\/\/elsalvadoroutsourcing.com\/es\/#organization","name":"Interbiznet, S.A de C.V.; Firma de abogados y despacho contable en El Salvador","alternateName":"Interbiznet, Firma de Abogados y Despacho Contable","url":"https:\/\/elsalvadoroutsourcing.com\/es\/","logo":{"@id":"https:\/\/elsalvadoroutsourcing.com\/es\/servicios-legales-en-el-salvador\/registro-de-marcas-en-el-salvador\/renovacion-de-marcas-en-el-salvador\/#local-main-organization-logo"},"image":{"@id":"https:\/\/elsalvadoroutsourcing.com\/es\/servicios-legales-en-el-salvador\/registro-de-marcas-en-el-salvador\/renovacion-de-marcas-en-el-salvador\/#local-main-organization-logo"},"sameAs":["https:\/\/www.facebook.com\/interbiznet\/","https:\/\/x.com\/InterbiznetSV","https:\/\/sv.linkedin.com\/company\/interbiznet","https:\/\/www.youtube.com\/@InterBizNetSanSalvador\/videos","https:\/\/www.instagram.com\/interbiznetsv\/"],"address":{"@id":"https:\/\/elsalvadoroutsourcing.com\/es\/servicios-legales-en-el-salvador\/registro-de-marcas-en-el-salvador\/renovacion-de-marcas-en-el-salvador\/#local-main-place-address"},"geo":{"@type":"GeoCoordinates","latitude":"13.7097358","longitude":"-89.24044321"},"telephone":["+503 2528 0303","+305 728-8634"],"openingHoursSpecification":[{"@type":"OpeningHoursSpecification","dayOfWeek":["Monday","Tuesday","Wednesday","Thursday","Friday"],"opens":"08:00","closes":"17:00"},{"@type":"OpeningHoursSpecification","dayOfWeek":["Saturday","Sunday"],"opens":"00:00","closes":"00:00"}],"email":"info@elsalvadoroutsourcing.com","faxNumber":"+503 2264-6157","priceRange":"$","currenciesAccepted":"USD"},{"@type":"PostalAddress","@id":"https:\/\/elsalvadoroutsourcing.com\/es\/servicios-legales-en-el-salvador\/registro-de-marcas-en-el-salvador\/renovacion-de-marcas-en-el-salvador\/#local-main-place-address","streetAddress":"13 Calle Poniente No. 4425, entre 85 y, 87 Avenida Norte,","addressLocality":"San Salvador","postalCode":"01101","addressRegion":"San Salvador","addressCountry":"SV"},{"@type":"ImageObject","inLanguage":"es","@id":"https:\/\/elsalvadoroutsourcing.com\/es\/servicios-legales-en-el-salvador\/registro-de-marcas-en-el-salvador\/renovacion-de-marcas-en-el-salvador\/#local-main-organization-logo","url":"https:\/\/elsalvadoroutsourcing.com\/wp-content\/uploads\/2022\/10\/logo-negro_Mesa-de-trabajo-1.png","contentUrl":"https:\/\/elsalvadoroutsourcing.com\/wp-content\/uploads\/2022\/10\/logo-negro_Mesa-de-trabajo-1.png","width":3300,"height":2550,"caption":"Interbiznet, S.A de C.V.; Firma de abogados y despacho contable en El Salvador"}]},"geo.placename":"San Salvador","geo.position":{"lat":"13.7097358","long":"-89.24044321"},"geo.region":"El Salvador"},"uagb_featured_image_src":{"full":false,"thumbnail":false,"medium":false,"medium_large":false,"large":false,"1536x1536":false,"2048x2048":false,"woocommerce_thumbnail":false,"woocommerce_single":false,"woocommerce_gallery_thumbnail":false},"uagb_author_info":{"display_name":"interbiznet-master","author_link":"https:\/\/elsalvadoroutsourcing.com\/es\/author\/interbiznet-master\/"},"uagb_comment_info":0,"uagb_excerpt":"[vc_row][vc_column][vc_column_text] Renovaci\u00f3n de una marca El registro de una marca tendr\u00e1 una vigencia de 10 a\u00f1os a partir de la fecha de su inscripci\u00f3n. Podr\u00e1 renovarse indefinidamente su registro por per\u00edodos sucesivos de 10 a\u00f1os, contados desde la fecha del \u00faltimo vencimiento. La renovaci\u00f3n del registro de una marca deber\u00e1 solicitarse al Registro, dentro del&hellip;","_links":{"self":[{"href":"https:\/\/elsalvadoroutsourcing.com\/es\/wp-json\/wp\/v2\/pages\/5630","targetHints":{"allow":["GET"]}}],"collection":[{"href":"https:\/\/elsalvadoroutsourcing.com\/es\/wp-json\/wp\/v2\/pages"}],"about":[{"href":"https:\/\/elsalvadoroutsourcing.com\/es\/wp-json\/wp\/v2\/types\/page"}],"author":[{"embeddable":true,"href":"https:\/\/elsalvadoroutsourcing.com\/es\/wp-json\/wp\/v2\/users\/1"}],"replies":[{"embeddable":true,"href":"https:\/\/elsalvadoroutsourcing.com\/es\/wp-json\/wp\/v2\/comments?post=5630"}],"version-history":[{"count":0,"href":"https:\/\/elsalvadoroutsourcing.com\/es\/wp-json\/wp\/v2\/pages\/5630\/revisions"}],"up":[{"embeddable":true,"href":"https:\/\/elsalvadoroutsourcing.com\/es\/wp-json\/wp\/v2\/pages\/5455"}],"wp:attachment":[{"href":"https:\/\/elsalvadoroutsourcing.com\/es\/wp-json\/wp\/v2\/media?parent=5630"}],"curies":[{"name":"wp","href":"https:\/\/api.w.org\/{rel}","templated":true}]}}