{"id":5627,"date":"2022-09-12T09:22:53","date_gmt":"2022-09-12T15:22:53","guid":{"rendered":"https:\/\/elsalvadoroutsourcing.com\/?page_id=5627"},"modified":"2024-01-30T14:05:07","modified_gmt":"2024-01-30T20:05:07","slug":"preguntas-frecuentes-como-constituir-sociedad-en-el-salvador","status":"publish","type":"page","link":"https:\/\/elsalvadoroutsourcing.com\/es\/preguntas-frecuentes-como-constituir-sociedad-en-el-salvador\/","title":{"rendered":"Preguntas Frecuentes \u2013 Constituir Sociedad en El Salvador"},"content":{"rendered":"<div class=\"wpb-content-wrapper\"><p>[vc_row][vc_column][vc_column_text]<\/p>\n<h3 style=\"text-align: center;\">Preguntas frecuentes<\/h3>\n<h3 style=\"text-align: center;\">sobre constituir sociedad en El Salvador<\/h3>\n<h4>\u00bfC\u00f3mo constituir una Sociedad en El Salvador?<\/h4>\n<p style=\"text-align: justify;\">Una Sociedad independientemente sea de personas o de Capitales se constituye en escritura p\u00fablica ante un Notario salvadore\u00f1o, mediante la voluntad de dos o mas personas naturales o jur\u00eddicas nacionales o extranjeras que pongan su voluntad, que estipulen bienes o industrias con la finalidad de repartir entre si, beneficios que provengan de los negocios que van a dedicarse.<\/p>\n<h4>\u00bfCu\u00e1l es el tr\u00e1mite a seguir para constituir una Sociedad en El Salvador?<\/h4>\n<p style=\"text-align: justify;\">Una vez concertadas las voluntades de los otorgantes y cumplidos los requisitos exigidos por el <a href=\"https:\/\/elsalvadoroutsourcing.com\/wp-content\/uploads\/2022\/09\/Codigo-Comercio-El-Salvador.pdf\" target=\"_blank\" rel=\"noopener\">C\u00f3digo de Comercio<\/a> Salvadore\u00f1o, se comp\u00e1rese frente a un Notario salvadore\u00f1o para otorgar la Escritura P\u00fablica de <a href=\"https:\/\/elsalvadoroutsourcing.com\/servicios-legales-en-el-salvador\/constitucion-de-sociedades-el-salvador\/\">Constituci\u00f3n de la Sociedad en El Salvador<\/a>\u00a0 y luego se deber\u00e1 inscribir el <a href=\"https:\/\/www.cnr.gob.sv\/\" target=\"_blank\" rel=\"noopener\">Registro de Comercio en El Salvador<\/a>.<\/p>\n<h4>\u00bfCu\u00e1l es el n\u00famero de personas para constituir una sociedad en El Salvador?<\/h4>\n<p style=\"text-align: justify;\">Una sociedad en El Salvador la pueden constituir o formar dos o m\u00e1s personas naturales y\/o jur\u00eddicas (sociedades), el n\u00famero de socios no est\u00e1 regulado, es decir, no existe un l\u00edmite m\u00e1ximo.<\/p>\n<h4>\u00bfCu\u00e1l es el capital m\u00ednimo de fundaci\u00f3n para la nueva sociedad en El Salvador?<\/h4>\n<p style=\"text-align: justify;\">El capital de fundaci\u00f3n debe ser de un valor de $ 2,000.00, como m\u00ednimo, seg\u00fan reformas al <a href=\"https:\/\/elsalvadoroutsourcing.com\/wp-content\/uploads\/2022\/09\/Codigo-Comercio-El-Salvador.pdf\" target=\"_blank\" rel=\"noopener\">C\u00f3digo de Comercio<\/a>, vigente desde julio 2008.<\/p>\n<h3>\u00bfC\u00f3mo registrar Sociedades Extranjeras en El Salvador?<\/h3>\n<p style=\"text-align: justify;\">Lo m\u00e1s importante para este caso es que se lea primero el Art. 358 del <a href=\"https:\/\/elsalvadoroutsourcing.com\/wp-content\/uploads\/2022\/09\/Codigo-Comercio-El-Salvador.pdf\" target=\"_blank\" rel=\"noopener\">C\u00f3digo de Comercio<\/a>. Para el caso de las Sociedades Extranjeras se pueden presentar dos casos:<\/p>\n<p style=\"text-align: justify;\">1. Que la Sociedad quiera abrir una sucursal ac\u00e1 en el pa\u00eds de una sociedad con el mismo nombre en otro pa\u00eds. En este caso se entiende que la sociedad sigue teniendo la nacionalidad extranjera, por lo que estamos en presencia de una sociedad extranjera en sentido estricto. Lo que define este tipo de sociedades es pues que mantienen su nacionalidad original y que lo que hacen ac\u00e1 en el pa\u00eds es establecer una sucursal. a) Para un caso as\u00ed deber\u00e1n, en primer lugar, presentar para inscripci\u00f3n un Poder a favor de persona natural en el Registro de Comercio. b) Ese Poder inscrito, servir\u00e1 tambi\u00e9n para poder hacer los tr\u00e1mites correspondientes en la Oficina Nacional de Inversiones del Ministerio de Econom\u00eda (ONI) que es la entidad gubernamental encargada de registrar la inversi\u00f3n. c) Una vez que tenga la autorizaci\u00f3n el representante legal o su apoderado deber\u00e1 presentar solicitud acompa\u00f1ada de los documentos siguientes (Art. 358 C Com):<\/p>\n<p style=\"text-align: justify;\">i. La resoluci\u00f3n de la ONI aprobando la inversi\u00f3n. ii. Estatutos que comprueben que la sociedad est\u00e1 leg\u00edtimamente constituida, de acuerdo con las leyes del pa\u00eds en que se hubiera organizado.<\/p>\n<p style=\"text-align: justify;\">iii. Documentaci\u00f3n probatoria de que la decisi\u00f3n de fijar domicilio en El Salvador o de operar en el pa\u00eds, ha sido v\u00e1lidamente adoptada de conformidad a sus estatutos.<\/p>\n<p style=\"text-align: justify;\">iv. Poder con que actuar\u00e1 el representante de la sociedad extranjera, el cual se\u00f1alar\u00e1 las facultades de \u00e9ste en forma amplia, clara y precisa. El representante nombrado deber\u00e1 residir permanentemente en el pa\u00eds.<\/p>\n<p style=\"text-align: justify;\">V. El capital social suficiente para realizar sus actividades sociales, cuyo ingreso se comprobar\u00e1 con el registro de inversi\u00f3n extranjera, que para tal efecto lleva el Ministerio de Econom\u00eda. vi. Balance inicial certificado por Contador P\u00fablico autorizado en el pa\u00eds, de la sociedad extranjera o de la sucursal que se pretende, en el cual se refleje su capital social. vii. Una solicitud dirigida al Registro de Comercio en que se pida la inscripci\u00f3n de la sociedad y que consigne los documentos que se presentan para la inscripci\u00f3n, adem\u00e1s de la \u201cprotesta\u201d de sumisi\u00f3n a las leyes de la Rep\u00fablica de el Salvador. viii. La solicitud de matr\u00edcula de empresa para la sociedad con sus anexos respectivos. Como es l\u00f3gico, los documentos emanados en pa\u00eds extranjeros deben estar debidamente \u201capostillados\u201d o que cumplan con los requisitos de Autenticaci\u00f3n de los mismos, seg\u00fan el caso.<\/p>\n<h4><strong>2- Sociedades constituidas con capital extranjero<\/strong><\/h4>\n<p style=\"text-align: justify;\">El segundo caso es el de aquellas sociedades constituidas con capital extranjero, en el sentido de que los accionistas son, en todo o en parte, personas con nacionalidad extranjera. En este caso estar\u00edamos hablando de una sociedad extranjera en sentido restringido, pues la sociedad como tal es una Persona Jur\u00eddica y por tanto con atributos de la personalidad, dentro de las cuales se tiene el de la nacionalidad y los accionistas o socios han decidido libremente, aunque ellos sean de nacionalidad extranjera, que la sociedad tenga nacionalidad salvadore\u00f1a.<\/p>\n<p style=\"text-align: justify;\">Si este fuese el caso, el tr\u00e1mite, por tanto es el normal de una sociedad nacional.<\/p>\n<p>[\/vc_column_text][vc_single_image image=\u00bb6840&#8243; img_size=\u00bbmedium\u00bb add_caption=\u00bbyes\u00bb][\/vc_column][\/vc_row][vc_row][vc_column width=\u00bb2\/3&#8243;][vc_column_text]<\/p>\n<p>[\/vc_column_text][vc_cta h2=\u00bb\u00bfNecesitas asesor\u00eda para constituir una sociedad en El Salvador?\u00bb h2_font_container=\u00bbtag:h3|text_align:left\u00bb h2_use_theme_fonts=\u00bbyes\u00bb add_button=\u00bbbottom\u00bb btn_title=\u00bbIniciar Asesor\u00eda\u00bb btn_color=\u00bbgreen\u00bb btn_i_icon_fontawesome=\u00bbfab fa-whatsapp\u00bb use_custom_fonts_h2=\u00bbtrue\u00bb btn_add_icon=\u00bbtrue\u00bb btn_link=\u00bburl:https%3A%2F%2Fwa.me%2F50325280303%3Ftext%3DHola%2C%2520me%2520gustaria%2520obtener%2520asesor%C3%ADa%2520legal%2520por%2520parte%2520de%2520ustedes.|title:(%2B503)%202528-0303&#8243;]\u00a1Cont\u00e1ctanos hoy mismo y obt\u00e9n asesor\u00eda personalizada!<\/p>\n<p><a href=\"#\" class=\"pps-btn pps-button-popup-6780 pps-button-popup \"  title=\"Solicitar Consulta\">Solicitar Consulta<\/a>[\/vc_cta][\/vc_column][vc_column width=\u00bb1\/3&#8243;][\/vc_column][\/vc_row][vc_row][vc_column][vc_column_text]<\/p>\n<p>[\/vc_column_text][\/vc_column][\/vc_row]<\/p>\n<\/div>","protected":false},"excerpt":{"rendered":"<p>[vc_row][vc_column][vc_column_text] Preguntas frecuentes sobre constituir sociedad en El Salvador \u00bfC\u00f3mo constituir una Sociedad en El Salvador? Una Sociedad independientemente sea de personas o de Capitales se constituye en escritura p\u00fablica ante un Notario salvadore\u00f1o, mediante la voluntad de dos o mas personas naturales o jur\u00eddicas nacionales o extranjeras que pongan su voluntad, que estipulen bienes&hellip;<\/p>\n","protected":false},"author":1,"featured_media":0,"parent":0,"menu_order":0,"comment_status":"closed","ping_status":"closed","template":"","meta":{"rs_blank_template":"","rs_page_bg_color":"","slide_template_v7":"","_uag_custom_page_level_css":"","footnotes":""},"class_list":["post-5627","page","type-page","status-publish","hentry","description-off"],"yoast_head":"<!-- This site is optimized with the Yoast SEO Premium plugin v27.3 (Yoast SEO v27.4) - https:\/\/yoast.com\/product\/yoast-seo-premium-wordpress\/ -->\n<title>Preguntas frecuentes como constituir sociedad en El Salvador<\/title>\n<meta name=\"description\" content=\"Si tienes preguntas sobre como constituir sociedad en El Salvador, lee nuestro apartado de las preguntas m\u00e1s frecuentes sobre este tema.\" \/>\n<meta name=\"robots\" content=\"index, follow, max-snippet:-1, max-image-preview:large, max-video-preview:-1\" \/>\n<link rel=\"canonical\" href=\"https:\/\/elsalvadoroutsourcing.com\/es\/preguntas-frecuentes-como-constituir-sociedad-en-el-salvador\/\" \/>\n<meta property=\"og:locale\" content=\"es_ES\" \/>\n<meta property=\"og:type\" content=\"article\" \/>\n<meta property=\"og:title\" content=\"Preguntas frecuentes como constituir sociedad en El Salvador\" \/>\n<meta property=\"og:description\" content=\"Si tienes preguntas sobre como constituir sociedad en El Salvador, lee nuestro apartado de las preguntas m\u00e1s frecuentes sobre este tema.\" \/>\n<meta property=\"og:url\" content=\"https:\/\/elsalvadoroutsourcing.com\/es\/preguntas-frecuentes-como-constituir-sociedad-en-el-salvador\/\" \/>\n<meta property=\"og:site_name\" content=\"El Salvador Outsourcing - Interbiznet - Asesores legales\" \/>\n<meta property=\"article:publisher\" content=\"https:\/\/www.facebook.com\/interbiznet\/\" \/>\n<meta property=\"article:modified_time\" content=\"2024-01-30T20:05:07+00:00\" \/>\n<meta property=\"og:image\" content=\"https:\/\/elsalvadoroutsourcing.com\/wp-content\/uploads\/2023\/08\/Interbiznet-scaled.jpg\" \/>\n\t<meta property=\"og:image:width\" content=\"2560\" \/>\n\t<meta property=\"og:image:height\" content=\"1978\" \/>\n\t<meta property=\"og:image:type\" content=\"image\/jpeg\" \/>\n<meta name=\"twitter:card\" content=\"summary_large_image\" \/>\n<meta name=\"twitter:title\" content=\"Preguntas frecuentes como constituir sociedad en El Salvador\" \/>\n<meta name=\"twitter:description\" content=\"Si tienes preguntas sobre como constituir sociedad en El Salvador, lee nuestro apartado de las preguntas m\u00e1s frecuentes sobre este tema.\" \/>\n<meta name=\"twitter:site\" content=\"@InterbiznetSV\" \/>\n<meta name=\"twitter:label1\" content=\"Tiempo de lectura\" \/>\n\t<meta name=\"twitter:data1\" content=\"4 minutos\" \/>\n<script type=\"application\/ld+json\" class=\"yoast-schema-graph\">{\"@context\":\"https:\\\/\\\/schema.org\",\"@graph\":[{\"@type\":\"WebPage\",\"@id\":\"https:\\\/\\\/elsalvadoroutsourcing.com\\\/es\\\/preguntas-frecuentes-como-constituir-sociedad-en-el-salvador\\\/\",\"url\":\"https:\\\/\\\/elsalvadoroutsourcing.com\\\/es\\\/preguntas-frecuentes-como-constituir-sociedad-en-el-salvador\\\/\",\"name\":\"Preguntas frecuentes como constituir sociedad en El Salvador\",\"isPartOf\":{\"@id\":\"https:\\\/\\\/elsalvadoroutsourcing.com\\\/es\\\/#website\"},\"datePublished\":\"2022-09-12T15:22:53+00:00\",\"dateModified\":\"2024-01-30T20:05:07+00:00\",\"description\":\"Si tienes preguntas sobre como constituir sociedad en El Salvador, lee nuestro apartado de las preguntas m\u00e1s frecuentes sobre este tema.\",\"breadcrumb\":{\"@id\":\"https:\\\/\\\/elsalvadoroutsourcing.com\\\/es\\\/preguntas-frecuentes-como-constituir-sociedad-en-el-salvador\\\/#breadcrumb\"},\"inLanguage\":\"es\",\"potentialAction\":[{\"@type\":\"ReadAction\",\"target\":[\"https:\\\/\\\/elsalvadoroutsourcing.com\\\/es\\\/preguntas-frecuentes-como-constituir-sociedad-en-el-salvador\\\/\"]}]},{\"@type\":\"BreadcrumbList\",\"@id\":\"https:\\\/\\\/elsalvadoroutsourcing.com\\\/es\\\/preguntas-frecuentes-como-constituir-sociedad-en-el-salvador\\\/#breadcrumb\",\"itemListElement\":[{\"@type\":\"ListItem\",\"position\":1,\"name\":\"Portada\",\"item\":\"https:\\\/\\\/elsalvadoroutsourcing.com\\\/es\\\/\"},{\"@type\":\"ListItem\",\"position\":2,\"name\":\"Preguntas Frecuentes \u2013 Constituir Sociedad en El Salvador\"}]},{\"@type\":\"WebSite\",\"@id\":\"https:\\\/\\\/elsalvadoroutsourcing.com\\\/es\\\/#website\",\"url\":\"https:\\\/\\\/elsalvadoroutsourcing.com\\\/es\\\/\",\"name\":\"El Salvador Outsourcing - Interbiznet - Asesores legales\",\"description\":\"Outsourcing de El Salvador\",\"publisher\":{\"@id\":\"https:\\\/\\\/elsalvadoroutsourcing.com\\\/es\\\/#organization\"},\"potentialAction\":[{\"@type\":\"SearchAction\",\"target\":{\"@type\":\"EntryPoint\",\"urlTemplate\":\"https:\\\/\\\/elsalvadoroutsourcing.com\\\/es\\\/?s={search_term_string}\"},\"query-input\":{\"@type\":\"PropertyValueSpecification\",\"valueRequired\":true,\"valueName\":\"search_term_string\"}}],\"inLanguage\":\"es\"},{\"@type\":[\"Organization\",\"Place\",\"LegalService\"],\"@id\":\"https:\\\/\\\/elsalvadoroutsourcing.com\\\/es\\\/#organization\",\"name\":\"Interbiznet, S.A de C.V.; Firma de abogados y despacho contable en El Salvador\",\"alternateName\":\"Interbiznet, Firma de Abogados y Despacho Contable\",\"url\":\"https:\\\/\\\/elsalvadoroutsourcing.com\\\/es\\\/\",\"logo\":{\"@id\":\"https:\\\/\\\/elsalvadoroutsourcing.com\\\/es\\\/preguntas-frecuentes-como-constituir-sociedad-en-el-salvador\\\/#local-main-organization-logo\"},\"image\":{\"@id\":\"https:\\\/\\\/elsalvadoroutsourcing.com\\\/es\\\/preguntas-frecuentes-como-constituir-sociedad-en-el-salvador\\\/#local-main-organization-logo\"},\"sameAs\":[\"https:\\\/\\\/www.facebook.com\\\/interbiznet\\\/\",\"https:\\\/\\\/x.com\\\/InterbiznetSV\",\"https:\\\/\\\/sv.linkedin.com\\\/company\\\/interbiznet\",\"https:\\\/\\\/www.youtube.com\\\/@InterBizNetSanSalvador\\\/videos\",\"https:\\\/\\\/www.instagram.com\\\/interbiznetsv\\\/\"],\"address\":{\"@id\":\"https:\\\/\\\/elsalvadoroutsourcing.com\\\/es\\\/preguntas-frecuentes-como-constituir-sociedad-en-el-salvador\\\/#local-main-place-address\"},\"geo\":{\"@type\":\"GeoCoordinates\",\"latitude\":\"13.7097358\",\"longitude\":\"-89.24044321\"},\"telephone\":[\"+503 2528 0303\",\"+305 728-8634\"],\"openingHoursSpecification\":[{\"@type\":\"OpeningHoursSpecification\",\"dayOfWeek\":[\"Monday\",\"Tuesday\",\"Wednesday\",\"Thursday\",\"Friday\"],\"opens\":\"08:00\",\"closes\":\"17:00\"},{\"@type\":\"OpeningHoursSpecification\",\"dayOfWeek\":[\"Saturday\",\"Sunday\"],\"opens\":\"00:00\",\"closes\":\"00:00\"}],\"email\":\"info@elsalvadoroutsourcing.com\",\"faxNumber\":\"+503 2264-6157\",\"priceRange\":\"$\",\"currenciesAccepted\":\"USD\"},{\"@type\":\"PostalAddress\",\"@id\":\"https:\\\/\\\/elsalvadoroutsourcing.com\\\/es\\\/preguntas-frecuentes-como-constituir-sociedad-en-el-salvador\\\/#local-main-place-address\",\"streetAddress\":\"13 Calle Poniente No. 4425, entre 85 y, 87 Avenida Norte,\",\"addressLocality\":\"San Salvador\",\"postalCode\":\"01101\",\"addressRegion\":\"San Salvador\",\"addressCountry\":\"SV\"},{\"@type\":\"ImageObject\",\"inLanguage\":\"es\",\"@id\":\"https:\\\/\\\/elsalvadoroutsourcing.com\\\/es\\\/preguntas-frecuentes-como-constituir-sociedad-en-el-salvador\\\/#local-main-organization-logo\",\"url\":\"https:\\\/\\\/elsalvadoroutsourcing.com\\\/wp-content\\\/uploads\\\/2022\\\/10\\\/logo-negro_Mesa-de-trabajo-1.png\",\"contentUrl\":\"https:\\\/\\\/elsalvadoroutsourcing.com\\\/wp-content\\\/uploads\\\/2022\\\/10\\\/logo-negro_Mesa-de-trabajo-1.png\",\"width\":3300,\"height\":2550,\"caption\":\"Interbiznet, S.A de C.V.; Firma de abogados y despacho contable en El Salvador\"}]}<\/script>\n<meta name=\"geo.placename\" content=\"San Salvador\" \/>\n<meta name=\"geo.position\" content=\"13.7097358;-89.24044321\" \/>\n<meta name=\"geo.region\" content=\"El Salvador\" \/>\n<!-- \/ Yoast SEO Premium plugin. -->","yoast_head_json":{"title":"Preguntas frecuentes como constituir sociedad en El Salvador","description":"Si tienes preguntas sobre como constituir sociedad en El Salvador, lee nuestro apartado de las preguntas m\u00e1s frecuentes sobre este tema.","robots":{"index":"index","follow":"follow","max-snippet":"max-snippet:-1","max-image-preview":"max-image-preview:large","max-video-preview":"max-video-preview:-1"},"canonical":"https:\/\/elsalvadoroutsourcing.com\/es\/preguntas-frecuentes-como-constituir-sociedad-en-el-salvador\/","og_locale":"es_ES","og_type":"article","og_title":"Preguntas frecuentes como constituir sociedad en El Salvador","og_description":"Si tienes preguntas sobre como constituir sociedad en El Salvador, lee nuestro apartado de las preguntas m\u00e1s frecuentes sobre este tema.","og_url":"https:\/\/elsalvadoroutsourcing.com\/es\/preguntas-frecuentes-como-constituir-sociedad-en-el-salvador\/","og_site_name":"El Salvador Outsourcing - Interbiznet - Asesores legales","article_publisher":"https:\/\/www.facebook.com\/interbiznet\/","article_modified_time":"2024-01-30T20:05:07+00:00","og_image":[{"width":2560,"height":1978,"url":"https:\/\/elsalvadoroutsourcing.com\/wp-content\/uploads\/2023\/08\/Interbiznet-scaled.jpg","type":"image\/jpeg"}],"twitter_card":"summary_large_image","twitter_title":"Preguntas frecuentes como constituir sociedad en El Salvador","twitter_description":"Si tienes preguntas sobre como constituir sociedad en El Salvador, lee nuestro apartado de las preguntas m\u00e1s frecuentes sobre este tema.","twitter_site":"@InterbiznetSV","twitter_misc":{"Tiempo de lectura":"4 minutos"},"schema":{"@context":"https:\/\/schema.org","@graph":[{"@type":"WebPage","@id":"https:\/\/elsalvadoroutsourcing.com\/es\/preguntas-frecuentes-como-constituir-sociedad-en-el-salvador\/","url":"https:\/\/elsalvadoroutsourcing.com\/es\/preguntas-frecuentes-como-constituir-sociedad-en-el-salvador\/","name":"Preguntas frecuentes como constituir sociedad en El Salvador","isPartOf":{"@id":"https:\/\/elsalvadoroutsourcing.com\/es\/#website"},"datePublished":"2022-09-12T15:22:53+00:00","dateModified":"2024-01-30T20:05:07+00:00","description":"Si tienes preguntas sobre como constituir sociedad en El Salvador, lee nuestro apartado de las preguntas m\u00e1s frecuentes sobre este tema.","breadcrumb":{"@id":"https:\/\/elsalvadoroutsourcing.com\/es\/preguntas-frecuentes-como-constituir-sociedad-en-el-salvador\/#breadcrumb"},"inLanguage":"es","potentialAction":[{"@type":"ReadAction","target":["https:\/\/elsalvadoroutsourcing.com\/es\/preguntas-frecuentes-como-constituir-sociedad-en-el-salvador\/"]}]},{"@type":"BreadcrumbList","@id":"https:\/\/elsalvadoroutsourcing.com\/es\/preguntas-frecuentes-como-constituir-sociedad-en-el-salvador\/#breadcrumb","itemListElement":[{"@type":"ListItem","position":1,"name":"Portada","item":"https:\/\/elsalvadoroutsourcing.com\/es\/"},{"@type":"ListItem","position":2,"name":"Preguntas Frecuentes \u2013 Constituir Sociedad en El Salvador"}]},{"@type":"WebSite","@id":"https:\/\/elsalvadoroutsourcing.com\/es\/#website","url":"https:\/\/elsalvadoroutsourcing.com\/es\/","name":"El Salvador Outsourcing - Interbiznet - Asesores legales","description":"Outsourcing de El Salvador","publisher":{"@id":"https:\/\/elsalvadoroutsourcing.com\/es\/#organization"},"potentialAction":[{"@type":"SearchAction","target":{"@type":"EntryPoint","urlTemplate":"https:\/\/elsalvadoroutsourcing.com\/es\/?s={search_term_string}"},"query-input":{"@type":"PropertyValueSpecification","valueRequired":true,"valueName":"search_term_string"}}],"inLanguage":"es"},{"@type":["Organization","Place","LegalService"],"@id":"https:\/\/elsalvadoroutsourcing.com\/es\/#organization","name":"Interbiznet, S.A de C.V.; Firma de abogados y despacho contable en El Salvador","alternateName":"Interbiznet, Firma de Abogados y Despacho Contable","url":"https:\/\/elsalvadoroutsourcing.com\/es\/","logo":{"@id":"https:\/\/elsalvadoroutsourcing.com\/es\/preguntas-frecuentes-como-constituir-sociedad-en-el-salvador\/#local-main-organization-logo"},"image":{"@id":"https:\/\/elsalvadoroutsourcing.com\/es\/preguntas-frecuentes-como-constituir-sociedad-en-el-salvador\/#local-main-organization-logo"},"sameAs":["https:\/\/www.facebook.com\/interbiznet\/","https:\/\/x.com\/InterbiznetSV","https:\/\/sv.linkedin.com\/company\/interbiznet","https:\/\/www.youtube.com\/@InterBizNetSanSalvador\/videos","https:\/\/www.instagram.com\/interbiznetsv\/"],"address":{"@id":"https:\/\/elsalvadoroutsourcing.com\/es\/preguntas-frecuentes-como-constituir-sociedad-en-el-salvador\/#local-main-place-address"},"geo":{"@type":"GeoCoordinates","latitude":"13.7097358","longitude":"-89.24044321"},"telephone":["+503 2528 0303","+305 728-8634"],"openingHoursSpecification":[{"@type":"OpeningHoursSpecification","dayOfWeek":["Monday","Tuesday","Wednesday","Thursday","Friday"],"opens":"08:00","closes":"17:00"},{"@type":"OpeningHoursSpecification","dayOfWeek":["Saturday","Sunday"],"opens":"00:00","closes":"00:00"}],"email":"info@elsalvadoroutsourcing.com","faxNumber":"+503 2264-6157","priceRange":"$","currenciesAccepted":"USD"},{"@type":"PostalAddress","@id":"https:\/\/elsalvadoroutsourcing.com\/es\/preguntas-frecuentes-como-constituir-sociedad-en-el-salvador\/#local-main-place-address","streetAddress":"13 Calle Poniente No. 4425, entre 85 y, 87 Avenida Norte,","addressLocality":"San Salvador","postalCode":"01101","addressRegion":"San Salvador","addressCountry":"SV"},{"@type":"ImageObject","inLanguage":"es","@id":"https:\/\/elsalvadoroutsourcing.com\/es\/preguntas-frecuentes-como-constituir-sociedad-en-el-salvador\/#local-main-organization-logo","url":"https:\/\/elsalvadoroutsourcing.com\/wp-content\/uploads\/2022\/10\/logo-negro_Mesa-de-trabajo-1.png","contentUrl":"https:\/\/elsalvadoroutsourcing.com\/wp-content\/uploads\/2022\/10\/logo-negro_Mesa-de-trabajo-1.png","width":3300,"height":2550,"caption":"Interbiznet, S.A de C.V.; Firma de abogados y despacho contable en El Salvador"}]},"geo.placename":"San Salvador","geo.position":{"lat":"13.7097358","long":"-89.24044321"},"geo.region":"El Salvador"},"uagb_featured_image_src":{"full":false,"thumbnail":false,"medium":false,"medium_large":false,"large":false,"1536x1536":false,"2048x2048":false,"woocommerce_thumbnail":false,"woocommerce_single":false,"woocommerce_gallery_thumbnail":false},"uagb_author_info":{"display_name":"interbiznet-master","author_link":"https:\/\/elsalvadoroutsourcing.com\/es\/author\/interbiznet-master\/"},"uagb_comment_info":0,"uagb_excerpt":"[vc_row][vc_column][vc_column_text] Preguntas frecuentes sobre constituir sociedad en El Salvador \u00bfC\u00f3mo constituir una Sociedad en El Salvador? Una Sociedad independientemente sea de personas o de Capitales se constituye en escritura p\u00fablica ante un Notario salvadore\u00f1o, mediante la voluntad de dos o mas personas naturales o jur\u00eddicas nacionales o extranjeras que pongan su voluntad, que estipulen bienes&hellip;","_links":{"self":[{"href":"https:\/\/elsalvadoroutsourcing.com\/es\/wp-json\/wp\/v2\/pages\/5627","targetHints":{"allow":["GET"]}}],"collection":[{"href":"https:\/\/elsalvadoroutsourcing.com\/es\/wp-json\/wp\/v2\/pages"}],"about":[{"href":"https:\/\/elsalvadoroutsourcing.com\/es\/wp-json\/wp\/v2\/types\/page"}],"author":[{"embeddable":true,"href":"https:\/\/elsalvadoroutsourcing.com\/es\/wp-json\/wp\/v2\/users\/1"}],"replies":[{"embeddable":true,"href":"https:\/\/elsalvadoroutsourcing.com\/es\/wp-json\/wp\/v2\/comments?post=5627"}],"version-history":[{"count":0,"href":"https:\/\/elsalvadoroutsourcing.com\/es\/wp-json\/wp\/v2\/pages\/5627\/revisions"}],"wp:attachment":[{"href":"https:\/\/elsalvadoroutsourcing.com\/es\/wp-json\/wp\/v2\/media?parent=5627"}],"curies":[{"name":"wp","href":"https:\/\/api.w.org\/{rel}","templated":true}]}}