{"id":5623,"date":"2022-09-12T09:17:01","date_gmt":"2022-09-12T15:17:01","guid":{"rendered":"https:\/\/elsalvadoroutsourcing.com\/?page_id=5623"},"modified":"2024-01-25T12:11:48","modified_gmt":"2024-01-25T18:11:48","slug":"requisitos-para-constituir-una-sociedad-en-el-salvador","status":"publish","type":"page","link":"https:\/\/elsalvadoroutsourcing.com\/es\/requisitos-para-constituir-una-sociedad-en-el-salvador\/","title":{"rendered":"Requisitos para constituir una sociedad en El Salvador"},"content":{"rendered":"<div class=\"wpb-content-wrapper\"><p>[vc_row][vc_column][vc_column_text]<\/p>\n<h2 style=\"text-align: center;\"><strong>\u00bfCu\u00e1les son los requisitos para constituir una Sociedad en El Salvador<\/strong><strong>?<\/strong><\/h2>\n<p>[\/vc_column_text][vc_column_text]<\/p>\n<div class=\"fl-module fl-module-rich-text fl-node-612e5e229f309 fl-animation fl-fade-up fl-animated\" data-node=\"612e5e229f309\" data-animation-delay=\"0\" data-animation-duration=\"1\">\n<div class=\"fl-module-content fl-node-content\">\n<div class=\"fl-rich-text\">\n<p style=\"text-align: justify;\">A continuaci\u00f3n, nuestra firma le brinda los requisitos para <a href=\"https:\/\/elsalvadoroutsourcing.com\/servicios-legales-en-el-salvador\/constitucion-de-sociedades-el-salvador\/\">constituir una sociedad en El Salvador<\/a>. Para m\u00e1s <a href=\"https:\/\/elsalvadoroutsourcing.com\/servicios-legales-en-el-salvador\/constitucion-de-sociedades-el-salvador\/preguntas-frecuentes-como-constituir-sociedad-en-el-salvador\/\">informaci\u00f3n<\/a> sobre c\u00f3mo constituir una Sociedad An\u00f3nima de Capital Variable (S.A. de C. V.) favor <a href=\"https:\/\/elsalvadoroutsourcing.com\/contactar-con-abogados-en-el-salvador\/\">ponerse en contacto con nosotros<\/a>.<\/p>\n<ol>\n<li style=\"text-align: justify;\">Indicar c\u00f3mo se le llamar\u00e1 a la sociedad en El Salvador con el fin de consultar su disponibilidad en el <a href=\"https:\/\/www.cnr.gob.sv\/\" target=\"_blank\" rel=\"noopener\">Centro Nacional de Registros<\/a>.<\/li>\n<\/ol>\n<ol start=\"2\">\n<li style=\"text-align: justify;\">Copias escaneadas de documentos de identificaci\u00f3n de todos los accionistas. El documento \u00danico de Identidad (DUI) en caso los accionistas sean salvadore\u00f1os o pasaporte vigente en caso sean extranjeros.Las <a href=\"https:\/\/elsalvadoroutsourcing.com\/leyes-y-modelos-de-documentos-de-el-salvador\/leyes-de-el-salvador-leyes-tributarias-de-el-salvador\/\">leyes salvadore\u00f1as<\/a> estipulan que deber\u00e1n ser al menos 2 accionistas; estos pueden ser personas naturales (f\u00edsicas) o jur\u00eddicas (entidades). En caso los accionistas sean personas jur\u00eddicas, estas deben proporcionar una copia certificada por notario de la<a href=\"https:\/\/elsalvadoroutsourcing.com\/que-hacer-luego-constituir-sociedad-el-salvador\/\"> escritura de constituci\u00f3n o estatutos<\/a> y cualquier modificaci\u00f3n que estos hayan sufrido; as\u00ed mismo, deber\u00e1n proveer el documento que acredite a aquel facultado para representar la sociedad, ya sea quien ejerza el cargo de administrador o director presidente; y quien deber\u00e1 otorgar el poder para <a href=\"https:\/\/elsalvadoroutsourcing.com\/articulos-de-el-salvador\/\">la sociedad en El Salvador<\/a>.<\/li>\n<\/ol>\n<ol start=\"3\">\n<li style=\"text-align: justify;\">Copias escaneadas de las Tarjetas con el N\u00famero de Identificaci\u00f3n Tributaria (NIT) de todos los accionistas, inclusive si estos son extranjeros. En caso de ser extranjeros y no poseer este documento, nuestra firma puede ayudarles a obtenerlo.<\/li>\n<\/ol>\n<ol start=\"4\">\n<li style=\"text-align: justify;\">Solvencia municipal de los accionistas, en caso estos sean salvadore\u00f1os o extranjeros que residen en El Salvador.<\/li>\n<\/ol>\n<ol start=\"5\">\n<li style=\"text-align: justify;\">Proveer un capital m\u00ednimo de 2,000.00 USD. De este se deber\u00e1 pagar al menos un 5% (100 USD) por medio de un cheque certificado a nombre de <a href=\"https:\/\/elsalvadoroutsourcing.com\/servicios-legales-en-el-salvador\/constitucion-de-sociedades-el-salvador\/pasos-para-constituir-sociedad-el-salvador\/\">la sociedad a constituir<\/a> al momento de su constituci\u00f3n en El Salvador.En caso la sociedad se constituya con el capital m\u00ednimo y que ninguno de sus accionistas pueda proporcionar el cheque certificado, nuestra firma se encargar\u00e1 de este pago sin ning\u00fan costo adicional.A partir de la fecha de constituci\u00f3n de la sociedad en El Salvador, los socios tendr\u00e1n un a\u00f1o para pagar el resto del capital a esta.<\/li>\n<\/ol>\n<ol start=\"6\">\n<li style=\"text-align: justify;\">Indicar el Domicilio Tributario o Fiscal que tendr\u00e1 la sociedad a constituir. En caso de no poseer un domicilio en el territorio salvadore\u00f1o, nuestra firma tambi\u00e9n puede brindarle el servicio de direcci\u00f3n registrada para su sociedad en El Salvador; no obstante, este servicio tiene una tarifa mensual.<\/li>\n<\/ol>\n<ol start=\"7\">\n<li style=\"text-align: justify;\">Indicar cu\u00e1l ser\u00e1 la actividad\/ finalidad de la sociedad en El Salvador.<\/li>\n<\/ol>\n<ol start=\"8\">\n<li style=\"text-align: justify;\">Establecer quien o quienes ser\u00e1n el Representante Legal de la sociedad en El Salvador; as\u00ed sea un administrador \u00fanico y su suplente o una junta directiva.<\/li>\n<\/ol>\n<ol start=\"9\">\n<li style=\"text-align: justify;\">Definir el porcentaje de acciones que tendr\u00e1 cada accionista.<\/li>\n<\/ol>\n<ol start=\"10\">\n<li style=\"text-align: justify;\">Comparecer a firmar la escritura de<a href=\"https:\/\/elsalvadoroutsourcing.com\/la-escritura-de-constitucion-de-una-sociedad-anonima-de-capital-variable-en-el-salvador\/\"> constituci\u00f3n de la sociedad en El Salvador<\/a>. En caso alguno de los accionistas no pueda presentarse de forma f\u00edsica a suscribir la escritura de constituci\u00f3n, puede hacerlo haciendo uso de un apoderado, para lo cual nosotros podemos proveer un modelo de poder.<\/li>\n<\/ol>\n<\/div>\n<\/div>\n<\/div>\n<p>[\/vc_column_text][vc_single_image image=\u00bb6840&#8243; img_size=\u00bbmedium\u00bb add_caption=\u00bbyes\u00bb alignment=\u00bbcenter\u00bb][\/vc_column][\/vc_row][vc_row][vc_column width=\u00bb2\/3&#8243;][vc_column_text]<\/p>\n<p>[\/vc_column_text][vc_cta h2=\u00bb\u00bfNecesitas asesor\u00eda sobre los requisitos para constituir una empresa en El Salvador?\u00bb h2_font_container=\u00bbtag:h3|text_align:left\u00bb h2_use_theme_fonts=\u00bbyes\u00bb add_button=\u00bbbottom\u00bb btn_title=\u00bbIniciar Asesor\u00eda\u00bb btn_color=\u00bbgreen\u00bb btn_i_icon_fontawesome=\u00bbfab fa-whatsapp\u00bb use_custom_fonts_h2=\u00bbtrue\u00bb btn_add_icon=\u00bbtrue\u00bb btn_link=\u00bburl:https%3A%2F%2Fwa.me%2F50325280303%3Ftext%3DHola%2C%2520me%2520gustaria%2520obtener%2520asesor%C3%ADa%2520legal%2520por%2520parte%2520de%2520ustedes.|title:(%2B503)%202528-0303&#8243;]\u00a1Cont\u00e1ctanos hoy mismo y obt\u00e9n asesor\u00eda personalizada!<\/p>\n<p><a href=\"#\" class=\"pps-btn pps-button-popup-6780 pps-button-popup \"  title=\"Solicitar Consulta\">Solicitar Consulta<\/a>[\/vc_cta][\/vc_column][vc_column width=\u00bb1\/3&#8243;][vc_column_text]<\/p>\n<h3 class=\"ult-responsive info-list-heading\" data-ultimate-target=\"#Info-list-wrap-1114 h3\" data-responsive-json-new=\"{&quot;font-size&quot;:&quot;desktop:16px;&quot;,&quot;line-height&quot;:&quot;desktop:24px;&quot;}\"><a href=\"https:\/\/elsalvadoroutsourcing.com\/iniciar-una-empresa-en-el-salvador\/\">\u00bfQu\u00e9 es una Sociedad An\u00f3nima (SA) en El Salvador?<\/a><\/h3>\n<p style=\"text-align: justify;\">Es una empresa en El Salvador establecida bajo una denominaci\u00f3n \u00fanica, seguida inmediatamente por \u201cSociedad An\u00f3nima\u201d o \u201cS.A.\u201d La responsabilidad de los accionistas se limita al valor de su aporte. Ideal para empresas en El Salvador de mediano o gran tama\u00f1o que buscan recaudar capital mediante la venta de acciones. (Art\u00edculos del 191 295 del C\u00f3digo de Comercio de El Salvador).<\/p>\n<p>[\/vc_column_text][\/vc_column][\/vc_row]<\/p>\n<\/div>","protected":false},"excerpt":{"rendered":"<p>[vc_row][vc_column][vc_column_text] \u00bfCu\u00e1les son los requisitos para constituir una Sociedad en El Salvador? [\/vc_column_text][vc_column_text] A continuaci\u00f3n, nuestra firma le brinda los requisitos para constituir una sociedad en El Salvador. Para m\u00e1s informaci\u00f3n sobre c\u00f3mo constituir una Sociedad An\u00f3nima de Capital Variable (S.A. de C. V.) favor ponerse en contacto con nosotros. Indicar c\u00f3mo se le llamar\u00e1&hellip;<\/p>\n","protected":false},"author":1,"featured_media":0,"parent":0,"menu_order":0,"comment_status":"closed","ping_status":"closed","template":"","meta":{"rs_blank_template":"","rs_page_bg_color":"","slide_template_v7":"","_uag_custom_page_level_css":"","footnotes":""},"class_list":["post-5623","page","type-page","status-publish","hentry","description-off"],"yoast_head":"<!-- This site is optimized with the Yoast SEO Premium plugin v27.3 (Yoast SEO v27.6) - https:\/\/yoast.com\/product\/yoast-seo-premium-wordpress\/ -->\n<title>Requisitos para constituir una sociedad en El Salvador<\/title>\n<meta name=\"description\" content=\"A continuaci\u00f3n, nuestra firma le brinda los requisitos para constituir una sociedad en El Salvador y una Sociedad an\u00f3nima de capital variable\" \/>\n<meta name=\"robots\" content=\"index, follow, max-snippet:-1, max-image-preview:large, max-video-preview:-1\" \/>\n<link rel=\"canonical\" href=\"https:\/\/elsalvadoroutsourcing.com\/es\/requisitos-para-constituir-una-sociedad-en-el-salvador\/\" \/>\n<meta property=\"og:locale\" content=\"es_ES\" \/>\n<meta property=\"og:type\" content=\"article\" \/>\n<meta property=\"og:title\" content=\"Requisitos para constituir una sociedad en El Salvador\" \/>\n<meta property=\"og:description\" content=\"A continuaci\u00f3n, nuestra firma le brinda los requisitos para constituir una sociedad an\u00f3nima de capital variable en El Salvador.\" \/>\n<meta property=\"og:url\" content=\"https:\/\/elsalvadoroutsourcing.com\/es\/requisitos-para-constituir-una-sociedad-en-el-salvador\/\" \/>\n<meta property=\"og:site_name\" content=\"El Salvador Outsourcing - Interbiznet - Asesores legales\" \/>\n<meta property=\"article:publisher\" content=\"https:\/\/www.facebook.com\/interbiznet\/\" \/>\n<meta property=\"article:modified_time\" content=\"2024-01-25T18:11:48+00:00\" \/>\n<meta property=\"og:image\" content=\"https:\/\/elsalvadoroutsourcing.com\/wp-content\/uploads\/2023\/08\/Interbiznet-scaled.jpg\" \/>\n\t<meta property=\"og:image:width\" content=\"2560\" \/>\n\t<meta property=\"og:image:height\" content=\"1978\" \/>\n\t<meta property=\"og:image:type\" content=\"image\/jpeg\" \/>\n<meta name=\"twitter:card\" content=\"summary_large_image\" \/>\n<meta name=\"twitter:title\" content=\"Requisitos para constituir una sociedad en El Salvador\" \/>\n<meta name=\"twitter:description\" content=\"A continuaci\u00f3n, nuestra firma le brinda los requisitos para constituir una sociedad an\u00f3nima de capital variable en El Salvador.\" \/>\n<meta name=\"twitter:site\" content=\"@InterbiznetSV\" \/>\n<meta name=\"twitter:label1\" content=\"Tiempo de lectura\" \/>\n\t<meta name=\"twitter:data1\" content=\"3 minutos\" \/>\n<script type=\"application\/ld+json\" class=\"yoast-schema-graph\">{\"@context\":\"https:\\\/\\\/schema.org\",\"@graph\":[{\"@type\":\"WebPage\",\"@id\":\"https:\\\/\\\/elsalvadoroutsourcing.com\\\/es\\\/requisitos-para-constituir-una-sociedad-en-el-salvador\\\/\",\"url\":\"https:\\\/\\\/elsalvadoroutsourcing.com\\\/es\\\/requisitos-para-constituir-una-sociedad-en-el-salvador\\\/\",\"name\":\"Requisitos para constituir una sociedad en El Salvador\",\"isPartOf\":{\"@id\":\"https:\\\/\\\/elsalvadoroutsourcing.com\\\/es\\\/#website\"},\"datePublished\":\"2022-09-12T15:17:01+00:00\",\"dateModified\":\"2024-01-25T18:11:48+00:00\",\"description\":\"A continuaci\u00f3n, nuestra firma le brinda los requisitos para constituir una sociedad en El Salvador y una Sociedad an\u00f3nima de capital variable\",\"breadcrumb\":{\"@id\":\"https:\\\/\\\/elsalvadoroutsourcing.com\\\/es\\\/requisitos-para-constituir-una-sociedad-en-el-salvador\\\/#breadcrumb\"},\"inLanguage\":\"es\",\"potentialAction\":[{\"@type\":\"ReadAction\",\"target\":[\"https:\\\/\\\/elsalvadoroutsourcing.com\\\/es\\\/requisitos-para-constituir-una-sociedad-en-el-salvador\\\/\"]}]},{\"@type\":\"BreadcrumbList\",\"@id\":\"https:\\\/\\\/elsalvadoroutsourcing.com\\\/es\\\/requisitos-para-constituir-una-sociedad-en-el-salvador\\\/#breadcrumb\",\"itemListElement\":[{\"@type\":\"ListItem\",\"position\":1,\"name\":\"Portada\",\"item\":\"https:\\\/\\\/elsalvadoroutsourcing.com\\\/es\\\/\"},{\"@type\":\"ListItem\",\"position\":2,\"name\":\"Requisitos para constituir una sociedad en El Salvador\"}]},{\"@type\":\"WebSite\",\"@id\":\"https:\\\/\\\/elsalvadoroutsourcing.com\\\/es\\\/#website\",\"url\":\"https:\\\/\\\/elsalvadoroutsourcing.com\\\/es\\\/\",\"name\":\"El Salvador Outsourcing - Interbiznet - Asesores legales\",\"description\":\"Outsourcing de El Salvador\",\"publisher\":{\"@id\":\"https:\\\/\\\/elsalvadoroutsourcing.com\\\/es\\\/#organization\"},\"potentialAction\":[{\"@type\":\"SearchAction\",\"target\":{\"@type\":\"EntryPoint\",\"urlTemplate\":\"https:\\\/\\\/elsalvadoroutsourcing.com\\\/es\\\/?s={search_term_string}\"},\"query-input\":{\"@type\":\"PropertyValueSpecification\",\"valueRequired\":true,\"valueName\":\"search_term_string\"}}],\"inLanguage\":\"es\"},{\"@type\":[\"Organization\",\"Place\",\"LegalService\"],\"@id\":\"https:\\\/\\\/elsalvadoroutsourcing.com\\\/es\\\/#organization\",\"name\":\"Interbiznet, S.A de C.V.; Firma de abogados y despacho contable en El Salvador\",\"alternateName\":\"Interbiznet, Firma de Abogados y Despacho Contable\",\"url\":\"https:\\\/\\\/elsalvadoroutsourcing.com\\\/es\\\/\",\"logo\":{\"@id\":\"https:\\\/\\\/elsalvadoroutsourcing.com\\\/es\\\/requisitos-para-constituir-una-sociedad-en-el-salvador\\\/#local-main-organization-logo\"},\"image\":{\"@id\":\"https:\\\/\\\/elsalvadoroutsourcing.com\\\/es\\\/requisitos-para-constituir-una-sociedad-en-el-salvador\\\/#local-main-organization-logo\"},\"sameAs\":[\"https:\\\/\\\/www.facebook.com\\\/interbiznet\\\/\",\"https:\\\/\\\/x.com\\\/InterbiznetSV\",\"https:\\\/\\\/sv.linkedin.com\\\/company\\\/interbiznet\",\"https:\\\/\\\/www.youtube.com\\\/@InterBizNetSanSalvador\\\/videos\",\"https:\\\/\\\/www.instagram.com\\\/interbiznetsv\\\/\"],\"address\":{\"@id\":\"https:\\\/\\\/elsalvadoroutsourcing.com\\\/es\\\/requisitos-para-constituir-una-sociedad-en-el-salvador\\\/#local-main-place-address\"},\"geo\":{\"@type\":\"GeoCoordinates\",\"latitude\":\"13.7097358\",\"longitude\":\"-89.24044321\"},\"telephone\":[\"+503 2528 0303\",\"+305 728-8634\"],\"openingHoursSpecification\":[{\"@type\":\"OpeningHoursSpecification\",\"dayOfWeek\":[\"Monday\",\"Tuesday\",\"Wednesday\",\"Thursday\",\"Friday\"],\"opens\":\"08:00\",\"closes\":\"17:00\"},{\"@type\":\"OpeningHoursSpecification\",\"dayOfWeek\":[\"Saturday\",\"Sunday\"],\"opens\":\"00:00\",\"closes\":\"00:00\"}],\"email\":\"info@elsalvadoroutsourcing.com\",\"faxNumber\":\"+503 2264-6157\",\"priceRange\":\"$\",\"currenciesAccepted\":\"USD\"},{\"@type\":\"PostalAddress\",\"@id\":\"https:\\\/\\\/elsalvadoroutsourcing.com\\\/es\\\/requisitos-para-constituir-una-sociedad-en-el-salvador\\\/#local-main-place-address\",\"streetAddress\":\"13 Calle Poniente No. 4425, entre 85 y, 87 Avenida Norte,\",\"addressLocality\":\"San Salvador\",\"postalCode\":\"01101\",\"addressRegion\":\"San Salvador\",\"addressCountry\":\"SV\"},{\"@type\":\"ImageObject\",\"inLanguage\":\"es\",\"@id\":\"https:\\\/\\\/elsalvadoroutsourcing.com\\\/es\\\/requisitos-para-constituir-una-sociedad-en-el-salvador\\\/#local-main-organization-logo\",\"url\":\"https:\\\/\\\/elsalvadoroutsourcing.com\\\/wp-content\\\/uploads\\\/2022\\\/10\\\/logo-negro_Mesa-de-trabajo-1.png\",\"contentUrl\":\"https:\\\/\\\/elsalvadoroutsourcing.com\\\/wp-content\\\/uploads\\\/2022\\\/10\\\/logo-negro_Mesa-de-trabajo-1.png\",\"width\":3300,\"height\":2550,\"caption\":\"Interbiznet, S.A de C.V.; Firma de abogados y despacho contable en El Salvador\"}]}<\/script>\n<meta name=\"geo.placename\" content=\"San Salvador\" \/>\n<meta name=\"geo.position\" content=\"13.7097358;-89.24044321\" \/>\n<meta name=\"geo.region\" content=\"El Salvador\" \/>\n<!-- \/ Yoast SEO Premium plugin. -->","yoast_head_json":{"title":"Requisitos para constituir una sociedad en El Salvador","description":"A continuaci\u00f3n, nuestra firma le brinda los requisitos para constituir una sociedad en El Salvador y una Sociedad an\u00f3nima de capital variable","robots":{"index":"index","follow":"follow","max-snippet":"max-snippet:-1","max-image-preview":"max-image-preview:large","max-video-preview":"max-video-preview:-1"},"canonical":"https:\/\/elsalvadoroutsourcing.com\/es\/requisitos-para-constituir-una-sociedad-en-el-salvador\/","og_locale":"es_ES","og_type":"article","og_title":"Requisitos para constituir una sociedad en El Salvador","og_description":"A continuaci\u00f3n, nuestra firma le brinda los requisitos para constituir una sociedad an\u00f3nima de capital variable en El Salvador.","og_url":"https:\/\/elsalvadoroutsourcing.com\/es\/requisitos-para-constituir-una-sociedad-en-el-salvador\/","og_site_name":"El Salvador Outsourcing - Interbiznet - Asesores legales","article_publisher":"https:\/\/www.facebook.com\/interbiznet\/","article_modified_time":"2024-01-25T18:11:48+00:00","og_image":[{"width":2560,"height":1978,"url":"https:\/\/elsalvadoroutsourcing.com\/wp-content\/uploads\/2023\/08\/Interbiznet-scaled.jpg","type":"image\/jpeg"}],"twitter_card":"summary_large_image","twitter_title":"Requisitos para constituir una sociedad en El Salvador","twitter_description":"A continuaci\u00f3n, nuestra firma le brinda los requisitos para constituir una sociedad an\u00f3nima de capital variable en El Salvador.","twitter_site":"@InterbiznetSV","twitter_misc":{"Tiempo de lectura":"3 minutos"},"schema":{"@context":"https:\/\/schema.org","@graph":[{"@type":"WebPage","@id":"https:\/\/elsalvadoroutsourcing.com\/es\/requisitos-para-constituir-una-sociedad-en-el-salvador\/","url":"https:\/\/elsalvadoroutsourcing.com\/es\/requisitos-para-constituir-una-sociedad-en-el-salvador\/","name":"Requisitos para constituir una sociedad en El Salvador","isPartOf":{"@id":"https:\/\/elsalvadoroutsourcing.com\/es\/#website"},"datePublished":"2022-09-12T15:17:01+00:00","dateModified":"2024-01-25T18:11:48+00:00","description":"A continuaci\u00f3n, nuestra firma le brinda los requisitos para constituir una sociedad en El Salvador y una Sociedad an\u00f3nima de capital variable","breadcrumb":{"@id":"https:\/\/elsalvadoroutsourcing.com\/es\/requisitos-para-constituir-una-sociedad-en-el-salvador\/#breadcrumb"},"inLanguage":"es","potentialAction":[{"@type":"ReadAction","target":["https:\/\/elsalvadoroutsourcing.com\/es\/requisitos-para-constituir-una-sociedad-en-el-salvador\/"]}]},{"@type":"BreadcrumbList","@id":"https:\/\/elsalvadoroutsourcing.com\/es\/requisitos-para-constituir-una-sociedad-en-el-salvador\/#breadcrumb","itemListElement":[{"@type":"ListItem","position":1,"name":"Portada","item":"https:\/\/elsalvadoroutsourcing.com\/es\/"},{"@type":"ListItem","position":2,"name":"Requisitos para constituir una sociedad en El Salvador"}]},{"@type":"WebSite","@id":"https:\/\/elsalvadoroutsourcing.com\/es\/#website","url":"https:\/\/elsalvadoroutsourcing.com\/es\/","name":"El Salvador Outsourcing - Interbiznet - Asesores legales","description":"Outsourcing de El Salvador","publisher":{"@id":"https:\/\/elsalvadoroutsourcing.com\/es\/#organization"},"potentialAction":[{"@type":"SearchAction","target":{"@type":"EntryPoint","urlTemplate":"https:\/\/elsalvadoroutsourcing.com\/es\/?s={search_term_string}"},"query-input":{"@type":"PropertyValueSpecification","valueRequired":true,"valueName":"search_term_string"}}],"inLanguage":"es"},{"@type":["Organization","Place","LegalService"],"@id":"https:\/\/elsalvadoroutsourcing.com\/es\/#organization","name":"Interbiznet, S.A de C.V.; Firma de abogados y despacho contable en El Salvador","alternateName":"Interbiznet, Firma de Abogados y Despacho Contable","url":"https:\/\/elsalvadoroutsourcing.com\/es\/","logo":{"@id":"https:\/\/elsalvadoroutsourcing.com\/es\/requisitos-para-constituir-una-sociedad-en-el-salvador\/#local-main-organization-logo"},"image":{"@id":"https:\/\/elsalvadoroutsourcing.com\/es\/requisitos-para-constituir-una-sociedad-en-el-salvador\/#local-main-organization-logo"},"sameAs":["https:\/\/www.facebook.com\/interbiznet\/","https:\/\/x.com\/InterbiznetSV","https:\/\/sv.linkedin.com\/company\/interbiznet","https:\/\/www.youtube.com\/@InterBizNetSanSalvador\/videos","https:\/\/www.instagram.com\/interbiznetsv\/"],"address":{"@id":"https:\/\/elsalvadoroutsourcing.com\/es\/requisitos-para-constituir-una-sociedad-en-el-salvador\/#local-main-place-address"},"geo":{"@type":"GeoCoordinates","latitude":"13.7097358","longitude":"-89.24044321"},"telephone":["+503 2528 0303","+305 728-8634"],"openingHoursSpecification":[{"@type":"OpeningHoursSpecification","dayOfWeek":["Monday","Tuesday","Wednesday","Thursday","Friday"],"opens":"08:00","closes":"17:00"},{"@type":"OpeningHoursSpecification","dayOfWeek":["Saturday","Sunday"],"opens":"00:00","closes":"00:00"}],"email":"info@elsalvadoroutsourcing.com","faxNumber":"+503 2264-6157","priceRange":"$","currenciesAccepted":"USD"},{"@type":"PostalAddress","@id":"https:\/\/elsalvadoroutsourcing.com\/es\/requisitos-para-constituir-una-sociedad-en-el-salvador\/#local-main-place-address","streetAddress":"13 Calle Poniente No. 4425, entre 85 y, 87 Avenida Norte,","addressLocality":"San Salvador","postalCode":"01101","addressRegion":"San Salvador","addressCountry":"SV"},{"@type":"ImageObject","inLanguage":"es","@id":"https:\/\/elsalvadoroutsourcing.com\/es\/requisitos-para-constituir-una-sociedad-en-el-salvador\/#local-main-organization-logo","url":"https:\/\/elsalvadoroutsourcing.com\/wp-content\/uploads\/2022\/10\/logo-negro_Mesa-de-trabajo-1.png","contentUrl":"https:\/\/elsalvadoroutsourcing.com\/wp-content\/uploads\/2022\/10\/logo-negro_Mesa-de-trabajo-1.png","width":3300,"height":2550,"caption":"Interbiznet, S.A de C.V.; Firma de abogados y despacho contable en El Salvador"}]},"geo.placename":"San Salvador","geo.position":{"lat":"13.7097358","long":"-89.24044321"},"geo.region":"El Salvador"},"uagb_featured_image_src":{"full":false,"thumbnail":false,"medium":false,"medium_large":false,"large":false,"1536x1536":false,"2048x2048":false,"woocommerce_thumbnail":false,"woocommerce_single":false,"woocommerce_gallery_thumbnail":false},"uagb_author_info":{"display_name":"interbiznet-master","author_link":"https:\/\/elsalvadoroutsourcing.com\/es\/author\/interbiznet-master\/"},"uagb_comment_info":0,"uagb_excerpt":"[vc_row][vc_column][vc_column_text] \u00bfCu\u00e1les son los requisitos para constituir una Sociedad en El Salvador? [\/vc_column_text][vc_column_text] A continuaci\u00f3n, nuestra firma le brinda los requisitos para constituir una sociedad en El Salvador. Para m\u00e1s informaci\u00f3n sobre c\u00f3mo constituir una Sociedad An\u00f3nima de Capital Variable (S.A. de C. V.) favor ponerse en contacto con nosotros. Indicar c\u00f3mo se le llamar\u00e1&hellip;","_links":{"self":[{"href":"https:\/\/elsalvadoroutsourcing.com\/es\/wp-json\/wp\/v2\/pages\/5623","targetHints":{"allow":["GET"]}}],"collection":[{"href":"https:\/\/elsalvadoroutsourcing.com\/es\/wp-json\/wp\/v2\/pages"}],"about":[{"href":"https:\/\/elsalvadoroutsourcing.com\/es\/wp-json\/wp\/v2\/types\/page"}],"author":[{"embeddable":true,"href":"https:\/\/elsalvadoroutsourcing.com\/es\/wp-json\/wp\/v2\/users\/1"}],"replies":[{"embeddable":true,"href":"https:\/\/elsalvadoroutsourcing.com\/es\/wp-json\/wp\/v2\/comments?post=5623"}],"version-history":[{"count":0,"href":"https:\/\/elsalvadoroutsourcing.com\/es\/wp-json\/wp\/v2\/pages\/5623\/revisions"}],"wp:attachment":[{"href":"https:\/\/elsalvadoroutsourcing.com\/es\/wp-json\/wp\/v2\/media?parent=5623"}],"curies":[{"name":"wp","href":"https:\/\/api.w.org\/{rel}","templated":true}]}}