{"id":5617,"date":"2022-09-12T09:03:55","date_gmt":"2022-09-12T15:03:55","guid":{"rendered":"https:\/\/elsalvadoroutsourcing.com\/?page_id=5617"},"modified":"2024-01-30T13:54:09","modified_gmt":"2024-01-30T19:54:09","slug":"por-que-registrar-una-empresa-en-el-salvador","status":"publish","type":"page","link":"https:\/\/elsalvadoroutsourcing.com\/es\/servicios-legales-en-el-salvador\/constitucion-de-sociedades-el-salvador\/por-que-registrar-una-empresa-en-el-salvador\/","title":{"rendered":"\u00bfPOR QU\u00c9 REGISTRAR UNA EMPRESA EN EL SALVADOR?"},"content":{"rendered":"<div class=\"wpb-content-wrapper\"><p>[vc_row][vc_column][vc_column_text]<\/p>\n<p style=\"text-align: justify;\">El paso de registrar una empresa en El Salvador es lo que de verdad le dar\u00e1 el esp\u00edritu formal; es el v\u00ednculo jur\u00eddico que se crea al momento de dar el paso de iniciar una empresa en El Salvador. El registro de una empresa en El Salvador no solo crea las obligaciones que muchos nuevos empresarios temen, si no tambi\u00e9n crea un abanico de Derechos y oportunidades para los que, de buena fe, legalicen su estatus ante los diferentes antes del Estado.<\/p>\n<p style=\"text-align: justify;\">Pero \u00bfQu\u00e9 es una Empresa en El Salvador? La empresa mercantil est\u00e1 constituida por un conjunto coordinado de trabajo, de elementos materiales y de valores incorp\u00f3reos, con objetivo de ofrecer al p\u00fablico, con prop\u00f3sito de lucro y manera sistem\u00e1tica, bienes o servicios. Art. 553 Art. 5 n1, 54 C.Com.<\/p>\n<p style=\"text-align: justify;\">\u00bfQu\u00e9 es una Sociedad en El Salvador? Sociedad es el ente jur\u00eddico resultante de un contrato solemne, celebrado entre dos o m\u00e1s personas, que estipulan poner en com\u00fan, bienes o industria, con la finalidad de repartir entre s\u00ed los beneficios que provengan de los negocios a que van a dedicarse .Art. 17 C.com.<\/p>\n<p>[\/vc_column_text][\/vc_column][\/vc_row][vc_row][vc_column][vc_row_inner][vc_column_inner][vc_column_text]<\/p>\n<h3 style=\"text-align: center;\">Algunas condiciones que nos presenta la Legalidad<\/h3>\n<p>[\/vc_column_text][\/vc_column_inner][\/vc_row_inner][vc_row_inner][vc_column_inner width=\u00bb1\/2&#8243;][vc_column_text]<\/p>\n<h3 style=\"text-align: center;\"><a href=\"https:\/\/elsalvadoroutsourcing.com\/crear-una-empresa-en-el-salvador-puede-brindar\/\">Nuevas Oportunidades de Negocio:<\/a><\/h3>\n<p style=\"text-align: justify;\">La mayor\u00eda de buenas oportunidades formales de negocio prefieren adquirir o consumir productos que se encuentren no solo en los l\u00edmites de sus presupuestos, si no tambi\u00e9n provean de garant\u00eda y calidad; Dicho aval protege tanto al comprador como al vendedor, en el ejercicio de sus derechos correspondientes.<\/p>\n<p>[\/vc_column_text][\/vc_column_inner][vc_column_inner width=\u00bb1\/2&#8243;][vc_column_text]<\/p>\n<h3 style=\"text-align: center;\">Formalidad:<\/h3>\n<p style=\"text-align: justify;\">El hecho de poseer un registro mercantil, muestra seriedad a los clientes actuales y potenciales, ya que t\u00e1citamente demostramos haber cumplido los requisitos establecidos por la legislaci\u00f3n Salvadore\u00f1a, lo cual respalda no solo formalmente, si no tambi\u00e9n estructuralmente las actuaciones de nuestra empresa.<\/p>\n<p>[\/vc_column_text][\/vc_column_inner][\/vc_row_inner][vc_row_inner][vc_column_inner width=\u00bb1\/2&#8243;][vc_column_text]<\/p>\n<h3 style=\"text-align: center;\">Ingreso al Sistema Financiero:<\/h3>\n<p style=\"text-align: justify;\">Es un paso dif\u00edcil pero necesario, el sistema financiero representa m\u00e1s que una simple opci\u00f3n de cr\u00e9dito y el respaldo econ\u00f3mico de nuestras acciones dentro de la empresa en El Salvador, pues muchas veces la presi\u00f3n y formalidad que este otorga, se transfiere en el uso eficiente del dinero, dando la apoyo de que si nos incorporamos dentro de este \u00e1mbito, crea el reflejo de que para dicha entrada, las formas legales solicitadas a las empresas en El Salvador, deben de estar cubiertas,\u00a0 por ende el dinero que produce y maneja nuestra empresa es igualmente legal.<\/p>\n<p>[\/vc_column_text][\/vc_column_inner][vc_column_inner width=\u00bb1\/2&#8243;][vc_column_text]<\/p>\n<h3 style=\"text-align: center;\">La oportunidad de participaci\u00f3n en Licitaciones:<\/h3>\n<p style=\"text-align: justify;\">Para las empresas en El Salvador que proporcionan servicios o bienes a otras empresas, este es una de las m\u00e1s grandes oportunidades que ofrece la Econom\u00eda mundial; El poder competir con la fuerza de nuestros productos y servicios, por contratos frente a otras ofertas. Pero para esto nuevamente toca no solo demostrar seriedad, sino cumplir con ciertos requisitos legales, como lo es estar constituido dentro de un marco legal.<\/p>\n<p>[\/vc_column_text][\/vc_column_inner][\/vc_row_inner][\/vc_column][\/vc_row][vc_row][vc_column width=\u00bb1\/6&#8243;][\/vc_column][vc_column width=\u00bb2\/3&#8243;][vc_column_text]<\/p>\n<h3 style=\"text-align: center;\">Garant\u00eda y Soporte en nuestras acciones:<\/h3>\n<p style=\"text-align: justify;\">La factura emitida en nuestras transacciones, es el documento de respaldo por excelencia, tanto para el que la recibe por su consumo, como por el que la otorga por su producto o servicio, ya que al ser un documento que pasa por un proceso de autorizaci\u00f3n para su distribuci\u00f3n, posee el respaldo del Estado, para el ejercicio de los derechos y obligaciones que de ella se desprenden.<\/p>\n<p>[\/vc_column_text][vc_cta h2=\u00bb\u00bfNecesitas asesor\u00eda sobre c\u00f3mo registrar una empresa en El Salvador?\u00bb add_button=\u00bbbottom\u00bb btn_title=\u00bbIniciar Asesor\u00eda\u00bb btn_color=\u00bbgreen\u00bb btn_i_icon_fontawesome=\u00bbfab fa-whatsapp\u00bb btn_add_icon=\u00bbtrue\u00bb btn_link=\u00bburl:https%3A%2F%2Fwa.me%2F50325280303%3Ftext%3DHola%2C%2520me%2520gustar%C3%ADa%2520obtener%2520asesor%C3%ADa%2520legal%2520por%2520parte%2520de%2520ustedes.|title:(%2B503)%202528-0303&#8243;]\u00a1Cont\u00e1ctanos hoy mismo y obt\u00e9n asesor\u00eda personalizada!<\/p>\n<p><a href=\"#\" class=\"pps-btn pps-button-popup-6780 pps-button-popup \"  title=\"Solicitar Consulta\">Solicitar Consulta<\/a>[\/vc_cta][\/vc_column][vc_column width=\u00bb1\/6&#8243;][\/vc_column][\/vc_row]<\/p>\n<\/div>","protected":false},"excerpt":{"rendered":"<p>[vc_row][vc_column][vc_column_text] El paso de registrar una empresa en El Salvador es lo que de verdad le dar\u00e1 el esp\u00edritu formal; es el v\u00ednculo jur\u00eddico que se crea al momento de dar el paso de iniciar una empresa en El Salvador. El registro de una empresa en El Salvador no solo crea las obligaciones que muchos&hellip;<\/p>\n","protected":false},"author":1,"featured_media":0,"parent":5452,"menu_order":0,"comment_status":"closed","ping_status":"closed","template":"","meta":{"rs_blank_template":"","rs_page_bg_color":"","slide_template_v7":"","_uag_custom_page_level_css":"","footnotes":""},"class_list":["post-5617","page","type-page","status-publish","hentry","description-off"],"yoast_head":"<!-- This site is optimized with the Yoast SEO Premium plugin v27.3 (Yoast SEO v27.5) - https:\/\/yoast.com\/product\/yoast-seo-premium-wordpress\/ -->\n<title>Registrar una empresa en El Salvador: Beneficios<\/title>\n<meta name=\"description\" content=\"\u00bfPor qu\u00e9 registrar una empresa en El Salvador? Constituirse como sociedad es lo que de verdad le dar\u00e1 el esp\u00edritu formal a su empresa.\" \/>\n<meta name=\"robots\" content=\"index, follow, max-snippet:-1, max-image-preview:large, max-video-preview:-1\" \/>\n<link rel=\"canonical\" href=\"https:\/\/elsalvadoroutsourcing.com\/es\/servicios-legales-en-el-salvador\/constitucion-de-sociedades-el-salvador\/por-que-registrar-una-empresa-en-el-salvador\/\" \/>\n<meta property=\"og:locale\" content=\"es_ES\" \/>\n<meta property=\"og:type\" content=\"article\" \/>\n<meta property=\"og:title\" content=\"\u00bfPor qu\u00e9 registrar su empresa en El Salvador?, fundar empresa\" \/>\n<meta property=\"og:description\" content=\"\u00bfPor qu\u00e9 registrar su empresa en El Salvador? Constituirse como sociedad es lo que de verdad le dar\u00e1 el esp\u00edritu formal a su empresa.\" \/>\n<meta property=\"og:url\" content=\"https:\/\/elsalvadoroutsourcing.com\/es\/servicios-legales-en-el-salvador\/constitucion-de-sociedades-el-salvador\/por-que-registrar-una-empresa-en-el-salvador\/\" \/>\n<meta property=\"og:site_name\" content=\"El Salvador Outsourcing - Interbiznet - Asesores legales\" \/>\n<meta property=\"article:publisher\" content=\"https:\/\/www.facebook.com\/interbiznet\/\" \/>\n<meta property=\"article:modified_time\" content=\"2024-01-30T19:54:09+00:00\" \/>\n<meta property=\"og:image\" content=\"https:\/\/elsalvadoroutsourcing.com\/wp-content\/uploads\/2023\/08\/Interbiznet-scaled.jpg\" \/>\n\t<meta property=\"og:image:width\" content=\"2560\" \/>\n\t<meta property=\"og:image:height\" content=\"1978\" \/>\n\t<meta property=\"og:image:type\" content=\"image\/jpeg\" \/>\n<meta name=\"twitter:card\" content=\"summary_large_image\" \/>\n<meta name=\"twitter:title\" content=\"\u00bfPor qu\u00e9 registrar su empresa en El Salvador?, fundar empresa\" \/>\n<meta name=\"twitter:description\" content=\"\u00bfPor qu\u00e9 registrar su empresa en El Salvador? Constituirse como sociedad es lo que de verdad le dar\u00e1 el esp\u00edritu formal a su empresa.\" \/>\n<meta name=\"twitter:site\" content=\"@InterbiznetSV\" \/>\n<meta name=\"twitter:label1\" content=\"Tiempo de lectura\" \/>\n\t<meta name=\"twitter:data1\" content=\"3 minutos\" \/>\n<script type=\"application\/ld+json\" class=\"yoast-schema-graph\">{\"@context\":\"https:\\\/\\\/schema.org\",\"@graph\":[{\"@type\":\"WebPage\",\"@id\":\"https:\\\/\\\/elsalvadoroutsourcing.com\\\/es\\\/servicios-legales-en-el-salvador\\\/constitucion-de-sociedades-el-salvador\\\/por-que-registrar-una-empresa-en-el-salvador\\\/\",\"url\":\"https:\\\/\\\/elsalvadoroutsourcing.com\\\/es\\\/servicios-legales-en-el-salvador\\\/constitucion-de-sociedades-el-salvador\\\/por-que-registrar-una-empresa-en-el-salvador\\\/\",\"name\":\"Registrar una empresa en El Salvador: Beneficios\",\"isPartOf\":{\"@id\":\"https:\\\/\\\/elsalvadoroutsourcing.com\\\/es\\\/#website\"},\"datePublished\":\"2022-09-12T15:03:55+00:00\",\"dateModified\":\"2024-01-30T19:54:09+00:00\",\"description\":\"\u00bfPor qu\u00e9 registrar una empresa en El Salvador? Constituirse como sociedad es lo que de verdad le dar\u00e1 el esp\u00edritu formal a su empresa.\",\"breadcrumb\":{\"@id\":\"https:\\\/\\\/elsalvadoroutsourcing.com\\\/es\\\/servicios-legales-en-el-salvador\\\/constitucion-de-sociedades-el-salvador\\\/por-que-registrar-una-empresa-en-el-salvador\\\/#breadcrumb\"},\"inLanguage\":\"es\",\"potentialAction\":[{\"@type\":\"ReadAction\",\"target\":[\"https:\\\/\\\/elsalvadoroutsourcing.com\\\/es\\\/servicios-legales-en-el-salvador\\\/constitucion-de-sociedades-el-salvador\\\/por-que-registrar-una-empresa-en-el-salvador\\\/\"]}]},{\"@type\":\"BreadcrumbList\",\"@id\":\"https:\\\/\\\/elsalvadoroutsourcing.com\\\/es\\\/servicios-legales-en-el-salvador\\\/constitucion-de-sociedades-el-salvador\\\/por-que-registrar-una-empresa-en-el-salvador\\\/#breadcrumb\",\"itemListElement\":[{\"@type\":\"ListItem\",\"position\":1,\"name\":\"Portada\",\"item\":\"https:\\\/\\\/elsalvadoroutsourcing.com\\\/es\\\/\"},{\"@type\":\"ListItem\",\"position\":2,\"name\":\"Servicios Legales en El Salvador\",\"item\":\"https:\\\/\\\/elsalvadoroutsourcing.com\\\/es\\\/servicios-legales-en-el-salvador\\\/\"},{\"@type\":\"ListItem\",\"position\":3,\"name\":\"Formaci\u00f3n o Constituci\u00f3n de Sociedades en El Salvador\",\"item\":\"https:\\\/\\\/elsalvadoroutsourcing.com\\\/es\\\/servicios-legales-en-el-salvador\\\/constitucion-de-sociedades-el-salvador\\\/\"},{\"@type\":\"ListItem\",\"position\":4,\"name\":\"\u00bfPOR QU\u00c9 REGISTRAR UNA EMPRESA EN EL SALVADOR?\"}]},{\"@type\":\"WebSite\",\"@id\":\"https:\\\/\\\/elsalvadoroutsourcing.com\\\/es\\\/#website\",\"url\":\"https:\\\/\\\/elsalvadoroutsourcing.com\\\/es\\\/\",\"name\":\"El Salvador Outsourcing - Interbiznet - Asesores legales\",\"description\":\"Outsourcing de El Salvador\",\"publisher\":{\"@id\":\"https:\\\/\\\/elsalvadoroutsourcing.com\\\/es\\\/#organization\"},\"potentialAction\":[{\"@type\":\"SearchAction\",\"target\":{\"@type\":\"EntryPoint\",\"urlTemplate\":\"https:\\\/\\\/elsalvadoroutsourcing.com\\\/es\\\/?s={search_term_string}\"},\"query-input\":{\"@type\":\"PropertyValueSpecification\",\"valueRequired\":true,\"valueName\":\"search_term_string\"}}],\"inLanguage\":\"es\"},{\"@type\":[\"Organization\",\"Place\",\"LegalService\"],\"@id\":\"https:\\\/\\\/elsalvadoroutsourcing.com\\\/es\\\/#organization\",\"name\":\"Interbiznet, S.A de C.V.; Firma de abogados y despacho contable en El Salvador\",\"alternateName\":\"Interbiznet, Firma de Abogados y Despacho Contable\",\"url\":\"https:\\\/\\\/elsalvadoroutsourcing.com\\\/es\\\/\",\"logo\":{\"@id\":\"https:\\\/\\\/elsalvadoroutsourcing.com\\\/es\\\/servicios-legales-en-el-salvador\\\/constitucion-de-sociedades-el-salvador\\\/por-que-registrar-una-empresa-en-el-salvador\\\/#local-main-organization-logo\"},\"image\":{\"@id\":\"https:\\\/\\\/elsalvadoroutsourcing.com\\\/es\\\/servicios-legales-en-el-salvador\\\/constitucion-de-sociedades-el-salvador\\\/por-que-registrar-una-empresa-en-el-salvador\\\/#local-main-organization-logo\"},\"sameAs\":[\"https:\\\/\\\/www.facebook.com\\\/interbiznet\\\/\",\"https:\\\/\\\/x.com\\\/InterbiznetSV\",\"https:\\\/\\\/sv.linkedin.com\\\/company\\\/interbiznet\",\"https:\\\/\\\/www.youtube.com\\\/@InterBizNetSanSalvador\\\/videos\",\"https:\\\/\\\/www.instagram.com\\\/interbiznetsv\\\/\"],\"address\":{\"@id\":\"https:\\\/\\\/elsalvadoroutsourcing.com\\\/es\\\/servicios-legales-en-el-salvador\\\/constitucion-de-sociedades-el-salvador\\\/por-que-registrar-una-empresa-en-el-salvador\\\/#local-main-place-address\"},\"geo\":{\"@type\":\"GeoCoordinates\",\"latitude\":\"13.7097358\",\"longitude\":\"-89.24044321\"},\"telephone\":[\"+503 2528 0303\",\"+305 728-8634\"],\"openingHoursSpecification\":[{\"@type\":\"OpeningHoursSpecification\",\"dayOfWeek\":[\"Monday\",\"Tuesday\",\"Wednesday\",\"Thursday\",\"Friday\"],\"opens\":\"08:00\",\"closes\":\"17:00\"},{\"@type\":\"OpeningHoursSpecification\",\"dayOfWeek\":[\"Saturday\",\"Sunday\"],\"opens\":\"00:00\",\"closes\":\"00:00\"}],\"email\":\"info@elsalvadoroutsourcing.com\",\"faxNumber\":\"+503 2264-6157\",\"priceRange\":\"$\",\"currenciesAccepted\":\"USD\"},{\"@type\":\"PostalAddress\",\"@id\":\"https:\\\/\\\/elsalvadoroutsourcing.com\\\/es\\\/servicios-legales-en-el-salvador\\\/constitucion-de-sociedades-el-salvador\\\/por-que-registrar-una-empresa-en-el-salvador\\\/#local-main-place-address\",\"streetAddress\":\"13 Calle Poniente No. 4425, entre 85 y, 87 Avenida Norte,\",\"addressLocality\":\"San Salvador\",\"postalCode\":\"01101\",\"addressRegion\":\"San Salvador\",\"addressCountry\":\"SV\"},{\"@type\":\"ImageObject\",\"inLanguage\":\"es\",\"@id\":\"https:\\\/\\\/elsalvadoroutsourcing.com\\\/es\\\/servicios-legales-en-el-salvador\\\/constitucion-de-sociedades-el-salvador\\\/por-que-registrar-una-empresa-en-el-salvador\\\/#local-main-organization-logo\",\"url\":\"https:\\\/\\\/elsalvadoroutsourcing.com\\\/wp-content\\\/uploads\\\/2022\\\/10\\\/logo-negro_Mesa-de-trabajo-1.png\",\"contentUrl\":\"https:\\\/\\\/elsalvadoroutsourcing.com\\\/wp-content\\\/uploads\\\/2022\\\/10\\\/logo-negro_Mesa-de-trabajo-1.png\",\"width\":3300,\"height\":2550,\"caption\":\"Interbiznet, S.A de C.V.; Firma de abogados y despacho contable en El Salvador\"}]}<\/script>\n<meta name=\"geo.placename\" content=\"San Salvador\" \/>\n<meta name=\"geo.position\" content=\"13.7097358;-89.24044321\" \/>\n<meta name=\"geo.region\" content=\"El Salvador\" \/>\n<!-- \/ Yoast SEO Premium plugin. -->","yoast_head_json":{"title":"Registrar una empresa en El Salvador: Beneficios","description":"\u00bfPor qu\u00e9 registrar una empresa en El Salvador? Constituirse como sociedad es lo que de verdad le dar\u00e1 el esp\u00edritu formal a su empresa.","robots":{"index":"index","follow":"follow","max-snippet":"max-snippet:-1","max-image-preview":"max-image-preview:large","max-video-preview":"max-video-preview:-1"},"canonical":"https:\/\/elsalvadoroutsourcing.com\/es\/servicios-legales-en-el-salvador\/constitucion-de-sociedades-el-salvador\/por-que-registrar-una-empresa-en-el-salvador\/","og_locale":"es_ES","og_type":"article","og_title":"\u00bfPor qu\u00e9 registrar su empresa en El Salvador?, fundar empresa","og_description":"\u00bfPor qu\u00e9 registrar su empresa en El Salvador? Constituirse como sociedad es lo que de verdad le dar\u00e1 el esp\u00edritu formal a su empresa.","og_url":"https:\/\/elsalvadoroutsourcing.com\/es\/servicios-legales-en-el-salvador\/constitucion-de-sociedades-el-salvador\/por-que-registrar-una-empresa-en-el-salvador\/","og_site_name":"El Salvador Outsourcing - Interbiznet - Asesores legales","article_publisher":"https:\/\/www.facebook.com\/interbiznet\/","article_modified_time":"2024-01-30T19:54:09+00:00","og_image":[{"width":2560,"height":1978,"url":"https:\/\/elsalvadoroutsourcing.com\/wp-content\/uploads\/2023\/08\/Interbiznet-scaled.jpg","type":"image\/jpeg"}],"twitter_card":"summary_large_image","twitter_title":"\u00bfPor qu\u00e9 registrar su empresa en El Salvador?, fundar empresa","twitter_description":"\u00bfPor qu\u00e9 registrar su empresa en El Salvador? Constituirse como sociedad es lo que de verdad le dar\u00e1 el esp\u00edritu formal a su empresa.","twitter_site":"@InterbiznetSV","twitter_misc":{"Tiempo de lectura":"3 minutos"},"schema":{"@context":"https:\/\/schema.org","@graph":[{"@type":"WebPage","@id":"https:\/\/elsalvadoroutsourcing.com\/es\/servicios-legales-en-el-salvador\/constitucion-de-sociedades-el-salvador\/por-que-registrar-una-empresa-en-el-salvador\/","url":"https:\/\/elsalvadoroutsourcing.com\/es\/servicios-legales-en-el-salvador\/constitucion-de-sociedades-el-salvador\/por-que-registrar-una-empresa-en-el-salvador\/","name":"Registrar una empresa en El Salvador: Beneficios","isPartOf":{"@id":"https:\/\/elsalvadoroutsourcing.com\/es\/#website"},"datePublished":"2022-09-12T15:03:55+00:00","dateModified":"2024-01-30T19:54:09+00:00","description":"\u00bfPor qu\u00e9 registrar una empresa en El Salvador? Constituirse como sociedad es lo que de verdad le dar\u00e1 el esp\u00edritu formal a su empresa.","breadcrumb":{"@id":"https:\/\/elsalvadoroutsourcing.com\/es\/servicios-legales-en-el-salvador\/constitucion-de-sociedades-el-salvador\/por-que-registrar-una-empresa-en-el-salvador\/#breadcrumb"},"inLanguage":"es","potentialAction":[{"@type":"ReadAction","target":["https:\/\/elsalvadoroutsourcing.com\/es\/servicios-legales-en-el-salvador\/constitucion-de-sociedades-el-salvador\/por-que-registrar-una-empresa-en-el-salvador\/"]}]},{"@type":"BreadcrumbList","@id":"https:\/\/elsalvadoroutsourcing.com\/es\/servicios-legales-en-el-salvador\/constitucion-de-sociedades-el-salvador\/por-que-registrar-una-empresa-en-el-salvador\/#breadcrumb","itemListElement":[{"@type":"ListItem","position":1,"name":"Portada","item":"https:\/\/elsalvadoroutsourcing.com\/es\/"},{"@type":"ListItem","position":2,"name":"Servicios Legales en El Salvador","item":"https:\/\/elsalvadoroutsourcing.com\/es\/servicios-legales-en-el-salvador\/"},{"@type":"ListItem","position":3,"name":"Formaci\u00f3n o Constituci\u00f3n de Sociedades en El Salvador","item":"https:\/\/elsalvadoroutsourcing.com\/es\/servicios-legales-en-el-salvador\/constitucion-de-sociedades-el-salvador\/"},{"@type":"ListItem","position":4,"name":"\u00bfPOR QU\u00c9 REGISTRAR UNA EMPRESA EN EL SALVADOR?"}]},{"@type":"WebSite","@id":"https:\/\/elsalvadoroutsourcing.com\/es\/#website","url":"https:\/\/elsalvadoroutsourcing.com\/es\/","name":"El Salvador Outsourcing - Interbiznet - Asesores legales","description":"Outsourcing de El Salvador","publisher":{"@id":"https:\/\/elsalvadoroutsourcing.com\/es\/#organization"},"potentialAction":[{"@type":"SearchAction","target":{"@type":"EntryPoint","urlTemplate":"https:\/\/elsalvadoroutsourcing.com\/es\/?s={search_term_string}"},"query-input":{"@type":"PropertyValueSpecification","valueRequired":true,"valueName":"search_term_string"}}],"inLanguage":"es"},{"@type":["Organization","Place","LegalService"],"@id":"https:\/\/elsalvadoroutsourcing.com\/es\/#organization","name":"Interbiznet, S.A de C.V.; Firma de abogados y despacho contable en El Salvador","alternateName":"Interbiznet, Firma de Abogados y Despacho Contable","url":"https:\/\/elsalvadoroutsourcing.com\/es\/","logo":{"@id":"https:\/\/elsalvadoroutsourcing.com\/es\/servicios-legales-en-el-salvador\/constitucion-de-sociedades-el-salvador\/por-que-registrar-una-empresa-en-el-salvador\/#local-main-organization-logo"},"image":{"@id":"https:\/\/elsalvadoroutsourcing.com\/es\/servicios-legales-en-el-salvador\/constitucion-de-sociedades-el-salvador\/por-que-registrar-una-empresa-en-el-salvador\/#local-main-organization-logo"},"sameAs":["https:\/\/www.facebook.com\/interbiznet\/","https:\/\/x.com\/InterbiznetSV","https:\/\/sv.linkedin.com\/company\/interbiznet","https:\/\/www.youtube.com\/@InterBizNetSanSalvador\/videos","https:\/\/www.instagram.com\/interbiznetsv\/"],"address":{"@id":"https:\/\/elsalvadoroutsourcing.com\/es\/servicios-legales-en-el-salvador\/constitucion-de-sociedades-el-salvador\/por-que-registrar-una-empresa-en-el-salvador\/#local-main-place-address"},"geo":{"@type":"GeoCoordinates","latitude":"13.7097358","longitude":"-89.24044321"},"telephone":["+503 2528 0303","+305 728-8634"],"openingHoursSpecification":[{"@type":"OpeningHoursSpecification","dayOfWeek":["Monday","Tuesday","Wednesday","Thursday","Friday"],"opens":"08:00","closes":"17:00"},{"@type":"OpeningHoursSpecification","dayOfWeek":["Saturday","Sunday"],"opens":"00:00","closes":"00:00"}],"email":"info@elsalvadoroutsourcing.com","faxNumber":"+503 2264-6157","priceRange":"$","currenciesAccepted":"USD"},{"@type":"PostalAddress","@id":"https:\/\/elsalvadoroutsourcing.com\/es\/servicios-legales-en-el-salvador\/constitucion-de-sociedades-el-salvador\/por-que-registrar-una-empresa-en-el-salvador\/#local-main-place-address","streetAddress":"13 Calle Poniente No. 4425, entre 85 y, 87 Avenida Norte,","addressLocality":"San Salvador","postalCode":"01101","addressRegion":"San Salvador","addressCountry":"SV"},{"@type":"ImageObject","inLanguage":"es","@id":"https:\/\/elsalvadoroutsourcing.com\/es\/servicios-legales-en-el-salvador\/constitucion-de-sociedades-el-salvador\/por-que-registrar-una-empresa-en-el-salvador\/#local-main-organization-logo","url":"https:\/\/elsalvadoroutsourcing.com\/wp-content\/uploads\/2022\/10\/logo-negro_Mesa-de-trabajo-1.png","contentUrl":"https:\/\/elsalvadoroutsourcing.com\/wp-content\/uploads\/2022\/10\/logo-negro_Mesa-de-trabajo-1.png","width":3300,"height":2550,"caption":"Interbiznet, S.A de C.V.; Firma de abogados y despacho contable en El Salvador"}]},"geo.placename":"San Salvador","geo.position":{"lat":"13.7097358","long":"-89.24044321"},"geo.region":"El Salvador"},"uagb_featured_image_src":{"full":false,"thumbnail":false,"medium":false,"medium_large":false,"large":false,"1536x1536":false,"2048x2048":false,"woocommerce_thumbnail":false,"woocommerce_single":false,"woocommerce_gallery_thumbnail":false},"uagb_author_info":{"display_name":"interbiznet-master","author_link":"https:\/\/elsalvadoroutsourcing.com\/es\/author\/interbiznet-master\/"},"uagb_comment_info":0,"uagb_excerpt":"[vc_row][vc_column][vc_column_text] El paso de registrar una empresa en El Salvador es lo que de verdad le dar\u00e1 el esp\u00edritu formal; es el v\u00ednculo jur\u00eddico que se crea al momento de dar el paso de iniciar una empresa en El Salvador. El registro de una empresa en El Salvador no solo crea las obligaciones que muchos&hellip;","_links":{"self":[{"href":"https:\/\/elsalvadoroutsourcing.com\/es\/wp-json\/wp\/v2\/pages\/5617","targetHints":{"allow":["GET"]}}],"collection":[{"href":"https:\/\/elsalvadoroutsourcing.com\/es\/wp-json\/wp\/v2\/pages"}],"about":[{"href":"https:\/\/elsalvadoroutsourcing.com\/es\/wp-json\/wp\/v2\/types\/page"}],"author":[{"embeddable":true,"href":"https:\/\/elsalvadoroutsourcing.com\/es\/wp-json\/wp\/v2\/users\/1"}],"replies":[{"embeddable":true,"href":"https:\/\/elsalvadoroutsourcing.com\/es\/wp-json\/wp\/v2\/comments?post=5617"}],"version-history":[{"count":0,"href":"https:\/\/elsalvadoroutsourcing.com\/es\/wp-json\/wp\/v2\/pages\/5617\/revisions"}],"up":[{"embeddable":true,"href":"https:\/\/elsalvadoroutsourcing.com\/es\/wp-json\/wp\/v2\/pages\/5452"}],"wp:attachment":[{"href":"https:\/\/elsalvadoroutsourcing.com\/es\/wp-json\/wp\/v2\/media?parent=5617"}],"curies":[{"name":"wp","href":"https:\/\/api.w.org\/{rel}","templated":true}]}}