{"id":5501,"date":"2022-09-02T14:46:11","date_gmt":"2022-09-02T20:46:11","guid":{"rendered":"https:\/\/elsalvadoroutsourcing.com\/?page_id=5501"},"modified":"2024-03-22T15:16:39","modified_gmt":"2024-03-22T21:16:39","slug":"articulos-de-el-salvador","status":"publish","type":"page","link":"https:\/\/elsalvadoroutsourcing.com\/es\/articulos-de-el-salvador\/","title":{"rendered":"Art\u00edculos de El Salvador"},"content":{"rendered":"<div class=\"wpb-content-wrapper\"><p>[vc_row][vc_column width=\u00bb1\/2&#8243; offset=\u00bbvc_col-lg-12 vc_col-md-12 vc_col-xs-12&#8243;][vc_column_text]<\/p>\n<p style=\"text-align: justify;\">Con la finalidad de proveerle a nuestros clientes y contribuidores informaci\u00f3n de alta relevancia con respecto a <a href=\"https:\/\/elsalvadoroutsourcing.com\/leyes-y-modelos-de-documentos-de-el-salvador\/modelos-de-documentos-el-salvador\/\">temas legales y contables<\/a>; Les brindamos art\u00edculos que les ser\u00e1n de utilidad en su actividades empresariales y de negocios.<\/p>\n<p>[\/vc_column_text][vc_row_inner][vc_column_inner width=\u00bb2\/3&#8243;][vc_column_text]<\/p>\n<h3><a href=\"https:\/\/elsalvadoroutsourcing.com\/wp-content\/uploads\/2024\/03\/Pasos-y-Requisitos-para-Constituir-SAS-en-El-Salvador.pdf\" target=\"_blank\" rel=\"noopener\">Pasos y Requisitos para Constituir Sociedades por Acciones Simplificadas (SAS) en El Salvador<\/a><\/h3>\n<p>Descubre los pasos y requisitos necesarios para la constituci\u00f3n de Sociedades por Acciones Simplificadas (SAS) en El Salvador. Conoce c\u00f3mo iniciar tu empresa de manera sencilla y eficiente con nuestra gu\u00eda detallada[\/vc_column_text][vc_btn title=\u00bbLeer M\u00e1s&#8230;\u00bb color=\u00bbblue\u00bb link=\u00bburl:https%3A%2F%2Felsalvadoroutsourcing.com%2Fwp-content%2Fuploads%2F2024%2F03%2FPasos-y-Requisitos-para-Constituir-SAS-en-El-Salvador.pdf|title:Pasos%20y%20Requisitos%20para%20Constituci%C3%B3n%20de%20Sociedades%20por%20Acciones%20Simplificadas%20(SAS)%20en%20El%20Salvador|target:_blank\u00bb css=\u00bb.vc_custom_1711141452035{padding-bottom: 2em !important;}\u00bb][\/vc_column_inner][vc_column_inner width=\u00bb1\/3&#8243;][\/vc_column_inner][\/vc_row_inner][vc_row_inner][vc_column_inner width=\u00bb2\/3&#8243;][vc_column_text]<\/p>\n<h3>\u00bfQu\u00e9 es una Sociedad por Acciones Simplificada en El Salvador?<\/h3>\n<p>La sociedad por acciones simplificadas, es una persona jur\u00eddica resultante de la manifestaci\u00f3n de una o m\u00e1s voluntades de personas naturales o jur\u00eddicas, provistas de responsabilidad limitada hasta el monto de sus respectivos aportes.[\/vc_column_text][vc_btn title=\u00bbLeer M\u00e1s&#8230;\u00bb color=\u00bbblue\u00bb link=\u00bburl:https%3A%2F%2Felsalvadoroutsourcing.com%2Fque-es-una-sociedad-por-acciones-simplificada-en-el-salvador%2F|title:Incentivos%20Fiscales%20para%20Empresas%20en%20El%20Salvador\u00bb css=\u00bb.vc_custom_1704982774294{padding-bottom: 2em !important;}\u00bb][vc_column_text]<\/p>\n<h3>Incentivos Fiscales para Empresas en El Salvador<\/h3>\n<p>Les presentamos un resumen clave de los principales incentivos fiscales que El Salvador ofrece para empresas reci\u00e9n establecidas o con proyecci\u00f3n de establecerse, impulsando el crecimiento y la inversi\u00f3n en El Salvador.[\/vc_column_text][vc_btn title=\u00bbLeer M\u00e1s&#8230;\u00bb color=\u00bbblue\u00bb link=\u00bburl:https%3A%2F%2Felsalvadoroutsourcing.com%2Fincentivos-fiscales-para-empresas-en-el-salvador%2F|title:Incentivos%20Fiscales%20para%20Empresas%20en%20El%20Salvador\u00bb css=\u00bb.vc_custom_1701707251231{padding-bottom: 2em !important;}\u00bb][vc_column_text]<\/p>\n<h3><strong>\u00daltimas reformas en materia laboral en El Salvador<\/strong><\/h3>\n<p style=\"text-align: justify;\">La entrada en vigencia de la\u00a0Ley Integral del Sistema de Pensiones, comprende un incremento en las cotizaciones patronales, del 1% es decir que la aportaci\u00f3n patronal ser\u00e1 del 8.75% manteni\u00e9ndose el aporte del trabajador del 7.25%.<\/p>\n<p>[\/vc_column_text][vc_btn title=\u00bbLeer M\u00e1s&#8230;\u00bb color=\u00bbblue\u00bb link=\u00bburl:https%3A%2F%2Felsalvadoroutsourcing.com%2Fultimas-reformas-en-materia-laboral-en-el-salvador%2F\u00bb css=\u00bb.vc_custom_1701707258965{padding-bottom: 2em !important;}\u00bb][\/vc_column_inner][vc_column_inner width=\u00bb1\/3&#8243;][\/vc_column_inner][\/vc_row_inner][\/vc_column][vc_column offset=\u00bbvc_col-lg-9 vc_col-md-9 vc_col-xs-12&#8243;][vc_column_text]<\/p>\n<h3>Constitu\u00ed mi sociedad; y registr\u00e9 mi empresa en el salvador. \u00bfQu\u00e9 sigue ahora?<\/h3>\n<p style=\"text-align: justify;\">Tomar la decisi\u00f3n de constituir una sociedad en El Salvador, no es f\u00e1cil, muchos emprendedores que han decidido dar este paso en sus negocios y actividades comerciales, han tenido que buscar previamente asesor\u00eda sobre el proceso que conlleva, tiempos, costos y requisitos.<\/p>\n<p>[\/vc_column_text][vc_btn title=\u00bbLeer M\u00e1s&#8230;\u00bb color=\u00bbblue\u00bb link=\u00bburl:https%3A%2F%2Felsalvadoroutsourcing.com%2Fque-hacer-luego-constituir-sociedad-el-salvador%2F\u00bb css=\u00bb.vc_custom_1701707269395{padding-bottom: 2em !important;}\u00bb][\/vc_column][vc_column width=\u00bb1\/4&#8243; offset=\u00bbvc_col-lg-3 vc_col-md-3 vc_col-xs-12&#8243;][vc_single_image image=\u00bb5821&#8243; img_size=\u00bbfull\u00bb alignment=\u00bbcenter\u00bb][\/vc_column][vc_column offset=\u00bbvc_col-lg-9 vc_col-md-9 vc_col-xs-12&#8243;][vc_column_text]<\/p>\n<h3>Requisitos para el Registro en la Unidad de Investigaci\u00f3n Financiera (Uif) de la Fiscal\u00eda General de la Rep\u00fablica<\/h3>\n<p style=\"text-align: justify;\">El lavado de dinero, surge cuando los fondos provenientes de actividades delictivas e il\u00edcitas, son usados mediante operaciones de encubrimiento y buscan una apariencia l\u00edcita, este es un problema que se encuentra inmerso en cualquier pa\u00eds por muy peque\u00f1o que este sea, es por ello que tanto los gobiernos como organismos internacionales han buscado prevenirlo.<\/p>\n<p>[\/vc_column_text][vc_btn title=\u00bbLeer M\u00e1s&#8230;\u00bb color=\u00bbblue\u00bb link=\u00bburl:https%3A%2F%2Felsalvadoroutsourcing.com%2Frequisitos-para-el-registro-en-la-unidad-de-investigacion-financiera-uif-de-la-fiscalia-general-de-la-republica%2F\u00bb css=\u00bb.vc_custom_1701707277841{padding-bottom: 2em !important;}\u00bb][\/vc_column][vc_column offset=\u00bbvc_col-lg-3 vc_col-md-3 vc_col-xs-12&#8243;][vc_single_image image=\u00bb5852&#8243; img_size=\u00bbfull\u00bb][\/vc_column][\/vc_row][vc_row][vc_column width=\u00bb1\/2&#8243; offset=\u00bbvc_col-lg-9 vc_col-md-9 vc_col-xs-12&#8243;][vc_column_text]<\/p>\n<h3>La escritura de constituci\u00f3n, de una sociedad an\u00f3nima de capital variable en El Salvador<\/h3>\n<p style=\"text-align: justify;\">Para constituir una sociedad en El Salvador, es requisito que la misma sea por medio de una escritura p\u00fablica (conocida como escritura de constituci\u00f3n), requisito establecido en nuestro C\u00f3digo de Comercio; en su Art\u00edculo 21 que las sociedades en El Salvador, se constituyen, modifican, transforman, fusionan y liquidan por medio de Escritura P\u00fablica.<\/p>\n<p>[\/vc_column_text][vc_btn title=\u00bbLeer M\u00e1s&#8230;\u00bb color=\u00bbblue\u00bb link=\u00bburl:https%3A%2F%2Felsalvadoroutsourcing.com%2Fla-escritura-de-constitucion-de-una-sociedad-anonima-de-capital-variable-en-el-salvador%2F\u00bb][\/vc_column][vc_column width=\u00bb1\/2&#8243; offset=\u00bbvc_col-lg-3 vc_col-md-3 vc_col-xs-12&#8243;][vc_single_image image=\u00bb5855&#8243; img_size=\u00bbfull\u00bb][\/vc_column][\/vc_row][vc_row][vc_column offset=\u00bbvc_col-lg-9 vc_col-md-9 vc_col-xs-12&#8243;][vc_column_text]<\/p>\n<h3>Requisitos para el Encargado de Cumplimiento Titular y Suplente en El Salvador<\/h3>\n<p style=\"text-align: justify;\">El Lavado de Dinero y de Activos, es un riesgo latente para todas las empresas, y \u00e9stas, evidentemente deben de fortalecer sus sistemas de implementaci\u00f3n para la prevenci\u00f3n de la misma, por lo que, se debe de asumir con responsabilidad y cumplir con el desarrollo sostenible de un Sistema Integral de Prevenci\u00f3n de Lavado de Dinero y Activos, y comprometerse con las obligaciones regulatorias en dicha materia.<\/p>\n<p>[\/vc_column_text][vc_btn title=\u00bbLeer M\u00e1s&#8230;\u00bb color=\u00bbblue\u00bb link=\u00bburl:https%3A%2F%2Felsalvadoroutsourcing.com%2Frequisitos-para-el-encargado-de-cumplimiento-titular-y-suplente-en-el-salvador%2F\u00bb css=\u00bb.vc_custom_1701707288287{padding-bottom: 2em !important;}\u00bb][\/vc_column][vc_column offset=\u00bbvc_col-lg-3 vc_col-md-3 vc_col-xs-12&#8243;][vc_single_image image=\u00bb5854&#8243; img_size=\u00bbfull\u00bb][\/vc_column][\/vc_row][vc_row][vc_column width=\u00bb1\/2&#8243; offset=\u00bbvc_col-lg-9 vc_col-md-9 vc_col-xs-12&#8243;][vc_column_text]<\/p>\n<h3>La escritura de constituci\u00f3n, de una sociedad an\u00f3nima de capital variable en El Salvador<\/h3>\n<p style=\"text-align: justify;\">Para constituir una sociedad en El Salvador, es requisito que la misma sea por medio de una escritura p\u00fablica (conocida como escritura de constituci\u00f3n), requisito establecido en nuestro C\u00f3digo de Comercio; en su Art\u00edculo 21 que las sociedades en El Salvador, se constituyen, modifican, transforman, fusionan y liquidan por medio de Escritura P\u00fablica.<\/p>\n<p>[\/vc_column_text][vc_btn title=\u00bbLeer M\u00e1s&#8230;\u00bb color=\u00bbblue\u00bb link=\u00bburl:https%3A%2F%2Felsalvadoroutsourcing.com%2Fla-escritura-de-constitucion-de-una-sociedad-anonima-de-capital-variable-en-el-salvador%2F\u00bb][\/vc_column][vc_column width=\u00bb1\/2&#8243; offset=\u00bbvc_col-lg-3 vc_col-md-3 vc_col-xs-12&#8243;][vc_single_image image=\u00bb5855&#8243; img_size=\u00bbfull\u00bb][\/vc_column][\/vc_row]<\/p>\n<\/div>","protected":false},"excerpt":{"rendered":"<p>[vc_row][vc_column width=\u00bb1\/2&#8243; offset=\u00bbvc_col-lg-12 vc_col-md-12 vc_col-xs-12&#8243;][vc_column_text] Con la finalidad de proveerle a nuestros clientes y contribuidores informaci\u00f3n de alta relevancia con respecto a temas legales y contables; Les brindamos art\u00edculos que les ser\u00e1n de utilidad en su actividades empresariales y de negocios. [\/vc_column_text][vc_row_inner][vc_column_inner width=\u00bb2\/3&#8243;][vc_column_text] Pasos y Requisitos para Constituir Sociedades por Acciones Simplificadas (SAS) en El&hellip;<\/p>\n","protected":false},"author":1,"featured_media":0,"parent":0,"menu_order":0,"comment_status":"closed","ping_status":"closed","template":"","meta":{"rs_blank_template":"","rs_page_bg_color":"","slide_template_v7":"","_uag_custom_page_level_css":"","footnotes":""},"class_list":["post-5501","page","type-page","status-publish","hentry","description-off"],"yoast_head":"<!-- This site is optimized with the Yoast SEO Premium plugin v27.3 (Yoast SEO v27.6) - https:\/\/yoast.com\/product\/yoast-seo-premium-wordpress\/ -->\n<title>Art\u00edculos legales de El Salvador - El Salvador Outsourcing - Interbiznet - Asesores legales<\/title>\n<meta name=\"description\" content=\"Interbiznet provee, para su conveniencia y conocimiento, art\u00edculos legales de El Salvador sobre temas relacionados con nuestros servicios.\" \/>\n<meta name=\"robots\" content=\"index, follow, max-snippet:-1, max-image-preview:large, max-video-preview:-1\" \/>\n<link rel=\"canonical\" href=\"https:\/\/elsalvadoroutsourcing.com\/es\/articulos-de-el-salvador\/\" \/>\n<meta property=\"og:locale\" content=\"es_ES\" \/>\n<meta property=\"og:type\" content=\"article\" \/>\n<meta property=\"og:title\" content=\"Art\u00edculos legales de El Salvador, El Salvador art\u00edculos legales\" \/>\n<meta property=\"og:description\" content=\"Interbiznet provee, para su conveniencia y conocimiento, art\u00edculos legales de El Salvador sobre temas relacionados con nuestros servicios.\" \/>\n<meta property=\"og:url\" content=\"https:\/\/elsalvadoroutsourcing.com\/es\/articulos-de-el-salvador\/\" \/>\n<meta property=\"og:site_name\" content=\"El Salvador Outsourcing - Interbiznet - Asesores legales\" \/>\n<meta property=\"article:publisher\" content=\"https:\/\/www.facebook.com\/interbiznet\/\" \/>\n<meta property=\"article:modified_time\" content=\"2024-03-22T21:16:39+00:00\" \/>\n<meta property=\"og:image\" content=\"https:\/\/elsalvadoroutsourcing.com\/wp-content\/uploads\/2023\/08\/Interbiznet-scaled.jpg\" \/>\n\t<meta property=\"og:image:width\" content=\"2560\" \/>\n\t<meta property=\"og:image:height\" content=\"1978\" \/>\n\t<meta property=\"og:image:type\" content=\"image\/jpeg\" \/>\n<meta name=\"twitter:card\" content=\"summary_large_image\" \/>\n<meta name=\"twitter:title\" content=\"Art\u00edculos legales de El Salvador, El Salvador art\u00edculos legales\" \/>\n<meta name=\"twitter:description\" content=\"Interbiznet provee, para su conveniencia y conocimiento, art\u00edculos legales de El Salvador sobre temas relacionados con nuestros servicios.\" \/>\n<meta name=\"twitter:site\" content=\"@InterbiznetSV\" \/>\n<meta name=\"twitter:label1\" content=\"Tiempo de lectura\" \/>\n\t<meta name=\"twitter:data1\" content=\"3 minutos\" \/>\n<script type=\"application\/ld+json\" class=\"yoast-schema-graph\">{\"@context\":\"https:\\\/\\\/schema.org\",\"@graph\":[{\"@type\":\"WebPage\",\"@id\":\"https:\\\/\\\/elsalvadoroutsourcing.com\\\/es\\\/articulos-de-el-salvador\\\/\",\"url\":\"https:\\\/\\\/elsalvadoroutsourcing.com\\\/es\\\/articulos-de-el-salvador\\\/\",\"name\":\"Art\u00edculos legales de El Salvador - El Salvador Outsourcing - Interbiznet - Asesores legales\",\"isPartOf\":{\"@id\":\"https:\\\/\\\/elsalvadoroutsourcing.com\\\/es\\\/#website\"},\"datePublished\":\"2022-09-02T20:46:11+00:00\",\"dateModified\":\"2024-03-22T21:16:39+00:00\",\"description\":\"Interbiznet provee, para su conveniencia y conocimiento, art\u00edculos legales de El Salvador sobre temas relacionados con nuestros servicios.\",\"breadcrumb\":{\"@id\":\"https:\\\/\\\/elsalvadoroutsourcing.com\\\/es\\\/articulos-de-el-salvador\\\/#breadcrumb\"},\"inLanguage\":\"es\",\"potentialAction\":[{\"@type\":\"ReadAction\",\"target\":[\"https:\\\/\\\/elsalvadoroutsourcing.com\\\/es\\\/articulos-de-el-salvador\\\/\"]}]},{\"@type\":\"BreadcrumbList\",\"@id\":\"https:\\\/\\\/elsalvadoroutsourcing.com\\\/es\\\/articulos-de-el-salvador\\\/#breadcrumb\",\"itemListElement\":[{\"@type\":\"ListItem\",\"position\":1,\"name\":\"Portada\",\"item\":\"https:\\\/\\\/elsalvadoroutsourcing.com\\\/es\\\/\"},{\"@type\":\"ListItem\",\"position\":2,\"name\":\"Art\u00edculos de El Salvador\"}]},{\"@type\":\"WebSite\",\"@id\":\"https:\\\/\\\/elsalvadoroutsourcing.com\\\/es\\\/#website\",\"url\":\"https:\\\/\\\/elsalvadoroutsourcing.com\\\/es\\\/\",\"name\":\"El Salvador Outsourcing - Interbiznet - Asesores legales\",\"description\":\"Outsourcing de El Salvador\",\"publisher\":{\"@id\":\"https:\\\/\\\/elsalvadoroutsourcing.com\\\/es\\\/#organization\"},\"potentialAction\":[{\"@type\":\"SearchAction\",\"target\":{\"@type\":\"EntryPoint\",\"urlTemplate\":\"https:\\\/\\\/elsalvadoroutsourcing.com\\\/es\\\/?s={search_term_string}\"},\"query-input\":{\"@type\":\"PropertyValueSpecification\",\"valueRequired\":true,\"valueName\":\"search_term_string\"}}],\"inLanguage\":\"es\"},{\"@type\":[\"Organization\",\"Place\",\"LegalService\"],\"@id\":\"https:\\\/\\\/elsalvadoroutsourcing.com\\\/es\\\/#organization\",\"name\":\"Interbiznet, S.A de C.V.; Firma de abogados y despacho contable en El Salvador\",\"alternateName\":\"Interbiznet, Firma de Abogados y Despacho Contable\",\"url\":\"https:\\\/\\\/elsalvadoroutsourcing.com\\\/es\\\/\",\"logo\":{\"@id\":\"https:\\\/\\\/elsalvadoroutsourcing.com\\\/es\\\/articulos-de-el-salvador\\\/#local-main-organization-logo\"},\"image\":{\"@id\":\"https:\\\/\\\/elsalvadoroutsourcing.com\\\/es\\\/articulos-de-el-salvador\\\/#local-main-organization-logo\"},\"sameAs\":[\"https:\\\/\\\/www.facebook.com\\\/interbiznet\\\/\",\"https:\\\/\\\/x.com\\\/InterbiznetSV\",\"https:\\\/\\\/sv.linkedin.com\\\/company\\\/interbiznet\",\"https:\\\/\\\/www.youtube.com\\\/@InterBizNetSanSalvador\\\/videos\",\"https:\\\/\\\/www.instagram.com\\\/interbiznetsv\\\/\"],\"address\":{\"@id\":\"https:\\\/\\\/elsalvadoroutsourcing.com\\\/es\\\/articulos-de-el-salvador\\\/#local-main-place-address\"},\"geo\":{\"@type\":\"GeoCoordinates\",\"latitude\":\"13.7097358\",\"longitude\":\"-89.24044321\"},\"telephone\":[\"+503 2528 0303\",\"+305 728-8634\"],\"openingHoursSpecification\":[{\"@type\":\"OpeningHoursSpecification\",\"dayOfWeek\":[\"Monday\",\"Tuesday\",\"Wednesday\",\"Thursday\",\"Friday\"],\"opens\":\"08:00\",\"closes\":\"17:00\"},{\"@type\":\"OpeningHoursSpecification\",\"dayOfWeek\":[\"Saturday\",\"Sunday\"],\"opens\":\"00:00\",\"closes\":\"00:00\"}],\"email\":\"info@elsalvadoroutsourcing.com\",\"faxNumber\":\"+503 2264-6157\",\"priceRange\":\"$\",\"currenciesAccepted\":\"USD\"},{\"@type\":\"PostalAddress\",\"@id\":\"https:\\\/\\\/elsalvadoroutsourcing.com\\\/es\\\/articulos-de-el-salvador\\\/#local-main-place-address\",\"streetAddress\":\"13 Calle Poniente No. 4425, entre 85 y, 87 Avenida Norte,\",\"addressLocality\":\"San Salvador\",\"postalCode\":\"01101\",\"addressRegion\":\"San Salvador\",\"addressCountry\":\"SV\"},{\"@type\":\"ImageObject\",\"inLanguage\":\"es\",\"@id\":\"https:\\\/\\\/elsalvadoroutsourcing.com\\\/es\\\/articulos-de-el-salvador\\\/#local-main-organization-logo\",\"url\":\"https:\\\/\\\/elsalvadoroutsourcing.com\\\/wp-content\\\/uploads\\\/2022\\\/10\\\/logo-negro_Mesa-de-trabajo-1.png\",\"contentUrl\":\"https:\\\/\\\/elsalvadoroutsourcing.com\\\/wp-content\\\/uploads\\\/2022\\\/10\\\/logo-negro_Mesa-de-trabajo-1.png\",\"width\":3300,\"height\":2550,\"caption\":\"Interbiznet, S.A de C.V.; Firma de abogados y despacho contable en El Salvador\"}]}<\/script>\n<meta name=\"geo.placename\" content=\"San Salvador\" \/>\n<meta name=\"geo.position\" content=\"13.7097358;-89.24044321\" \/>\n<meta name=\"geo.region\" content=\"El Salvador\" \/>\n<!-- \/ Yoast SEO Premium plugin. -->","yoast_head_json":{"title":"Art\u00edculos legales de El Salvador - El Salvador Outsourcing - Interbiznet - Asesores legales","description":"Interbiznet provee, para su conveniencia y conocimiento, art\u00edculos legales de El Salvador sobre temas relacionados con nuestros servicios.","robots":{"index":"index","follow":"follow","max-snippet":"max-snippet:-1","max-image-preview":"max-image-preview:large","max-video-preview":"max-video-preview:-1"},"canonical":"https:\/\/elsalvadoroutsourcing.com\/es\/articulos-de-el-salvador\/","og_locale":"es_ES","og_type":"article","og_title":"Art\u00edculos legales de El Salvador, El Salvador art\u00edculos legales","og_description":"Interbiznet provee, para su conveniencia y conocimiento, art\u00edculos legales de El Salvador sobre temas relacionados con nuestros servicios.","og_url":"https:\/\/elsalvadoroutsourcing.com\/es\/articulos-de-el-salvador\/","og_site_name":"El Salvador Outsourcing - Interbiznet - Asesores legales","article_publisher":"https:\/\/www.facebook.com\/interbiznet\/","article_modified_time":"2024-03-22T21:16:39+00:00","og_image":[{"width":2560,"height":1978,"url":"https:\/\/elsalvadoroutsourcing.com\/wp-content\/uploads\/2023\/08\/Interbiznet-scaled.jpg","type":"image\/jpeg"}],"twitter_card":"summary_large_image","twitter_title":"Art\u00edculos legales de El Salvador, El Salvador art\u00edculos legales","twitter_description":"Interbiznet provee, para su conveniencia y conocimiento, art\u00edculos legales de El Salvador sobre temas relacionados con nuestros servicios.","twitter_site":"@InterbiznetSV","twitter_misc":{"Tiempo de lectura":"3 minutos"},"schema":{"@context":"https:\/\/schema.org","@graph":[{"@type":"WebPage","@id":"https:\/\/elsalvadoroutsourcing.com\/es\/articulos-de-el-salvador\/","url":"https:\/\/elsalvadoroutsourcing.com\/es\/articulos-de-el-salvador\/","name":"Art\u00edculos legales de El Salvador - El Salvador Outsourcing - Interbiznet - Asesores legales","isPartOf":{"@id":"https:\/\/elsalvadoroutsourcing.com\/es\/#website"},"datePublished":"2022-09-02T20:46:11+00:00","dateModified":"2024-03-22T21:16:39+00:00","description":"Interbiznet provee, para su conveniencia y conocimiento, art\u00edculos legales de El Salvador sobre temas relacionados con nuestros servicios.","breadcrumb":{"@id":"https:\/\/elsalvadoroutsourcing.com\/es\/articulos-de-el-salvador\/#breadcrumb"},"inLanguage":"es","potentialAction":[{"@type":"ReadAction","target":["https:\/\/elsalvadoroutsourcing.com\/es\/articulos-de-el-salvador\/"]}]},{"@type":"BreadcrumbList","@id":"https:\/\/elsalvadoroutsourcing.com\/es\/articulos-de-el-salvador\/#breadcrumb","itemListElement":[{"@type":"ListItem","position":1,"name":"Portada","item":"https:\/\/elsalvadoroutsourcing.com\/es\/"},{"@type":"ListItem","position":2,"name":"Art\u00edculos de El Salvador"}]},{"@type":"WebSite","@id":"https:\/\/elsalvadoroutsourcing.com\/es\/#website","url":"https:\/\/elsalvadoroutsourcing.com\/es\/","name":"El Salvador Outsourcing - Interbiznet - Asesores legales","description":"Outsourcing de El Salvador","publisher":{"@id":"https:\/\/elsalvadoroutsourcing.com\/es\/#organization"},"potentialAction":[{"@type":"SearchAction","target":{"@type":"EntryPoint","urlTemplate":"https:\/\/elsalvadoroutsourcing.com\/es\/?s={search_term_string}"},"query-input":{"@type":"PropertyValueSpecification","valueRequired":true,"valueName":"search_term_string"}}],"inLanguage":"es"},{"@type":["Organization","Place","LegalService"],"@id":"https:\/\/elsalvadoroutsourcing.com\/es\/#organization","name":"Interbiznet, S.A de C.V.; Firma de abogados y despacho contable en El Salvador","alternateName":"Interbiznet, Firma de Abogados y Despacho Contable","url":"https:\/\/elsalvadoroutsourcing.com\/es\/","logo":{"@id":"https:\/\/elsalvadoroutsourcing.com\/es\/articulos-de-el-salvador\/#local-main-organization-logo"},"image":{"@id":"https:\/\/elsalvadoroutsourcing.com\/es\/articulos-de-el-salvador\/#local-main-organization-logo"},"sameAs":["https:\/\/www.facebook.com\/interbiznet\/","https:\/\/x.com\/InterbiznetSV","https:\/\/sv.linkedin.com\/company\/interbiznet","https:\/\/www.youtube.com\/@InterBizNetSanSalvador\/videos","https:\/\/www.instagram.com\/interbiznetsv\/"],"address":{"@id":"https:\/\/elsalvadoroutsourcing.com\/es\/articulos-de-el-salvador\/#local-main-place-address"},"geo":{"@type":"GeoCoordinates","latitude":"13.7097358","longitude":"-89.24044321"},"telephone":["+503 2528 0303","+305 728-8634"],"openingHoursSpecification":[{"@type":"OpeningHoursSpecification","dayOfWeek":["Monday","Tuesday","Wednesday","Thursday","Friday"],"opens":"08:00","closes":"17:00"},{"@type":"OpeningHoursSpecification","dayOfWeek":["Saturday","Sunday"],"opens":"00:00","closes":"00:00"}],"email":"info@elsalvadoroutsourcing.com","faxNumber":"+503 2264-6157","priceRange":"$","currenciesAccepted":"USD"},{"@type":"PostalAddress","@id":"https:\/\/elsalvadoroutsourcing.com\/es\/articulos-de-el-salvador\/#local-main-place-address","streetAddress":"13 Calle Poniente No. 4425, entre 85 y, 87 Avenida Norte,","addressLocality":"San Salvador","postalCode":"01101","addressRegion":"San Salvador","addressCountry":"SV"},{"@type":"ImageObject","inLanguage":"es","@id":"https:\/\/elsalvadoroutsourcing.com\/es\/articulos-de-el-salvador\/#local-main-organization-logo","url":"https:\/\/elsalvadoroutsourcing.com\/wp-content\/uploads\/2022\/10\/logo-negro_Mesa-de-trabajo-1.png","contentUrl":"https:\/\/elsalvadoroutsourcing.com\/wp-content\/uploads\/2022\/10\/logo-negro_Mesa-de-trabajo-1.png","width":3300,"height":2550,"caption":"Interbiznet, S.A de C.V.; Firma de abogados y despacho contable en El Salvador"}]},"geo.placename":"San Salvador","geo.position":{"lat":"13.7097358","long":"-89.24044321"},"geo.region":"El Salvador"},"uagb_featured_image_src":{"full":false,"thumbnail":false,"medium":false,"medium_large":false,"large":false,"1536x1536":false,"2048x2048":false,"woocommerce_thumbnail":false,"woocommerce_single":false,"woocommerce_gallery_thumbnail":false},"uagb_author_info":{"display_name":"interbiznet-master","author_link":"https:\/\/elsalvadoroutsourcing.com\/es\/author\/interbiznet-master\/"},"uagb_comment_info":0,"uagb_excerpt":"[vc_row][vc_column width=\u00bb1\/2&#8243; offset=\u00bbvc_col-lg-12 vc_col-md-12 vc_col-xs-12&#8243;][vc_column_text] Con la finalidad de proveerle a nuestros clientes y contribuidores informaci\u00f3n de alta relevancia con respecto a temas legales y contables; Les brindamos art\u00edculos que les ser\u00e1n de utilidad en su actividades empresariales y de negocios. [\/vc_column_text][vc_row_inner][vc_column_inner width=\u00bb2\/3&#8243;][vc_column_text] Pasos y Requisitos para Constituir Sociedades por Acciones Simplificadas (SAS) en El&hellip;","_links":{"self":[{"href":"https:\/\/elsalvadoroutsourcing.com\/es\/wp-json\/wp\/v2\/pages\/5501","targetHints":{"allow":["GET"]}}],"collection":[{"href":"https:\/\/elsalvadoroutsourcing.com\/es\/wp-json\/wp\/v2\/pages"}],"about":[{"href":"https:\/\/elsalvadoroutsourcing.com\/es\/wp-json\/wp\/v2\/types\/page"}],"author":[{"embeddable":true,"href":"https:\/\/elsalvadoroutsourcing.com\/es\/wp-json\/wp\/v2\/users\/1"}],"replies":[{"embeddable":true,"href":"https:\/\/elsalvadoroutsourcing.com\/es\/wp-json\/wp\/v2\/comments?post=5501"}],"version-history":[{"count":0,"href":"https:\/\/elsalvadoroutsourcing.com\/es\/wp-json\/wp\/v2\/pages\/5501\/revisions"}],"wp:attachment":[{"href":"https:\/\/elsalvadoroutsourcing.com\/es\/wp-json\/wp\/v2\/media?parent=5501"}],"curies":[{"name":"wp","href":"https:\/\/api.w.org\/{rel}","templated":true}]}}