{"id":5497,"date":"2022-09-02T14:26:50","date_gmt":"2022-09-02T20:26:50","guid":{"rendered":"https:\/\/elsalvadoroutsourcing.com\/?page_id=5497"},"modified":"2024-02-23T16:09:53","modified_gmt":"2024-02-23T22:09:53","slug":"modelos-de-documentos-el-salvador","status":"publish","type":"page","link":"https:\/\/elsalvadoroutsourcing.com\/es\/leyes-y-modelos-de-documentos-de-el-salvador\/modelos-de-documentos-el-salvador\/","title":{"rendered":"Modelos de Documentos de El Salvador"},"content":{"rendered":"<div class=\"wpb-content-wrapper\"><p>[vc_row][vc_column width=\u00bb1\/3&#8243;][vc_single_image image=\u00bb5585&#8243; img_size=\u00bbfull\u00bb alignment=\u00bbcenter\u00bb][\/vc_column][vc_column width=\u00bb2\/3&#8243;][vc_column_text]<\/p>\n<p style=\"text-align: justify;\">Interbiznet le muestra<a href=\"https:\/\/elsalvadoroutsourcing.com\/leyes-y-modelos-de-documentos-de-el-salvador\/\"> modelos de documentos de El Salvador<\/a>, con el objetivo que los utilice como una gu\u00eda la cual le ense\u00f1a el contenido y la redacci\u00f3n de documentos <a href=\"https:\/\/elsalvadoroutsourcing.com\/servicios-legales-en-el-salvador\/\">legales<\/a> y contables. Estos modelos de <a href=\"https:\/\/elsalvadoroutsourcing.com\/articulos-de-el-salvador\/\">documentos<\/a> legales y contables han sido creados tomando en cuenta las leyes y regulaciones que se deben de cumplir para que estos sean v\u00e1lidos. Por favor notar que es muy probable que usted deba modificar estos modelos para que estos satisfagan sus necesidades, por lo que, tal y como lo mencionamos previamente, estos modelos deben ser tomados \u00fanicamente como una referencia para la creaci\u00f3n del documento que requiera, o con el fin de tener un mejor entendimiento de lo que uno de estos documentos legales y\/o contables contiene.<\/p>\n<p>[\/vc_column_text][\/vc_column][\/vc_row][vc_row][vc_column width=\u00bb1\/2&#8243;][vc_icon icon_fontawesome=\u00bbfas fa-book-open\u00bb size=\u00bbxl\u00bb align=\u00bbcenter\u00bb][vc_column_text]<\/p>\n<h2 style=\"text-align: center;\">Modelos de Documentos Legales de El Salvador<\/h2>\n<p>[\/vc_column_text][vc_btn title=\u00bbM\u00e1s informaci\u00f3n\u00bb color=\u00bbprimary\u00bb align=\u00bbcenter\u00bb link=\u00bburl:https%3A%2F%2Felsalvadoroutsourcing.com%2Fmodelos-de-documentos-legales-en-el-salvador%2F|title:Modelos%20de%20Documentos%20Legales%20en%20El%20Salvador|target:_blank\u00bb][\/vc_column][vc_column width=\u00bb1\/2&#8243;][vc_icon icon_fontawesome=\u00bbfas fa-book-open\u00bb size=\u00bbxl\u00bb align=\u00bbcenter\u00bb][vc_column_text]<\/p>\n<h2 style=\"text-align: center;\">Modelos de Documentos Contables de El Salvador<\/h2>\n<p>[\/vc_column_text][vc_btn title=\u00bbM\u00e1s informaci\u00f3n\u00bb color=\u00bbprimary\u00bb align=\u00bbcenter\u00bb link=\u00bburl:https%3A%2F%2Felsalvadoroutsourcing.com%2Fmodelos-y-formularios-contables-el-salvador%2F|title:Modelos%20y%20formularios%20contables%20El%20Salvador%2C%20%C3%81rea%20Contable%20en%20El%20Salvador|target:_blank\u00bb][\/vc_column][\/vc_row]<\/p>\n<\/div>","protected":false},"excerpt":{"rendered":"<p>[vc_row][vc_column width=\u00bb1\/3&#8243;][vc_single_image image=\u00bb5585&#8243; img_size=\u00bbfull\u00bb alignment=\u00bbcenter\u00bb][\/vc_column][vc_column width=\u00bb2\/3&#8243;][vc_column_text] Interbiznet le muestra modelos de documentos de El Salvador, con el objetivo que los utilice como una gu\u00eda la cual le ense\u00f1a el contenido y la redacci\u00f3n de documentos legales y contables. Estos modelos de documentos legales y contables han sido creados tomando en cuenta las leyes y regulaciones&hellip;<\/p>\n","protected":false},"author":1,"featured_media":0,"parent":5487,"menu_order":0,"comment_status":"closed","ping_status":"closed","template":"","meta":{"rs_blank_template":"","rs_page_bg_color":"","slide_template_v7":"","_uag_custom_page_level_css":"","footnotes":""},"class_list":["post-5497","page","type-page","status-publish","hentry","description-off"],"yoast_head":"<!-- This site is optimized with the Yoast SEO Premium plugin v27.3 (Yoast SEO v27.6) - https:\/\/yoast.com\/product\/yoast-seo-premium-wordpress\/ -->\n<title>Modelos de documentos de El Salvador, documentos legales<\/title>\n<meta name=\"description\" content=\"Interbiznet, firma de abogados y contadores en El Salvador, provee modelos de documentos de El Salvador relacionados con nuestros servicios.\" \/>\n<meta name=\"robots\" content=\"index, follow, max-snippet:-1, max-image-preview:large, max-video-preview:-1\" \/>\n<link rel=\"canonical\" href=\"https:\/\/elsalvadoroutsourcing.com\/es\/leyes-y-modelos-de-documentos-de-el-salvador\/modelos-de-documentos-el-salvador\/\" \/>\n<meta property=\"og:locale\" content=\"es_ES\" \/>\n<meta property=\"og:type\" content=\"article\" \/>\n<meta property=\"og:title\" content=\"Modelos de documentos de El Salvador, documentos legales y contables\" \/>\n<meta property=\"og:description\" content=\"Interbiznet, firma de abogados y contadores en El Salvador, provee modelos de documentos de El Salvador relacionados con nuestros servicios.\" \/>\n<meta property=\"og:url\" content=\"https:\/\/elsalvadoroutsourcing.com\/es\/leyes-y-modelos-de-documentos-de-el-salvador\/modelos-de-documentos-el-salvador\/\" \/>\n<meta property=\"og:site_name\" content=\"El Salvador Outsourcing - Interbiznet - Asesores legales\" \/>\n<meta property=\"article:publisher\" content=\"https:\/\/www.facebook.com\/interbiznet\/\" \/>\n<meta property=\"article:modified_time\" content=\"2024-02-23T22:09:53+00:00\" \/>\n<meta property=\"og:image\" content=\"https:\/\/elsalvadoroutsourcing.com\/wp-content\/uploads\/2023\/08\/Interbiznet-scaled.jpg\" \/>\n\t<meta property=\"og:image:width\" content=\"2560\" \/>\n\t<meta property=\"og:image:height\" content=\"1978\" \/>\n\t<meta property=\"og:image:type\" content=\"image\/jpeg\" \/>\n<meta name=\"twitter:card\" content=\"summary_large_image\" \/>\n<meta name=\"twitter:title\" content=\"Modelos de documentos de El Salvador, documentos legales y contables\" \/>\n<meta name=\"twitter:description\" content=\"Interbiznet, firma de abogados y contadores en El Salvador, provee modelos de documentos de El Salvador relacionados con nuestros servicios.\" \/>\n<meta name=\"twitter:site\" content=\"@InterbiznetSV\" \/>\n<meta name=\"twitter:label1\" content=\"Tiempo de lectura\" \/>\n\t<meta name=\"twitter:data1\" content=\"1 minuto\" \/>\n<script type=\"application\/ld+json\" class=\"yoast-schema-graph\">{\"@context\":\"https:\\\/\\\/schema.org\",\"@graph\":[{\"@type\":\"WebPage\",\"@id\":\"https:\\\/\\\/elsalvadoroutsourcing.com\\\/es\\\/leyes-y-modelos-de-documentos-de-el-salvador\\\/modelos-de-documentos-el-salvador\\\/\",\"url\":\"https:\\\/\\\/elsalvadoroutsourcing.com\\\/es\\\/leyes-y-modelos-de-documentos-de-el-salvador\\\/modelos-de-documentos-el-salvador\\\/\",\"name\":\"Modelos de documentos de El Salvador, documentos legales\",\"isPartOf\":{\"@id\":\"https:\\\/\\\/elsalvadoroutsourcing.com\\\/es\\\/#website\"},\"datePublished\":\"2022-09-02T20:26:50+00:00\",\"dateModified\":\"2024-02-23T22:09:53+00:00\",\"description\":\"Interbiznet, firma de abogados y contadores en El Salvador, provee modelos de documentos de El Salvador relacionados con nuestros servicios.\",\"breadcrumb\":{\"@id\":\"https:\\\/\\\/elsalvadoroutsourcing.com\\\/es\\\/leyes-y-modelos-de-documentos-de-el-salvador\\\/modelos-de-documentos-el-salvador\\\/#breadcrumb\"},\"inLanguage\":\"es\",\"potentialAction\":[{\"@type\":\"ReadAction\",\"target\":[\"https:\\\/\\\/elsalvadoroutsourcing.com\\\/es\\\/leyes-y-modelos-de-documentos-de-el-salvador\\\/modelos-de-documentos-el-salvador\\\/\"]}]},{\"@type\":\"BreadcrumbList\",\"@id\":\"https:\\\/\\\/elsalvadoroutsourcing.com\\\/es\\\/leyes-y-modelos-de-documentos-de-el-salvador\\\/modelos-de-documentos-el-salvador\\\/#breadcrumb\",\"itemListElement\":[{\"@type\":\"ListItem\",\"position\":1,\"name\":\"Portada\",\"item\":\"https:\\\/\\\/elsalvadoroutsourcing.com\\\/es\\\/\"},{\"@type\":\"ListItem\",\"position\":2,\"name\":\"Centro de Informaci\u00f3n \u2013 Leyes y Modelos de Documentos de El Salvador\",\"item\":\"https:\\\/\\\/elsalvadoroutsourcing.com\\\/es\\\/information-center\\\/\"},{\"@type\":\"ListItem\",\"position\":3,\"name\":\"Modelos de Documentos de El Salvador\"}]},{\"@type\":\"WebSite\",\"@id\":\"https:\\\/\\\/elsalvadoroutsourcing.com\\\/es\\\/#website\",\"url\":\"https:\\\/\\\/elsalvadoroutsourcing.com\\\/es\\\/\",\"name\":\"El Salvador Outsourcing - Interbiznet - Asesores legales\",\"description\":\"Outsourcing de El Salvador\",\"publisher\":{\"@id\":\"https:\\\/\\\/elsalvadoroutsourcing.com\\\/es\\\/#organization\"},\"potentialAction\":[{\"@type\":\"SearchAction\",\"target\":{\"@type\":\"EntryPoint\",\"urlTemplate\":\"https:\\\/\\\/elsalvadoroutsourcing.com\\\/es\\\/?s={search_term_string}\"},\"query-input\":{\"@type\":\"PropertyValueSpecification\",\"valueRequired\":true,\"valueName\":\"search_term_string\"}}],\"inLanguage\":\"es\"},{\"@type\":[\"Organization\",\"Place\",\"LegalService\"],\"@id\":\"https:\\\/\\\/elsalvadoroutsourcing.com\\\/es\\\/#organization\",\"name\":\"Interbiznet, S.A de C.V.; Firma de abogados y despacho contable en El Salvador\",\"alternateName\":\"Interbiznet, Firma de Abogados y Despacho Contable\",\"url\":\"https:\\\/\\\/elsalvadoroutsourcing.com\\\/es\\\/\",\"logo\":{\"@id\":\"https:\\\/\\\/elsalvadoroutsourcing.com\\\/es\\\/leyes-y-modelos-de-documentos-de-el-salvador\\\/modelos-de-documentos-el-salvador\\\/#local-main-organization-logo\"},\"image\":{\"@id\":\"https:\\\/\\\/elsalvadoroutsourcing.com\\\/es\\\/leyes-y-modelos-de-documentos-de-el-salvador\\\/modelos-de-documentos-el-salvador\\\/#local-main-organization-logo\"},\"sameAs\":[\"https:\\\/\\\/www.facebook.com\\\/interbiznet\\\/\",\"https:\\\/\\\/x.com\\\/InterbiznetSV\",\"https:\\\/\\\/sv.linkedin.com\\\/company\\\/interbiznet\",\"https:\\\/\\\/www.youtube.com\\\/@InterBizNetSanSalvador\\\/videos\",\"https:\\\/\\\/www.instagram.com\\\/interbiznetsv\\\/\"],\"address\":{\"@id\":\"https:\\\/\\\/elsalvadoroutsourcing.com\\\/es\\\/leyes-y-modelos-de-documentos-de-el-salvador\\\/modelos-de-documentos-el-salvador\\\/#local-main-place-address\"},\"geo\":{\"@type\":\"GeoCoordinates\",\"latitude\":\"13.7097358\",\"longitude\":\"-89.24044321\"},\"telephone\":[\"+503 2528 0303\",\"+305 728-8634\"],\"openingHoursSpecification\":[{\"@type\":\"OpeningHoursSpecification\",\"dayOfWeek\":[\"Monday\",\"Tuesday\",\"Wednesday\",\"Thursday\",\"Friday\"],\"opens\":\"08:00\",\"closes\":\"17:00\"},{\"@type\":\"OpeningHoursSpecification\",\"dayOfWeek\":[\"Saturday\",\"Sunday\"],\"opens\":\"00:00\",\"closes\":\"00:00\"}],\"email\":\"info@elsalvadoroutsourcing.com\",\"faxNumber\":\"+503 2264-6157\",\"priceRange\":\"$\",\"currenciesAccepted\":\"USD\"},{\"@type\":\"PostalAddress\",\"@id\":\"https:\\\/\\\/elsalvadoroutsourcing.com\\\/es\\\/leyes-y-modelos-de-documentos-de-el-salvador\\\/modelos-de-documentos-el-salvador\\\/#local-main-place-address\",\"streetAddress\":\"13 Calle Poniente No. 4425, entre 85 y, 87 Avenida Norte,\",\"addressLocality\":\"San Salvador\",\"postalCode\":\"01101\",\"addressRegion\":\"San Salvador\",\"addressCountry\":\"SV\"},{\"@type\":\"ImageObject\",\"inLanguage\":\"es\",\"@id\":\"https:\\\/\\\/elsalvadoroutsourcing.com\\\/es\\\/leyes-y-modelos-de-documentos-de-el-salvador\\\/modelos-de-documentos-el-salvador\\\/#local-main-organization-logo\",\"url\":\"https:\\\/\\\/elsalvadoroutsourcing.com\\\/wp-content\\\/uploads\\\/2022\\\/10\\\/logo-negro_Mesa-de-trabajo-1.png\",\"contentUrl\":\"https:\\\/\\\/elsalvadoroutsourcing.com\\\/wp-content\\\/uploads\\\/2022\\\/10\\\/logo-negro_Mesa-de-trabajo-1.png\",\"width\":3300,\"height\":2550,\"caption\":\"Interbiznet, S.A de C.V.; Firma de abogados y despacho contable en El Salvador\"}]}<\/script>\n<meta name=\"geo.placename\" content=\"San Salvador\" \/>\n<meta name=\"geo.position\" content=\"13.7097358;-89.24044321\" \/>\n<meta name=\"geo.region\" content=\"El Salvador\" \/>\n<!-- \/ Yoast SEO Premium plugin. -->","yoast_head_json":{"title":"Modelos de documentos de El Salvador, documentos legales","description":"Interbiznet, firma de abogados y contadores en El Salvador, provee modelos de documentos de El Salvador relacionados con nuestros servicios.","robots":{"index":"index","follow":"follow","max-snippet":"max-snippet:-1","max-image-preview":"max-image-preview:large","max-video-preview":"max-video-preview:-1"},"canonical":"https:\/\/elsalvadoroutsourcing.com\/es\/leyes-y-modelos-de-documentos-de-el-salvador\/modelos-de-documentos-el-salvador\/","og_locale":"es_ES","og_type":"article","og_title":"Modelos de documentos de El Salvador, documentos legales y contables","og_description":"Interbiznet, firma de abogados y contadores en El Salvador, provee modelos de documentos de El Salvador relacionados con nuestros servicios.","og_url":"https:\/\/elsalvadoroutsourcing.com\/es\/leyes-y-modelos-de-documentos-de-el-salvador\/modelos-de-documentos-el-salvador\/","og_site_name":"El Salvador Outsourcing - Interbiznet - Asesores legales","article_publisher":"https:\/\/www.facebook.com\/interbiznet\/","article_modified_time":"2024-02-23T22:09:53+00:00","og_image":[{"width":2560,"height":1978,"url":"https:\/\/elsalvadoroutsourcing.com\/wp-content\/uploads\/2023\/08\/Interbiznet-scaled.jpg","type":"image\/jpeg"}],"twitter_card":"summary_large_image","twitter_title":"Modelos de documentos de El Salvador, documentos legales y contables","twitter_description":"Interbiznet, firma de abogados y contadores en El Salvador, provee modelos de documentos de El Salvador relacionados con nuestros servicios.","twitter_site":"@InterbiznetSV","twitter_misc":{"Tiempo de lectura":"1 minuto"},"schema":{"@context":"https:\/\/schema.org","@graph":[{"@type":"WebPage","@id":"https:\/\/elsalvadoroutsourcing.com\/es\/leyes-y-modelos-de-documentos-de-el-salvador\/modelos-de-documentos-el-salvador\/","url":"https:\/\/elsalvadoroutsourcing.com\/es\/leyes-y-modelos-de-documentos-de-el-salvador\/modelos-de-documentos-el-salvador\/","name":"Modelos de documentos de El Salvador, documentos legales","isPartOf":{"@id":"https:\/\/elsalvadoroutsourcing.com\/es\/#website"},"datePublished":"2022-09-02T20:26:50+00:00","dateModified":"2024-02-23T22:09:53+00:00","description":"Interbiznet, firma de abogados y contadores en El Salvador, provee modelos de documentos de El Salvador relacionados con nuestros servicios.","breadcrumb":{"@id":"https:\/\/elsalvadoroutsourcing.com\/es\/leyes-y-modelos-de-documentos-de-el-salvador\/modelos-de-documentos-el-salvador\/#breadcrumb"},"inLanguage":"es","potentialAction":[{"@type":"ReadAction","target":["https:\/\/elsalvadoroutsourcing.com\/es\/leyes-y-modelos-de-documentos-de-el-salvador\/modelos-de-documentos-el-salvador\/"]}]},{"@type":"BreadcrumbList","@id":"https:\/\/elsalvadoroutsourcing.com\/es\/leyes-y-modelos-de-documentos-de-el-salvador\/modelos-de-documentos-el-salvador\/#breadcrumb","itemListElement":[{"@type":"ListItem","position":1,"name":"Portada","item":"https:\/\/elsalvadoroutsourcing.com\/es\/"},{"@type":"ListItem","position":2,"name":"Centro de Informaci\u00f3n \u2013 Leyes y Modelos de Documentos de El Salvador","item":"https:\/\/elsalvadoroutsourcing.com\/es\/information-center\/"},{"@type":"ListItem","position":3,"name":"Modelos de Documentos de El Salvador"}]},{"@type":"WebSite","@id":"https:\/\/elsalvadoroutsourcing.com\/es\/#website","url":"https:\/\/elsalvadoroutsourcing.com\/es\/","name":"El Salvador Outsourcing - Interbiznet - Asesores legales","description":"Outsourcing de El Salvador","publisher":{"@id":"https:\/\/elsalvadoroutsourcing.com\/es\/#organization"},"potentialAction":[{"@type":"SearchAction","target":{"@type":"EntryPoint","urlTemplate":"https:\/\/elsalvadoroutsourcing.com\/es\/?s={search_term_string}"},"query-input":{"@type":"PropertyValueSpecification","valueRequired":true,"valueName":"search_term_string"}}],"inLanguage":"es"},{"@type":["Organization","Place","LegalService"],"@id":"https:\/\/elsalvadoroutsourcing.com\/es\/#organization","name":"Interbiznet, S.A de C.V.; Firma de abogados y despacho contable en El Salvador","alternateName":"Interbiznet, Firma de Abogados y Despacho Contable","url":"https:\/\/elsalvadoroutsourcing.com\/es\/","logo":{"@id":"https:\/\/elsalvadoroutsourcing.com\/es\/leyes-y-modelos-de-documentos-de-el-salvador\/modelos-de-documentos-el-salvador\/#local-main-organization-logo"},"image":{"@id":"https:\/\/elsalvadoroutsourcing.com\/es\/leyes-y-modelos-de-documentos-de-el-salvador\/modelos-de-documentos-el-salvador\/#local-main-organization-logo"},"sameAs":["https:\/\/www.facebook.com\/interbiznet\/","https:\/\/x.com\/InterbiznetSV","https:\/\/sv.linkedin.com\/company\/interbiznet","https:\/\/www.youtube.com\/@InterBizNetSanSalvador\/videos","https:\/\/www.instagram.com\/interbiznetsv\/"],"address":{"@id":"https:\/\/elsalvadoroutsourcing.com\/es\/leyes-y-modelos-de-documentos-de-el-salvador\/modelos-de-documentos-el-salvador\/#local-main-place-address"},"geo":{"@type":"GeoCoordinates","latitude":"13.7097358","longitude":"-89.24044321"},"telephone":["+503 2528 0303","+305 728-8634"],"openingHoursSpecification":[{"@type":"OpeningHoursSpecification","dayOfWeek":["Monday","Tuesday","Wednesday","Thursday","Friday"],"opens":"08:00","closes":"17:00"},{"@type":"OpeningHoursSpecification","dayOfWeek":["Saturday","Sunday"],"opens":"00:00","closes":"00:00"}],"email":"info@elsalvadoroutsourcing.com","faxNumber":"+503 2264-6157","priceRange":"$","currenciesAccepted":"USD"},{"@type":"PostalAddress","@id":"https:\/\/elsalvadoroutsourcing.com\/es\/leyes-y-modelos-de-documentos-de-el-salvador\/modelos-de-documentos-el-salvador\/#local-main-place-address","streetAddress":"13 Calle Poniente No. 4425, entre 85 y, 87 Avenida Norte,","addressLocality":"San Salvador","postalCode":"01101","addressRegion":"San Salvador","addressCountry":"SV"},{"@type":"ImageObject","inLanguage":"es","@id":"https:\/\/elsalvadoroutsourcing.com\/es\/leyes-y-modelos-de-documentos-de-el-salvador\/modelos-de-documentos-el-salvador\/#local-main-organization-logo","url":"https:\/\/elsalvadoroutsourcing.com\/wp-content\/uploads\/2022\/10\/logo-negro_Mesa-de-trabajo-1.png","contentUrl":"https:\/\/elsalvadoroutsourcing.com\/wp-content\/uploads\/2022\/10\/logo-negro_Mesa-de-trabajo-1.png","width":3300,"height":2550,"caption":"Interbiznet, S.A de C.V.; Firma de abogados y despacho contable en El Salvador"}]},"geo.placename":"San Salvador","geo.position":{"lat":"13.7097358","long":"-89.24044321"},"geo.region":"El Salvador"},"uagb_featured_image_src":{"full":false,"thumbnail":false,"medium":false,"medium_large":false,"large":false,"1536x1536":false,"2048x2048":false,"woocommerce_thumbnail":false,"woocommerce_single":false,"woocommerce_gallery_thumbnail":false},"uagb_author_info":{"display_name":"interbiznet-master","author_link":"https:\/\/elsalvadoroutsourcing.com\/es\/author\/interbiznet-master\/"},"uagb_comment_info":0,"uagb_excerpt":"[vc_row][vc_column width=\u00bb1\/3&#8243;][vc_single_image image=\u00bb5585&#8243; img_size=\u00bbfull\u00bb alignment=\u00bbcenter\u00bb][\/vc_column][vc_column width=\u00bb2\/3&#8243;][vc_column_text] Interbiznet le muestra modelos de documentos de El Salvador, con el objetivo que los utilice como una gu\u00eda la cual le ense\u00f1a el contenido y la redacci\u00f3n de documentos legales y contables. Estos modelos de documentos legales y contables han sido creados tomando en cuenta las leyes y regulaciones&hellip;","_links":{"self":[{"href":"https:\/\/elsalvadoroutsourcing.com\/es\/wp-json\/wp\/v2\/pages\/5497","targetHints":{"allow":["GET"]}}],"collection":[{"href":"https:\/\/elsalvadoroutsourcing.com\/es\/wp-json\/wp\/v2\/pages"}],"about":[{"href":"https:\/\/elsalvadoroutsourcing.com\/es\/wp-json\/wp\/v2\/types\/page"}],"author":[{"embeddable":true,"href":"https:\/\/elsalvadoroutsourcing.com\/es\/wp-json\/wp\/v2\/users\/1"}],"replies":[{"embeddable":true,"href":"https:\/\/elsalvadoroutsourcing.com\/es\/wp-json\/wp\/v2\/comments?post=5497"}],"version-history":[{"count":0,"href":"https:\/\/elsalvadoroutsourcing.com\/es\/wp-json\/wp\/v2\/pages\/5497\/revisions"}],"up":[{"embeddable":true,"href":"https:\/\/elsalvadoroutsourcing.com\/es\/wp-json\/wp\/v2\/pages\/5487"}],"wp:attachment":[{"href":"https:\/\/elsalvadoroutsourcing.com\/es\/wp-json\/wp\/v2\/media?parent=5497"}],"curies":[{"name":"wp","href":"https:\/\/api.w.org\/{rel}","templated":true}]}}