{"id":5487,"date":"2022-09-02T13:58:11","date_gmt":"2022-09-02T19:58:11","guid":{"rendered":"https:\/\/elsalvadoroutsourcing.com\/?page_id=5487"},"modified":"2026-01-05T16:50:25","modified_gmt":"2026-01-05T22:50:25","slug":"leyes-y-modelos-de-documentos-de-el-salvador","status":"publish","type":"page","link":"https:\/\/elsalvadoroutsourcing.com\/es\/leyes-y-modelos-de-documentos-de-el-salvador\/","title":{"rendered":"Centro de Informaci\u00f3n \u2013 Leyes y Modelos de Documentos de El Salvador"},"content":{"rendered":"<div class=\"wpb-content-wrapper\"><p>[vc_row][vc_column width=\u00bb1\/3&#8243;][vc_single_image image=\u00bb5577&#8243; img_size=\u00bbfull\u00bb alignment=\u00bbcenter\u00bb][\/vc_column][vc_column width=\u00bb2\/3&#8243;][vc_column_text]<\/p>\n<p style=\"text-align: justify;\">Interbiznet le ofrece servicios legales y contables; no obstante, algunos de nuestros servicios requieren la entrega de documentos legales y\/o contables que nos permitir\u00e1n brindarle a totalidad nuestros servicios. Adem\u00e1s, las leyes de El Salvador nos proporcionan una gu\u00eda la cual debemos de seguir. Es por este motivo que a continuaci\u00f3n podr\u00e1 apreciar distintas leyes y modelos de documentos de El Salvador, cuyo entendimiento y conocimiento le podr\u00eda ser de gran utilidad.<\/p>\n<p style=\"text-align: justify;\">Las leyes y modelos encontrados en este segmento son pertinentes a nuestros servicios legales y contables. Estos documentos han sido obtenidos de fuentes oficiales, como la p\u00e1gina de la Asamblea Legislativa de la Rep\u00fablica de El Salvador, o creados siguiendo los lineamientos dictados por distintos \u00f3rganos de gobierno de El Salvador.<\/p>\n<p style=\"text-align: justify;\">Favor notar que las leyes de El Salvador deben de ser cumplidas en su totalidad, a raz\u00f3n de evitar multas o sanciones o para poder seguir un proceso que requiera el seguimiento de esta. En contraste, los modelos de documentos sirven como una gu\u00eda a seguir que puede o no cambiar dependiendo de m\u00faltiples factores.<\/p>\n<p>[\/vc_column_text][vc_btn title=\u00bbCalendario Tributario a\u00f1o 2026.\u00bb color=\u00bbblue\u00bb css=\u00bb\u00bb link=\u00bburl:https%3A%2F%2Finterbiznet.net%2Fwp-content%2Fuploads%2F2026%2F01%2FCalendario-Tributario-2026-en-el-salvador-.pdf|title:Calendario%20Tributario%20en%20El%20Salvador|target:_blank\u00bb][\/vc_column][\/vc_row][vc_row][vc_column width=\u00bb1\/2&#8243;][vc_icon icon_fontawesome=\u00bbfas fa-file-alt\u00bb size=\u00bbxl\u00bb align=\u00bbcenter\u00bb][vc_column_text]<\/p>\n<h3 style=\"text-align: center;\">Leyes de<br \/>\nEl Salvador<\/h3>\n<p style=\"text-align: justify;\">Este apartado le ayudar\u00e1 a informase de distintas leyes, c\u00f3digos, reglamentos y decretos de El Salvador. Esta es informaci\u00f3n que le ser\u00e1 de gran utilidad en distintas \u00e1reas legales como la constituci\u00f3n de sociedades, el registro de una marca o incluso temas en materia de familia, entre otros<\/p>\n<p>[\/vc_column_text][vc_btn title=\u00bbMas Informaci\u00f3n\u00bb color=\u00bbblue\u00bb css=\u00bb\u00bb link=\u00bburl:https%3A%2F%2Felsalvadoroutsourcing.com%2Fleyes-y-modelos-de-documentos-de-el-salvador%2Fleyes-de-el-salvador-leyes-tributarias-de-el-salvador%2F|title:Leyes%20de%20El%20Salvador\u00bb][\/vc_column][vc_column width=\u00bb1\/2&#8243;][vc_icon icon_fontawesome=\u00bbfas fa-book\u00bb size=\u00bbxl\u00bb align=\u00bbcenter\u00bb][vc_column_text]<\/p>\n<h3 style=\"text-align: center;\">Modelos de Documentos<br \/>\nde El Salvador<\/h3>\n<p style=\"text-align: justify;\">En esta p\u00e1gina encontrar\u00e1 diversas cl\u00e1usulas, declaraciones, formularios y dem\u00e1s modelos de documentos de El Salvador. Estos tienen la finalidad de servirle a usted como una gu\u00eda para elaborar con mayor facilidad el documento que necesite.<\/p>\n<p>[\/vc_column_text][vc_btn title=\u00bbMas Informaci\u00f3n\u00bb color=\u00bbblue\u00bb css=\u00bb\u00bb link=\u00bburl:https%3A%2F%2Felsalvadoroutsourcing.com%2Fleyes-y-modelos-de-documentos-de-el-salvador%2Fmodelos-de-documentos-el-salvador%2F|title:Documentos%20Contables%20y%20Legales%20en%20El%20Salvador\u00bb][\/vc_column][\/vc_row][vc_row][vc_column width=\u00bb1\/6&#8243;][\/vc_column][vc_column width=\u00bb2\/3&#8243;][vc_column_text]<\/p>\n<h3 style=\"text-align: center;\">Presentaciones sobre<br \/>\nleyes y modelos de documentos de El Salvador<\/h3>\n<p style=\"text-align: justify;\">Esta secci\u00f3n le muestra presentaciones sobre diversos temas legales y contables. Esta tiene la finalidad de informarle de forma m\u00e1s detallada el tema a tratar.<\/p>\n<p>[\/vc_column_text][\/vc_column][vc_column width=\u00bb1\/6&#8243;][\/vc_column][\/vc_row][vc_row][vc_column width=\u00bb1\/6&#8243;][\/vc_column][vc_column width=\u00bb2\/3&#8243;][\/vc_column][vc_column width=\u00bb1\/6&#8243;][\/vc_column][\/vc_row]<\/p>\n<\/div>","protected":false},"excerpt":{"rendered":"<p>[vc_row][vc_column width=\u00bb1\/3&#8243;][vc_single_image image=\u00bb5577&#8243; img_size=\u00bbfull\u00bb alignment=\u00bbcenter\u00bb][\/vc_column][vc_column width=\u00bb2\/3&#8243;][vc_column_text] Interbiznet le ofrece servicios legales y contables; no obstante, algunos de nuestros servicios requieren la entrega de documentos legales y\/o contables que nos permitir\u00e1n brindarle a totalidad nuestros servicios. Adem\u00e1s, las leyes de El Salvador nos proporcionan una gu\u00eda la cual debemos de seguir. Es por este motivo que&hellip;<\/p>\n","protected":false},"author":1,"featured_media":0,"parent":0,"menu_order":0,"comment_status":"closed","ping_status":"closed","template":"","meta":{"rs_blank_template":"","rs_page_bg_color":"","slide_template_v7":"","_uag_custom_page_level_css":"","footnotes":""},"class_list":["post-5487","page","type-page","status-publish","hentry","description-off"],"yoast_head":"<!-- This site is optimized with the Yoast SEO Premium plugin v27.3 (Yoast SEO v27.6) - https:\/\/yoast.com\/product\/yoast-seo-premium-wordpress\/ -->\n<title>Leyes y Modelos de Documentos de El Salvador<\/title>\n<meta name=\"description\" content=\"Interbiznet, Firma de Abogados y Contadores, le muestra leyes y modelos de documentos de El Salvador, con el fin de ayudarlo a informarse.\" \/>\n<meta name=\"robots\" content=\"index, follow, max-snippet:-1, max-image-preview:large, max-video-preview:-1\" \/>\n<link rel=\"canonical\" href=\"https:\/\/elsalvadoroutsourcing.com\/es\/leyes-y-modelos-de-documentos-de-el-salvador\/\" \/>\n<meta property=\"og:locale\" content=\"es_ES\" \/>\n<meta property=\"og:type\" content=\"article\" \/>\n<meta property=\"og:title\" content=\"Leyes y Modelos de Documentos de El Salvador\" \/>\n<meta property=\"og:description\" content=\"Interbiznet, Firma de Abogados y Contadores, le muestra leyes y modelos de documentos de El Salvador, con el fin de ayudarlo a informarse.\" \/>\n<meta property=\"og:url\" content=\"https:\/\/elsalvadoroutsourcing.com\/es\/leyes-y-modelos-de-documentos-de-el-salvador\/\" \/>\n<meta property=\"og:site_name\" content=\"El Salvador Outsourcing - Interbiznet - Asesores legales\" \/>\n<meta property=\"article:publisher\" content=\"https:\/\/www.facebook.com\/interbiznet\/\" \/>\n<meta property=\"article:modified_time\" content=\"2026-01-05T22:50:25+00:00\" \/>\n<meta property=\"og:image\" content=\"https:\/\/elsalvadoroutsourcing.com\/wp-content\/uploads\/2023\/08\/Interbiznet-scaled.jpg\" \/>\n\t<meta property=\"og:image:width\" content=\"2560\" \/>\n\t<meta property=\"og:image:height\" content=\"1978\" \/>\n\t<meta property=\"og:image:type\" content=\"image\/jpeg\" \/>\n<meta name=\"twitter:card\" content=\"summary_large_image\" \/>\n<meta name=\"twitter:title\" content=\"Leyes y Modelos de Documentos de El Salvador\" \/>\n<meta name=\"twitter:description\" content=\"Interbiznet, Firma de Abogados y Contadores, le muestra leyes y modelos de documentos de El Salvador, con el fin de ayudarlo a informarse.\" \/>\n<meta name=\"twitter:site\" content=\"@InterbiznetSV\" \/>\n<meta name=\"twitter:label1\" content=\"Tiempo de lectura\" \/>\n\t<meta name=\"twitter:data1\" content=\"2 minutos\" \/>\n<script type=\"application\/ld+json\" class=\"yoast-schema-graph\">{\"@context\":\"https:\\\/\\\/schema.org\",\"@graph\":[{\"@type\":\"WebPage\",\"@id\":\"https:\\\/\\\/elsalvadoroutsourcing.com\\\/es\\\/leyes-y-modelos-de-documentos-de-el-salvador\\\/\",\"url\":\"https:\\\/\\\/elsalvadoroutsourcing.com\\\/es\\\/leyes-y-modelos-de-documentos-de-el-salvador\\\/\",\"name\":\"Leyes y Modelos de Documentos de El Salvador\",\"isPartOf\":{\"@id\":\"https:\\\/\\\/elsalvadoroutsourcing.com\\\/es\\\/#website\"},\"datePublished\":\"2022-09-02T19:58:11+00:00\",\"dateModified\":\"2026-01-05T22:50:25+00:00\",\"description\":\"Interbiznet, Firma de Abogados y Contadores, le muestra leyes y modelos de documentos de El Salvador, con el fin de ayudarlo a informarse.\",\"breadcrumb\":{\"@id\":\"https:\\\/\\\/elsalvadoroutsourcing.com\\\/es\\\/leyes-y-modelos-de-documentos-de-el-salvador\\\/#breadcrumb\"},\"inLanguage\":\"es\",\"potentialAction\":[{\"@type\":\"ReadAction\",\"target\":[\"https:\\\/\\\/elsalvadoroutsourcing.com\\\/es\\\/leyes-y-modelos-de-documentos-de-el-salvador\\\/\"]}]},{\"@type\":\"BreadcrumbList\",\"@id\":\"https:\\\/\\\/elsalvadoroutsourcing.com\\\/es\\\/leyes-y-modelos-de-documentos-de-el-salvador\\\/#breadcrumb\",\"itemListElement\":[{\"@type\":\"ListItem\",\"position\":1,\"name\":\"Portada\",\"item\":\"https:\\\/\\\/elsalvadoroutsourcing.com\\\/es\\\/\"},{\"@type\":\"ListItem\",\"position\":2,\"name\":\"Centro de Informaci\u00f3n \u2013 Leyes y Modelos de Documentos de El Salvador\"}]},{\"@type\":\"WebSite\",\"@id\":\"https:\\\/\\\/elsalvadoroutsourcing.com\\\/es\\\/#website\",\"url\":\"https:\\\/\\\/elsalvadoroutsourcing.com\\\/es\\\/\",\"name\":\"El Salvador Outsourcing - Interbiznet - Asesores legales\",\"description\":\"Outsourcing de El Salvador\",\"publisher\":{\"@id\":\"https:\\\/\\\/elsalvadoroutsourcing.com\\\/es\\\/#organization\"},\"potentialAction\":[{\"@type\":\"SearchAction\",\"target\":{\"@type\":\"EntryPoint\",\"urlTemplate\":\"https:\\\/\\\/elsalvadoroutsourcing.com\\\/es\\\/?s={search_term_string}\"},\"query-input\":{\"@type\":\"PropertyValueSpecification\",\"valueRequired\":true,\"valueName\":\"search_term_string\"}}],\"inLanguage\":\"es\"},{\"@type\":[\"Organization\",\"Place\",\"LegalService\"],\"@id\":\"https:\\\/\\\/elsalvadoroutsourcing.com\\\/es\\\/#organization\",\"name\":\"Interbiznet, S.A de C.V.; Firma de abogados y despacho contable en El Salvador\",\"alternateName\":\"Interbiznet, Firma de Abogados y Despacho Contable\",\"url\":\"https:\\\/\\\/elsalvadoroutsourcing.com\\\/es\\\/\",\"logo\":{\"@id\":\"https:\\\/\\\/elsalvadoroutsourcing.com\\\/es\\\/leyes-y-modelos-de-documentos-de-el-salvador\\\/#local-main-organization-logo\"},\"image\":{\"@id\":\"https:\\\/\\\/elsalvadoroutsourcing.com\\\/es\\\/leyes-y-modelos-de-documentos-de-el-salvador\\\/#local-main-organization-logo\"},\"sameAs\":[\"https:\\\/\\\/www.facebook.com\\\/interbiznet\\\/\",\"https:\\\/\\\/x.com\\\/InterbiznetSV\",\"https:\\\/\\\/sv.linkedin.com\\\/company\\\/interbiznet\",\"https:\\\/\\\/www.youtube.com\\\/@InterBizNetSanSalvador\\\/videos\",\"https:\\\/\\\/www.instagram.com\\\/interbiznetsv\\\/\"],\"address\":{\"@id\":\"https:\\\/\\\/elsalvadoroutsourcing.com\\\/es\\\/leyes-y-modelos-de-documentos-de-el-salvador\\\/#local-main-place-address\"},\"geo\":{\"@type\":\"GeoCoordinates\",\"latitude\":\"13.7097358\",\"longitude\":\"-89.24044321\"},\"telephone\":[\"+503 2528 0303\",\"+305 728-8634\"],\"openingHoursSpecification\":[{\"@type\":\"OpeningHoursSpecification\",\"dayOfWeek\":[\"Monday\",\"Tuesday\",\"Wednesday\",\"Thursday\",\"Friday\"],\"opens\":\"08:00\",\"closes\":\"17:00\"},{\"@type\":\"OpeningHoursSpecification\",\"dayOfWeek\":[\"Saturday\",\"Sunday\"],\"opens\":\"00:00\",\"closes\":\"00:00\"}],\"email\":\"info@elsalvadoroutsourcing.com\",\"faxNumber\":\"+503 2264-6157\",\"priceRange\":\"$\",\"currenciesAccepted\":\"USD\"},{\"@type\":\"PostalAddress\",\"@id\":\"https:\\\/\\\/elsalvadoroutsourcing.com\\\/es\\\/leyes-y-modelos-de-documentos-de-el-salvador\\\/#local-main-place-address\",\"streetAddress\":\"13 Calle Poniente No. 4425, entre 85 y, 87 Avenida Norte,\",\"addressLocality\":\"San Salvador\",\"postalCode\":\"01101\",\"addressRegion\":\"San Salvador\",\"addressCountry\":\"SV\"},{\"@type\":\"ImageObject\",\"inLanguage\":\"es\",\"@id\":\"https:\\\/\\\/elsalvadoroutsourcing.com\\\/es\\\/leyes-y-modelos-de-documentos-de-el-salvador\\\/#local-main-organization-logo\",\"url\":\"https:\\\/\\\/elsalvadoroutsourcing.com\\\/wp-content\\\/uploads\\\/2022\\\/10\\\/logo-negro_Mesa-de-trabajo-1.png\",\"contentUrl\":\"https:\\\/\\\/elsalvadoroutsourcing.com\\\/wp-content\\\/uploads\\\/2022\\\/10\\\/logo-negro_Mesa-de-trabajo-1.png\",\"width\":3300,\"height\":2550,\"caption\":\"Interbiznet, S.A de C.V.; Firma de abogados y despacho contable en El Salvador\"}]}<\/script>\n<meta name=\"geo.placename\" content=\"San Salvador\" \/>\n<meta name=\"geo.position\" content=\"13.7097358;-89.24044321\" \/>\n<meta name=\"geo.region\" content=\"El Salvador\" \/>\n<!-- \/ Yoast SEO Premium plugin. -->","yoast_head_json":{"title":"Leyes y Modelos de Documentos de El Salvador","description":"Interbiznet, Firma de Abogados y Contadores, le muestra leyes y modelos de documentos de El Salvador, con el fin de ayudarlo a informarse.","robots":{"index":"index","follow":"follow","max-snippet":"max-snippet:-1","max-image-preview":"max-image-preview:large","max-video-preview":"max-video-preview:-1"},"canonical":"https:\/\/elsalvadoroutsourcing.com\/es\/leyes-y-modelos-de-documentos-de-el-salvador\/","og_locale":"es_ES","og_type":"article","og_title":"Leyes y Modelos de Documentos de El Salvador","og_description":"Interbiznet, Firma de Abogados y Contadores, le muestra leyes y modelos de documentos de El Salvador, con el fin de ayudarlo a informarse.","og_url":"https:\/\/elsalvadoroutsourcing.com\/es\/leyes-y-modelos-de-documentos-de-el-salvador\/","og_site_name":"El Salvador Outsourcing - Interbiznet - Asesores legales","article_publisher":"https:\/\/www.facebook.com\/interbiznet\/","article_modified_time":"2026-01-05T22:50:25+00:00","og_image":[{"width":2560,"height":1978,"url":"https:\/\/elsalvadoroutsourcing.com\/wp-content\/uploads\/2023\/08\/Interbiznet-scaled.jpg","type":"image\/jpeg"}],"twitter_card":"summary_large_image","twitter_title":"Leyes y Modelos de Documentos de El Salvador","twitter_description":"Interbiznet, Firma de Abogados y Contadores, le muestra leyes y modelos de documentos de El Salvador, con el fin de ayudarlo a informarse.","twitter_site":"@InterbiznetSV","twitter_misc":{"Tiempo de lectura":"2 minutos"},"schema":{"@context":"https:\/\/schema.org","@graph":[{"@type":"WebPage","@id":"https:\/\/elsalvadoroutsourcing.com\/es\/leyes-y-modelos-de-documentos-de-el-salvador\/","url":"https:\/\/elsalvadoroutsourcing.com\/es\/leyes-y-modelos-de-documentos-de-el-salvador\/","name":"Leyes y Modelos de Documentos de El Salvador","isPartOf":{"@id":"https:\/\/elsalvadoroutsourcing.com\/es\/#website"},"datePublished":"2022-09-02T19:58:11+00:00","dateModified":"2026-01-05T22:50:25+00:00","description":"Interbiznet, Firma de Abogados y Contadores, le muestra leyes y modelos de documentos de El Salvador, con el fin de ayudarlo a informarse.","breadcrumb":{"@id":"https:\/\/elsalvadoroutsourcing.com\/es\/leyes-y-modelos-de-documentos-de-el-salvador\/#breadcrumb"},"inLanguage":"es","potentialAction":[{"@type":"ReadAction","target":["https:\/\/elsalvadoroutsourcing.com\/es\/leyes-y-modelos-de-documentos-de-el-salvador\/"]}]},{"@type":"BreadcrumbList","@id":"https:\/\/elsalvadoroutsourcing.com\/es\/leyes-y-modelos-de-documentos-de-el-salvador\/#breadcrumb","itemListElement":[{"@type":"ListItem","position":1,"name":"Portada","item":"https:\/\/elsalvadoroutsourcing.com\/es\/"},{"@type":"ListItem","position":2,"name":"Centro de Informaci\u00f3n \u2013 Leyes y Modelos de Documentos de El Salvador"}]},{"@type":"WebSite","@id":"https:\/\/elsalvadoroutsourcing.com\/es\/#website","url":"https:\/\/elsalvadoroutsourcing.com\/es\/","name":"El Salvador Outsourcing - Interbiznet - Asesores legales","description":"Outsourcing de El Salvador","publisher":{"@id":"https:\/\/elsalvadoroutsourcing.com\/es\/#organization"},"potentialAction":[{"@type":"SearchAction","target":{"@type":"EntryPoint","urlTemplate":"https:\/\/elsalvadoroutsourcing.com\/es\/?s={search_term_string}"},"query-input":{"@type":"PropertyValueSpecification","valueRequired":true,"valueName":"search_term_string"}}],"inLanguage":"es"},{"@type":["Organization","Place","LegalService"],"@id":"https:\/\/elsalvadoroutsourcing.com\/es\/#organization","name":"Interbiznet, S.A de C.V.; Firma de abogados y despacho contable en El Salvador","alternateName":"Interbiznet, Firma de Abogados y Despacho Contable","url":"https:\/\/elsalvadoroutsourcing.com\/es\/","logo":{"@id":"https:\/\/elsalvadoroutsourcing.com\/es\/leyes-y-modelos-de-documentos-de-el-salvador\/#local-main-organization-logo"},"image":{"@id":"https:\/\/elsalvadoroutsourcing.com\/es\/leyes-y-modelos-de-documentos-de-el-salvador\/#local-main-organization-logo"},"sameAs":["https:\/\/www.facebook.com\/interbiznet\/","https:\/\/x.com\/InterbiznetSV","https:\/\/sv.linkedin.com\/company\/interbiznet","https:\/\/www.youtube.com\/@InterBizNetSanSalvador\/videos","https:\/\/www.instagram.com\/interbiznetsv\/"],"address":{"@id":"https:\/\/elsalvadoroutsourcing.com\/es\/leyes-y-modelos-de-documentos-de-el-salvador\/#local-main-place-address"},"geo":{"@type":"GeoCoordinates","latitude":"13.7097358","longitude":"-89.24044321"},"telephone":["+503 2528 0303","+305 728-8634"],"openingHoursSpecification":[{"@type":"OpeningHoursSpecification","dayOfWeek":["Monday","Tuesday","Wednesday","Thursday","Friday"],"opens":"08:00","closes":"17:00"},{"@type":"OpeningHoursSpecification","dayOfWeek":["Saturday","Sunday"],"opens":"00:00","closes":"00:00"}],"email":"info@elsalvadoroutsourcing.com","faxNumber":"+503 2264-6157","priceRange":"$","currenciesAccepted":"USD"},{"@type":"PostalAddress","@id":"https:\/\/elsalvadoroutsourcing.com\/es\/leyes-y-modelos-de-documentos-de-el-salvador\/#local-main-place-address","streetAddress":"13 Calle Poniente No. 4425, entre 85 y, 87 Avenida Norte,","addressLocality":"San Salvador","postalCode":"01101","addressRegion":"San Salvador","addressCountry":"SV"},{"@type":"ImageObject","inLanguage":"es","@id":"https:\/\/elsalvadoroutsourcing.com\/es\/leyes-y-modelos-de-documentos-de-el-salvador\/#local-main-organization-logo","url":"https:\/\/elsalvadoroutsourcing.com\/wp-content\/uploads\/2022\/10\/logo-negro_Mesa-de-trabajo-1.png","contentUrl":"https:\/\/elsalvadoroutsourcing.com\/wp-content\/uploads\/2022\/10\/logo-negro_Mesa-de-trabajo-1.png","width":3300,"height":2550,"caption":"Interbiznet, S.A de C.V.; Firma de abogados y despacho contable en El Salvador"}]},"geo.placename":"San Salvador","geo.position":{"lat":"13.7097358","long":"-89.24044321"},"geo.region":"El Salvador"},"uagb_featured_image_src":{"full":false,"thumbnail":false,"medium":false,"medium_large":false,"large":false,"1536x1536":false,"2048x2048":false,"woocommerce_thumbnail":false,"woocommerce_single":false,"woocommerce_gallery_thumbnail":false},"uagb_author_info":{"display_name":"interbiznet-master","author_link":"https:\/\/elsalvadoroutsourcing.com\/es\/author\/interbiznet-master\/"},"uagb_comment_info":0,"uagb_excerpt":"[vc_row][vc_column width=\u00bb1\/3&#8243;][vc_single_image image=\u00bb5577&#8243; img_size=\u00bbfull\u00bb alignment=\u00bbcenter\u00bb][\/vc_column][vc_column width=\u00bb2\/3&#8243;][vc_column_text] Interbiznet le ofrece servicios legales y contables; no obstante, algunos de nuestros servicios requieren la entrega de documentos legales y\/o contables que nos permitir\u00e1n brindarle a totalidad nuestros servicios. Adem\u00e1s, las leyes de El Salvador nos proporcionan una gu\u00eda la cual debemos de seguir. Es por este motivo que&hellip;","_links":{"self":[{"href":"https:\/\/elsalvadoroutsourcing.com\/es\/wp-json\/wp\/v2\/pages\/5487","targetHints":{"allow":["GET"]}}],"collection":[{"href":"https:\/\/elsalvadoroutsourcing.com\/es\/wp-json\/wp\/v2\/pages"}],"about":[{"href":"https:\/\/elsalvadoroutsourcing.com\/es\/wp-json\/wp\/v2\/types\/page"}],"author":[{"embeddable":true,"href":"https:\/\/elsalvadoroutsourcing.com\/es\/wp-json\/wp\/v2\/users\/1"}],"replies":[{"embeddable":true,"href":"https:\/\/elsalvadoroutsourcing.com\/es\/wp-json\/wp\/v2\/comments?post=5487"}],"version-history":[{"count":1,"href":"https:\/\/elsalvadoroutsourcing.com\/es\/wp-json\/wp\/v2\/pages\/5487\/revisions"}],"predecessor-version":[{"id":8578,"href":"https:\/\/elsalvadoroutsourcing.com\/es\/wp-json\/wp\/v2\/pages\/5487\/revisions\/8578"}],"wp:attachment":[{"href":"https:\/\/elsalvadoroutsourcing.com\/es\/wp-json\/wp\/v2\/media?parent=5487"}],"curies":[{"name":"wp","href":"https:\/\/api.w.org\/{rel}","templated":true}]}}