{"id":5475,"date":"2022-09-02T13:11:34","date_gmt":"2022-09-02T19:11:34","guid":{"rendered":"https:\/\/elsalvadoroutsourcing.com\/?page_id=5475"},"modified":"2024-05-23T09:52:15","modified_gmt":"2024-05-23T15:52:15","slug":"contactar-con-abogados-en-el-salvador","status":"publish","type":"page","link":"https:\/\/elsalvadoroutsourcing.com\/es\/contactar-con-abogados-en-el-salvador\/","title":{"rendered":"Contactar con Abogados en El Salvador"},"content":{"rendered":"<div class=\"wpb-content-wrapper\"><p>[vc_row][vc_column width=\u00bb1\/3&#8243;][vc_single_image image=\u00bb5593&#8243; img_size=\u00bbfull\u00bb][\/vc_column][vc_column width=\u00bb2\/3&#8243;][vc_column_text]<\/p>\n<p style=\"text-align: justify;\">En esta p\u00e1gina podr\u00e1 contactar con abogados en El Salvador de nuestra firma, <a href=\"https:\/\/elsalvadoroutsourcing.com\/\">Interbiznet<\/a>. Cons\u00faltenos sobre los distintos <a href=\"https:\/\/elsalvadoroutsourcing.com\/servicios-legales-en-el-salvador\/\">servicios legales<\/a> que ofrecemos, como la <a href=\"https:\/\/elsalvadoroutsourcing.com\/servicios-legales-en-el-salvador\/constitucion-de-sociedades-el-salvador\/\">constituci\u00f3n de sociedades<\/a> en El Salvador y registro de marcas, entre otros. Adem\u00e1s, ofrecemos <a href=\"https:\/\/elsalvadoroutsourcing.com\/servicios-contables-en-el-salvador\/\">servicios contables<\/a> los cuales son indispensables para aquellos que planean crear una sociedad. Tambi\u00e9n le invitamos a navegar por <a href=\"https:\/\/elsalvadoroutsourcing.com\/leyes-y-modelos-de-documentos-de-el-salvador\/modelos-de-documentos-el-salvador\/\">nuestro repositorio<\/a> de <a href=\"https:\/\/elsalvadoroutsourcing.com\/modelos-y-formularios-contables-el-salvador-area-contable-en-el-salvador\/\">modelos de documentos y leyes de El Salvador<\/a>, o visita nuestro blog para leer noticias de inter\u00e9s y art\u00edculos de nuestra autor\u00eda.<\/p>\n<p style=\"text-align: justify;\">La primera respuesta, a su consulta toda vez que esta sea relacionada a nuestras \u00e1reas de pr\u00e1ctica, ser\u00e1 atendida, y le informamos sobre las medidas que han de tomarse, as\u00ed como de los costos que est\u00e9n involucrados, de forma GRATUITA. Despu\u00e9s de nuestra respuesta gratuita, <a href=\"https:\/\/elsalvadoroutsourcing.com\/contactarintebiznet2\/\">consultas<\/a> posteriores se atender\u00e1n a un costo de USD 150.00 por consulta o por hora de atenci\u00f3n de servicios profesionales. Por favor introduzca su pregunta en el espacio de abajo, y estaremos brind\u00e1ndole una respuesta dentro de las cuatro horas h\u00e1biles.<\/p>\n<p>[\/vc_column_text][\/vc_column][\/vc_row][vc_row][vc_column width=\u00bb1\/2&#8243;][vc_column_text css=\u00bb\u00bb]<!--Espa\u00d2ol--><\/p>\n<h3 style=\"margin: 0 0 0 0px; text-align: center;\"><b>Solicita tu consulta hoy mismo a trav\u00e9s del siguiente Formulario<\/b><\/h3>\n<p><iframe loading=\"lazy\" style=\"border-style: none;\" src=\"https:\/\/interbiznet.net\/formInterbiznetContact.html\" width=\"100%\" height=\"460\" scrolling=\"no\"><\/iframe>[\/vc_column_text][\/vc_column][vc_column width=\u00bb1\/2&#8243;][vc_column_text]<\/p>\n<h3 style=\"text-align: center;\">Informaci\u00f3n de Contacto<\/h3>\n<p><strong>Direcci\u00f3n:<\/strong> 13 Calle Poniente No. 4425, entre 85 y 87 Av. Norte, Colonia Escal\u00f3n, San Salvador, El Salvador, Centro Am\u00e9rica.<\/p>\n<p><strong>Tel\u00e9fono:<\/strong> (+503) 2528-0303<\/p>\n<p><strong>Whatsapp:<\/strong> <a href=\"https:\/\/wa.me\/50325280303\" target=\"_blank\" rel=\"noopener\">(+503) 2528-0303<\/a>[\/vc_column_text][vc_btn title=\u00bbIniciar Asesor\u00eda\u00bb color=\u00bbgreen\u00bb size=\u00bbsm\u00bb i_icon_fontawesome=\u00bbfab fa-whatsapp\u00bb add_icon=\u00bbtrue\u00bb link=\u00bburl:https%3A%2F%2Fwa.me%2F50325280303%3Ftext%3DHola%2C%2520me%2520gustaria%2520obtener%2520asesor%C3%ADa%2520legal%2520por%2520parte%2520de%2520ustedes.|title:(%2B503)%202528-030|target:_blank\u00bb][vc_column_text]<span style=\"color: #000000;\">Si usted est\u00e1 utilizando un <\/span><a href=\"https:\/\/api.whatsapp.com\/send?phone=50325280303\"><span style=\"color: #000000;\">dispositivo m\u00f3vil, <\/span>haga clic aqu\u00ed<\/a><\/p>\n<p><strong>Tel. USA:<\/strong> (+305) 728-8634<\/p>\n<p><strong>Fax:<\/strong> +503 2264-6157<\/p>\n<p><strong>Correo Electr\u00f3nico:<\/strong> <a href=\"mailto:info%40i%6Eter%62i%7An%65t.net\"><img loading=\"lazy\" decoding=\"async\" class=\"alignnone size-full wp-image-5976\" src=\"https:\/\/elsalvadoroutsourcing.com\/wp-content\/uploads\/2023\/01\/correo-interbiznet.webp\" alt=\"Interbiznet e-mail\" width=\"168\" height=\"15\" srcset=\"https:\/\/elsalvadoroutsourcing.com\/wp-content\/uploads\/2023\/01\/correo-interbiznet.webp 168w, https:\/\/elsalvadoroutsourcing.com\/wp-content\/uploads\/2023\/01\/correo-interbiznet-18x2.webp 18w\" sizes=\"auto, (max-width: 168px) 100vw, 168px\" \/><\/a><\/p>\n<p><strong>Horarios de Atenci\u00f3n:<\/strong> Lunes a Viernes, de 8:00 A.M a 12:30 P.M y de 1:30 P.M a 5:00 P.M. (Hora de El Salvador: GMT-6)[\/vc_column_text][\/vc_column][\/vc_row][vc_row][vc_column][vc_column_text]<iframe loading=\"lazy\" style=\"border: 0;\" src=\"https:\/\/www.google.com\/maps\/embed?pb=!1m14!1m8!1m3!1d15504.579107836244!2d-89.240073!3d13.70968!3m2!1i1024!2i768!4f13.1!3m3!1m2!1s0x0%3A0xaa0ec9c6457e1d0b!2sFirma+de+abogado+y+despacho+contable+en+El+Salvador%2C+Interbiznet+S.A+de+C.V!5e0!3m2!1ses!2ssv!4v1508795804622\" width=\"100%\" height=\"350\"><\/iframe>[\/vc_column_text][\/vc_column][\/vc_row]<\/p>\n<\/div>","protected":false},"excerpt":{"rendered":"<p>[vc_row][vc_column width=\u00bb1\/3&#8243;][vc_single_image image=\u00bb5593&#8243; img_size=\u00bbfull\u00bb][\/vc_column][vc_column width=\u00bb2\/3&#8243;][vc_column_text] En esta p\u00e1gina podr\u00e1 contactar con abogados en El Salvador de nuestra firma, Interbiznet. Cons\u00faltenos sobre los distintos servicios legales que ofrecemos, como la constituci\u00f3n de sociedades en El Salvador y registro de marcas, entre otros. Adem\u00e1s, ofrecemos servicios contables los cuales son indispensables para aquellos que planean crear una&hellip;<\/p>\n","protected":false},"author":1,"featured_media":0,"parent":0,"menu_order":0,"comment_status":"closed","ping_status":"closed","template":"","meta":{"rs_blank_template":"","rs_page_bg_color":"","slide_template_v7":"","_uag_custom_page_level_css":"","footnotes":""},"class_list":["post-5475","page","type-page","status-publish","hentry","description-off"],"yoast_head":"<!-- This site is optimized with the Yoast SEO Premium plugin v27.3 (Yoast SEO v27.4) - https:\/\/yoast.com\/product\/yoast-seo-premium-wordpress\/ -->\n<title>Contactar con abogados en El Salvador, firma de abogados<\/title>\n<meta name=\"description\" content=\"Interbiznet, le facilita el proceso de contactar con abogados en El Salvador al ofrecer nuestros servicios legales y contables.\" \/>\n<meta name=\"robots\" content=\"index, follow, max-snippet:-1, max-image-preview:large, max-video-preview:-1\" \/>\n<link rel=\"canonical\" href=\"https:\/\/elsalvadoroutsourcing.com\/es\/contactar-con-abogados-en-el-salvador\/\" \/>\n<meta property=\"og:locale\" content=\"es_ES\" \/>\n<meta property=\"og:type\" content=\"article\" \/>\n<meta property=\"og:title\" content=\"Contactar con abogados en El Salvador, firma de abogados\" \/>\n<meta property=\"og:description\" content=\"Interbiznet, le facilita el proceso de contactar con abogados en El Salvador al ofrecer nuestros servicios legales y contables.\" \/>\n<meta property=\"og:url\" content=\"https:\/\/elsalvadoroutsourcing.com\/es\/contactar-con-abogados-en-el-salvador\/\" \/>\n<meta property=\"og:site_name\" content=\"El Salvador Outsourcing - Interbiznet - Asesores legales\" \/>\n<meta property=\"article:publisher\" content=\"https:\/\/www.facebook.com\/interbiznet\/\" \/>\n<meta property=\"article:modified_time\" content=\"2024-05-23T15:52:15+00:00\" \/>\n<meta property=\"og:image\" content=\"https:\/\/elsalvadoroutsourcing.com\/wp-content\/uploads\/2023\/01\/correo-interbiznet.webp\" \/>\n<meta name=\"twitter:card\" content=\"summary_large_image\" \/>\n<meta name=\"twitter:title\" content=\"Contactar con abogados en El Salvador, firma de abogados\" \/>\n<meta name=\"twitter:description\" content=\"Interbiznet, le facilita el proceso de contactar con abogados en El Salvador al ofrecer nuestros servicios legales y contables.\" \/>\n<meta name=\"twitter:site\" content=\"@InterbiznetSV\" \/>\n<meta name=\"twitter:label1\" content=\"Tiempo de lectura\" \/>\n\t<meta name=\"twitter:data1\" content=\"2 minutos\" \/>\n<script type=\"application\/ld+json\" class=\"yoast-schema-graph\">{\"@context\":\"https:\\\/\\\/schema.org\",\"@graph\":[{\"@type\":\"WebPage\",\"@id\":\"https:\\\/\\\/elsalvadoroutsourcing.com\\\/es\\\/contactar-con-abogados-en-el-salvador\\\/\",\"url\":\"https:\\\/\\\/elsalvadoroutsourcing.com\\\/es\\\/contactar-con-abogados-en-el-salvador\\\/\",\"name\":\"Contactar con abogados en El Salvador, firma de abogados\",\"isPartOf\":{\"@id\":\"https:\\\/\\\/elsalvadoroutsourcing.com\\\/es\\\/#website\"},\"primaryImageOfPage\":{\"@id\":\"https:\\\/\\\/elsalvadoroutsourcing.com\\\/es\\\/contactar-con-abogados-en-el-salvador\\\/#primaryimage\"},\"image\":{\"@id\":\"https:\\\/\\\/elsalvadoroutsourcing.com\\\/es\\\/contactar-con-abogados-en-el-salvador\\\/#primaryimage\"},\"thumbnailUrl\":\"https:\\\/\\\/elsalvadoroutsourcing.com\\\/wp-content\\\/uploads\\\/2023\\\/01\\\/correo-interbiznet.webp\",\"datePublished\":\"2022-09-02T19:11:34+00:00\",\"dateModified\":\"2024-05-23T15:52:15+00:00\",\"description\":\"Interbiznet, le facilita el proceso de contactar con abogados en El Salvador al ofrecer nuestros servicios legales y contables.\",\"breadcrumb\":{\"@id\":\"https:\\\/\\\/elsalvadoroutsourcing.com\\\/es\\\/contactar-con-abogados-en-el-salvador\\\/#breadcrumb\"},\"inLanguage\":\"es\",\"potentialAction\":[{\"@type\":\"ReadAction\",\"target\":[\"https:\\\/\\\/elsalvadoroutsourcing.com\\\/es\\\/contactar-con-abogados-en-el-salvador\\\/\"]}]},{\"@type\":\"ImageObject\",\"inLanguage\":\"es\",\"@id\":\"https:\\\/\\\/elsalvadoroutsourcing.com\\\/es\\\/contactar-con-abogados-en-el-salvador\\\/#primaryimage\",\"url\":\"https:\\\/\\\/elsalvadoroutsourcing.com\\\/wp-content\\\/uploads\\\/2023\\\/01\\\/correo-interbiznet.webp\",\"contentUrl\":\"https:\\\/\\\/elsalvadoroutsourcing.com\\\/wp-content\\\/uploads\\\/2023\\\/01\\\/correo-interbiznet.webp\"},{\"@type\":\"BreadcrumbList\",\"@id\":\"https:\\\/\\\/elsalvadoroutsourcing.com\\\/es\\\/contactar-con-abogados-en-el-salvador\\\/#breadcrumb\",\"itemListElement\":[{\"@type\":\"ListItem\",\"position\":1,\"name\":\"Portada\",\"item\":\"https:\\\/\\\/elsalvadoroutsourcing.com\\\/es\\\/\"},{\"@type\":\"ListItem\",\"position\":2,\"name\":\"Contactar con Abogados en El Salvador\"}]},{\"@type\":\"WebSite\",\"@id\":\"https:\\\/\\\/elsalvadoroutsourcing.com\\\/es\\\/#website\",\"url\":\"https:\\\/\\\/elsalvadoroutsourcing.com\\\/es\\\/\",\"name\":\"El Salvador Outsourcing - Interbiznet - Asesores legales\",\"description\":\"Outsourcing de El Salvador\",\"publisher\":{\"@id\":\"https:\\\/\\\/elsalvadoroutsourcing.com\\\/es\\\/#organization\"},\"potentialAction\":[{\"@type\":\"SearchAction\",\"target\":{\"@type\":\"EntryPoint\",\"urlTemplate\":\"https:\\\/\\\/elsalvadoroutsourcing.com\\\/es\\\/?s={search_term_string}\"},\"query-input\":{\"@type\":\"PropertyValueSpecification\",\"valueRequired\":true,\"valueName\":\"search_term_string\"}}],\"inLanguage\":\"es\"},{\"@type\":[\"Organization\",\"Place\",\"LegalService\"],\"@id\":\"https:\\\/\\\/elsalvadoroutsourcing.com\\\/es\\\/#organization\",\"name\":\"Interbiznet, S.A de C.V.; Firma de abogados y despacho contable en El Salvador\",\"alternateName\":\"Interbiznet, Firma de Abogados y Despacho Contable\",\"url\":\"https:\\\/\\\/elsalvadoroutsourcing.com\\\/es\\\/\",\"logo\":{\"@id\":\"https:\\\/\\\/elsalvadoroutsourcing.com\\\/es\\\/contactar-con-abogados-en-el-salvador\\\/#local-main-organization-logo\"},\"image\":{\"@id\":\"https:\\\/\\\/elsalvadoroutsourcing.com\\\/es\\\/contactar-con-abogados-en-el-salvador\\\/#local-main-organization-logo\"},\"sameAs\":[\"https:\\\/\\\/www.facebook.com\\\/interbiznet\\\/\",\"https:\\\/\\\/x.com\\\/InterbiznetSV\",\"https:\\\/\\\/sv.linkedin.com\\\/company\\\/interbiznet\",\"https:\\\/\\\/www.youtube.com\\\/@InterBizNetSanSalvador\\\/videos\",\"https:\\\/\\\/www.instagram.com\\\/interbiznetsv\\\/\"],\"address\":{\"@id\":\"https:\\\/\\\/elsalvadoroutsourcing.com\\\/es\\\/contactar-con-abogados-en-el-salvador\\\/#local-main-place-address\"},\"geo\":{\"@type\":\"GeoCoordinates\",\"latitude\":\"13.7097358\",\"longitude\":\"-89.24044321\"},\"telephone\":[\"+503 2528 0303\",\"+305 728-8634\"],\"openingHoursSpecification\":[{\"@type\":\"OpeningHoursSpecification\",\"dayOfWeek\":[\"Monday\",\"Tuesday\",\"Wednesday\",\"Thursday\",\"Friday\"],\"opens\":\"08:00\",\"closes\":\"17:00\"},{\"@type\":\"OpeningHoursSpecification\",\"dayOfWeek\":[\"Saturday\",\"Sunday\"],\"opens\":\"00:00\",\"closes\":\"00:00\"}],\"email\":\"info@elsalvadoroutsourcing.com\",\"faxNumber\":\"+503 2264-6157\",\"priceRange\":\"$\",\"currenciesAccepted\":\"USD\"},{\"@type\":\"PostalAddress\",\"@id\":\"https:\\\/\\\/elsalvadoroutsourcing.com\\\/es\\\/contactar-con-abogados-en-el-salvador\\\/#local-main-place-address\",\"streetAddress\":\"13 Calle Poniente No. 4425, entre 85 y, 87 Avenida Norte,\",\"addressLocality\":\"San Salvador\",\"postalCode\":\"01101\",\"addressRegion\":\"San Salvador\",\"addressCountry\":\"SV\"},{\"@type\":\"ImageObject\",\"inLanguage\":\"es\",\"@id\":\"https:\\\/\\\/elsalvadoroutsourcing.com\\\/es\\\/contactar-con-abogados-en-el-salvador\\\/#local-main-organization-logo\",\"url\":\"https:\\\/\\\/elsalvadoroutsourcing.com\\\/wp-content\\\/uploads\\\/2022\\\/10\\\/logo-negro_Mesa-de-trabajo-1.png\",\"contentUrl\":\"https:\\\/\\\/elsalvadoroutsourcing.com\\\/wp-content\\\/uploads\\\/2022\\\/10\\\/logo-negro_Mesa-de-trabajo-1.png\",\"width\":3300,\"height\":2550,\"caption\":\"Interbiznet, S.A de C.V.; Firma de abogados y despacho contable en El Salvador\"}]}<\/script>\n<meta name=\"geo.placename\" content=\"San Salvador\" \/>\n<meta name=\"geo.position\" content=\"13.7097358;-89.24044321\" \/>\n<meta name=\"geo.region\" content=\"El Salvador\" \/>\n<!-- \/ Yoast SEO Premium plugin. -->","yoast_head_json":{"title":"Contactar con abogados en El Salvador, firma de abogados","description":"Interbiznet, le facilita el proceso de contactar con abogados en El Salvador al ofrecer nuestros servicios legales y contables.","robots":{"index":"index","follow":"follow","max-snippet":"max-snippet:-1","max-image-preview":"max-image-preview:large","max-video-preview":"max-video-preview:-1"},"canonical":"https:\/\/elsalvadoroutsourcing.com\/es\/contactar-con-abogados-en-el-salvador\/","og_locale":"es_ES","og_type":"article","og_title":"Contactar con abogados en El Salvador, firma de abogados","og_description":"Interbiznet, le facilita el proceso de contactar con abogados en El Salvador al ofrecer nuestros servicios legales y contables.","og_url":"https:\/\/elsalvadoroutsourcing.com\/es\/contactar-con-abogados-en-el-salvador\/","og_site_name":"El Salvador Outsourcing - Interbiznet - Asesores legales","article_publisher":"https:\/\/www.facebook.com\/interbiznet\/","article_modified_time":"2024-05-23T15:52:15+00:00","og_image":[{"url":"https:\/\/elsalvadoroutsourcing.com\/wp-content\/uploads\/2023\/01\/correo-interbiznet.webp","type":"","width":"","height":""}],"twitter_card":"summary_large_image","twitter_title":"Contactar con abogados en El Salvador, firma de abogados","twitter_description":"Interbiznet, le facilita el proceso de contactar con abogados en El Salvador al ofrecer nuestros servicios legales y contables.","twitter_site":"@InterbiznetSV","twitter_misc":{"Tiempo de lectura":"2 minutos"},"schema":{"@context":"https:\/\/schema.org","@graph":[{"@type":"WebPage","@id":"https:\/\/elsalvadoroutsourcing.com\/es\/contactar-con-abogados-en-el-salvador\/","url":"https:\/\/elsalvadoroutsourcing.com\/es\/contactar-con-abogados-en-el-salvador\/","name":"Contactar con abogados en El Salvador, firma de abogados","isPartOf":{"@id":"https:\/\/elsalvadoroutsourcing.com\/es\/#website"},"primaryImageOfPage":{"@id":"https:\/\/elsalvadoroutsourcing.com\/es\/contactar-con-abogados-en-el-salvador\/#primaryimage"},"image":{"@id":"https:\/\/elsalvadoroutsourcing.com\/es\/contactar-con-abogados-en-el-salvador\/#primaryimage"},"thumbnailUrl":"https:\/\/elsalvadoroutsourcing.com\/wp-content\/uploads\/2023\/01\/correo-interbiznet.webp","datePublished":"2022-09-02T19:11:34+00:00","dateModified":"2024-05-23T15:52:15+00:00","description":"Interbiznet, le facilita el proceso de contactar con abogados en El Salvador al ofrecer nuestros servicios legales y contables.","breadcrumb":{"@id":"https:\/\/elsalvadoroutsourcing.com\/es\/contactar-con-abogados-en-el-salvador\/#breadcrumb"},"inLanguage":"es","potentialAction":[{"@type":"ReadAction","target":["https:\/\/elsalvadoroutsourcing.com\/es\/contactar-con-abogados-en-el-salvador\/"]}]},{"@type":"ImageObject","inLanguage":"es","@id":"https:\/\/elsalvadoroutsourcing.com\/es\/contactar-con-abogados-en-el-salvador\/#primaryimage","url":"https:\/\/elsalvadoroutsourcing.com\/wp-content\/uploads\/2023\/01\/correo-interbiznet.webp","contentUrl":"https:\/\/elsalvadoroutsourcing.com\/wp-content\/uploads\/2023\/01\/correo-interbiznet.webp"},{"@type":"BreadcrumbList","@id":"https:\/\/elsalvadoroutsourcing.com\/es\/contactar-con-abogados-en-el-salvador\/#breadcrumb","itemListElement":[{"@type":"ListItem","position":1,"name":"Portada","item":"https:\/\/elsalvadoroutsourcing.com\/es\/"},{"@type":"ListItem","position":2,"name":"Contactar con Abogados en El Salvador"}]},{"@type":"WebSite","@id":"https:\/\/elsalvadoroutsourcing.com\/es\/#website","url":"https:\/\/elsalvadoroutsourcing.com\/es\/","name":"El Salvador Outsourcing - Interbiznet - Asesores legales","description":"Outsourcing de El Salvador","publisher":{"@id":"https:\/\/elsalvadoroutsourcing.com\/es\/#organization"},"potentialAction":[{"@type":"SearchAction","target":{"@type":"EntryPoint","urlTemplate":"https:\/\/elsalvadoroutsourcing.com\/es\/?s={search_term_string}"},"query-input":{"@type":"PropertyValueSpecification","valueRequired":true,"valueName":"search_term_string"}}],"inLanguage":"es"},{"@type":["Organization","Place","LegalService"],"@id":"https:\/\/elsalvadoroutsourcing.com\/es\/#organization","name":"Interbiznet, S.A de C.V.; Firma de abogados y despacho contable en El Salvador","alternateName":"Interbiznet, Firma de Abogados y Despacho Contable","url":"https:\/\/elsalvadoroutsourcing.com\/es\/","logo":{"@id":"https:\/\/elsalvadoroutsourcing.com\/es\/contactar-con-abogados-en-el-salvador\/#local-main-organization-logo"},"image":{"@id":"https:\/\/elsalvadoroutsourcing.com\/es\/contactar-con-abogados-en-el-salvador\/#local-main-organization-logo"},"sameAs":["https:\/\/www.facebook.com\/interbiznet\/","https:\/\/x.com\/InterbiznetSV","https:\/\/sv.linkedin.com\/company\/interbiznet","https:\/\/www.youtube.com\/@InterBizNetSanSalvador\/videos","https:\/\/www.instagram.com\/interbiznetsv\/"],"address":{"@id":"https:\/\/elsalvadoroutsourcing.com\/es\/contactar-con-abogados-en-el-salvador\/#local-main-place-address"},"geo":{"@type":"GeoCoordinates","latitude":"13.7097358","longitude":"-89.24044321"},"telephone":["+503 2528 0303","+305 728-8634"],"openingHoursSpecification":[{"@type":"OpeningHoursSpecification","dayOfWeek":["Monday","Tuesday","Wednesday","Thursday","Friday"],"opens":"08:00","closes":"17:00"},{"@type":"OpeningHoursSpecification","dayOfWeek":["Saturday","Sunday"],"opens":"00:00","closes":"00:00"}],"email":"info@elsalvadoroutsourcing.com","faxNumber":"+503 2264-6157","priceRange":"$","currenciesAccepted":"USD"},{"@type":"PostalAddress","@id":"https:\/\/elsalvadoroutsourcing.com\/es\/contactar-con-abogados-en-el-salvador\/#local-main-place-address","streetAddress":"13 Calle Poniente No. 4425, entre 85 y, 87 Avenida Norte,","addressLocality":"San Salvador","postalCode":"01101","addressRegion":"San Salvador","addressCountry":"SV"},{"@type":"ImageObject","inLanguage":"es","@id":"https:\/\/elsalvadoroutsourcing.com\/es\/contactar-con-abogados-en-el-salvador\/#local-main-organization-logo","url":"https:\/\/elsalvadoroutsourcing.com\/wp-content\/uploads\/2022\/10\/logo-negro_Mesa-de-trabajo-1.png","contentUrl":"https:\/\/elsalvadoroutsourcing.com\/wp-content\/uploads\/2022\/10\/logo-negro_Mesa-de-trabajo-1.png","width":3300,"height":2550,"caption":"Interbiznet, S.A de C.V.; Firma de abogados y despacho contable en El Salvador"}]},"geo.placename":"San Salvador","geo.position":{"lat":"13.7097358","long":"-89.24044321"},"geo.region":"El Salvador"},"uagb_featured_image_src":{"full":false,"thumbnail":false,"medium":false,"medium_large":false,"large":false,"1536x1536":false,"2048x2048":false,"woocommerce_thumbnail":false,"woocommerce_single":false,"woocommerce_gallery_thumbnail":false},"uagb_author_info":{"display_name":"interbiznet-master","author_link":"https:\/\/elsalvadoroutsourcing.com\/es\/author\/interbiznet-master\/"},"uagb_comment_info":0,"uagb_excerpt":"[vc_row][vc_column width=\u00bb1\/3&#8243;][vc_single_image image=\u00bb5593&#8243; img_size=\u00bbfull\u00bb][\/vc_column][vc_column width=\u00bb2\/3&#8243;][vc_column_text] En esta p\u00e1gina podr\u00e1 contactar con abogados en El Salvador de nuestra firma, Interbiznet. Cons\u00faltenos sobre los distintos servicios legales que ofrecemos, como la constituci\u00f3n de sociedades en El Salvador y registro de marcas, entre otros. Adem\u00e1s, ofrecemos servicios contables los cuales son indispensables para aquellos que planean crear una&hellip;","_links":{"self":[{"href":"https:\/\/elsalvadoroutsourcing.com\/es\/wp-json\/wp\/v2\/pages\/5475","targetHints":{"allow":["GET"]}}],"collection":[{"href":"https:\/\/elsalvadoroutsourcing.com\/es\/wp-json\/wp\/v2\/pages"}],"about":[{"href":"https:\/\/elsalvadoroutsourcing.com\/es\/wp-json\/wp\/v2\/types\/page"}],"author":[{"embeddable":true,"href":"https:\/\/elsalvadoroutsourcing.com\/es\/wp-json\/wp\/v2\/users\/1"}],"replies":[{"embeddable":true,"href":"https:\/\/elsalvadoroutsourcing.com\/es\/wp-json\/wp\/v2\/comments?post=5475"}],"version-history":[{"count":0,"href":"https:\/\/elsalvadoroutsourcing.com\/es\/wp-json\/wp\/v2\/pages\/5475\/revisions"}],"wp:attachment":[{"href":"https:\/\/elsalvadoroutsourcing.com\/es\/wp-json\/wp\/v2\/media?parent=5475"}],"curies":[{"name":"wp","href":"https:\/\/api.w.org\/{rel}","templated":true}]}}