{"id":5469,"date":"2022-09-02T13:09:22","date_gmt":"2022-09-02T19:09:22","guid":{"rendered":"https:\/\/elsalvadoroutsourcing.com\/?page_id=5469"},"modified":"2026-01-05T16:55:56","modified_gmt":"2026-01-05T22:55:56","slug":"servicios-contables-en-el-salvador","status":"publish","type":"page","link":"https:\/\/elsalvadoroutsourcing.com\/es\/servicios-contables-en-el-salvador\/","title":{"rendered":"Servicios Contables"},"content":{"rendered":"<div class=\"wpb-content-wrapper\"><p>[vc_row][vc_column][vc_column_text]<\/p>\n<h1 style=\"text-align: center;\">Outsourcing de Servicios Contables en El Salvador<\/h1>\n<p>[\/vc_column_text][\/vc_column][\/vc_row][vc_row][vc_column width=\u00bb1\/3&#8243;][vc_single_image image=\u00bb5571&#8243; img_size=\u00bbfull\u00bb][\/vc_column][vc_column width=\u00bb2\/3&#8243;][vc_column_text css=\u00bb\u00bb]<\/p>\n<p style=\"text-align: justify;\">Somos una empresa de contadores en El Salvador especializados en asesor\u00eda contable. Adem\u00e1s, ofrecemos otros<a href=\"https:\/\/elsalvadoroutsourcing.com\/que-hacemos\/\"> servicios contables en El Salvador<\/a> como: actualizaciones contables, elaboraci\u00f3n de libros de IVA,<a href=\"https:\/\/elsalvadoroutsourcing.com\/leyes-y-modelos-de-documentos-de-el-salvador\/modelos-de-documentos-el-salvador\/\"> tramites Mercantiles<\/a> y Municipales; as\u00ed mismo brindamos Asesor\u00eda y Consultor\u00eda Financiera y en materia Tributaria.<\/p>\n<p style=\"text-align: justify;\">Nuestra empresa reconoce la importancia que representa, para los intereses de nuestros clientes, el adecuado manejo y cumplimiento de sus obligaciones legales y contables, ante las instituciones del Estado. Por lo cual, nos esforzamos para brindarle un servicio de calidad de manera oportuna, disminuyendo el riesgo de multas o sanciones a causa del incumplimiento de la ley.<\/p>\n<p><a href=\"https:\/\/interbiznet.net\/wp-content\/uploads\/2026\/01\/Calendario-Tributario-2026-en-el-salvador-.pdf\">Ver Calendario Tributario 2026<\/a>[\/vc_column_text][\/vc_column][\/vc_row][vc_row][vc_column width=\u00bb2\/3&#8243;][vc_column_text]<\/p>\n<h3>Nuestras \u00e1reas de atenci\u00f3n de servicios contables son:<\/h3>\n<ul>\n<li>Manejo de Libros Contables y de IVA en El Salvador<\/li>\n<li>Libro Diario Mayor<\/li>\n<li>Libro de Estados Financieros<\/li>\n<li>Libro de Compras<\/li>\n<li>Libro de Ventas al Contribuyente<\/li>\n<li>Otros Libros y obligaciones formales de cumplimiento<\/li>\n<\/ul>\n<p>[\/vc_column_text][\/vc_column][vc_column width=\u00bb1\/3&#8243;][vc_single_image image=\u00bb5573&#8243; img_size=\u00bbfull\u00bb][\/vc_column][\/vc_row][vc_row][vc_column width=\u00bb1\/2&#8243;][vc_icon icon_fontawesome=\u00bbfas fa-list\u00bb size=\u00bbxl\u00bb align=\u00bbcenter\u00bb][vc_column_text]<\/p>\n<h3>Outsourcing Contable en El Salvador<\/h3>\n<ul>\n<li style=\"text-align: justify;\">Elaboraci\u00f3n y Presentaci\u00f3n de Declaraciones de Impuestos en El Salvador<\/li>\n<li style=\"text-align: justify;\">Declaraci\u00f3n de (IVA)<\/li>\n<li style=\"text-align: justify;\">Declaraci\u00f3n de Renta<\/li>\n<li style=\"text-align: justify;\">Pago a cuenta e Impuesto Retenido<\/li>\n<li style=\"text-align: justify;\">Formalizaci\u00f3n de Sociedades en El Salvador<\/li>\n<li style=\"text-align: justify;\">Inscripci\u00f3n de sociedad en diferentes dependencias de gobierno y en otras requeridas<\/li>\n<li style=\"text-align: justify;\">Inscripci\u00f3n de establecimiento, registro de cuenta municipal, gesti\u00f3n de matr\u00edcula de comercio<\/li>\n<li style=\"text-align: justify;\">Elaboraci\u00f3n y Organizaci\u00f3n de Cat\u00e1logos Contables en El Salvador<br \/>\nElaboraci\u00f3n de sistemas o cat\u00e1logos de cuenta en El Salvador y el manual de aplicaci\u00f3n<\/li>\n<\/ul>\n<p>[\/vc_column_text][\/vc_column][vc_column width=\u00bb1\/2&#8243;][vc_icon icon_fontawesome=\u00bbfas fa-list\u00bb size=\u00bbxl\u00bb align=\u00bbcenter\u00bb][vc_column_text]<\/p>\n<h3>Manejo de Planilla, Pago de Salarios y Obligaciones Sociales en El Salvador<\/h3>\n<ul>\n<li style=\"text-align: justify;\">Elaboraci\u00f3n de planillas de sueldos<\/li>\n<li style=\"text-align: justify;\">Pago de Seguro Social (ISSS)<\/li>\n<li style=\"text-align: justify;\">Pago de Fondos de Pensiones (AFP)<\/li>\n<li style=\"text-align: justify;\">Servicios de Auditor\u00eda en El Salvador<\/li>\n<li style=\"text-align: justify;\">Servicios de Auditor\u00eda Fiscal<\/li>\n<li style=\"text-align: justify;\">Servicios de Auditor\u00eda Financiera<\/li>\n<\/ul>\n<p>[\/vc_column_text][\/vc_column][\/vc_row][vc_row][vc_column width=\u00bb1\/2&#8243;][vc_icon icon_fontawesome=\u00bbfas fa-list\u00bb size=\u00bbxl\u00bb align=\u00bbcenter\u00bb][vc_column_text]<\/p>\n<h3>Autorizaci\u00f3n de Libros Contables en El Salvador<\/h3>\n<ul>\n<li style=\"text-align: justify;\">Certificaci\u00f3n de Estados Financieros<\/li>\n<li style=\"text-align: justify;\">Autorizaci\u00f3n de Cat\u00e1logos de Cuenta, Sistema Contable y Manual de Aplicaciones en El Salvador<\/li>\n<\/ul>\n<p>[\/vc_column_text][vc_column_text]<\/p>\n<h3>An\u00e1lisis y Valuaci\u00f3n Financiera-Comercial de Empresas en El Salvador<\/h3>\n<ul>\n<li style=\"text-align: justify;\">Estudios de rentabilidad de \u00edndices financieros en El Salvador<\/li>\n<\/ul>\n<p>[\/vc_column_text][\/vc_column][vc_column width=\u00bb1\/2&#8243;][vc_icon icon_fontawesome=\u00bbfas fa-list\u00bb size=\u00bbxl\u00bb align=\u00bbcenter\u00bb][vc_column_text]<\/p>\n<h3>Otros Servicios Contables en El Salvador<\/h3>\n<ul>\n<li style=\"text-align: justify;\">Dictamen Fiscal en El Salvador<\/li>\n<li style=\"text-align: justify;\">Administraci\u00f3n Por Cuenta ajena de Personal, Pago de Planillas y Administraci\u00f3n de Recursos Humanos<\/li>\n<li style=\"text-align: justify;\">Planificaci\u00f3n Fiscal<\/li>\n<\/ul>\n<p>[\/vc_column_text][\/vc_column][\/vc_row][vc_row][vc_column][vc_column_text]<\/p>\n<h3>Servicios de Valor Agregado<\/h3>\n<p style=\"text-align: justify;\">Interbiznet pone a su disposici\u00f3n sus servicios de domicilio fiscal y de agente residente en El Salvador, brindando su direcci\u00f3n como domicilio registrado ante la administraci\u00f3n tributaria, clientes y proveedores, podemos asignar n\u00fameros telef\u00f3nicos de nuestra propia central telef\u00f3nica, para ser respondidos exclusivamente con el nombre del cliente y retransmitirle sus mensajes, correspondencia comunicaciones.<\/p>\n<p style=\"text-align: justify;\">As\u00ed mismo, estamos en capacidad, a petici\u00f3n de nuestros clientes, de elaborar facturas y entregarlas en las oficinas de sus respectivos clientes, dando seguimiento a labor de cobro, remesa de fondos en bancos y dem\u00e1s <a href=\"https:\/\/elsalvadoroutsourcing.com\/servicios-legales-en-el-salvador\/\">servicios relacionados<\/a> de soporte administrativo.<\/p>\n<p style=\"text-align: justify;\">Para informaci\u00f3n m\u00e1s detallada acerca de nuestros servicios contables en El Salvador, <a href=\"https:\/\/elsalvadoroutsourcing.com\/contactar-con-abogados-en-el-salvador\/\">cont\u00e1ctenos aqu\u00ed.<\/a><\/p>\n<p>[\/vc_column_text][\/vc_column][\/vc_row][vc_row][vc_column][vc_cta h2=\u00bb\u00bfNecesitas asesor\u00eda?\u00bb add_button=\u00bbbottom\u00bb btn_title=\u00bbIniciar Asesor\u00eda\u00bb btn_color=\u00bbgreen\u00bb btn_i_icon_fontawesome=\u00bbfab fa-whatsapp\u00bb btn_add_icon=\u00bbtrue\u00bb btn_link=\u00bburl:https%3A%2F%2Fwa.me%2F50325280303|title:(%2B503)%202528-0303|target:_blank\u00bb]\u00a1Cont\u00e1ctanos hoy mismo y obt\u00e9n asesor\u00eda personalizada!<\/p>\n<p><a href=\"#\" class=\"pps-btn pps-button-popup-6780 pps-button-popup \"  title=\"Solicitar Consulta\">Solicitar Consulta<\/a>[\/vc_cta][\/vc_column][\/vc_row]<\/p>\n<\/div>","protected":false},"excerpt":{"rendered":"<p>[vc_row][vc_column][vc_column_text] Outsourcing de Servicios Contables en El Salvador [\/vc_column_text][\/vc_column][\/vc_row][vc_row][vc_column width=\u00bb1\/3&#8243;][vc_single_image image=\u00bb5571&#8243; img_size=\u00bbfull\u00bb][\/vc_column][vc_column width=\u00bb2\/3&#8243;][vc_column_text css=\u00bb\u00bb] Somos una empresa de contadores en El Salvador especializados en asesor\u00eda contable. Adem\u00e1s, ofrecemos otros servicios contables en El Salvador como: actualizaciones contables, elaboraci\u00f3n de libros de IVA, tramites Mercantiles y Municipales; as\u00ed mismo brindamos Asesor\u00eda y Consultor\u00eda Financiera y en&hellip;<\/p>\n","protected":false},"author":1,"featured_media":0,"parent":0,"menu_order":0,"comment_status":"closed","ping_status":"closed","template":"","meta":{"rs_blank_template":"","rs_page_bg_color":"","slide_template_v7":"","_uag_custom_page_level_css":"","footnotes":""},"class_list":["post-5469","page","type-page","status-publish","hentry","description-off"],"yoast_head":"<!-- This site is optimized with the Yoast SEO Premium plugin v27.3 (Yoast SEO v27.6) - https:\/\/yoast.com\/product\/yoast-seo-premium-wordpress\/ -->\n<title>Servicios contables en El Salvador - El Salvador Outsourcing - Interbiznet - Asesores legales<\/title>\n<meta name=\"description\" content=\"Interbiznet, Firma legal y despacho contable en El Salvador. Brindamos Servicios contables en El Salvador como asesor\u00edas contables.\" \/>\n<meta name=\"robots\" content=\"index, follow, max-snippet:-1, max-image-preview:large, max-video-preview:-1\" \/>\n<link rel=\"canonical\" href=\"https:\/\/elsalvadoroutsourcing.com\/es\/servicios-contables-en-el-salvador\/\" \/>\n<meta property=\"og:locale\" content=\"es_ES\" \/>\n<meta property=\"og:type\" content=\"article\" \/>\n<meta property=\"og:title\" content=\"Servicios contables en El Salvador, despacho contable El Salvador\" \/>\n<meta property=\"og:description\" content=\"Interbiznet, Firma legal y despacho contable en El Salvador. Brindamos Servicios contables en El Salvador como asesor\u00edas contables.\" \/>\n<meta property=\"og:url\" content=\"https:\/\/elsalvadoroutsourcing.com\/es\/servicios-contables-en-el-salvador\/\" \/>\n<meta property=\"og:site_name\" content=\"El Salvador Outsourcing - Interbiznet - Asesores legales\" \/>\n<meta property=\"article:publisher\" content=\"https:\/\/www.facebook.com\/interbiznet\/\" \/>\n<meta property=\"article:modified_time\" content=\"2026-01-05T22:55:56+00:00\" \/>\n<meta property=\"og:image\" content=\"https:\/\/elsalvadoroutsourcing.com\/wp-content\/uploads\/2023\/08\/Interbiznet-scaled.jpg\" \/>\n\t<meta property=\"og:image:width\" content=\"2560\" \/>\n\t<meta property=\"og:image:height\" content=\"1978\" \/>\n\t<meta property=\"og:image:type\" content=\"image\/jpeg\" \/>\n<meta name=\"twitter:card\" content=\"summary_large_image\" \/>\n<meta name=\"twitter:title\" content=\"Servicios contables en El Salvador, despacho contable El Salvador\" \/>\n<meta name=\"twitter:description\" content=\"Interbiznet, Firma legal y despacho contable en El Salvador. Brindamos Servicios contables en El Salvador como asesor\u00edas contables.\" \/>\n<meta name=\"twitter:site\" content=\"@InterbiznetSV\" \/>\n<meta name=\"twitter:label1\" content=\"Tiempo de lectura\" \/>\n\t<meta name=\"twitter:data1\" content=\"3 minutos\" \/>\n<script type=\"application\/ld+json\" class=\"yoast-schema-graph\">{\"@context\":\"https:\\\/\\\/schema.org\",\"@graph\":[{\"@type\":\"WebPage\",\"@id\":\"https:\\\/\\\/elsalvadoroutsourcing.com\\\/es\\\/servicios-contables-en-el-salvador\\\/\",\"url\":\"https:\\\/\\\/elsalvadoroutsourcing.com\\\/es\\\/servicios-contables-en-el-salvador\\\/\",\"name\":\"Servicios contables en El Salvador - El Salvador Outsourcing - Interbiznet - Asesores legales\",\"isPartOf\":{\"@id\":\"https:\\\/\\\/elsalvadoroutsourcing.com\\\/es\\\/#website\"},\"datePublished\":\"2022-09-02T19:09:22+00:00\",\"dateModified\":\"2026-01-05T22:55:56+00:00\",\"description\":\"Interbiznet, Firma legal y despacho contable en El Salvador. Brindamos Servicios contables en El Salvador como asesor\u00edas contables.\",\"breadcrumb\":{\"@id\":\"https:\\\/\\\/elsalvadoroutsourcing.com\\\/es\\\/servicios-contables-en-el-salvador\\\/#breadcrumb\"},\"inLanguage\":\"es\",\"potentialAction\":[{\"@type\":\"ReadAction\",\"target\":[\"https:\\\/\\\/elsalvadoroutsourcing.com\\\/es\\\/servicios-contables-en-el-salvador\\\/\"]}]},{\"@type\":\"BreadcrumbList\",\"@id\":\"https:\\\/\\\/elsalvadoroutsourcing.com\\\/es\\\/servicios-contables-en-el-salvador\\\/#breadcrumb\",\"itemListElement\":[{\"@type\":\"ListItem\",\"position\":1,\"name\":\"Portada\",\"item\":\"https:\\\/\\\/elsalvadoroutsourcing.com\\\/es\\\/\"},{\"@type\":\"ListItem\",\"position\":2,\"name\":\"Servicios Contables\"}]},{\"@type\":\"WebSite\",\"@id\":\"https:\\\/\\\/elsalvadoroutsourcing.com\\\/es\\\/#website\",\"url\":\"https:\\\/\\\/elsalvadoroutsourcing.com\\\/es\\\/\",\"name\":\"El Salvador Outsourcing - Interbiznet - Asesores legales\",\"description\":\"Outsourcing de El Salvador\",\"publisher\":{\"@id\":\"https:\\\/\\\/elsalvadoroutsourcing.com\\\/es\\\/#organization\"},\"potentialAction\":[{\"@type\":\"SearchAction\",\"target\":{\"@type\":\"EntryPoint\",\"urlTemplate\":\"https:\\\/\\\/elsalvadoroutsourcing.com\\\/es\\\/?s={search_term_string}\"},\"query-input\":{\"@type\":\"PropertyValueSpecification\",\"valueRequired\":true,\"valueName\":\"search_term_string\"}}],\"inLanguage\":\"es\"},{\"@type\":[\"Organization\",\"Place\",\"LegalService\"],\"@id\":\"https:\\\/\\\/elsalvadoroutsourcing.com\\\/es\\\/#organization\",\"name\":\"Interbiznet, S.A de C.V.; Firma de abogados y despacho contable en El Salvador\",\"alternateName\":\"Interbiznet, Firma de Abogados y Despacho Contable\",\"url\":\"https:\\\/\\\/elsalvadoroutsourcing.com\\\/es\\\/\",\"logo\":{\"@id\":\"https:\\\/\\\/elsalvadoroutsourcing.com\\\/es\\\/servicios-contables-en-el-salvador\\\/#local-main-organization-logo\"},\"image\":{\"@id\":\"https:\\\/\\\/elsalvadoroutsourcing.com\\\/es\\\/servicios-contables-en-el-salvador\\\/#local-main-organization-logo\"},\"sameAs\":[\"https:\\\/\\\/www.facebook.com\\\/interbiznet\\\/\",\"https:\\\/\\\/x.com\\\/InterbiznetSV\",\"https:\\\/\\\/sv.linkedin.com\\\/company\\\/interbiznet\",\"https:\\\/\\\/www.youtube.com\\\/@InterBizNetSanSalvador\\\/videos\",\"https:\\\/\\\/www.instagram.com\\\/interbiznetsv\\\/\"],\"address\":{\"@id\":\"https:\\\/\\\/elsalvadoroutsourcing.com\\\/es\\\/servicios-contables-en-el-salvador\\\/#local-main-place-address\"},\"geo\":{\"@type\":\"GeoCoordinates\",\"latitude\":\"13.7097358\",\"longitude\":\"-89.24044321\"},\"telephone\":[\"+503 2528 0303\",\"+305 728-8634\"],\"openingHoursSpecification\":[{\"@type\":\"OpeningHoursSpecification\",\"dayOfWeek\":[\"Monday\",\"Tuesday\",\"Wednesday\",\"Thursday\",\"Friday\"],\"opens\":\"08:00\",\"closes\":\"17:00\"},{\"@type\":\"OpeningHoursSpecification\",\"dayOfWeek\":[\"Saturday\",\"Sunday\"],\"opens\":\"00:00\",\"closes\":\"00:00\"}],\"email\":\"info@elsalvadoroutsourcing.com\",\"faxNumber\":\"+503 2264-6157\",\"priceRange\":\"$\",\"currenciesAccepted\":\"USD\"},{\"@type\":\"PostalAddress\",\"@id\":\"https:\\\/\\\/elsalvadoroutsourcing.com\\\/es\\\/servicios-contables-en-el-salvador\\\/#local-main-place-address\",\"streetAddress\":\"13 Calle Poniente No. 4425, entre 85 y, 87 Avenida Norte,\",\"addressLocality\":\"San Salvador\",\"postalCode\":\"01101\",\"addressRegion\":\"San Salvador\",\"addressCountry\":\"SV\"},{\"@type\":\"ImageObject\",\"inLanguage\":\"es\",\"@id\":\"https:\\\/\\\/elsalvadoroutsourcing.com\\\/es\\\/servicios-contables-en-el-salvador\\\/#local-main-organization-logo\",\"url\":\"https:\\\/\\\/elsalvadoroutsourcing.com\\\/wp-content\\\/uploads\\\/2022\\\/10\\\/logo-negro_Mesa-de-trabajo-1.png\",\"contentUrl\":\"https:\\\/\\\/elsalvadoroutsourcing.com\\\/wp-content\\\/uploads\\\/2022\\\/10\\\/logo-negro_Mesa-de-trabajo-1.png\",\"width\":3300,\"height\":2550,\"caption\":\"Interbiznet, S.A de C.V.; Firma de abogados y despacho contable en El Salvador\"}]}<\/script>\n<meta name=\"geo.placename\" content=\"San Salvador\" \/>\n<meta name=\"geo.position\" content=\"13.7097358;-89.24044321\" \/>\n<meta name=\"geo.region\" content=\"El Salvador\" \/>\n<!-- \/ Yoast SEO Premium plugin. -->","yoast_head_json":{"title":"Servicios contables en El Salvador - El Salvador Outsourcing - Interbiznet - Asesores legales","description":"Interbiznet, Firma legal y despacho contable en El Salvador. Brindamos Servicios contables en El Salvador como asesor\u00edas contables.","robots":{"index":"index","follow":"follow","max-snippet":"max-snippet:-1","max-image-preview":"max-image-preview:large","max-video-preview":"max-video-preview:-1"},"canonical":"https:\/\/elsalvadoroutsourcing.com\/es\/servicios-contables-en-el-salvador\/","og_locale":"es_ES","og_type":"article","og_title":"Servicios contables en El Salvador, despacho contable El Salvador","og_description":"Interbiznet, Firma legal y despacho contable en El Salvador. Brindamos Servicios contables en El Salvador como asesor\u00edas contables.","og_url":"https:\/\/elsalvadoroutsourcing.com\/es\/servicios-contables-en-el-salvador\/","og_site_name":"El Salvador Outsourcing - Interbiznet - Asesores legales","article_publisher":"https:\/\/www.facebook.com\/interbiznet\/","article_modified_time":"2026-01-05T22:55:56+00:00","og_image":[{"width":2560,"height":1978,"url":"https:\/\/elsalvadoroutsourcing.com\/wp-content\/uploads\/2023\/08\/Interbiznet-scaled.jpg","type":"image\/jpeg"}],"twitter_card":"summary_large_image","twitter_title":"Servicios contables en El Salvador, despacho contable El Salvador","twitter_description":"Interbiznet, Firma legal y despacho contable en El Salvador. Brindamos Servicios contables en El Salvador como asesor\u00edas contables.","twitter_site":"@InterbiznetSV","twitter_misc":{"Tiempo de lectura":"3 minutos"},"schema":{"@context":"https:\/\/schema.org","@graph":[{"@type":"WebPage","@id":"https:\/\/elsalvadoroutsourcing.com\/es\/servicios-contables-en-el-salvador\/","url":"https:\/\/elsalvadoroutsourcing.com\/es\/servicios-contables-en-el-salvador\/","name":"Servicios contables en El Salvador - El Salvador Outsourcing - Interbiznet - Asesores legales","isPartOf":{"@id":"https:\/\/elsalvadoroutsourcing.com\/es\/#website"},"datePublished":"2022-09-02T19:09:22+00:00","dateModified":"2026-01-05T22:55:56+00:00","description":"Interbiznet, Firma legal y despacho contable en El Salvador. Brindamos Servicios contables en El Salvador como asesor\u00edas contables.","breadcrumb":{"@id":"https:\/\/elsalvadoroutsourcing.com\/es\/servicios-contables-en-el-salvador\/#breadcrumb"},"inLanguage":"es","potentialAction":[{"@type":"ReadAction","target":["https:\/\/elsalvadoroutsourcing.com\/es\/servicios-contables-en-el-salvador\/"]}]},{"@type":"BreadcrumbList","@id":"https:\/\/elsalvadoroutsourcing.com\/es\/servicios-contables-en-el-salvador\/#breadcrumb","itemListElement":[{"@type":"ListItem","position":1,"name":"Portada","item":"https:\/\/elsalvadoroutsourcing.com\/es\/"},{"@type":"ListItem","position":2,"name":"Servicios Contables"}]},{"@type":"WebSite","@id":"https:\/\/elsalvadoroutsourcing.com\/es\/#website","url":"https:\/\/elsalvadoroutsourcing.com\/es\/","name":"El Salvador Outsourcing - Interbiznet - Asesores legales","description":"Outsourcing de El Salvador","publisher":{"@id":"https:\/\/elsalvadoroutsourcing.com\/es\/#organization"},"potentialAction":[{"@type":"SearchAction","target":{"@type":"EntryPoint","urlTemplate":"https:\/\/elsalvadoroutsourcing.com\/es\/?s={search_term_string}"},"query-input":{"@type":"PropertyValueSpecification","valueRequired":true,"valueName":"search_term_string"}}],"inLanguage":"es"},{"@type":["Organization","Place","LegalService"],"@id":"https:\/\/elsalvadoroutsourcing.com\/es\/#organization","name":"Interbiznet, S.A de C.V.; Firma de abogados y despacho contable en El Salvador","alternateName":"Interbiznet, Firma de Abogados y Despacho Contable","url":"https:\/\/elsalvadoroutsourcing.com\/es\/","logo":{"@id":"https:\/\/elsalvadoroutsourcing.com\/es\/servicios-contables-en-el-salvador\/#local-main-organization-logo"},"image":{"@id":"https:\/\/elsalvadoroutsourcing.com\/es\/servicios-contables-en-el-salvador\/#local-main-organization-logo"},"sameAs":["https:\/\/www.facebook.com\/interbiznet\/","https:\/\/x.com\/InterbiznetSV","https:\/\/sv.linkedin.com\/company\/interbiznet","https:\/\/www.youtube.com\/@InterBizNetSanSalvador\/videos","https:\/\/www.instagram.com\/interbiznetsv\/"],"address":{"@id":"https:\/\/elsalvadoroutsourcing.com\/es\/servicios-contables-en-el-salvador\/#local-main-place-address"},"geo":{"@type":"GeoCoordinates","latitude":"13.7097358","longitude":"-89.24044321"},"telephone":["+503 2528 0303","+305 728-8634"],"openingHoursSpecification":[{"@type":"OpeningHoursSpecification","dayOfWeek":["Monday","Tuesday","Wednesday","Thursday","Friday"],"opens":"08:00","closes":"17:00"},{"@type":"OpeningHoursSpecification","dayOfWeek":["Saturday","Sunday"],"opens":"00:00","closes":"00:00"}],"email":"info@elsalvadoroutsourcing.com","faxNumber":"+503 2264-6157","priceRange":"$","currenciesAccepted":"USD"},{"@type":"PostalAddress","@id":"https:\/\/elsalvadoroutsourcing.com\/es\/servicios-contables-en-el-salvador\/#local-main-place-address","streetAddress":"13 Calle Poniente No. 4425, entre 85 y, 87 Avenida Norte,","addressLocality":"San Salvador","postalCode":"01101","addressRegion":"San Salvador","addressCountry":"SV"},{"@type":"ImageObject","inLanguage":"es","@id":"https:\/\/elsalvadoroutsourcing.com\/es\/servicios-contables-en-el-salvador\/#local-main-organization-logo","url":"https:\/\/elsalvadoroutsourcing.com\/wp-content\/uploads\/2022\/10\/logo-negro_Mesa-de-trabajo-1.png","contentUrl":"https:\/\/elsalvadoroutsourcing.com\/wp-content\/uploads\/2022\/10\/logo-negro_Mesa-de-trabajo-1.png","width":3300,"height":2550,"caption":"Interbiznet, S.A de C.V.; Firma de abogados y despacho contable en El Salvador"}]},"geo.placename":"San Salvador","geo.position":{"lat":"13.7097358","long":"-89.24044321"},"geo.region":"El Salvador"},"uagb_featured_image_src":{"full":false,"thumbnail":false,"medium":false,"medium_large":false,"large":false,"1536x1536":false,"2048x2048":false,"woocommerce_thumbnail":false,"woocommerce_single":false,"woocommerce_gallery_thumbnail":false},"uagb_author_info":{"display_name":"interbiznet-master","author_link":"https:\/\/elsalvadoroutsourcing.com\/es\/author\/interbiznet-master\/"},"uagb_comment_info":0,"uagb_excerpt":"[vc_row][vc_column][vc_column_text] Outsourcing de Servicios Contables en El Salvador [\/vc_column_text][\/vc_column][\/vc_row][vc_row][vc_column width=\u00bb1\/3&#8243;][vc_single_image image=\u00bb5571&#8243; img_size=\u00bbfull\u00bb][\/vc_column][vc_column width=\u00bb2\/3&#8243;][vc_column_text css=\u00bb\u00bb] Somos una empresa de contadores en El Salvador especializados en asesor\u00eda contable. Adem\u00e1s, ofrecemos otros servicios contables en El Salvador como: actualizaciones contables, elaboraci\u00f3n de libros de IVA, tramites Mercantiles y Municipales; as\u00ed mismo brindamos Asesor\u00eda y Consultor\u00eda Financiera y en&hellip;","_links":{"self":[{"href":"https:\/\/elsalvadoroutsourcing.com\/es\/wp-json\/wp\/v2\/pages\/5469","targetHints":{"allow":["GET"]}}],"collection":[{"href":"https:\/\/elsalvadoroutsourcing.com\/es\/wp-json\/wp\/v2\/pages"}],"about":[{"href":"https:\/\/elsalvadoroutsourcing.com\/es\/wp-json\/wp\/v2\/types\/page"}],"author":[{"embeddable":true,"href":"https:\/\/elsalvadoroutsourcing.com\/es\/wp-json\/wp\/v2\/users\/1"}],"replies":[{"embeddable":true,"href":"https:\/\/elsalvadoroutsourcing.com\/es\/wp-json\/wp\/v2\/comments?post=5469"}],"version-history":[{"count":1,"href":"https:\/\/elsalvadoroutsourcing.com\/es\/wp-json\/wp\/v2\/pages\/5469\/revisions"}],"predecessor-version":[{"id":8579,"href":"https:\/\/elsalvadoroutsourcing.com\/es\/wp-json\/wp\/v2\/pages\/5469\/revisions\/8579"}],"wp:attachment":[{"href":"https:\/\/elsalvadoroutsourcing.com\/es\/wp-json\/wp\/v2\/media?parent=5469"}],"curies":[{"name":"wp","href":"https:\/\/api.w.org\/{rel}","templated":true}]}}