{"id":5463,"date":"2022-09-02T12:25:37","date_gmt":"2022-09-02T18:25:37","guid":{"rendered":"https:\/\/elsalvadoroutsourcing.com\/?page_id=5463"},"modified":"2024-01-15T11:33:35","modified_gmt":"2024-01-15T17:33:35","slug":"transferencia-de-personal-en-el-salvador","status":"publish","type":"page","link":"https:\/\/elsalvadoroutsourcing.com\/es\/servicios-legales-en-el-salvador\/transferencia-de-personal-en-el-salvador\/","title":{"rendered":"Transferencia de Personal en El Salvador"},"content":{"rendered":"<div class=\"wpb-content-wrapper\"><p>[vc_row][vc_column][vc_column_text]<span style=\"vertical-align: inherit;\"><span style=\"vertical-align: inherit;\">[\/vc_column_text][\/vc_column][\/vc_row][vc_row][vc_column][vc_column_text]<\/span><\/span><\/p>\n<h2 style=\"text-align: center;\">EVALUACI\u00d3N, PRESELECCI\u00d3N Y TRASFERENCIA DE PERSONAL EN EL SALVADOR<\/h2>\n<p><span style=\"vertical-align: inherit;\"><span style=\"vertical-align: inherit;\">[\/vc_column_text][\/vc_column][\/vc_row][vc_row][vc_column width=\u00bb1\/3&#8243;][vc_single_image image=\u00bb5554&#8243; img_size=\u00bbfull\u00bb][\/vc_column][vc_column width=\u00bb2\/3&#8243;][vc_column_text]<\/span><\/span><\/p>\n<p style=\"text-align: justify;\">Nos especializamos en la evaluaci\u00f3n, preselecci\u00f3n y transferencia de personal en El Salvador para las \u00e1reas de construcci\u00f3n y mantenimiento, as\u00ed como el \u00e1rea de servicios m\u00e9dicos; como, por ejemplo: t\u00e9cnicos en soldadura, alba\u00f1iler\u00eda, jardiner\u00eda, obreros especializados de la construcci\u00f3n, electricistas, profesionales de la medicina, enfermer\u00eda, fisioterapia, asistentes dentales.<\/p>\n<p style=\"text-align: justify;\">Nosotros nos encargamos de seleccionar al personal indicado para sus necesidades empresariales. Una vez su personal sea evaluado, seleccionado y la documentaci\u00f3n requerida est\u00e9 lista, usted podr\u00e1 emplear a dicho personal y nosotros nos encargaremos de transferirlo al pa\u00eds de origen del solicitante.<\/p>\n<p><span style=\"vertical-align: inherit;\"><span style=\"vertical-align: inherit;\">[\/vc_column_text][\/vc_column][\/vc_row][vc_row][vc_column width=\u00bb2\/3&#8243;][vc_column_text]<\/span><\/span><\/p>\n<h2>\u00bfC\u00f3mo funciona la evaluaci\u00f3n de personal?<\/h2>\n<p style=\"text-align: justify;\">La organizaci\u00f3n solicitante brinda un perfil del puesto y del candidato con las especificaciones que corresponda al personal solicitado o deseado. Luego, llevamos a cabo el reclutamiento y preselecci\u00f3n a trav\u00e9s de la b\u00fasqueda espec\u00edfica del perfil requerido.<\/p>\n<p style=\"text-align: justify;\">La evaluaci\u00f3n consiste en la verificaci\u00f3n de registros y documentos, as\u00ed como tambi\u00e9n en la realizaci\u00f3n de ex\u00e1menes psicol\u00f3gicos y dem\u00e1s. Adem\u00e1s, nuestra firma se encarga de acompa\u00f1ar al personal a trav\u00e9s de distintos procesos.<\/p>\n<p style=\"text-align: justify;\">Una vez el personal sea seleccionado como el adecuado, con respecto a las especificaciones solicitadas, se deben llevar a cabo ciertos procesos con el fin de realizar la transferencia de personal en El Salvador como tal, antes de que estos viajen al pa\u00eds o regi\u00f3n requerida.<\/p>\n<p><span style=\"vertical-align: inherit;\"><span style=\"vertical-align: inherit;\">[\/vc_column_text][\/vc_column][vc_column width=\u00bb1\/3&#8243;][vc_single_image image=\u00bb5563&#8243; img_size=\u00bbfull\u00bb][\/vc_column][\/vc_row][vc_row][vc_column width=\u00bb1\/3&#8243;][vc_single_image image=\u00bb5564&#8243; img_size=\u00bbfull\u00bb][\/vc_column][vc_column width=\u00bb2\/3&#8243;][vc_column_text]\u00a0<\/span><\/span><\/p>\n<h2>\u00bfQu\u00e9 incluy<span style=\"color: #000000;\">en <a style=\"color: #000000;\" href=\"https:\/\/elsalvadoroutsourcing.com\/servicios-legales-en-el-salvador\/\">nuestros servicios<\/a> <\/span>de transferencia de personal?<\/h2>\n<p style=\"text-align: justify;\">Interbiznet le ofrece la verificaci\u00f3n y realizaci\u00f3n de:<\/p>\n<ul>\n<li style=\"text-align: justify;\">Antecedentes penales<\/li>\n<li style=\"text-align: justify;\">Registros acad\u00e9micos o de estudio<\/li>\n<li style=\"text-align: justify;\">Historial laboral<\/li>\n<li style=\"text-align: justify;\">Evaluaci\u00f3n psicol\u00f3gica<\/li>\n<li style=\"text-align: justify;\">Examen para descartar o confirmar el uso de drogas<\/li>\n<li style=\"text-align: justify;\">Preparaci\u00f3n de la documentaci\u00f3n requerida en la embajada o consulado del pa\u00eds de origen del solicitante<\/li>\n<li style=\"text-align: justify;\">Acompa\u00f1amiento del personal para la obtenci\u00f3n de la visa<\/li>\n<li style=\"text-align: justify;\">Obtenci\u00f3n del permiso de trabajo<\/li>\n<li><a href=\"https:\/\/elsalvadoroutsourcing.com\/servicios-legales-en-el-salvador\/\">Asesor\u00eda legal en El Salvador<\/a><\/li>\n<\/ul>\n<p style=\"text-align: justify;\">Por favor tomar en cuenta que la gesti\u00f3n de traslado de personal se podr\u00e1 realizar solamente con aquellos pa\u00edses de destino en que El Salvador tenga representaci\u00f3n consular.<\/p>\n<p style=\"text-align: justify;\">Si tiene alguna consulta, <a href=\"https:\/\/elsalvadoroutsourcing.com\/contactar-con-abogados-en-el-salvador\/\"><span style=\"color: #000000;\">puede contactarnos haciendo<\/span> clic aqu\u00ed.<\/a> La primera respuesta a su pregunta es completamente gratuita<\/p>\n<p>\u00a0[\/vc_column_text][vc_cta h2=\u00bb\u00bfNecesitas asesor\u00eda legal para tu Empresa?\u00bb h2_use_theme_fonts=\u00bbyes\u00bb add_button=\u00bbbottom\u00bb btn_title=\u00bbIniciar Asesor\u00eda\u00bb btn_color=\u00bbgreen\u00bb btn_i_icon_fontawesome=\u00bbfab fa-whatsapp\u00bb use_custom_fonts_h2=\u00bbtrue\u00bb btn_add_icon=\u00bbtrue\u00bb btn_link=\u00bburl:https%3A%2F%2Fwa.me%2F50325280303%3Ftext%3DHola%2C%2520me%2520gustaria%2520obtener%2520asesor%C3%ADa%2520legal%2520por%2520parte%2520de%2520ustedes.|title:(% 2B503)%202528-0303&#8243;]\u00a1Cont\u00e1ctanos hoy mismo y obt\u00e9n asesor\u00eda personalizada!<\/p>\n<div>\n<p><span style=\"vertical-align: inherit;\"><span style=\"vertical-align: inherit;\"><a href=\"#\" class=\"pps-btn pps-button-popup-6780 pps-button-popup \"  title=\"Solicitar Consulta\">Solicitar Consulta<\/a><\/span><\/span><\/p>\n<\/div>\n<p><span style=\"vertical-align: inherit;\"><span style=\"vertical-align: inherit;\">[\/vc_cta][\/vc_column][\/vc_row][vc_row][vc_column][vc_column_text]<\/span><\/span>[\/vc_column_text][\/vc_column][\/vc_row]<\/p>\n<\/div>","protected":false},"excerpt":{"rendered":"<p>[vc_row][vc_column][vc_column_text][\/vc_column_text][\/vc_column][\/vc_row][vc_row][vc_column][vc_column_text] EVALUACI\u00d3N, PRESELECCI\u00d3N Y TRASFERENCIA DE PERSONAL EN EL SALVADOR [\/vc_column_text][\/vc_column][\/vc_row][vc_row][vc_column width=\u00bb1\/3&#8243;][vc_single_image image=\u00bb5554&#8243; img_size=\u00bbfull\u00bb][\/vc_column][vc_column width=\u00bb2\/3&#8243;][vc_column_text] Nos especializamos en la evaluaci\u00f3n, preselecci\u00f3n y transferencia de personal en El Salvador para las \u00e1reas de construcci\u00f3n y mantenimiento, as\u00ed como el \u00e1rea de servicios m\u00e9dicos; como, por ejemplo: t\u00e9cnicos en soldadura, alba\u00f1iler\u00eda, jardiner\u00eda, obreros especializados de la construcci\u00f3n,&hellip;<\/p>\n","protected":false},"author":1,"featured_media":0,"parent":5447,"menu_order":0,"comment_status":"closed","ping_status":"closed","template":"","meta":{"rs_blank_template":"","rs_page_bg_color":"","slide_template_v7":"","_uag_custom_page_level_css":"","footnotes":""},"class_list":["post-5463","page","type-page","status-publish","hentry","description-off"],"yoast_head":"<!-- This site is optimized with the Yoast SEO Premium plugin v27.3 (Yoast SEO v27.6) - https:\/\/yoast.com\/product\/yoast-seo-premium-wordpress\/ -->\n<title>Preselecci\u00f3n y Transferencia de Personal en El Salvador<\/title>\n<meta name=\"description\" content=\"Interbiznet, firma de abogados en El Salvador, ofrece el servicio de evaluaci\u00f3n, preselecci\u00f3n y transferencia de personal en El Salvador.\" \/>\n<meta name=\"robots\" content=\"index, follow, max-snippet:-1, max-image-preview:large, max-video-preview:-1\" \/>\n<link rel=\"canonical\" href=\"https:\/\/elsalvadoroutsourcing.com\/es\/servicios-legales-en-el-salvador\/transferencia-de-personal-en-el-salvador\/\" \/>\n<meta property=\"og:locale\" content=\"es_ES\" \/>\n<meta property=\"og:type\" content=\"article\" \/>\n<meta property=\"og:title\" content=\"Preselecci\u00f3n y Transferencia de Personal en El Salvador\" \/>\n<meta property=\"og:description\" content=\"Interbiznet, firma de abogados en El Salvador, ofrece el servicio de evaluaci\u00f3n, preselecci\u00f3n y transferencia de personal en El Salvador.\" \/>\n<meta property=\"og:url\" content=\"https:\/\/elsalvadoroutsourcing.com\/es\/servicios-legales-en-el-salvador\/transferencia-de-personal-en-el-salvador\/\" \/>\n<meta property=\"og:site_name\" content=\"El Salvador Outsourcing - Interbiznet - Asesores legales\" \/>\n<meta property=\"article:publisher\" content=\"https:\/\/www.facebook.com\/interbiznet\/\" \/>\n<meta property=\"article:modified_time\" content=\"2024-01-15T17:33:35+00:00\" \/>\n<meta property=\"og:image\" content=\"https:\/\/elsalvadoroutsourcing.com\/wp-content\/uploads\/2023\/08\/Interbiznet-scaled.jpg\" \/>\n\t<meta property=\"og:image:width\" content=\"2560\" \/>\n\t<meta property=\"og:image:height\" content=\"1978\" \/>\n\t<meta property=\"og:image:type\" content=\"image\/jpeg\" \/>\n<meta name=\"twitter:card\" content=\"summary_large_image\" \/>\n<meta name=\"twitter:title\" content=\"Preselecci\u00f3n y Transferencia de Personal en El Salvador\" \/>\n<meta name=\"twitter:description\" content=\"Interbiznet, firma de abogados en El Salvador, ofrece el servicio de evaluaci\u00f3n, preselecci\u00f3n y transferencia de personal en El Salvador.\" \/>\n<meta name=\"twitter:site\" content=\"@InterbiznetSV\" \/>\n<meta name=\"twitter:label1\" content=\"Tiempo de lectura\" \/>\n\t<meta name=\"twitter:data1\" content=\"3 minutos\" \/>\n<script type=\"application\/ld+json\" class=\"yoast-schema-graph\">{\"@context\":\"https:\\\/\\\/schema.org\",\"@graph\":[{\"@type\":\"WebPage\",\"@id\":\"https:\\\/\\\/elsalvadoroutsourcing.com\\\/es\\\/servicios-legales-en-el-salvador\\\/transferencia-de-personal-en-el-salvador\\\/\",\"url\":\"https:\\\/\\\/elsalvadoroutsourcing.com\\\/es\\\/servicios-legales-en-el-salvador\\\/transferencia-de-personal-en-el-salvador\\\/\",\"name\":\"Preselecci\u00f3n y Transferencia de Personal en El Salvador\",\"isPartOf\":{\"@id\":\"https:\\\/\\\/elsalvadoroutsourcing.com\\\/es\\\/#website\"},\"datePublished\":\"2022-09-02T18:25:37+00:00\",\"dateModified\":\"2024-01-15T17:33:35+00:00\",\"description\":\"Interbiznet, firma de abogados en El Salvador, ofrece el servicio de evaluaci\u00f3n, preselecci\u00f3n y transferencia de personal en El Salvador.\",\"breadcrumb\":{\"@id\":\"https:\\\/\\\/elsalvadoroutsourcing.com\\\/es\\\/servicios-legales-en-el-salvador\\\/transferencia-de-personal-en-el-salvador\\\/#breadcrumb\"},\"inLanguage\":\"es\",\"potentialAction\":[{\"@type\":\"ReadAction\",\"target\":[\"https:\\\/\\\/elsalvadoroutsourcing.com\\\/es\\\/servicios-legales-en-el-salvador\\\/transferencia-de-personal-en-el-salvador\\\/\"]}]},{\"@type\":\"BreadcrumbList\",\"@id\":\"https:\\\/\\\/elsalvadoroutsourcing.com\\\/es\\\/servicios-legales-en-el-salvador\\\/transferencia-de-personal-en-el-salvador\\\/#breadcrumb\",\"itemListElement\":[{\"@type\":\"ListItem\",\"position\":1,\"name\":\"Portada\",\"item\":\"https:\\\/\\\/elsalvadoroutsourcing.com\\\/es\\\/\"},{\"@type\":\"ListItem\",\"position\":2,\"name\":\"Servicios Legales en El Salvador\",\"item\":\"https:\\\/\\\/elsalvadoroutsourcing.com\\\/es\\\/servicios-legales-en-el-salvador\\\/\"},{\"@type\":\"ListItem\",\"position\":3,\"name\":\"Transferencia de Personal en El Salvador\"}]},{\"@type\":\"WebSite\",\"@id\":\"https:\\\/\\\/elsalvadoroutsourcing.com\\\/es\\\/#website\",\"url\":\"https:\\\/\\\/elsalvadoroutsourcing.com\\\/es\\\/\",\"name\":\"El Salvador Outsourcing - Interbiznet - Asesores legales\",\"description\":\"Outsourcing de El Salvador\",\"publisher\":{\"@id\":\"https:\\\/\\\/elsalvadoroutsourcing.com\\\/es\\\/#organization\"},\"potentialAction\":[{\"@type\":\"SearchAction\",\"target\":{\"@type\":\"EntryPoint\",\"urlTemplate\":\"https:\\\/\\\/elsalvadoroutsourcing.com\\\/es\\\/?s={search_term_string}\"},\"query-input\":{\"@type\":\"PropertyValueSpecification\",\"valueRequired\":true,\"valueName\":\"search_term_string\"}}],\"inLanguage\":\"es\"},{\"@type\":[\"Organization\",\"Place\",\"LegalService\"],\"@id\":\"https:\\\/\\\/elsalvadoroutsourcing.com\\\/es\\\/#organization\",\"name\":\"Interbiznet, S.A de C.V.; Firma de abogados y despacho contable en El Salvador\",\"alternateName\":\"Interbiznet, Firma de Abogados y Despacho Contable\",\"url\":\"https:\\\/\\\/elsalvadoroutsourcing.com\\\/es\\\/\",\"logo\":{\"@id\":\"https:\\\/\\\/elsalvadoroutsourcing.com\\\/es\\\/servicios-legales-en-el-salvador\\\/transferencia-de-personal-en-el-salvador\\\/#local-main-organization-logo\"},\"image\":{\"@id\":\"https:\\\/\\\/elsalvadoroutsourcing.com\\\/es\\\/servicios-legales-en-el-salvador\\\/transferencia-de-personal-en-el-salvador\\\/#local-main-organization-logo\"},\"sameAs\":[\"https:\\\/\\\/www.facebook.com\\\/interbiznet\\\/\",\"https:\\\/\\\/x.com\\\/InterbiznetSV\",\"https:\\\/\\\/sv.linkedin.com\\\/company\\\/interbiznet\",\"https:\\\/\\\/www.youtube.com\\\/@InterBizNetSanSalvador\\\/videos\",\"https:\\\/\\\/www.instagram.com\\\/interbiznetsv\\\/\"],\"address\":{\"@id\":\"https:\\\/\\\/elsalvadoroutsourcing.com\\\/es\\\/servicios-legales-en-el-salvador\\\/transferencia-de-personal-en-el-salvador\\\/#local-main-place-address\"},\"geo\":{\"@type\":\"GeoCoordinates\",\"latitude\":\"13.7097358\",\"longitude\":\"-89.24044321\"},\"telephone\":[\"+503 2528 0303\",\"+305 728-8634\"],\"openingHoursSpecification\":[{\"@type\":\"OpeningHoursSpecification\",\"dayOfWeek\":[\"Monday\",\"Tuesday\",\"Wednesday\",\"Thursday\",\"Friday\"],\"opens\":\"08:00\",\"closes\":\"17:00\"},{\"@type\":\"OpeningHoursSpecification\",\"dayOfWeek\":[\"Saturday\",\"Sunday\"],\"opens\":\"00:00\",\"closes\":\"00:00\"}],\"email\":\"info@elsalvadoroutsourcing.com\",\"faxNumber\":\"+503 2264-6157\",\"priceRange\":\"$\",\"currenciesAccepted\":\"USD\"},{\"@type\":\"PostalAddress\",\"@id\":\"https:\\\/\\\/elsalvadoroutsourcing.com\\\/es\\\/servicios-legales-en-el-salvador\\\/transferencia-de-personal-en-el-salvador\\\/#local-main-place-address\",\"streetAddress\":\"13 Calle Poniente No. 4425, entre 85 y, 87 Avenida Norte,\",\"addressLocality\":\"San Salvador\",\"postalCode\":\"01101\",\"addressRegion\":\"San Salvador\",\"addressCountry\":\"SV\"},{\"@type\":\"ImageObject\",\"inLanguage\":\"es\",\"@id\":\"https:\\\/\\\/elsalvadoroutsourcing.com\\\/es\\\/servicios-legales-en-el-salvador\\\/transferencia-de-personal-en-el-salvador\\\/#local-main-organization-logo\",\"url\":\"https:\\\/\\\/elsalvadoroutsourcing.com\\\/wp-content\\\/uploads\\\/2022\\\/10\\\/logo-negro_Mesa-de-trabajo-1.png\",\"contentUrl\":\"https:\\\/\\\/elsalvadoroutsourcing.com\\\/wp-content\\\/uploads\\\/2022\\\/10\\\/logo-negro_Mesa-de-trabajo-1.png\",\"width\":3300,\"height\":2550,\"caption\":\"Interbiznet, S.A de C.V.; Firma de abogados y despacho contable en El Salvador\"}]}<\/script>\n<meta name=\"geo.placename\" content=\"San Salvador\" \/>\n<meta name=\"geo.position\" content=\"13.7097358;-89.24044321\" \/>\n<meta name=\"geo.region\" content=\"El Salvador\" \/>\n<!-- \/ Yoast SEO Premium plugin. -->","yoast_head_json":{"title":"Preselecci\u00f3n y Transferencia de Personal en El Salvador","description":"Interbiznet, firma de abogados en El Salvador, ofrece el servicio de evaluaci\u00f3n, preselecci\u00f3n y transferencia de personal en El Salvador.","robots":{"index":"index","follow":"follow","max-snippet":"max-snippet:-1","max-image-preview":"max-image-preview:large","max-video-preview":"max-video-preview:-1"},"canonical":"https:\/\/elsalvadoroutsourcing.com\/es\/servicios-legales-en-el-salvador\/transferencia-de-personal-en-el-salvador\/","og_locale":"es_ES","og_type":"article","og_title":"Preselecci\u00f3n y Transferencia de Personal en El Salvador","og_description":"Interbiznet, firma de abogados en El Salvador, ofrece el servicio de evaluaci\u00f3n, preselecci\u00f3n y transferencia de personal en El Salvador.","og_url":"https:\/\/elsalvadoroutsourcing.com\/es\/servicios-legales-en-el-salvador\/transferencia-de-personal-en-el-salvador\/","og_site_name":"El Salvador Outsourcing - Interbiznet - Asesores legales","article_publisher":"https:\/\/www.facebook.com\/interbiznet\/","article_modified_time":"2024-01-15T17:33:35+00:00","og_image":[{"width":2560,"height":1978,"url":"https:\/\/elsalvadoroutsourcing.com\/wp-content\/uploads\/2023\/08\/Interbiznet-scaled.jpg","type":"image\/jpeg"}],"twitter_card":"summary_large_image","twitter_title":"Preselecci\u00f3n y Transferencia de Personal en El Salvador","twitter_description":"Interbiznet, firma de abogados en El Salvador, ofrece el servicio de evaluaci\u00f3n, preselecci\u00f3n y transferencia de personal en El Salvador.","twitter_site":"@InterbiznetSV","twitter_misc":{"Tiempo de lectura":"3 minutos"},"schema":{"@context":"https:\/\/schema.org","@graph":[{"@type":"WebPage","@id":"https:\/\/elsalvadoroutsourcing.com\/es\/servicios-legales-en-el-salvador\/transferencia-de-personal-en-el-salvador\/","url":"https:\/\/elsalvadoroutsourcing.com\/es\/servicios-legales-en-el-salvador\/transferencia-de-personal-en-el-salvador\/","name":"Preselecci\u00f3n y Transferencia de Personal en El Salvador","isPartOf":{"@id":"https:\/\/elsalvadoroutsourcing.com\/es\/#website"},"datePublished":"2022-09-02T18:25:37+00:00","dateModified":"2024-01-15T17:33:35+00:00","description":"Interbiznet, firma de abogados en El Salvador, ofrece el servicio de evaluaci\u00f3n, preselecci\u00f3n y transferencia de personal en El Salvador.","breadcrumb":{"@id":"https:\/\/elsalvadoroutsourcing.com\/es\/servicios-legales-en-el-salvador\/transferencia-de-personal-en-el-salvador\/#breadcrumb"},"inLanguage":"es","potentialAction":[{"@type":"ReadAction","target":["https:\/\/elsalvadoroutsourcing.com\/es\/servicios-legales-en-el-salvador\/transferencia-de-personal-en-el-salvador\/"]}]},{"@type":"BreadcrumbList","@id":"https:\/\/elsalvadoroutsourcing.com\/es\/servicios-legales-en-el-salvador\/transferencia-de-personal-en-el-salvador\/#breadcrumb","itemListElement":[{"@type":"ListItem","position":1,"name":"Portada","item":"https:\/\/elsalvadoroutsourcing.com\/es\/"},{"@type":"ListItem","position":2,"name":"Servicios Legales en El Salvador","item":"https:\/\/elsalvadoroutsourcing.com\/es\/servicios-legales-en-el-salvador\/"},{"@type":"ListItem","position":3,"name":"Transferencia de Personal en El Salvador"}]},{"@type":"WebSite","@id":"https:\/\/elsalvadoroutsourcing.com\/es\/#website","url":"https:\/\/elsalvadoroutsourcing.com\/es\/","name":"El Salvador Outsourcing - Interbiznet - Asesores legales","description":"Outsourcing de El Salvador","publisher":{"@id":"https:\/\/elsalvadoroutsourcing.com\/es\/#organization"},"potentialAction":[{"@type":"SearchAction","target":{"@type":"EntryPoint","urlTemplate":"https:\/\/elsalvadoroutsourcing.com\/es\/?s={search_term_string}"},"query-input":{"@type":"PropertyValueSpecification","valueRequired":true,"valueName":"search_term_string"}}],"inLanguage":"es"},{"@type":["Organization","Place","LegalService"],"@id":"https:\/\/elsalvadoroutsourcing.com\/es\/#organization","name":"Interbiznet, S.A de C.V.; Firma de abogados y despacho contable en El Salvador","alternateName":"Interbiznet, Firma de Abogados y Despacho Contable","url":"https:\/\/elsalvadoroutsourcing.com\/es\/","logo":{"@id":"https:\/\/elsalvadoroutsourcing.com\/es\/servicios-legales-en-el-salvador\/transferencia-de-personal-en-el-salvador\/#local-main-organization-logo"},"image":{"@id":"https:\/\/elsalvadoroutsourcing.com\/es\/servicios-legales-en-el-salvador\/transferencia-de-personal-en-el-salvador\/#local-main-organization-logo"},"sameAs":["https:\/\/www.facebook.com\/interbiznet\/","https:\/\/x.com\/InterbiznetSV","https:\/\/sv.linkedin.com\/company\/interbiznet","https:\/\/www.youtube.com\/@InterBizNetSanSalvador\/videos","https:\/\/www.instagram.com\/interbiznetsv\/"],"address":{"@id":"https:\/\/elsalvadoroutsourcing.com\/es\/servicios-legales-en-el-salvador\/transferencia-de-personal-en-el-salvador\/#local-main-place-address"},"geo":{"@type":"GeoCoordinates","latitude":"13.7097358","longitude":"-89.24044321"},"telephone":["+503 2528 0303","+305 728-8634"],"openingHoursSpecification":[{"@type":"OpeningHoursSpecification","dayOfWeek":["Monday","Tuesday","Wednesday","Thursday","Friday"],"opens":"08:00","closes":"17:00"},{"@type":"OpeningHoursSpecification","dayOfWeek":["Saturday","Sunday"],"opens":"00:00","closes":"00:00"}],"email":"info@elsalvadoroutsourcing.com","faxNumber":"+503 2264-6157","priceRange":"$","currenciesAccepted":"USD"},{"@type":"PostalAddress","@id":"https:\/\/elsalvadoroutsourcing.com\/es\/servicios-legales-en-el-salvador\/transferencia-de-personal-en-el-salvador\/#local-main-place-address","streetAddress":"13 Calle Poniente No. 4425, entre 85 y, 87 Avenida Norte,","addressLocality":"San Salvador","postalCode":"01101","addressRegion":"San Salvador","addressCountry":"SV"},{"@type":"ImageObject","inLanguage":"es","@id":"https:\/\/elsalvadoroutsourcing.com\/es\/servicios-legales-en-el-salvador\/transferencia-de-personal-en-el-salvador\/#local-main-organization-logo","url":"https:\/\/elsalvadoroutsourcing.com\/wp-content\/uploads\/2022\/10\/logo-negro_Mesa-de-trabajo-1.png","contentUrl":"https:\/\/elsalvadoroutsourcing.com\/wp-content\/uploads\/2022\/10\/logo-negro_Mesa-de-trabajo-1.png","width":3300,"height":2550,"caption":"Interbiznet, S.A de C.V.; Firma de abogados y despacho contable en El Salvador"}]},"geo.placename":"San Salvador","geo.position":{"lat":"13.7097358","long":"-89.24044321"},"geo.region":"El Salvador"},"uagb_featured_image_src":{"full":false,"thumbnail":false,"medium":false,"medium_large":false,"large":false,"1536x1536":false,"2048x2048":false,"woocommerce_thumbnail":false,"woocommerce_single":false,"woocommerce_gallery_thumbnail":false},"uagb_author_info":{"display_name":"interbiznet-master","author_link":"https:\/\/elsalvadoroutsourcing.com\/es\/author\/interbiznet-master\/"},"uagb_comment_info":0,"uagb_excerpt":"[vc_row][vc_column][vc_column_text][\/vc_column_text][\/vc_column][\/vc_row][vc_row][vc_column][vc_column_text] EVALUACI\u00d3N, PRESELECCI\u00d3N Y TRASFERENCIA DE PERSONAL EN EL SALVADOR [\/vc_column_text][\/vc_column][\/vc_row][vc_row][vc_column width=\u00bb1\/3&#8243;][vc_single_image image=\u00bb5554&#8243; img_size=\u00bbfull\u00bb][\/vc_column][vc_column width=\u00bb2\/3&#8243;][vc_column_text] Nos especializamos en la evaluaci\u00f3n, preselecci\u00f3n y transferencia de personal en El Salvador para las \u00e1reas de construcci\u00f3n y mantenimiento, as\u00ed como el \u00e1rea de servicios m\u00e9dicos; como, por ejemplo: t\u00e9cnicos en soldadura, alba\u00f1iler\u00eda, jardiner\u00eda, obreros especializados de la construcci\u00f3n,&hellip;","_links":{"self":[{"href":"https:\/\/elsalvadoroutsourcing.com\/es\/wp-json\/wp\/v2\/pages\/5463","targetHints":{"allow":["GET"]}}],"collection":[{"href":"https:\/\/elsalvadoroutsourcing.com\/es\/wp-json\/wp\/v2\/pages"}],"about":[{"href":"https:\/\/elsalvadoroutsourcing.com\/es\/wp-json\/wp\/v2\/types\/page"}],"author":[{"embeddable":true,"href":"https:\/\/elsalvadoroutsourcing.com\/es\/wp-json\/wp\/v2\/users\/1"}],"replies":[{"embeddable":true,"href":"https:\/\/elsalvadoroutsourcing.com\/es\/wp-json\/wp\/v2\/comments?post=5463"}],"version-history":[{"count":0,"href":"https:\/\/elsalvadoroutsourcing.com\/es\/wp-json\/wp\/v2\/pages\/5463\/revisions"}],"up":[{"embeddable":true,"href":"https:\/\/elsalvadoroutsourcing.com\/es\/wp-json\/wp\/v2\/pages\/5447"}],"wp:attachment":[{"href":"https:\/\/elsalvadoroutsourcing.com\/es\/wp-json\/wp\/v2\/media?parent=5463"}],"curies":[{"name":"wp","href":"https:\/\/api.w.org\/{rel}","templated":true}]}}