{"id":5455,"date":"2022-09-02T11:24:30","date_gmt":"2022-09-02T17:24:30","guid":{"rendered":"https:\/\/elsalvadoroutsourcing.com\/?page_id=5455"},"modified":"2024-01-23T11:14:22","modified_gmt":"2024-01-23T17:14:22","slug":"registro-de-marcas-en-el-salvador","status":"publish","type":"page","link":"https:\/\/elsalvadoroutsourcing.com\/es\/servicios-legales-en-el-salvador\/registro-de-marcas-en-el-salvador\/","title":{"rendered":"Registro de Marcas en El Salvador"},"content":{"rendered":"<div class=\"wpb-content-wrapper\"><p>[vc_row][vc_column width=\u00bb1\/3&#8243;][vc_single_image image=\u00bb5552&#8243; img_size=\u00bbfull\u00bb][\/vc_column][vc_column width=\u00bb2\/3&#8243;][vc_column_text]<\/p>\n<p style=\"text-align: justify;\">En Interbiznet tenemos la experiencia y capacidad de llevar a cabo el registro de marcas en El Salvador, al igual que la conducci\u00f3n de otros procesos en <a href=\"https:\/\/elsalvadoroutsourcing.com\/leyes-y-modelos-de-documentos-de-el-salvador\/leyes-de-el-salvador-leyes-tributarias-de-el-salvador\/\">materia de propiedad<\/a> intelectual en El Salvador, tales como:<\/p>\n<ul>\n<li><a href=\"https:\/\/elsalvadoroutsourcing.com\/leyes-y-modelos-de-documentos-de-el-salvador\/modelos-de-documentos-el-salvador\/\">Registro de derecho de autor<\/a><\/li>\n<li>Solicitud de patentes<\/li>\n<li>Registro de<a href=\"https:\/\/elsalvadoroutsourcing.com\/leyes-y-modelos-de-documentos-de-el-salvador\/\"> modelos de utilidad<\/a><\/li>\n<\/ul>\n<p style=\"text-align: justify;\">Recomendamos registrar su propiedad intelectual, lo cual le da valor en el marcado y al mismo tiempo le provee una base legal para protegerse de terceros que busquen utilizar su propiedad intelectual con el fin de beneficiarse sin su autorizaci\u00f3n.<\/p>\n<p>[\/vc_column_text][\/vc_column][\/vc_row][vc_row][vc_column][vc_column_text]<\/p>\n<h2 style=\"text-align: center;\">Propiedad Intelectual en El Salvador<\/h2>\n<p>[\/vc_column_text][\/vc_column][\/vc_row][vc_row][vc_column width=\u00bb2\/3&#8243;][vc_column_text]<\/p>\n<p style=\"text-align: justify;\">Entre algunos de los servicios que nuestra firma puede proveerle se encuentran:<\/p>\n<ul>\n<li style=\"text-align: justify;\">Proceso de nulidad sobre la inscripci\u00f3n de una marca en El Salvador.<\/li>\n<li style=\"text-align: justify;\">B\u00fasqueda por titular de una marca o b\u00fasqueda por antecedente fon\u00e9tico.<\/li>\n<li style=\"text-align: justify;\">Aplicaci\u00f3n de registro para modelos de utilidad.<\/li>\n<li style=\"text-align: justify;\">Solicitud de derecho de autor en El Salvador, sobre una obra o creaci\u00f3n.<\/li>\n<li style=\"text-align: justify;\">Presentaci\u00f3n de oposici\u00f3n a registro de marca o defensa de oposici\u00f3n.<\/li>\n<\/ul>\n<p style=\"text-align: justify;\">Debe tomar en cuenta que, en caso de registro de marca, necesitar\u00e1 renovar su inscripci\u00f3n luego de cierto periodo de tiempo, el cual tambi\u00e9n necesitar\u00e1 renovaci\u00f3n eventualmente. De no presentar una solicitud de renovaci\u00f3n, tendr\u00e1 un periodo de 6 meses de pr\u00f3rroga para entregar su solicitud. Caso contrario perder\u00e1 su registro.<\/p>\n<p style=\"text-align: justify;\">Para el registro de marcas en El Salvador, al igual que para otros tr\u00e1mites en materia de propiedad intelectual en El Salvador, es requisito otorgar un poder a favor de nuestros abogados, el cual nosotros le enviaremos cuando nuestros servicios sean requeridos y la oferta respectiva sea aceptada.<\/p>\n<p style=\"text-align: justify;\">Si tiene dudas sobre el tema, puede consultar las secciones sobre renovaci\u00f3n de marcas en El Salvador y preguntas frecuentes sobre registro de marcas en El Salvador. Adem\u00e1s, si tiene cualquier otra consulta y desea contactarnos puede <a href=\"https:\/\/elsalvadoroutsourcing.com\/contactar-con-abogados-en-el-salvador\/\">hacer clic aqu\u00ed.<\/a> La primera respuesta a su pregunta ser\u00e1 respondida de forma gratuita.<\/p>\n<p>[\/vc_column_text][vc_cta h2=\u00bbCons\u00falte ahora mismo\u00bb h2_font_container=\u00bbtag:h4|text_align:left\u00bb h2_use_theme_fonts=\u00bbyes\u00bb add_button=\u00bbbottom\u00bb btn_title=\u00bbIniciar Asesor\u00eda\u00bb btn_color=\u00bbgreen\u00bb btn_i_icon_fontawesome=\u00bbfab fa-whatsapp\u00bb use_custom_fonts_h2=\u00bbtrue\u00bb btn_add_icon=\u00bbtrue\u00bb btn_link=\u00bburl:https%3A%2F%2Fwa.me%2F50325280303%3Ftext%3DHola%2C%2520me%2520gustaria%2520obtener%2520asesor%C3%ADa%2520legal%2520por%2520parte%2520de%2520ustedes.|title:(%2B503)%202528-0303|target:_blank\u00bb]<a href=\"#\" class=\"pps-btn pps-button-popup-6780 pps-button-popup \"  title=\"Solicitar Consulta\">Solicitar Consulta<\/a>[\/vc_cta][\/vc_column][vc_column width=\u00bb1\/3&#8243;][vc_single_image image=\u00bb5561&#8243; img_size=\u00bbfull\u00bb][\/vc_column][\/vc_row][vc_row][vc_column][vc_column_text]<\/p>\n<h2 style=\"text-align: center;\">\u00bfPORQUE REGISTRAR SU MARCA EN EL SALVADOR?<\/h2>\n<h3 style=\"text-align: center;\">Dudas y preguntas frecuentes sobre el registro de marcas en El Salvador.<\/h3>\n<p>[\/vc_column_text][\/vc_column][\/vc_row][vc_row][vc_column width=\u00bb1\/4&#8243;][\/vc_column][vc_column width=\u00bb1\/4&#8243;][vc_icon icon_fontawesome=\u00bbfas fa-registered\u00bb size=\u00bbxl\u00bb align=\u00bbcenter\u00bb][vc_column_text]<\/p>\n<h4 style=\"text-align: center;\">Renovaci\u00f3n de Marca en El Salvador<\/h4>\n<p>[\/vc_column_text][vc_btn title=\u00bbQuiero saber m\u00e1s\u00bb color=\u00bbblue\u00bb align=\u00bbcenter\u00bb link=\u00bburl:https%3A%2F%2Felsalvadoroutsourcing.com%2Fservicios-legales-en-el-salvador%2Fregistro-de-marcas-en-el-salvador%2Frenovacion-de-marcas-en-el-salvador%2F|title:Renovaci%C3%B3n%20de%20Marca%20en%20El%20Salvador\u00bb][\/vc_column][vc_column width=\u00bb1\/4&#8243;][vc_icon icon_fontawesome=\u00bbfar fa-question-circle\u00bb size=\u00bbxl\u00bb align=\u00bbcenter\u00bb][vc_column_text]<\/p>\n<h4 style=\"text-align: center;\">Preguntas<br \/>\nfrecuentes<\/h4>\n<p>[\/vc_column_text][vc_btn title=\u00bbAprende con nosotros\u00bb color=\u00bbblue\u00bb align=\u00bbcenter\u00bb link=\u00bburl:https%3A%2F%2Felsalvadoroutsourcing.com%2Fservicios-legales-en-el-salvador%2Fregistro-de-marcas-en-el-salvador%2Fpreguntas-frecuentes-marcas-en-el-salvador%2F|title:%C2%BFPORQUE%20REGISTRAR%20SU%20MARCA%20EN%20EL%20SALVADOR%3F\u00bb][\/vc_column][vc_column width=\u00bb1\/4&#8243;][\/vc_column][\/vc_row]<\/p>\n<\/div>","protected":false},"excerpt":{"rendered":"<p>[vc_row][vc_column width=\u00bb1\/3&#8243;][vc_single_image image=\u00bb5552&#8243; img_size=\u00bbfull\u00bb][\/vc_column][vc_column width=\u00bb2\/3&#8243;][vc_column_text] En Interbiznet tenemos la experiencia y capacidad de llevar a cabo el registro de marcas en El Salvador, al igual que la conducci\u00f3n de otros procesos en materia de propiedad intelectual en El Salvador, tales como: Registro de derecho de autor Solicitud de patentes Registro de modelos de utilidad Recomendamos&hellip;<\/p>\n","protected":false},"author":1,"featured_media":0,"parent":5447,"menu_order":0,"comment_status":"closed","ping_status":"closed","template":"","meta":{"rs_blank_template":"","rs_page_bg_color":"","slide_template_v7":"","_uag_custom_page_level_css":"","footnotes":""},"class_list":["post-5455","page","type-page","status-publish","hentry","description-off"],"yoast_head":"<!-- This site is optimized with the Yoast SEO Premium plugin v27.3 (Yoast SEO v27.6) - https:\/\/yoast.com\/product\/yoast-seo-premium-wordpress\/ -->\n<title>Registro de Marcas en El Salvador, El Salvador Registro<\/title>\n<meta name=\"description\" content=\"Interbiznet, Provee servicios de Registro de Marcas en El Salvador Proceso adem\u00e1s de otros servicios Marcarios.\" \/>\n<meta name=\"robots\" content=\"index, follow, max-snippet:-1, max-image-preview:large, max-video-preview:-1\" \/>\n<link rel=\"canonical\" href=\"https:\/\/elsalvadoroutsourcing.com\/es\/servicios-legales-en-el-salvador\/registro-de-marcas-en-el-salvador\/\" \/>\n<meta property=\"og:locale\" content=\"es_ES\" \/>\n<meta property=\"og:type\" content=\"article\" \/>\n<meta property=\"og:title\" content=\"Registro de Marcas en El Salvador, El Salvador Registro de Marcas\" \/>\n<meta property=\"og:description\" content=\"Interbiznet, Provee servicios de Registro de Marcas en El Salvador Proceso adem\u00e1s de otros servicios Marcarios.\" \/>\n<meta property=\"og:url\" content=\"https:\/\/elsalvadoroutsourcing.com\/es\/servicios-legales-en-el-salvador\/registro-de-marcas-en-el-salvador\/\" \/>\n<meta property=\"og:site_name\" content=\"El Salvador Outsourcing - Interbiznet - Asesores legales\" \/>\n<meta property=\"article:publisher\" content=\"https:\/\/www.facebook.com\/interbiznet\/\" \/>\n<meta property=\"article:modified_time\" content=\"2024-01-23T17:14:22+00:00\" \/>\n<meta property=\"og:image\" content=\"https:\/\/elsalvadoroutsourcing.com\/wp-content\/uploads\/2023\/08\/Interbiznet-scaled.jpg\" \/>\n\t<meta property=\"og:image:width\" content=\"2560\" \/>\n\t<meta property=\"og:image:height\" content=\"1978\" \/>\n\t<meta property=\"og:image:type\" content=\"image\/jpeg\" \/>\n<meta name=\"twitter:card\" content=\"summary_large_image\" \/>\n<meta name=\"twitter:title\" content=\"Registro de Marcas en El Salvador, El Salvador Registro de Marcas\" \/>\n<meta name=\"twitter:description\" content=\"Interbiznet, Provee servicios de Registro de Marcas en El Salvador Proceso adem\u00e1s de otros servicios Marcarios.\" \/>\n<meta name=\"twitter:site\" content=\"@InterbiznetSV\" \/>\n<meta name=\"twitter:label1\" content=\"Tiempo de lectura\" \/>\n\t<meta name=\"twitter:data1\" content=\"2 minutos\" \/>\n<script type=\"application\/ld+json\" class=\"yoast-schema-graph\">{\"@context\":\"https:\\\/\\\/schema.org\",\"@graph\":[{\"@type\":\"WebPage\",\"@id\":\"https:\\\/\\\/elsalvadoroutsourcing.com\\\/es\\\/servicios-legales-en-el-salvador\\\/registro-de-marcas-en-el-salvador\\\/\",\"url\":\"https:\\\/\\\/elsalvadoroutsourcing.com\\\/es\\\/servicios-legales-en-el-salvador\\\/registro-de-marcas-en-el-salvador\\\/\",\"name\":\"Registro de Marcas en El Salvador, El Salvador Registro\",\"isPartOf\":{\"@id\":\"https:\\\/\\\/elsalvadoroutsourcing.com\\\/es\\\/#website\"},\"datePublished\":\"2022-09-02T17:24:30+00:00\",\"dateModified\":\"2024-01-23T17:14:22+00:00\",\"description\":\"Interbiznet, Provee servicios de Registro de Marcas en El Salvador Proceso adem\u00e1s de otros servicios Marcarios.\",\"breadcrumb\":{\"@id\":\"https:\\\/\\\/elsalvadoroutsourcing.com\\\/es\\\/servicios-legales-en-el-salvador\\\/registro-de-marcas-en-el-salvador\\\/#breadcrumb\"},\"inLanguage\":\"es\",\"potentialAction\":[{\"@type\":\"ReadAction\",\"target\":[\"https:\\\/\\\/elsalvadoroutsourcing.com\\\/es\\\/servicios-legales-en-el-salvador\\\/registro-de-marcas-en-el-salvador\\\/\"]}]},{\"@type\":\"BreadcrumbList\",\"@id\":\"https:\\\/\\\/elsalvadoroutsourcing.com\\\/es\\\/servicios-legales-en-el-salvador\\\/registro-de-marcas-en-el-salvador\\\/#breadcrumb\",\"itemListElement\":[{\"@type\":\"ListItem\",\"position\":1,\"name\":\"Portada\",\"item\":\"https:\\\/\\\/elsalvadoroutsourcing.com\\\/es\\\/\"},{\"@type\":\"ListItem\",\"position\":2,\"name\":\"Servicios Legales en El Salvador\",\"item\":\"https:\\\/\\\/elsalvadoroutsourcing.com\\\/es\\\/servicios-legales-en-el-salvador\\\/\"},{\"@type\":\"ListItem\",\"position\":3,\"name\":\"Registro de Marcas en El Salvador\"}]},{\"@type\":\"WebSite\",\"@id\":\"https:\\\/\\\/elsalvadoroutsourcing.com\\\/es\\\/#website\",\"url\":\"https:\\\/\\\/elsalvadoroutsourcing.com\\\/es\\\/\",\"name\":\"El Salvador Outsourcing - Interbiznet - Asesores legales\",\"description\":\"Outsourcing de El Salvador\",\"publisher\":{\"@id\":\"https:\\\/\\\/elsalvadoroutsourcing.com\\\/es\\\/#organization\"},\"potentialAction\":[{\"@type\":\"SearchAction\",\"target\":{\"@type\":\"EntryPoint\",\"urlTemplate\":\"https:\\\/\\\/elsalvadoroutsourcing.com\\\/es\\\/?s={search_term_string}\"},\"query-input\":{\"@type\":\"PropertyValueSpecification\",\"valueRequired\":true,\"valueName\":\"search_term_string\"}}],\"inLanguage\":\"es\"},{\"@type\":[\"Organization\",\"Place\",\"LegalService\"],\"@id\":\"https:\\\/\\\/elsalvadoroutsourcing.com\\\/es\\\/#organization\",\"name\":\"Interbiznet, S.A de C.V.; Firma de abogados y despacho contable en El Salvador\",\"alternateName\":\"Interbiznet, Firma de Abogados y Despacho Contable\",\"url\":\"https:\\\/\\\/elsalvadoroutsourcing.com\\\/es\\\/\",\"logo\":{\"@id\":\"https:\\\/\\\/elsalvadoroutsourcing.com\\\/es\\\/servicios-legales-en-el-salvador\\\/registro-de-marcas-en-el-salvador\\\/#local-main-organization-logo\"},\"image\":{\"@id\":\"https:\\\/\\\/elsalvadoroutsourcing.com\\\/es\\\/servicios-legales-en-el-salvador\\\/registro-de-marcas-en-el-salvador\\\/#local-main-organization-logo\"},\"sameAs\":[\"https:\\\/\\\/www.facebook.com\\\/interbiznet\\\/\",\"https:\\\/\\\/x.com\\\/InterbiznetSV\",\"https:\\\/\\\/sv.linkedin.com\\\/company\\\/interbiznet\",\"https:\\\/\\\/www.youtube.com\\\/@InterBizNetSanSalvador\\\/videos\",\"https:\\\/\\\/www.instagram.com\\\/interbiznetsv\\\/\"],\"address\":{\"@id\":\"https:\\\/\\\/elsalvadoroutsourcing.com\\\/es\\\/servicios-legales-en-el-salvador\\\/registro-de-marcas-en-el-salvador\\\/#local-main-place-address\"},\"geo\":{\"@type\":\"GeoCoordinates\",\"latitude\":\"13.7097358\",\"longitude\":\"-89.24044321\"},\"telephone\":[\"+503 2528 0303\",\"+305 728-8634\"],\"openingHoursSpecification\":[{\"@type\":\"OpeningHoursSpecification\",\"dayOfWeek\":[\"Monday\",\"Tuesday\",\"Wednesday\",\"Thursday\",\"Friday\"],\"opens\":\"08:00\",\"closes\":\"17:00\"},{\"@type\":\"OpeningHoursSpecification\",\"dayOfWeek\":[\"Saturday\",\"Sunday\"],\"opens\":\"00:00\",\"closes\":\"00:00\"}],\"email\":\"info@elsalvadoroutsourcing.com\",\"faxNumber\":\"+503 2264-6157\",\"priceRange\":\"$\",\"currenciesAccepted\":\"USD\"},{\"@type\":\"PostalAddress\",\"@id\":\"https:\\\/\\\/elsalvadoroutsourcing.com\\\/es\\\/servicios-legales-en-el-salvador\\\/registro-de-marcas-en-el-salvador\\\/#local-main-place-address\",\"streetAddress\":\"13 Calle Poniente No. 4425, entre 85 y, 87 Avenida Norte,\",\"addressLocality\":\"San Salvador\",\"postalCode\":\"01101\",\"addressRegion\":\"San Salvador\",\"addressCountry\":\"SV\"},{\"@type\":\"ImageObject\",\"inLanguage\":\"es\",\"@id\":\"https:\\\/\\\/elsalvadoroutsourcing.com\\\/es\\\/servicios-legales-en-el-salvador\\\/registro-de-marcas-en-el-salvador\\\/#local-main-organization-logo\",\"url\":\"https:\\\/\\\/elsalvadoroutsourcing.com\\\/wp-content\\\/uploads\\\/2022\\\/10\\\/logo-negro_Mesa-de-trabajo-1.png\",\"contentUrl\":\"https:\\\/\\\/elsalvadoroutsourcing.com\\\/wp-content\\\/uploads\\\/2022\\\/10\\\/logo-negro_Mesa-de-trabajo-1.png\",\"width\":3300,\"height\":2550,\"caption\":\"Interbiznet, S.A de C.V.; Firma de abogados y despacho contable en El Salvador\"}]}<\/script>\n<meta name=\"geo.placename\" content=\"San Salvador\" \/>\n<meta name=\"geo.position\" content=\"13.7097358;-89.24044321\" \/>\n<meta name=\"geo.region\" content=\"El Salvador\" \/>\n<!-- \/ Yoast SEO Premium plugin. -->","yoast_head_json":{"title":"Registro de Marcas en El Salvador, El Salvador Registro","description":"Interbiznet, Provee servicios de Registro de Marcas en El Salvador Proceso adem\u00e1s de otros servicios Marcarios.","robots":{"index":"index","follow":"follow","max-snippet":"max-snippet:-1","max-image-preview":"max-image-preview:large","max-video-preview":"max-video-preview:-1"},"canonical":"https:\/\/elsalvadoroutsourcing.com\/es\/servicios-legales-en-el-salvador\/registro-de-marcas-en-el-salvador\/","og_locale":"es_ES","og_type":"article","og_title":"Registro de Marcas en El Salvador, El Salvador Registro de Marcas","og_description":"Interbiznet, Provee servicios de Registro de Marcas en El Salvador Proceso adem\u00e1s de otros servicios Marcarios.","og_url":"https:\/\/elsalvadoroutsourcing.com\/es\/servicios-legales-en-el-salvador\/registro-de-marcas-en-el-salvador\/","og_site_name":"El Salvador Outsourcing - Interbiznet - Asesores legales","article_publisher":"https:\/\/www.facebook.com\/interbiznet\/","article_modified_time":"2024-01-23T17:14:22+00:00","og_image":[{"width":2560,"height":1978,"url":"https:\/\/elsalvadoroutsourcing.com\/wp-content\/uploads\/2023\/08\/Interbiznet-scaled.jpg","type":"image\/jpeg"}],"twitter_card":"summary_large_image","twitter_title":"Registro de Marcas en El Salvador, El Salvador Registro de Marcas","twitter_description":"Interbiznet, Provee servicios de Registro de Marcas en El Salvador Proceso adem\u00e1s de otros servicios Marcarios.","twitter_site":"@InterbiznetSV","twitter_misc":{"Tiempo de lectura":"2 minutos"},"schema":{"@context":"https:\/\/schema.org","@graph":[{"@type":"WebPage","@id":"https:\/\/elsalvadoroutsourcing.com\/es\/servicios-legales-en-el-salvador\/registro-de-marcas-en-el-salvador\/","url":"https:\/\/elsalvadoroutsourcing.com\/es\/servicios-legales-en-el-salvador\/registro-de-marcas-en-el-salvador\/","name":"Registro de Marcas en El Salvador, El Salvador Registro","isPartOf":{"@id":"https:\/\/elsalvadoroutsourcing.com\/es\/#website"},"datePublished":"2022-09-02T17:24:30+00:00","dateModified":"2024-01-23T17:14:22+00:00","description":"Interbiznet, Provee servicios de Registro de Marcas en El Salvador Proceso adem\u00e1s de otros servicios Marcarios.","breadcrumb":{"@id":"https:\/\/elsalvadoroutsourcing.com\/es\/servicios-legales-en-el-salvador\/registro-de-marcas-en-el-salvador\/#breadcrumb"},"inLanguage":"es","potentialAction":[{"@type":"ReadAction","target":["https:\/\/elsalvadoroutsourcing.com\/es\/servicios-legales-en-el-salvador\/registro-de-marcas-en-el-salvador\/"]}]},{"@type":"BreadcrumbList","@id":"https:\/\/elsalvadoroutsourcing.com\/es\/servicios-legales-en-el-salvador\/registro-de-marcas-en-el-salvador\/#breadcrumb","itemListElement":[{"@type":"ListItem","position":1,"name":"Portada","item":"https:\/\/elsalvadoroutsourcing.com\/es\/"},{"@type":"ListItem","position":2,"name":"Servicios Legales en El Salvador","item":"https:\/\/elsalvadoroutsourcing.com\/es\/servicios-legales-en-el-salvador\/"},{"@type":"ListItem","position":3,"name":"Registro de Marcas en El Salvador"}]},{"@type":"WebSite","@id":"https:\/\/elsalvadoroutsourcing.com\/es\/#website","url":"https:\/\/elsalvadoroutsourcing.com\/es\/","name":"El Salvador Outsourcing - Interbiznet - Asesores legales","description":"Outsourcing de El Salvador","publisher":{"@id":"https:\/\/elsalvadoroutsourcing.com\/es\/#organization"},"potentialAction":[{"@type":"SearchAction","target":{"@type":"EntryPoint","urlTemplate":"https:\/\/elsalvadoroutsourcing.com\/es\/?s={search_term_string}"},"query-input":{"@type":"PropertyValueSpecification","valueRequired":true,"valueName":"search_term_string"}}],"inLanguage":"es"},{"@type":["Organization","Place","LegalService"],"@id":"https:\/\/elsalvadoroutsourcing.com\/es\/#organization","name":"Interbiznet, S.A de C.V.; Firma de abogados y despacho contable en El Salvador","alternateName":"Interbiznet, Firma de Abogados y Despacho Contable","url":"https:\/\/elsalvadoroutsourcing.com\/es\/","logo":{"@id":"https:\/\/elsalvadoroutsourcing.com\/es\/servicios-legales-en-el-salvador\/registro-de-marcas-en-el-salvador\/#local-main-organization-logo"},"image":{"@id":"https:\/\/elsalvadoroutsourcing.com\/es\/servicios-legales-en-el-salvador\/registro-de-marcas-en-el-salvador\/#local-main-organization-logo"},"sameAs":["https:\/\/www.facebook.com\/interbiznet\/","https:\/\/x.com\/InterbiznetSV","https:\/\/sv.linkedin.com\/company\/interbiznet","https:\/\/www.youtube.com\/@InterBizNetSanSalvador\/videos","https:\/\/www.instagram.com\/interbiznetsv\/"],"address":{"@id":"https:\/\/elsalvadoroutsourcing.com\/es\/servicios-legales-en-el-salvador\/registro-de-marcas-en-el-salvador\/#local-main-place-address"},"geo":{"@type":"GeoCoordinates","latitude":"13.7097358","longitude":"-89.24044321"},"telephone":["+503 2528 0303","+305 728-8634"],"openingHoursSpecification":[{"@type":"OpeningHoursSpecification","dayOfWeek":["Monday","Tuesday","Wednesday","Thursday","Friday"],"opens":"08:00","closes":"17:00"},{"@type":"OpeningHoursSpecification","dayOfWeek":["Saturday","Sunday"],"opens":"00:00","closes":"00:00"}],"email":"info@elsalvadoroutsourcing.com","faxNumber":"+503 2264-6157","priceRange":"$","currenciesAccepted":"USD"},{"@type":"PostalAddress","@id":"https:\/\/elsalvadoroutsourcing.com\/es\/servicios-legales-en-el-salvador\/registro-de-marcas-en-el-salvador\/#local-main-place-address","streetAddress":"13 Calle Poniente No. 4425, entre 85 y, 87 Avenida Norte,","addressLocality":"San Salvador","postalCode":"01101","addressRegion":"San Salvador","addressCountry":"SV"},{"@type":"ImageObject","inLanguage":"es","@id":"https:\/\/elsalvadoroutsourcing.com\/es\/servicios-legales-en-el-salvador\/registro-de-marcas-en-el-salvador\/#local-main-organization-logo","url":"https:\/\/elsalvadoroutsourcing.com\/wp-content\/uploads\/2022\/10\/logo-negro_Mesa-de-trabajo-1.png","contentUrl":"https:\/\/elsalvadoroutsourcing.com\/wp-content\/uploads\/2022\/10\/logo-negro_Mesa-de-trabajo-1.png","width":3300,"height":2550,"caption":"Interbiznet, S.A de C.V.; Firma de abogados y despacho contable en El Salvador"}]},"geo.placename":"San Salvador","geo.position":{"lat":"13.7097358","long":"-89.24044321"},"geo.region":"El Salvador"},"uagb_featured_image_src":{"full":false,"thumbnail":false,"medium":false,"medium_large":false,"large":false,"1536x1536":false,"2048x2048":false,"woocommerce_thumbnail":false,"woocommerce_single":false,"woocommerce_gallery_thumbnail":false},"uagb_author_info":{"display_name":"interbiznet-master","author_link":"https:\/\/elsalvadoroutsourcing.com\/es\/author\/interbiznet-master\/"},"uagb_comment_info":0,"uagb_excerpt":"[vc_row][vc_column width=\u00bb1\/3&#8243;][vc_single_image image=\u00bb5552&#8243; img_size=\u00bbfull\u00bb][\/vc_column][vc_column width=\u00bb2\/3&#8243;][vc_column_text] En Interbiznet tenemos la experiencia y capacidad de llevar a cabo el registro de marcas en El Salvador, al igual que la conducci\u00f3n de otros procesos en materia de propiedad intelectual en El Salvador, tales como: Registro de derecho de autor Solicitud de patentes Registro de modelos de utilidad Recomendamos&hellip;","_links":{"self":[{"href":"https:\/\/elsalvadoroutsourcing.com\/es\/wp-json\/wp\/v2\/pages\/5455","targetHints":{"allow":["GET"]}}],"collection":[{"href":"https:\/\/elsalvadoroutsourcing.com\/es\/wp-json\/wp\/v2\/pages"}],"about":[{"href":"https:\/\/elsalvadoroutsourcing.com\/es\/wp-json\/wp\/v2\/types\/page"}],"author":[{"embeddable":true,"href":"https:\/\/elsalvadoroutsourcing.com\/es\/wp-json\/wp\/v2\/users\/1"}],"replies":[{"embeddable":true,"href":"https:\/\/elsalvadoroutsourcing.com\/es\/wp-json\/wp\/v2\/comments?post=5455"}],"version-history":[{"count":0,"href":"https:\/\/elsalvadoroutsourcing.com\/es\/wp-json\/wp\/v2\/pages\/5455\/revisions"}],"up":[{"embeddable":true,"href":"https:\/\/elsalvadoroutsourcing.com\/es\/wp-json\/wp\/v2\/pages\/5447"}],"wp:attachment":[{"href":"https:\/\/elsalvadoroutsourcing.com\/es\/wp-json\/wp\/v2\/media?parent=5455"}],"curies":[{"name":"wp","href":"https:\/\/api.w.org\/{rel}","templated":true}]}}