{"id":5447,"date":"2022-09-02T10:52:39","date_gmt":"2022-09-02T16:52:39","guid":{"rendered":"https:\/\/elsalvadoroutsourcing.com\/?page_id=5447"},"modified":"2024-01-15T15:20:01","modified_gmt":"2024-01-15T21:20:01","slug":"servicios-legales-en-el-salvador","status":"publish","type":"page","link":"https:\/\/elsalvadoroutsourcing.com\/es\/servicios-legales-en-el-salvador\/","title":{"rendered":"Servicios Legales en El Salvador"},"content":{"rendered":"<div class=\"wpb-content-wrapper\"><p>[vc_row][vc_column width=\u00bb1\/3&#8243;][vc_single_image image=\u00bb5544&#8243; img_size=\u00bbfull\u00bb][\/vc_column][vc_column width=\u00bb2\/3&#8243;][vc_column_text]<\/p>\n<p style=\"text-align: justify;\"><a href=\"https:\/\/elsalvadoroutsourcing.com\/\">Interbiznet<\/a> es una firma de abogados y despacho contable en El Salvador. Brindamos distintos servicios legales en El Salvador, como la <a href=\"https:\/\/elsalvadoroutsourcing.com\/servicios-legales-en-el-salvador\/constitucion-de-sociedades-el-salvador\/\">constituci\u00f3n de sociedades<\/a> (empresas) en El Salvador y su puesta en marcha, Propiedad Intelectual, Transferencia de Personal, Cobranza Corporativa en El Salvador, entre otros.<\/p>\n<p style=\"text-align: justify;\">Nuestros servicios legales y corporativos en El Salvador incluyen la preparaci\u00f3n, elaboraci\u00f3n y presentaci\u00f3n para tr\u00e1mite de los <a href=\"https:\/\/elsalvadoroutsourcing.com\/leyes-y-modelos-de-documentos-de-el-salvador\/modelos-de-documentos-el-salvador\/\">documentos necesarios<\/a> para la incorporaci\u00f3n de empresas en El Salvador, como son: la escritura de constituci\u00f3n, balance inicial, as\u00ed como solicitud de matr\u00edcula de comercio y establecimiento.<\/p>\n<p style=\"text-align: justify;\">As\u00ed mismo, nuestra firma provee <a href=\"https:\/\/elsalvadoroutsourcing.com\/servicios-contables-en-el-salvador\/\" target=\"_blank\" rel=\"noopener\">servicios contables y administrativos<\/a>, que son imperativos para el adecuado registro de las operaciones de toda empresa, ya sea nacional o extranjera. Esto incluye la elaboraci\u00f3n, preparaci\u00f3n y mantenimiento de las actividades contables y administrativas, que generan una obligaci\u00f3n mensual de presentar declaraciones, informes y pagos a diferentes entidades de gobierno, como son el <a href=\"https:\/\/www.mh.gob.sv\/\" target=\"_blank\" rel=\"noopener\">Ministerio de Hacienda<\/a>, Alcald\u00edas, etc., dependiendo del giro de negocios.<\/p>\n<p>[\/vc_column_text][vc_cta h2=\u00bbCons\u00falte ahora mismo\u00bb h2_font_container=\u00bbtag:h4|text_align:right\u00bb h2_use_theme_fonts=\u00bbyes\u00bb txt_align=\u00bbright\u00bb add_button=\u00bbbottom\u00bb btn_title=\u00bbIniciar Asesor\u00eda\u00bb btn_color=\u00bbgreen\u00bb btn_align=\u00bbright\u00bb btn_i_icon_fontawesome=\u00bbfab fa-whatsapp\u00bb use_custom_fonts_h2=\u00bbtrue\u00bb btn_add_icon=\u00bbtrue\u00bb btn_link=\u00bburl:https%3A%2F%2Fwa.me%2F50325280303%3Ftext%3DHola%2C%2520me%2520gustaria%2520obtener%2520asesor%C3%ADa%2520legal%2520por%2520parte%2520de%2520ustedes.|title:(%2B503)%202528-0303&#8243;]<a href=\"#\" class=\"pps-btn pps-button-popup-6780 pps-button-popup \"  title=\"Solicitar Consulta\">Solicitar Consulta<\/a>[\/vc_cta][\/vc_column][\/vc_row][vc_row][vc_column][vc_column_text]<\/p>\n<h2 style=\"text-align: center;\">\u00c1reas de Pr\u00e1ctica<\/h2>\n<h3 style=\"text-align: center;\">Servicios Legales en El Salvador<\/h3>\n<p>[\/vc_column_text][\/vc_column][\/vc_row][vc_row][vc_column width=\u00bb1\/2&#8243;][vc_icon icon_fontawesome=\u00bbfas fa-balance-scale\u00bb size=\u00bblg\u00bb align=\u00bbcenter\u00bb][vc_column_text]<\/p>\n<h3 style=\"text-align: center;\">Constituci\u00f3n de Empresas en El Salvador<\/h3>\n<p style=\"text-align: justify;\">Interbiznet brinda servicios profesionales completos, para fundar una empresa en El Salvador. Entendiendo la necesidad de nuestros clientes, nuestra empresa se encarga de abrir su empresa en El Salvador ofreciendo nuestros servicios en el<a href=\"https:\/\/elsalvadoroutsourcing.com\/leyes-y-modelos-de-documentos-de-el-salvador\/leyes-de-el-salvador-leyes-tributarias-de-el-salvador\/\"> \u00e1rea legal<\/a>, as\u00ed como tambi\u00e9n en el \u00e1rea contable y administrativa.<\/p>\n<p>[\/vc_column_text][vc_btn title=\u00bbM\u00e1s Informaci\u00f3n\u00bb color=\u00bbblue\u00bb align=\u00bbcenter\u00bb link=\u00bburl:https%3A%2F%2Felsalvadoroutsourcing.com%2Fservicios-legales-en-el-salvador%2Fconstitucion-de-sociedades-el-salvador%2F|title:Constituci%C3%B3n%20de%20Empresas%20en%20El%20Salvador\u00bb][\/vc_column][vc_column width=\u00bb1\/2&#8243;][vc_icon icon_fontawesome=\u00bbfas fa-balance-scale\u00bb size=\u00bblg\u00bb align=\u00bbcenter\u00bb][vc_column_text css=\u00bb.vc_custom_1694442369364{padding-bottom: 20px !important;}\u00bb]<\/p>\n<h3 style=\"text-align: center;\">Propiedad Intelectual<\/h3>\n<p style=\"text-align: justify;\">En Interbiznet tenemos habilidad y experiencia en la conducci\u00f3n de procesos en materia de propiedad intelectual en El Salvador. De esta forma, ofrecemos nuestros servicios en <a href=\"https:\/\/elsalvadoroutsourcing.com\/servicios-legales-en-el-salvador\/registro-de-marcas-en-el-salvador\/\">Registro de marcas<\/a>, Derecho de autor, patentes y modelos de utilidad en El Salvador.<\/p>\n<p>[\/vc_column_text][vc_btn title=\u00bbM\u00e1s Informaci\u00f3n\u00bb color=\u00bbblue\u00bb align=\u00bbcenter\u00bb link=\u00bburl:https%3A%2F%2Felsalvadoroutsourcing.com%2Fservicios-legales-en-el-salvador%2Fregistro-de-marcas-en-el-salvador%2F|title:Propiedad%20intelectual%20en%20El%20Salvador\u00bb][\/vc_column][\/vc_row][vc_row][vc_column width=\u00bb1\/2&#8243;][vc_icon icon_fontawesome=\u00bbfas fa-balance-scale\u00bb size=\u00bblg\u00bb align=\u00bbcenter\u00bb][vc_column_text]<\/p>\n<h3 style=\"text-align: center;\"><span style=\"color: #000000;\"><a style=\"color: #000000;\" href=\"https:\/\/elsalvadoroutsourcing.com\/servicios-legales-en-el-salvador\/transferencia-de-personal-en-el-salvador\/\">Transferencia de Personal<\/a><\/span><\/h3>\n<p style=\"text-align: justify;\">Interbiznet ofrece servicios de Evaluaci\u00f3n, Preselecci\u00f3n y Transferencia de Personal Salvadore\u00f1o a otros Pa\u00edses Como Espa\u00f1a, Estados Unidos y Canad\u00e1. Nuestros servicios incluyen: Verificaci\u00f3n de antecedentes policiales, acad\u00e9micos o de estudio, y de su historial laboral, Evaluaci\u00f3n psicol\u00f3gica, entre otros.<\/p>\n<p>[\/vc_column_text][vc_btn title=\u00bbM\u00e1s Informaci\u00f3n\u00bb color=\u00bbblue\u00bb align=\u00bbcenter\u00bb link=\u00bburl:https%3A%2F%2Felsalvadoroutsourcing.com%2Fservicios-legales-en-el-salvador%2Ftransferencia-de-personal-en-el-salvador%2F|title:%20Transferencia%20de%20Personal%20Salvadore%C3%B1o%20a%20otros%20Pa%C3%ADses\u00bb][\/vc_column][vc_column width=\u00bb1\/2&#8243;][vc_icon icon_fontawesome=\u00bbfas fa-balance-scale\u00bb size=\u00bblg\u00bb align=\u00bbcenter\u00bb][vc_column_text css=\u00bb.vc_custom_1694442444064{padding-bottom: 20px !important;}\u00bb]<\/p>\n<h3 style=\"text-align: center;\">Cobranza Corporativa en El Salvador<\/h3>\n<p style=\"text-align: justify;\">Interbiznet, firma de abogados en el \u00e1rea de negocios en El Salvador, le ofrece el servicio Cobranza y Recuperaci\u00f3n Corporativa de Deudas en El Salvador. Tomar nota de no confundir nuestro <a href=\"https:\/\/elsalvadoroutsourcing.com\/servicios-legales-en-el-salvador\/cobranza-corporativa-en-el-salvador\/\">servicio de cobranza corporativa<\/a> en El Salvador con nuestros servicios contables.<\/p>\n<p>[\/vc_column_text][vc_btn title=\u00bbM\u00e1s Informaci\u00f3n\u00bb color=\u00bbblue\u00bb align=\u00bbcenter\u00bb link=\u00bburl:https%3A%2F%2Felsalvadoroutsourcing.com%2Fservicios-legales-en-el-salvador%2Fcobranza-corporativa-en-el-salvador%2F|title:Negocios%20Corporativos%20en%20El%20Salvador\u00bb][\/vc_column][\/vc_row]<\/p>\n<\/div>","protected":false},"excerpt":{"rendered":"<p>[vc_row][vc_column width=\u00bb1\/3&#8243;][vc_single_image image=\u00bb5544&#8243; img_size=\u00bbfull\u00bb][\/vc_column][vc_column width=\u00bb2\/3&#8243;][vc_column_text] Interbiznet es una firma de abogados y despacho contable en El Salvador. Brindamos distintos servicios legales en El Salvador, como la constituci\u00f3n de sociedades (empresas) en El Salvador y su puesta en marcha, Propiedad Intelectual, Transferencia de Personal, Cobranza Corporativa en El Salvador, entre otros. Nuestros servicios legales y corporativos&hellip;<\/p>\n","protected":false},"author":1,"featured_media":0,"parent":0,"menu_order":0,"comment_status":"closed","ping_status":"closed","template":"","meta":{"rs_blank_template":"","rs_page_bg_color":"","slide_template_v7":"","_uag_custom_page_level_css":"","footnotes":""},"class_list":["post-5447","page","type-page","status-publish","hentry","description-off"],"yoast_head":"<!-- This site is optimized with the Yoast SEO Premium plugin v27.3 (Yoast SEO v27.6) - https:\/\/yoast.com\/product\/yoast-seo-premium-wordpress\/ -->\n<title>Servicios Legales en El Salvador, Abogados Corporativos<\/title>\n<meta name=\"description\" content=\"Interbiznet, Abogados en El Salvador, Incluimos servicios legales en El Salvador y servicios contables y administrativos en El Salvador.\" \/>\n<meta name=\"robots\" content=\"index, follow, max-snippet:-1, max-image-preview:large, max-video-preview:-1\" \/>\n<link rel=\"canonical\" href=\"https:\/\/elsalvadoroutsourcing.com\/es\/servicios-legales-en-el-salvador\/\" \/>\n<meta property=\"og:locale\" content=\"es_ES\" \/>\n<meta property=\"og:type\" content=\"article\" \/>\n<meta property=\"og:title\" content=\"Servicios Legales en El Salvador, Abogados Corporativos\" \/>\n<meta property=\"og:description\" content=\"Interbiznet, Abogados en El Salvador, Incluimos servicios legales en El Salvador y servicios contables y administrativos en El Salvador.\" \/>\n<meta property=\"og:url\" content=\"https:\/\/elsalvadoroutsourcing.com\/es\/servicios-legales-en-el-salvador\/\" \/>\n<meta property=\"og:site_name\" content=\"El Salvador Outsourcing - Interbiznet - Asesores legales\" \/>\n<meta property=\"article:publisher\" content=\"https:\/\/www.facebook.com\/interbiznet\/\" \/>\n<meta property=\"article:modified_time\" content=\"2024-01-15T21:20:01+00:00\" \/>\n<meta property=\"og:image\" content=\"https:\/\/elsalvadoroutsourcing.com\/wp-content\/uploads\/2023\/08\/Interbiznet-scaled.jpg\" \/>\n\t<meta property=\"og:image:width\" content=\"2560\" \/>\n\t<meta property=\"og:image:height\" content=\"1978\" \/>\n\t<meta property=\"og:image:type\" content=\"image\/jpeg\" \/>\n<meta name=\"twitter:card\" content=\"summary_large_image\" \/>\n<meta name=\"twitter:title\" content=\"Servicios Legales en El Salvador, Abogados Corporativos\" \/>\n<meta name=\"twitter:description\" content=\"Interbiznet, Abogados en El Salvador, Incluimos servicios legales en El Salvador y servicios contables y administrativos en El Salvador.\" \/>\n<meta name=\"twitter:site\" content=\"@InterbiznetSV\" \/>\n<meta name=\"twitter:label1\" content=\"Tiempo de lectura\" \/>\n\t<meta name=\"twitter:data1\" content=\"3 minutos\" \/>\n<script type=\"application\/ld+json\" class=\"yoast-schema-graph\">{\"@context\":\"https:\\\/\\\/schema.org\",\"@graph\":[{\"@type\":\"WebPage\",\"@id\":\"https:\\\/\\\/elsalvadoroutsourcing.com\\\/es\\\/servicios-legales-en-el-salvador\\\/\",\"url\":\"https:\\\/\\\/elsalvadoroutsourcing.com\\\/es\\\/servicios-legales-en-el-salvador\\\/\",\"name\":\"Servicios Legales en El Salvador, Abogados Corporativos\",\"isPartOf\":{\"@id\":\"https:\\\/\\\/elsalvadoroutsourcing.com\\\/es\\\/#website\"},\"datePublished\":\"2022-09-02T16:52:39+00:00\",\"dateModified\":\"2024-01-15T21:20:01+00:00\",\"description\":\"Interbiznet, Abogados en El Salvador, Incluimos servicios legales en El Salvador y servicios contables y administrativos en El Salvador.\",\"breadcrumb\":{\"@id\":\"https:\\\/\\\/elsalvadoroutsourcing.com\\\/es\\\/servicios-legales-en-el-salvador\\\/#breadcrumb\"},\"inLanguage\":\"es\",\"potentialAction\":[{\"@type\":\"ReadAction\",\"target\":[\"https:\\\/\\\/elsalvadoroutsourcing.com\\\/es\\\/servicios-legales-en-el-salvador\\\/\"]}]},{\"@type\":\"BreadcrumbList\",\"@id\":\"https:\\\/\\\/elsalvadoroutsourcing.com\\\/es\\\/servicios-legales-en-el-salvador\\\/#breadcrumb\",\"itemListElement\":[{\"@type\":\"ListItem\",\"position\":1,\"name\":\"Portada\",\"item\":\"https:\\\/\\\/elsalvadoroutsourcing.com\\\/es\\\/\"},{\"@type\":\"ListItem\",\"position\":2,\"name\":\"Servicios Legales en El Salvador\"}]},{\"@type\":\"WebSite\",\"@id\":\"https:\\\/\\\/elsalvadoroutsourcing.com\\\/es\\\/#website\",\"url\":\"https:\\\/\\\/elsalvadoroutsourcing.com\\\/es\\\/\",\"name\":\"El Salvador Outsourcing - Interbiznet - Asesores legales\",\"description\":\"Outsourcing de El Salvador\",\"publisher\":{\"@id\":\"https:\\\/\\\/elsalvadoroutsourcing.com\\\/es\\\/#organization\"},\"potentialAction\":[{\"@type\":\"SearchAction\",\"target\":{\"@type\":\"EntryPoint\",\"urlTemplate\":\"https:\\\/\\\/elsalvadoroutsourcing.com\\\/es\\\/?s={search_term_string}\"},\"query-input\":{\"@type\":\"PropertyValueSpecification\",\"valueRequired\":true,\"valueName\":\"search_term_string\"}}],\"inLanguage\":\"es\"},{\"@type\":[\"Organization\",\"Place\",\"LegalService\"],\"@id\":\"https:\\\/\\\/elsalvadoroutsourcing.com\\\/es\\\/#organization\",\"name\":\"Interbiznet, S.A de C.V.; Firma de abogados y despacho contable en El Salvador\",\"alternateName\":\"Interbiznet, Firma de Abogados y Despacho Contable\",\"url\":\"https:\\\/\\\/elsalvadoroutsourcing.com\\\/es\\\/\",\"logo\":{\"@id\":\"https:\\\/\\\/elsalvadoroutsourcing.com\\\/es\\\/servicios-legales-en-el-salvador\\\/#local-main-organization-logo\"},\"image\":{\"@id\":\"https:\\\/\\\/elsalvadoroutsourcing.com\\\/es\\\/servicios-legales-en-el-salvador\\\/#local-main-organization-logo\"},\"sameAs\":[\"https:\\\/\\\/www.facebook.com\\\/interbiznet\\\/\",\"https:\\\/\\\/x.com\\\/InterbiznetSV\",\"https:\\\/\\\/sv.linkedin.com\\\/company\\\/interbiznet\",\"https:\\\/\\\/www.youtube.com\\\/@InterBizNetSanSalvador\\\/videos\",\"https:\\\/\\\/www.instagram.com\\\/interbiznetsv\\\/\"],\"address\":{\"@id\":\"https:\\\/\\\/elsalvadoroutsourcing.com\\\/es\\\/servicios-legales-en-el-salvador\\\/#local-main-place-address\"},\"geo\":{\"@type\":\"GeoCoordinates\",\"latitude\":\"13.7097358\",\"longitude\":\"-89.24044321\"},\"telephone\":[\"+503 2528 0303\",\"+305 728-8634\"],\"openingHoursSpecification\":[{\"@type\":\"OpeningHoursSpecification\",\"dayOfWeek\":[\"Monday\",\"Tuesday\",\"Wednesday\",\"Thursday\",\"Friday\"],\"opens\":\"08:00\",\"closes\":\"17:00\"},{\"@type\":\"OpeningHoursSpecification\",\"dayOfWeek\":[\"Saturday\",\"Sunday\"],\"opens\":\"00:00\",\"closes\":\"00:00\"}],\"email\":\"info@elsalvadoroutsourcing.com\",\"faxNumber\":\"+503 2264-6157\",\"priceRange\":\"$\",\"currenciesAccepted\":\"USD\"},{\"@type\":\"PostalAddress\",\"@id\":\"https:\\\/\\\/elsalvadoroutsourcing.com\\\/es\\\/servicios-legales-en-el-salvador\\\/#local-main-place-address\",\"streetAddress\":\"13 Calle Poniente No. 4425, entre 85 y, 87 Avenida Norte,\",\"addressLocality\":\"San Salvador\",\"postalCode\":\"01101\",\"addressRegion\":\"San Salvador\",\"addressCountry\":\"SV\"},{\"@type\":\"ImageObject\",\"inLanguage\":\"es\",\"@id\":\"https:\\\/\\\/elsalvadoroutsourcing.com\\\/es\\\/servicios-legales-en-el-salvador\\\/#local-main-organization-logo\",\"url\":\"https:\\\/\\\/elsalvadoroutsourcing.com\\\/wp-content\\\/uploads\\\/2022\\\/10\\\/logo-negro_Mesa-de-trabajo-1.png\",\"contentUrl\":\"https:\\\/\\\/elsalvadoroutsourcing.com\\\/wp-content\\\/uploads\\\/2022\\\/10\\\/logo-negro_Mesa-de-trabajo-1.png\",\"width\":3300,\"height\":2550,\"caption\":\"Interbiznet, S.A de C.V.; Firma de abogados y despacho contable en El Salvador\"}]}<\/script>\n<meta name=\"geo.placename\" content=\"San Salvador\" \/>\n<meta name=\"geo.position\" content=\"13.7097358;-89.24044321\" \/>\n<meta name=\"geo.region\" content=\"El Salvador\" \/>\n<!-- \/ Yoast SEO Premium plugin. -->","yoast_head_json":{"title":"Servicios Legales en El Salvador, Abogados Corporativos","description":"Interbiznet, Abogados en El Salvador, Incluimos servicios legales en El Salvador y servicios contables y administrativos en El Salvador.","robots":{"index":"index","follow":"follow","max-snippet":"max-snippet:-1","max-image-preview":"max-image-preview:large","max-video-preview":"max-video-preview:-1"},"canonical":"https:\/\/elsalvadoroutsourcing.com\/es\/servicios-legales-en-el-salvador\/","og_locale":"es_ES","og_type":"article","og_title":"Servicios Legales en El Salvador, Abogados Corporativos","og_description":"Interbiznet, Abogados en El Salvador, Incluimos servicios legales en El Salvador y servicios contables y administrativos en El Salvador.","og_url":"https:\/\/elsalvadoroutsourcing.com\/es\/servicios-legales-en-el-salvador\/","og_site_name":"El Salvador Outsourcing - Interbiznet - Asesores legales","article_publisher":"https:\/\/www.facebook.com\/interbiznet\/","article_modified_time":"2024-01-15T21:20:01+00:00","og_image":[{"width":2560,"height":1978,"url":"https:\/\/elsalvadoroutsourcing.com\/wp-content\/uploads\/2023\/08\/Interbiznet-scaled.jpg","type":"image\/jpeg"}],"twitter_card":"summary_large_image","twitter_title":"Servicios Legales en El Salvador, Abogados Corporativos","twitter_description":"Interbiznet, Abogados en El Salvador, Incluimos servicios legales en El Salvador y servicios contables y administrativos en El Salvador.","twitter_site":"@InterbiznetSV","twitter_misc":{"Tiempo de lectura":"3 minutos"},"schema":{"@context":"https:\/\/schema.org","@graph":[{"@type":"WebPage","@id":"https:\/\/elsalvadoroutsourcing.com\/es\/servicios-legales-en-el-salvador\/","url":"https:\/\/elsalvadoroutsourcing.com\/es\/servicios-legales-en-el-salvador\/","name":"Servicios Legales en El Salvador, Abogados Corporativos","isPartOf":{"@id":"https:\/\/elsalvadoroutsourcing.com\/es\/#website"},"datePublished":"2022-09-02T16:52:39+00:00","dateModified":"2024-01-15T21:20:01+00:00","description":"Interbiznet, Abogados en El Salvador, Incluimos servicios legales en El Salvador y servicios contables y administrativos en El Salvador.","breadcrumb":{"@id":"https:\/\/elsalvadoroutsourcing.com\/es\/servicios-legales-en-el-salvador\/#breadcrumb"},"inLanguage":"es","potentialAction":[{"@type":"ReadAction","target":["https:\/\/elsalvadoroutsourcing.com\/es\/servicios-legales-en-el-salvador\/"]}]},{"@type":"BreadcrumbList","@id":"https:\/\/elsalvadoroutsourcing.com\/es\/servicios-legales-en-el-salvador\/#breadcrumb","itemListElement":[{"@type":"ListItem","position":1,"name":"Portada","item":"https:\/\/elsalvadoroutsourcing.com\/es\/"},{"@type":"ListItem","position":2,"name":"Servicios Legales en El Salvador"}]},{"@type":"WebSite","@id":"https:\/\/elsalvadoroutsourcing.com\/es\/#website","url":"https:\/\/elsalvadoroutsourcing.com\/es\/","name":"El Salvador Outsourcing - Interbiznet - Asesores legales","description":"Outsourcing de El Salvador","publisher":{"@id":"https:\/\/elsalvadoroutsourcing.com\/es\/#organization"},"potentialAction":[{"@type":"SearchAction","target":{"@type":"EntryPoint","urlTemplate":"https:\/\/elsalvadoroutsourcing.com\/es\/?s={search_term_string}"},"query-input":{"@type":"PropertyValueSpecification","valueRequired":true,"valueName":"search_term_string"}}],"inLanguage":"es"},{"@type":["Organization","Place","LegalService"],"@id":"https:\/\/elsalvadoroutsourcing.com\/es\/#organization","name":"Interbiznet, S.A de C.V.; Firma de abogados y despacho contable en El Salvador","alternateName":"Interbiznet, Firma de Abogados y Despacho Contable","url":"https:\/\/elsalvadoroutsourcing.com\/es\/","logo":{"@id":"https:\/\/elsalvadoroutsourcing.com\/es\/servicios-legales-en-el-salvador\/#local-main-organization-logo"},"image":{"@id":"https:\/\/elsalvadoroutsourcing.com\/es\/servicios-legales-en-el-salvador\/#local-main-organization-logo"},"sameAs":["https:\/\/www.facebook.com\/interbiznet\/","https:\/\/x.com\/InterbiznetSV","https:\/\/sv.linkedin.com\/company\/interbiznet","https:\/\/www.youtube.com\/@InterBizNetSanSalvador\/videos","https:\/\/www.instagram.com\/interbiznetsv\/"],"address":{"@id":"https:\/\/elsalvadoroutsourcing.com\/es\/servicios-legales-en-el-salvador\/#local-main-place-address"},"geo":{"@type":"GeoCoordinates","latitude":"13.7097358","longitude":"-89.24044321"},"telephone":["+503 2528 0303","+305 728-8634"],"openingHoursSpecification":[{"@type":"OpeningHoursSpecification","dayOfWeek":["Monday","Tuesday","Wednesday","Thursday","Friday"],"opens":"08:00","closes":"17:00"},{"@type":"OpeningHoursSpecification","dayOfWeek":["Saturday","Sunday"],"opens":"00:00","closes":"00:00"}],"email":"info@elsalvadoroutsourcing.com","faxNumber":"+503 2264-6157","priceRange":"$","currenciesAccepted":"USD"},{"@type":"PostalAddress","@id":"https:\/\/elsalvadoroutsourcing.com\/es\/servicios-legales-en-el-salvador\/#local-main-place-address","streetAddress":"13 Calle Poniente No. 4425, entre 85 y, 87 Avenida Norte,","addressLocality":"San Salvador","postalCode":"01101","addressRegion":"San Salvador","addressCountry":"SV"},{"@type":"ImageObject","inLanguage":"es","@id":"https:\/\/elsalvadoroutsourcing.com\/es\/servicios-legales-en-el-salvador\/#local-main-organization-logo","url":"https:\/\/elsalvadoroutsourcing.com\/wp-content\/uploads\/2022\/10\/logo-negro_Mesa-de-trabajo-1.png","contentUrl":"https:\/\/elsalvadoroutsourcing.com\/wp-content\/uploads\/2022\/10\/logo-negro_Mesa-de-trabajo-1.png","width":3300,"height":2550,"caption":"Interbiznet, S.A de C.V.; Firma de abogados y despacho contable en El Salvador"}]},"geo.placename":"San Salvador","geo.position":{"lat":"13.7097358","long":"-89.24044321"},"geo.region":"El Salvador"},"uagb_featured_image_src":{"full":false,"thumbnail":false,"medium":false,"medium_large":false,"large":false,"1536x1536":false,"2048x2048":false,"woocommerce_thumbnail":false,"woocommerce_single":false,"woocommerce_gallery_thumbnail":false},"uagb_author_info":{"display_name":"interbiznet-master","author_link":"https:\/\/elsalvadoroutsourcing.com\/es\/author\/interbiznet-master\/"},"uagb_comment_info":0,"uagb_excerpt":"[vc_row][vc_column width=\u00bb1\/3&#8243;][vc_single_image image=\u00bb5544&#8243; img_size=\u00bbfull\u00bb][\/vc_column][vc_column width=\u00bb2\/3&#8243;][vc_column_text] Interbiznet es una firma de abogados y despacho contable en El Salvador. Brindamos distintos servicios legales en El Salvador, como la constituci\u00f3n de sociedades (empresas) en El Salvador y su puesta en marcha, Propiedad Intelectual, Transferencia de Personal, Cobranza Corporativa en El Salvador, entre otros. Nuestros servicios legales y corporativos&hellip;","_links":{"self":[{"href":"https:\/\/elsalvadoroutsourcing.com\/es\/wp-json\/wp\/v2\/pages\/5447","targetHints":{"allow":["GET"]}}],"collection":[{"href":"https:\/\/elsalvadoroutsourcing.com\/es\/wp-json\/wp\/v2\/pages"}],"about":[{"href":"https:\/\/elsalvadoroutsourcing.com\/es\/wp-json\/wp\/v2\/types\/page"}],"author":[{"embeddable":true,"href":"https:\/\/elsalvadoroutsourcing.com\/es\/wp-json\/wp\/v2\/users\/1"}],"replies":[{"embeddable":true,"href":"https:\/\/elsalvadoroutsourcing.com\/es\/wp-json\/wp\/v2\/comments?post=5447"}],"version-history":[{"count":0,"href":"https:\/\/elsalvadoroutsourcing.com\/es\/wp-json\/wp\/v2\/pages\/5447\/revisions"}],"wp:attachment":[{"href":"https:\/\/elsalvadoroutsourcing.com\/es\/wp-json\/wp\/v2\/media?parent=5447"}],"curies":[{"name":"wp","href":"https:\/\/api.w.org\/{rel}","templated":true}]}}